{"id":1001,"date":"2023-09-19T14:20:09","date_gmt":"2023-09-19T11:20:09","guid":{"rendered":"https:\/\/papunet.net\/sv\/?page_id=1001"},"modified":"2025-06-18T10:42:10","modified_gmt":"2025-06-18T07:42:10","slug":"kontaktinformation","status":"publish","type":"page","link":"https:\/\/papunet.net\/sv\/kontaktinformation\/","title":{"rendered":"Kontaktinformation"},"content":{"rendered":"\n<p>Du kan kontakta oss via e-post p\u00e5 <a href=\"mailto:papunet@kvl.fi\">papunet@kvl.fi<\/a>.<br>Du kan ge respons om v\u00e5ra sidor genom\u00a0<a href=\"https:\/\/papunet.net\/sv\/ge-respons\/\">responsformul\u00e4ret<\/a>.<\/p>\n\n\n\n<p>Du kan kontakta v\u00e5ra experter direkt!<\/p>\n\n\n\n<h2 class=\"wp-block-heading\">Papunets experter<\/h2>\n\n\n\n<p>Sami \u00c4lli<br>Enhetschef f\u00f6r tillg\u00e4nglighetsenheten<br><a href=\"mailto:sami.alli@kvl.fi\">sami.alli@kvl.fi<\/a><br>tel. 040 837 8348<\/p>\n\n\n\n<p>Tapio Haanper\u00e4<br>Tillg\u00e4nglighetsr\u00e5dgivare<br><a href=\"mailto:%20tapio.haanpera@kvl.fi\">tapio.haanpera@kvl.fi<\/a><br>tel. 09 3480 9271<\/p>\n\n\n\n<p>P\u00e4ivi Honkonen<br>Grafisk planerare<br><a href=\"mailto:%20paivi.honkonen@kvl.fi\">paivi.honkonen@kvl.fi<\/a><br>tel. 09 3480 9387<\/p>\n\n\n\n<p>Tanja R\u00e4s\u00e4nen<br>Projektledare<br>Uudistuva Papunet<br><a href=\"mailto:tanja.rasanen@kvl.fi\">tanja.rasanen@kvl.fi<\/a><br>tel. 0400 675&nbsp; 674<\/p>\n\n\n\n<p>Jenni Stolt<br>Planerare, kommunikation och webbinneh\u00e5ll<\/p>\n\n\n\n<p>Marjo Timonen<br>Planerare<br><a href=\"mailto:marjo.timonen@kvl.fi\">marjo.timonen@kvl.fi<\/a><br>tel. &nbsp;040 455 1081<\/p>\n\n\n\n<p>Maija Yl\u00e4tupa<br>Planerare, webbinneh\u00e5ll<br>Redakt\u00f6r f\u00f6r webbtidningen Selkosanomat kuvilla<br><a href=\"mailto:maija.ylatupa@kvl.fi\">maija.ylatupa@kvl.fi<\/a><br>tel. 040 533 7321<br><\/p>\n\n\n\n<p><\/p>\n","protected":false},"excerpt":{"rendered":"<p>Papunet-verkkopalvelu<br \/>\nKehitysvammaliitto ry<br \/>\nLinnoitustie 2 B<br \/>\n02600 Esbo<\/p>\n","protected":false},"author":16,"featured_media":0,"parent":0,"menu_order":0,"comment_status":"closed","ping_status":"closed","template":"","meta":{"_acf_changed":false,"_relevanssi_hide_post":"","_relevanssi_pin_for_all":"","_relevanssi_pin_keywords":"","_relevanssi_unpin_keywords":"","_relevanssi_related_keywords":"","_relevanssi_related_include_ids":"","_relevanssi_related_exclude_ids":"","_relevanssi_related_no_append":"","_relevanssi_related_not_related":"","_relevanssi_related_posts":"4584,338,206,221,359,545","_relevanssi_noindex_reason":"","footnotes":""},"content_types":[],"id_themes":[],"class_list":["post-1001","page","type-page","status-publish","hentry"],"yoast_head":"<!-- This site is optimized with the Yoast SEO plugin v22.7 - https:\/\/yoast.com\/wordpress\/plugins\/seo\/ -->\n<title>Kontaktinformation - Papunet p\u00e5 svenska<\/title>\n<meta name=\"robots\" content=\"index, follow, max-snippet:-1, max-image-preview:large, max-video-preview:-1\" \/>\n<link rel=\"canonical\" href=\"https:\/\/papunet.net\/sv\/kontaktinformation\/\" \/>\n<meta property=\"og:locale\" content=\"sv_SE\" \/>\n<meta property=\"og:type\" content=\"article\" \/>\n<meta property=\"og:title\" content=\"Kontaktinformation - Papunet p\u00e5 svenska\" \/>\n<meta property=\"og:description\" content=\"Papunet-verkkopalvelu Kehitysvammaliitto ry Linnoitustie 2 B 02600 Esbo\" \/>\n<meta property=\"og:url\" content=\"https:\/\/papunet.net\/sv\/kontaktinformation\/\" \/>\n<meta property=\"og:site_name\" content=\"Papunet p\u00e5 svenska\" \/>\n<meta property=\"article:modified_time\" content=\"2025-06-18T07:42:10+00:00\" \/>\n<meta name=\"twitter:card\" content=\"summary_large_image\" \/>\n<meta name=\"twitter:label1\" content=\"Ber\u00e4knad l\u00e4stid\" \/>\n\t<meta name=\"twitter:data1\" content=\"1 minut\" \/>\n<script type=\"application\/ld+json\" class=\"yoast-schema-graph\">{\"@context\":\"https:\/\/schema.org\",\"@graph\":[{\"@type\":\"WebPage\",\"@id\":\"https:\/\/papunet.net\/sv\/kontaktinformation\/\",\"url\":\"https:\/\/papunet.net\/sv\/kontaktinformation\/\",\"name\":\"Kontaktinformation - Papunet p\u00e5 svenska\",\"isPartOf\":{\"@id\":\"https:\/\/papunet.net\/sv\/#website\"},\"datePublished\":\"2023-09-19T11:20:09+00:00\",\"dateModified\":\"2025-06-18T07:42:10+00:00\",\"breadcrumb\":{\"@id\":\"https:\/\/papunet.net\/sv\/kontaktinformation\/#breadcrumb\"},\"inLanguage\":\"sv-SE\",\"potentialAction\":[{\"@type\":\"ReadAction\",\"target\":[\"https:\/\/papunet.net\/sv\/kontaktinformation\/\"]}]},{\"@type\":\"BreadcrumbList\",\"@id\":\"https:\/\/papunet.net\/sv\/kontaktinformation\/#breadcrumb\",\"itemListElement\":[{\"@type\":\"ListItem\",\"position\":1,\"name\":\"Framsida\",\"item\":\"https:\/\/papunet.net\/sv\/\"},{\"@type\":\"ListItem\",\"position\":2,\"name\":\"Kontaktinformation\"}]},{\"@type\":\"WebSite\",\"@id\":\"https:\/\/papunet.net\/sv\/#website\",\"url\":\"https:\/\/papunet.net\/sv\/\",\"name\":\"Papunet p\u00e5 svenska\",\"description\":\"\",\"potentialAction\":[{\"@type\":\"SearchAction\",\"target\":{\"@type\":\"EntryPoint\",\"urlTemplate\":\"https:\/\/papunet.net\/sv\/?s={search_term_string}\"},\"query-input\":\"required name=search_term_string\"}],\"inLanguage\":\"sv-SE\"}]}<\/script>\n<!-- \/ Yoast SEO plugin. -->","yoast_head_json":{"title":"Kontaktinformation - Papunet p\u00e5 svenska","robots":{"index":"index","follow":"follow","max-snippet":"max-snippet:-1","max-image-preview":"max-image-preview:large","max-video-preview":"max-video-preview:-1"},"canonical":"https:\/\/papunet.net\/sv\/kontaktinformation\/","og_locale":"sv_SE","og_type":"article","og_title":"Kontaktinformation - Papunet p\u00e5 svenska","og_description":"Papunet-verkkopalvelu Kehitysvammaliitto ry Linnoitustie 2 B 02600 Esbo","og_url":"https:\/\/papunet.net\/sv\/kontaktinformation\/","og_site_name":"Papunet p\u00e5 svenska","article_modified_time":"2025-06-18T07:42:10+00:00","twitter_card":"summary_large_image","twitter_misc":{"Ber\u00e4knad l\u00e4stid":"1 minut"},"schema":{"@context":"https:\/\/schema.org","@graph":[{"@type":"WebPage","@id":"https:\/\/papunet.net\/sv\/kontaktinformation\/","url":"https:\/\/papunet.net\/sv\/kontaktinformation\/","name":"Kontaktinformation - Papunet p\u00e5 svenska","isPartOf":{"@id":"https:\/\/papunet.net\/sv\/#website"},"datePublished":"2023-09-19T11:20:09+00:00","dateModified":"2025-06-18T07:42:10+00:00","breadcrumb":{"@id":"https:\/\/papunet.net\/sv\/kontaktinformation\/#breadcrumb"},"inLanguage":"sv-SE","potentialAction":[{"@type":"ReadAction","target":["https:\/\/papunet.net\/sv\/kontaktinformation\/"]}]},{"@type":"BreadcrumbList","@id":"https:\/\/papunet.net\/sv\/kontaktinformation\/#breadcrumb","itemListElement":[{"@type":"ListItem","position":1,"name":"Framsida","item":"https:\/\/papunet.net\/sv\/"},{"@type":"ListItem","position":2,"name":"Kontaktinformation"}]},{"@type":"WebSite","@id":"https:\/\/papunet.net\/sv\/#website","url":"https:\/\/papunet.net\/sv\/","name":"Papunet p\u00e5 svenska","description":"","potentialAction":[{"@type":"SearchAction","target":{"@type":"EntryPoint","urlTemplate":"https:\/\/papunet.net\/sv\/?s={search_term_string}"},"query-input":"required name=search_term_string"}],"inLanguage":"sv-SE"}]}},"acf":[],"_links":{"self":[{"href":"https:\/\/papunet.net\/sv\/wp-json\/wp\/v2\/pages\/1001","targetHints":{"allow":["GET"]}}],"collection":[{"href":"https:\/\/papunet.net\/sv\/wp-json\/wp\/v2\/pages"}],"about":[{"href":"https:\/\/papunet.net\/sv\/wp-json\/wp\/v2\/types\/page"}],"author":[{"embeddable":true,"href":"https:\/\/papunet.net\/sv\/wp-json\/wp\/v2\/users\/16"}],"replies":[{"embeddable":true,"href":"https:\/\/papunet.net\/sv\/wp-json\/wp\/v2\/comments?post=1001"}],"version-history":[{"count":15,"href":"https:\/\/papunet.net\/sv\/wp-json\/wp\/v2\/pages\/1001\/revisions"}],"predecessor-version":[{"id":6258,"href":"https:\/\/papunet.net\/sv\/wp-json\/wp\/v2\/pages\/1001\/revisions\/6258"}],"wp:attachment":[{"href":"https:\/\/papunet.net\/sv\/wp-json\/wp\/v2\/media?parent=1001"}],"wp:term":[{"taxonomy":"content_types","embeddable":true,"href":"https:\/\/papunet.net\/sv\/wp-json\/wp\/v2\/content_types?post=1001"},{"taxonomy":"id_themes","embeddable":true,"href":"https:\/\/papunet.net\/sv\/wp-json\/wp\/v2\/id_themes?post=1001"}],"curies":[{"name":"wp","href":"https:\/\/api.w.org\/{rel}","templated":true}]}}