{"id":1096,"date":"2023-09-20T12:05:12","date_gmt":"2023-09-20T09:05:12","guid":{"rendered":"https:\/\/papunet.net\/sv\/?page_id=1096"},"modified":"2024-11-01T12:23:34","modified_gmt":"2024-11-01T10:23:34","slug":"vara-sinnen-en-kanal-for-samspel","status":"publish","type":"page","link":"https:\/\/papunet.net\/sv\/information\/mojligheter-och-metoder-for-samspel\/vara-sinnen-en-kanal-for-samspel\/","title":{"rendered":"V\u00e5ra sinnen \u2013 en kanal f\u00f6r samspel"},"content":{"rendered":"\n<div class=\"custom-element content-lifts bg-white color-theme-orange\">\n    <div class=\"row lifts-row list-items\">\n            <div class=\"col-12 col-lg-4 row-content lift-item list-item\">\n           <a href=\"https:\/\/papunet.net\/sv\/sinnenas-betydelse\/\" rel=\"bookmark\">  <!-- Oletusn\u00e4kym\u00e4 hakutuloksille -->\n        <article id=\"post-4594\" class=\"post-4594 post type-post status-publish format-standard has-post-thumbnail hentry category-mojligheter-och-metoder-for-samspel category-vara-sinnen-en-kanal-for-samspel content_types-information id_themes-sinnen-och-kanslor\">\n          <div class=\"item-top\">\n            <h3 class=\"sr-only\">Sinnenas betydelse<\/h3>\n                          <div class=\"entry-thumbnail\">\n                <div class=\"thumb\">\n                  <!--\n                  <img decoding=\"async\" src=\"https:\/\/papunet.net\/sv\/wp-content\/uploads\/sites\/2\/2024\/10\/iStock-1206405127.jpg\" alt=\"\" width=\"100%\" height=\"auto\" \/>\n                  -->\n                  <img decoding=\"async\" src=\"https:\/\/papunet.net\/sv\/wp-content\/uploads\/sites\/2\/2024\/10\/iStock-1206405127.jpg\" alt=\"\">\n                                  <\/div>\n                              <\/div>\n                        <div class=\"entry-meta\">\n              <div class=\"tags\">\n                <ul class=\"tags-list\">\n                                      <li class=\"tag-item\">\n                      <span class=\"tag-button\">Information<\/span>\n                    <\/li>\n                                  <\/ul>\n              <\/div>\n            <\/div>\n            <header class=\"entry-header\" aria-hidden=\"true\">\n              <h3 class=\"entry-title\">Sinnenas betydelse<\/h3>\n            <\/header>\n            <div class=\"entry-content\">\n              <p>M\u00e4nniskan formar sin uppfattning om sig sj\u00e4lv och sin omgivning med hj\u00e4lp av sina sinnen. <\/p>\n            <\/div>\n          <\/div>\n          <div class=\"item-bottom\">\n            <div class=\"entry-footer\">\n              <span class=\"circle-arrow-button\">\u00d6ppna artikeln<\/span>\n            <\/div>\n          <\/div>\n        <\/article>\n          <\/a>\n        <\/div>\n                <div class=\"col-12 col-lg-4 row-content lift-item list-item\">\n           <a href=\"https:\/\/papunet.net\/sv\/synsinnet\/\" rel=\"bookmark\">  <!-- Oletusn\u00e4kym\u00e4 hakutuloksille -->\n        <article id=\"post-4584\" class=\"post-4584 post type-post status-publish format-standard has-post-thumbnail hentry category-mojligheter-och-metoder-for-samspel category-vara-sinnen-en-kanal-for-samspel content_types-information id_themes-sinnen-och-kanslor\">\n          <div class=\"item-top\">\n            <h3 class=\"sr-only\">Synsinnet<\/h3>\n                          <div class=\"entry-thumbnail\">\n                <div class=\"thumb\">\n                  <!--\n                  <img decoding=\"async\" src=\"https:\/\/papunet.net\/sv\/wp-content\/uploads\/sites\/2\/2024\/10\/nako.jpg\" alt=\"\" width=\"100%\" height=\"auto\" \/>\n                  -->\n                  <img decoding=\"async\" src=\"https:\/\/papunet.net\/sv\/wp-content\/uploads\/sites\/2\/2024\/10\/nako.jpg\" alt=\"\">\n                                  <\/div>\n                              <\/div>\n                        <div class=\"entry-meta\">\n              <div class=\"tags\">\n                <ul class=\"tags-list\">\n                                      <li class=\"tag-item\">\n                      <span class=\"tag-button\">Information<\/span>\n                    <\/li>\n                                  <\/ul>\n              <\/div>\n            <\/div>\n            <header class=\"entry-header\" aria-hidden=\"true\">\n              <h3 class=\"entry-title\">Synsinnet<\/h3>\n            <\/header>\n            <div class=\"entry-content\">\n              <p>Att skapa \u00f6gonkontakt \u00e4r en av de viktigaste grundpelarna i den tidiga utvecklingen. \u00d6gonkontakt \u00e4r en av samspelets grundpelare.<\/p>\n            <\/div>\n          <\/div>\n          <div class=\"item-bottom\">\n            <div class=\"entry-footer\">\n              <span class=\"circle-arrow-button\">\u00d6ppna artikeln<\/span>\n            <\/div>\n          <\/div>\n        <\/article>\n          <\/a>\n        <\/div>\n                <div class=\"col-12 col-lg-4 row-content lift-item list-item\">\n           <a href=\"https:\/\/papunet.net\/sv\/kanselsinnet\/\" rel=\"bookmark\">  <!-- Oletusn\u00e4kym\u00e4 hakutuloksille -->\n        <article id=\"post-4614\" class=\"post-4614 post type-post status-publish format-standard has-post-thumbnail hentry category-mojligheter-och-metoder-for-samspel category-vara-sinnen-en-kanal-for-samspel content_types-information id_themes-sinnen-och-kanslor\">\n          <div class=\"item-top\">\n            <h3 class=\"sr-only\">K\u00e4nselsinnet<\/h3>\n                          <div class=\"entry-thumbnail\">\n                <div class=\"thumb\">\n                  <!--\n                  <img decoding=\"async\" src=\"https:\/\/papunet.net\/sv\/wp-content\/uploads\/sites\/2\/2024\/10\/tunto.jpg\" alt=\"\" width=\"100%\" height=\"auto\" \/>\n                  -->\n                  <img decoding=\"async\" src=\"https:\/\/papunet.net\/sv\/wp-content\/uploads\/sites\/2\/2024\/10\/tunto.jpg\" alt=\"\">\n                                  <\/div>\n                              <\/div>\n                        <div class=\"entry-meta\">\n              <div class=\"tags\">\n                <ul class=\"tags-list\">\n                                      <li class=\"tag-item\">\n                      <span class=\"tag-button\">Information<\/span>\n                    <\/li>\n                                  <\/ul>\n              <\/div>\n            <\/div>\n            <header class=\"entry-header\" aria-hidden=\"true\">\n              <h3 class=\"entry-title\">K\u00e4nselsinnet<\/h3>\n            <\/header>\n            <div class=\"entry-content\">\n              <p>Att ber\u00f6ra och bli ber\u00f6rd har en central roll i samspelet mellan m\u00e4nniskor.<\/p>\n            <\/div>\n          <\/div>\n          <div class=\"item-bottom\">\n            <div class=\"entry-footer\">\n              <span class=\"circle-arrow-button\">\u00d6ppna artikeln<\/span>\n            <\/div>\n          <\/div>\n        <\/article>\n          <\/a>\n        <\/div>\n                <div class=\"col-12 col-lg-4 row-content lift-item list-item\">\n           <a href=\"https:\/\/papunet.net\/sv\/horselsinnet\/\" rel=\"bookmark\">  <!-- Oletusn\u00e4kym\u00e4 hakutuloksille -->\n        <article id=\"post-4617\" class=\"post-4617 post type-post status-publish format-standard has-post-thumbnail hentry category-mojligheter-och-metoder-for-samspel category-vara-sinnen-en-kanal-for-samspel content_types-information id_themes-sinnen-och-kanslor\">\n          <div class=\"item-top\">\n            <h3 class=\"sr-only\">H\u00f6rselsinnet<\/h3>\n                          <div class=\"entry-thumbnail\">\n                <div class=\"thumb\">\n                  <!--\n                  <img decoding=\"async\" src=\"https:\/\/papunet.net\/sv\/wp-content\/uploads\/sites\/2\/2024\/10\/kuulo.jpg\" alt=\"\" width=\"100%\" height=\"auto\" \/>\n                  -->\n                  <img decoding=\"async\" src=\"https:\/\/papunet.net\/sv\/wp-content\/uploads\/sites\/2\/2024\/10\/kuulo.jpg\" alt=\"\">\n                                  <\/div>\n                              <\/div>\n                        <div class=\"entry-meta\">\n              <div class=\"tags\">\n                <ul class=\"tags-list\">\n                                      <li class=\"tag-item\">\n                      <span class=\"tag-button\">Information<\/span>\n                    <\/li>\n                                  <\/ul>\n              <\/div>\n            <\/div>\n            <header class=\"entry-header\" aria-hidden=\"true\">\n              <h3 class=\"entry-title\">H\u00f6rselsinnet<\/h3>\n            <\/header>\n            <div class=\"entry-content\">\n              <p>En stor del av kommunikation sker genom ljud. Med hj\u00e4lp av h\u00f6rselsinnet och olika ljud kan ocks\u00e5 en m\u00e4nniska f\u00f6rutse vad som kommer att h\u00e4nda. <\/p>\n            <\/div>\n          <\/div>\n          <div class=\"item-bottom\">\n            <div class=\"entry-footer\">\n              <span class=\"circle-arrow-button\">\u00d6ppna artikeln<\/span>\n            <\/div>\n          <\/div>\n        <\/article>\n          <\/a>\n        <\/div>\n                <div class=\"col-12 col-lg-4 row-content lift-item list-item\">\n           <a href=\"https:\/\/papunet.net\/sv\/led-och-muskelsinnet-samt-balanssinnet\/\" rel=\"bookmark\">  <!-- Oletusn\u00e4kym\u00e4 hakutuloksille -->\n        <article id=\"post-4610\" class=\"post-4610 post type-post status-publish format-standard has-post-thumbnail hentry category-mojligheter-och-metoder-for-samspel category-vara-sinnen-en-kanal-for-samspel content_types-information id_themes-sinnen-och-kanslor\">\n          <div class=\"item-top\">\n            <h3 class=\"sr-only\">Led- och muskelsinnet samt balanssinnet<\/h3>\n                          <div class=\"entry-thumbnail\">\n                <div class=\"thumb\">\n                  <!--\n                  <img decoding=\"async\" src=\"https:\/\/papunet.net\/sv\/wp-content\/uploads\/sites\/2\/2024\/10\/aistit-ja-vuorovaikutus.jpg\" alt=\"\" width=\"100%\" height=\"auto\" \/>\n                  -->\n                  <img decoding=\"async\" src=\"https:\/\/papunet.net\/sv\/wp-content\/uploads\/sites\/2\/2024\/10\/aistit-ja-vuorovaikutus.jpg\" alt=\"\">\n                                  <\/div>\n                              <\/div>\n                        <div class=\"entry-meta\">\n              <div class=\"tags\">\n                <ul class=\"tags-list\">\n                                      <li class=\"tag-item\">\n                      <span class=\"tag-button\">Information<\/span>\n                    <\/li>\n                                  <\/ul>\n              <\/div>\n            <\/div>\n            <header class=\"entry-header\" aria-hidden=\"true\">\n              <h3 class=\"entry-title\">Led- och muskelsinnet samt balanssinnet<\/h3>\n            <\/header>\n            <div class=\"entry-content\">\n              <p>N\u00e4r led- och muskelsinnet samt balanssinnet fungerar felfritt, f\u00e5r m\u00e4nniskan en medveten uppfattning om sig sj\u00e4lv i f\u00f6rh\u00e5llande till sin omgivning. I samspelet syns detta till exempel som f\u00f6rm\u00e5gan att st\u00e4lla sig p\u00e5 r\u00e4tt avst\u00e5nd i ett samtal och f\u00f6rm\u00e5gan att anpassa sitt beteende efter situationen.<\/p>\n            <\/div>\n          <\/div>\n          <div class=\"item-bottom\">\n            <div class=\"entry-footer\">\n              <span class=\"circle-arrow-button\">\u00d6ppna artikeln<\/span>\n            <\/div>\n          <\/div>\n        <\/article>\n          <\/a>\n        <\/div>\n                <div class=\"col-12 col-lg-4 row-content lift-item list-item\">\n           <a href=\"https:\/\/papunet.net\/sv\/lukt-och-smaksinnet\/\" rel=\"bookmark\">  <!-- Oletusn\u00e4kym\u00e4 hakutuloksille -->\n        <article id=\"post-4607\" class=\"post-4607 post type-post status-publish format-standard has-post-thumbnail hentry category-mojligheter-och-metoder-for-samspel category-vara-sinnen-en-kanal-for-samspel content_types-information id_themes-sinnen-och-kanslor\">\n          <div class=\"item-top\">\n            <h3 class=\"sr-only\">Lukt- och smaksinnet<\/h3>\n                          <div class=\"entry-thumbnail\">\n                <div class=\"thumb\">\n                  <!--\n                  <img decoding=\"async\" src=\"https:\/\/papunet.net\/sv\/wp-content\/uploads\/sites\/2\/2024\/10\/haju-ja-maku.jpg\" alt=\"\" width=\"100%\" height=\"auto\" \/>\n                  -->\n                  <img decoding=\"async\" src=\"https:\/\/papunet.net\/sv\/wp-content\/uploads\/sites\/2\/2024\/10\/haju-ja-maku.jpg\" alt=\"\">\n                                  <\/div>\n                              <\/div>\n                        <div class=\"entry-meta\">\n              <div class=\"tags\">\n                <ul class=\"tags-list\">\n                                      <li class=\"tag-item\">\n                      <span class=\"tag-button\">Information<\/span>\n                    <\/li>\n                                  <\/ul>\n              <\/div>\n            <\/div>\n            <header class=\"entry-header\" aria-hidden=\"true\">\n              <h3 class=\"entry-title\">Lukt- och smaksinnet<\/h3>\n            <\/header>\n            <div class=\"entry-content\">\n              <p>Eftersom smak- och doftupplevelser v\u00e4cker starka k\u00e4nslom\u00e4ssiga reaktioner hos m\u00e4nniskor, kan s\u00e4rskilt positiva smak- och doftupplevelser anv\u00e4ndas i samspelet.<\/p>\n            <\/div>\n          <\/div>\n          <div class=\"item-bottom\">\n            <div class=\"entry-footer\">\n              <span class=\"circle-arrow-button\">\u00d6ppna artikeln<\/span>\n            <\/div>\n          <\/div>\n        <\/article>\n          <\/a>\n        <\/div>\n          <\/div>\n<\/div>\n","protected":false},"excerpt":{"rendered":"<p>V\u00e5ra sinnen p\u00e5verkar v\u00e5rt samspel och \u00e4ven st\u00f6det f\u00f6r samspel. D\u00e4rf\u00f6r \u00e4r det viktigt att k\u00e4nna igen skillnaderna mellan v\u00e5ra olika sinnen och hur de fungerar.<\/p>\n","protected":false},"author":5,"featured_media":4581,"parent":12,"menu_order":0,"comment_status":"closed","ping_status":"closed","template":"","meta":{"_acf_changed":false,"_relevanssi_hide_post":"","_relevanssi_pin_for_all":"","_relevanssi_pin_keywords":"","_relevanssi_unpin_keywords":"","_relevanssi_related_keywords":"","_relevanssi_related_include_ids":"","_relevanssi_related_exclude_ids":"","_relevanssi_related_no_append":"","_relevanssi_related_not_related":"","_relevanssi_related_posts":"","_relevanssi_noindex_reason":"","footnotes":""},"content_types":[6],"id_themes":[],"class_list":["post-1096","page","type-page","status-publish","has-post-thumbnail","hentry","content_types-information"],"yoast_head":"<!-- This site is optimized with the Yoast SEO plugin v22.7 - https:\/\/yoast.com\/wordpress\/plugins\/seo\/ -->\n<title>V\u00e5ra sinnen \u2013 en kanal f\u00f6r samspel - Papunet p\u00e5 svenska<\/title>\n<meta name=\"robots\" content=\"index, follow, max-snippet:-1, max-image-preview:large, max-video-preview:-1\" \/>\n<link rel=\"canonical\" href=\"https:\/\/papunet.net\/sv\/information\/mojligheter-och-metoder-for-samspel\/vara-sinnen-en-kanal-for-samspel\/\" \/>\n<meta property=\"og:locale\" content=\"sv_SE\" \/>\n<meta property=\"og:type\" content=\"article\" \/>\n<meta property=\"og:title\" content=\"V\u00e5ra sinnen \u2013 en kanal f\u00f6r samspel - Papunet p\u00e5 svenska\" \/>\n<meta property=\"og:description\" content=\"V\u00e5ra sinnen p\u00e5verkar v\u00e5rt samspel och \u00e4ven st\u00f6det f\u00f6r samspel. D\u00e4rf\u00f6r \u00e4r det viktigt att k\u00e4nna igen skillnaderna mellan v\u00e5ra olika sinnen och hur de fungerar.\" \/>\n<meta property=\"og:url\" content=\"https:\/\/papunet.net\/sv\/information\/mojligheter-och-metoder-for-samspel\/vara-sinnen-en-kanal-for-samspel\/\" \/>\n<meta property=\"og:site_name\" content=\"Papunet p\u00e5 svenska\" \/>\n<meta property=\"article:modified_time\" content=\"2024-11-01T10:23:34+00:00\" \/>\n<meta property=\"og:image\" content=\"https:\/\/papunet.net\/sv\/wp-content\/uploads\/sites\/2\/2024\/10\/iStock-858352516.jpg\" \/>\n\t<meta property=\"og:image:width\" content=\"500\" \/>\n\t<meta property=\"og:image:height\" content=\"333\" \/>\n\t<meta property=\"og:image:type\" content=\"image\/jpeg\" \/>\n<meta name=\"twitter:card\" content=\"summary_large_image\" \/>\n<script type=\"application\/ld+json\" class=\"yoast-schema-graph\">{\"@context\":\"https:\/\/schema.org\",\"@graph\":[{\"@type\":\"WebPage\",\"@id\":\"https:\/\/papunet.net\/sv\/information\/mojligheter-och-metoder-for-samspel\/vara-sinnen-en-kanal-for-samspel\/\",\"url\":\"https:\/\/papunet.net\/sv\/information\/mojligheter-och-metoder-for-samspel\/vara-sinnen-en-kanal-for-samspel\/\",\"name\":\"V\u00e5ra sinnen \u2013 en kanal f\u00f6r samspel - Papunet p\u00e5 svenska\",\"isPartOf\":{\"@id\":\"https:\/\/papunet.net\/sv\/#website\"},\"primaryImageOfPage\":{\"@id\":\"https:\/\/papunet.net\/sv\/information\/mojligheter-och-metoder-for-samspel\/vara-sinnen-en-kanal-for-samspel\/#primaryimage\"},\"image\":{\"@id\":\"https:\/\/papunet.net\/sv\/information\/mojligheter-och-metoder-for-samspel\/vara-sinnen-en-kanal-for-samspel\/#primaryimage\"},\"thumbnailUrl\":\"https:\/\/papunet.net\/sv\/wp-content\/uploads\/sites\/2\/2024\/10\/iStock-858352516.jpg\",\"datePublished\":\"2023-09-20T09:05:12+00:00\",\"dateModified\":\"2024-11-01T10:23:34+00:00\",\"breadcrumb\":{\"@id\":\"https:\/\/papunet.net\/sv\/information\/mojligheter-och-metoder-for-samspel\/vara-sinnen-en-kanal-for-samspel\/#breadcrumb\"},\"inLanguage\":\"sv-SE\",\"potentialAction\":[{\"@type\":\"ReadAction\",\"target\":[\"https:\/\/papunet.net\/sv\/information\/mojligheter-och-metoder-for-samspel\/vara-sinnen-en-kanal-for-samspel\/\"]}]},{\"@type\":\"ImageObject\",\"inLanguage\":\"sv-SE\",\"@id\":\"https:\/\/papunet.net\/sv\/information\/mojligheter-och-metoder-for-samspel\/vara-sinnen-en-kanal-for-samspel\/#primaryimage\",\"url\":\"https:\/\/papunet.net\/sv\/wp-content\/uploads\/sites\/2\/2024\/10\/iStock-858352516.jpg\",\"contentUrl\":\"https:\/\/papunet.net\/sv\/wp-content\/uploads\/sites\/2\/2024\/10\/iStock-858352516.jpg\",\"width\":500,\"height\":333,\"caption\":\"soulful moment. portrait of mother and her beloved son with disability in rehabilitation center\"},{\"@type\":\"BreadcrumbList\",\"@id\":\"https:\/\/papunet.net\/sv\/information\/mojligheter-och-metoder-for-samspel\/vara-sinnen-en-kanal-for-samspel\/#breadcrumb\",\"itemListElement\":[{\"@type\":\"ListItem\",\"position\":1,\"name\":\"Framsida\",\"item\":\"https:\/\/papunet.net\/sv\/\"},{\"@type\":\"ListItem\",\"position\":2,\"name\":\"Information\",\"item\":\"https:\/\/papunet.net\/sv\/information\/\"},{\"@type\":\"ListItem\",\"position\":3,\"name\":\"M\u00f6jligheter och metoder f\u00f6r samspel\",\"item\":\"https:\/\/papunet.net\/sv\/information\/mojligheter-och-metoder-for-samspel\/\"},{\"@type\":\"ListItem\",\"position\":4,\"name\":\"V\u00e5ra sinnen \u2013 en kanal f\u00f6r samspel\"}]},{\"@type\":\"WebSite\",\"@id\":\"https:\/\/papunet.net\/sv\/#website\",\"url\":\"https:\/\/papunet.net\/sv\/\",\"name\":\"Papunet p\u00e5 svenska\",\"description\":\"\",\"potentialAction\":[{\"@type\":\"SearchAction\",\"target\":{\"@type\":\"EntryPoint\",\"urlTemplate\":\"https:\/\/papunet.net\/sv\/?s={search_term_string}\"},\"query-input\":\"required name=search_term_string\"}],\"inLanguage\":\"sv-SE\"}]}<\/script>\n<!-- \/ Yoast SEO plugin. -->","yoast_head_json":{"title":"V\u00e5ra sinnen \u2013 en kanal f\u00f6r samspel - Papunet p\u00e5 svenska","robots":{"index":"index","follow":"follow","max-snippet":"max-snippet:-1","max-image-preview":"max-image-preview:large","max-video-preview":"max-video-preview:-1"},"canonical":"https:\/\/papunet.net\/sv\/information\/mojligheter-och-metoder-for-samspel\/vara-sinnen-en-kanal-for-samspel\/","og_locale":"sv_SE","og_type":"article","og_title":"V\u00e5ra sinnen \u2013 en kanal f\u00f6r samspel - Papunet p\u00e5 svenska","og_description":"V\u00e5ra sinnen p\u00e5verkar v\u00e5rt samspel och \u00e4ven st\u00f6det f\u00f6r samspel. D\u00e4rf\u00f6r \u00e4r det viktigt att k\u00e4nna igen skillnaderna mellan v\u00e5ra olika sinnen och hur de fungerar.","og_url":"https:\/\/papunet.net\/sv\/information\/mojligheter-och-metoder-for-samspel\/vara-sinnen-en-kanal-for-samspel\/","og_site_name":"Papunet p\u00e5 svenska","article_modified_time":"2024-11-01T10:23:34+00:00","og_image":[{"width":500,"height":333,"url":"https:\/\/papunet.net\/sv\/wp-content\/uploads\/sites\/2\/2024\/10\/iStock-858352516.jpg","type":"image\/jpeg"}],"twitter_card":"summary_large_image","schema":{"@context":"https:\/\/schema.org","@graph":[{"@type":"WebPage","@id":"https:\/\/papunet.net\/sv\/information\/mojligheter-och-metoder-for-samspel\/vara-sinnen-en-kanal-for-samspel\/","url":"https:\/\/papunet.net\/sv\/information\/mojligheter-och-metoder-for-samspel\/vara-sinnen-en-kanal-for-samspel\/","name":"V\u00e5ra sinnen \u2013 en kanal f\u00f6r samspel - Papunet p\u00e5 svenska","isPartOf":{"@id":"https:\/\/papunet.net\/sv\/#website"},"primaryImageOfPage":{"@id":"https:\/\/papunet.net\/sv\/information\/mojligheter-och-metoder-for-samspel\/vara-sinnen-en-kanal-for-samspel\/#primaryimage"},"image":{"@id":"https:\/\/papunet.net\/sv\/information\/mojligheter-och-metoder-for-samspel\/vara-sinnen-en-kanal-for-samspel\/#primaryimage"},"thumbnailUrl":"https:\/\/papunet.net\/sv\/wp-content\/uploads\/sites\/2\/2024\/10\/iStock-858352516.jpg","datePublished":"2023-09-20T09:05:12+00:00","dateModified":"2024-11-01T10:23:34+00:00","breadcrumb":{"@id":"https:\/\/papunet.net\/sv\/information\/mojligheter-och-metoder-for-samspel\/vara-sinnen-en-kanal-for-samspel\/#breadcrumb"},"inLanguage":"sv-SE","potentialAction":[{"@type":"ReadAction","target":["https:\/\/papunet.net\/sv\/information\/mojligheter-och-metoder-for-samspel\/vara-sinnen-en-kanal-for-samspel\/"]}]},{"@type":"ImageObject","inLanguage":"sv-SE","@id":"https:\/\/papunet.net\/sv\/information\/mojligheter-och-metoder-for-samspel\/vara-sinnen-en-kanal-for-samspel\/#primaryimage","url":"https:\/\/papunet.net\/sv\/wp-content\/uploads\/sites\/2\/2024\/10\/iStock-858352516.jpg","contentUrl":"https:\/\/papunet.net\/sv\/wp-content\/uploads\/sites\/2\/2024\/10\/iStock-858352516.jpg","width":500,"height":333,"caption":"soulful moment. portrait of mother and her beloved son with disability in rehabilitation center"},{"@type":"BreadcrumbList","@id":"https:\/\/papunet.net\/sv\/information\/mojligheter-och-metoder-for-samspel\/vara-sinnen-en-kanal-for-samspel\/#breadcrumb","itemListElement":[{"@type":"ListItem","position":1,"name":"Framsida","item":"https:\/\/papunet.net\/sv\/"},{"@type":"ListItem","position":2,"name":"Information","item":"https:\/\/papunet.net\/sv\/information\/"},{"@type":"ListItem","position":3,"name":"M\u00f6jligheter och metoder f\u00f6r samspel","item":"https:\/\/papunet.net\/sv\/information\/mojligheter-och-metoder-for-samspel\/"},{"@type":"ListItem","position":4,"name":"V\u00e5ra sinnen \u2013 en kanal f\u00f6r samspel"}]},{"@type":"WebSite","@id":"https:\/\/papunet.net\/sv\/#website","url":"https:\/\/papunet.net\/sv\/","name":"Papunet p\u00e5 svenska","description":"","potentialAction":[{"@type":"SearchAction","target":{"@type":"EntryPoint","urlTemplate":"https:\/\/papunet.net\/sv\/?s={search_term_string}"},"query-input":"required name=search_term_string"}],"inLanguage":"sv-SE"}]}},"acf":[],"_links":{"self":[{"href":"https:\/\/papunet.net\/sv\/wp-json\/wp\/v2\/pages\/1096","targetHints":{"allow":["GET"]}}],"collection":[{"href":"https:\/\/papunet.net\/sv\/wp-json\/wp\/v2\/pages"}],"about":[{"href":"https:\/\/papunet.net\/sv\/wp-json\/wp\/v2\/types\/page"}],"author":[{"embeddable":true,"href":"https:\/\/papunet.net\/sv\/wp-json\/wp\/v2\/users\/5"}],"replies":[{"embeddable":true,"href":"https:\/\/papunet.net\/sv\/wp-json\/wp\/v2\/comments?post=1096"}],"version-history":[{"count":4,"href":"https:\/\/papunet.net\/sv\/wp-json\/wp\/v2\/pages\/1096\/revisions"}],"predecessor-version":[{"id":4706,"href":"https:\/\/papunet.net\/sv\/wp-json\/wp\/v2\/pages\/1096\/revisions\/4706"}],"up":[{"embeddable":true,"href":"https:\/\/papunet.net\/sv\/wp-json\/wp\/v2\/pages\/12"}],"wp:featuredmedia":[{"embeddable":true,"href":"https:\/\/papunet.net\/sv\/wp-json\/wp\/v2\/media\/4581"}],"wp:attachment":[{"href":"https:\/\/papunet.net\/sv\/wp-json\/wp\/v2\/media?parent=1096"}],"wp:term":[{"taxonomy":"content_types","embeddable":true,"href":"https:\/\/papunet.net\/sv\/wp-json\/wp\/v2\/content_types?post=1096"},{"taxonomy":"id_themes","embeddable":true,"href":"https:\/\/papunet.net\/sv\/wp-json\/wp\/v2\/id_themes?post=1096"}],"curies":[{"name":"wp","href":"https:\/\/api.w.org\/{rel}","templated":true}]}}