{"id":1119,"date":"2023-09-20T12:28:42","date_gmt":"2023-09-20T09:28:42","guid":{"rendered":"https:\/\/papunet.net\/sv\/?page_id=1119"},"modified":"2023-09-20T13:43:43","modified_gmt":"2023-09-20T10:43:43","slug":"tecken-som-stod","status":"publish","type":"page","link":"https:\/\/papunet.net\/sv\/information\/mojligheter-och-metoder-for-samspel\/tecken-som-stod\/","title":{"rendered":"Tecken som st\u00f6d"},"content":{"rendered":"\n<div class=\"custom-element content-lifts bg-white color-theme-orange\">\n    <div class=\"row lifts-row list-items\">\n            <div class=\"col-12 col-lg-4 row-content lift-item list-item\">\n           <a href=\"https:\/\/papunet.net\/sv\/information-om-tecken-som-stod\/\" rel=\"bookmark\">  <!-- Oletusn\u00e4kym\u00e4 hakutuloksille -->\n        <article id=\"post-1105\" class=\"post-1105 post type-post status-publish format-standard has-post-thumbnail hentry category-yleinen content_types-information\">\n          <div class=\"item-top\">\n            <h3 class=\"sr-only\">Information om tecken som st\u00f6d<\/h3>\n                          <div class=\"entry-thumbnail\">\n                <div class=\"thumb\">\n                  <!--\n                  <img decoding=\"async\" src=\"https:\/\/papunet.net\/sv\/wp-content\/uploads\/sites\/2\/2023\/09\/tukiviittominen.jpg\" alt=\"\" width=\"100%\" height=\"auto\" \/>\n                  -->\n                  <img decoding=\"async\" src=\"https:\/\/papunet.net\/sv\/wp-content\/uploads\/sites\/2\/2023\/09\/tukiviittominen.jpg\" alt=\"\">\n                                  <\/div>\n                              <\/div>\n                        <div class=\"entry-meta\">\n              <div class=\"tags\">\n                <ul class=\"tags-list\">\n                                      <li class=\"tag-item\">\n                      <span class=\"tag-button\">Information<\/span>\n                    <\/li>\n                                  <\/ul>\n              <\/div>\n            <\/div>\n            <header class=\"entry-header\" aria-hidden=\"true\">\n              <h3 class=\"entry-title\">Information om tecken som st\u00f6d<\/h3>\n            <\/header>\n            <div class=\"entry-content\">\n              <p>Tecken som st\u00f6d \u00e4r en kommunikationsmetod och st\u00f6der talets utveckling.<\/p>\n            <\/div>\n          <\/div>\n          <div class=\"item-bottom\">\n            <div class=\"entry-footer\">\n              <span class=\"circle-arrow-button\">\u00d6ppna artikeln<\/span>\n            <\/div>\n          <\/div>\n        <\/article>\n          <\/a>\n        <\/div>\n                <div class=\"col-12 col-lg-4 row-content lift-item list-item\">\n           <a href=\"https:\/\/papunet.net\/sv\/handledning-i-alternativ-och-kompletterande-kommunikation-akk\/\" rel=\"bookmark\">  <!-- Oletusn\u00e4kym\u00e4 hakutuloksille -->\n        <article id=\"post-370\" class=\"post-370 post type-post status-publish format-standard has-post-thumbnail hentry category-tjanster-och-stod content_types-information\">\n          <div class=\"item-top\">\n            <h3 class=\"sr-only\">Handledning i alternativ och kompletterande kommunikation (AKK)<\/h3>\n                          <div class=\"entry-thumbnail\">\n                <div class=\"thumb\">\n                  <!--\n                  <img decoding=\"async\" src=\"https:\/\/papunet.net\/sv\/wp-content\/uploads\/sites\/2\/2023\/09\/iStock-1422982288.jpg\" alt=\"\" width=\"100%\" height=\"auto\" \/>\n                  -->\n                  <img decoding=\"async\" src=\"https:\/\/papunet.net\/sv\/wp-content\/uploads\/sites\/2\/2023\/09\/iStock-1422982288.jpg\" alt=\"\">\n                                  <\/div>\n                              <\/div>\n                        <div class=\"entry-meta\">\n              <div class=\"tags\">\n                <ul class=\"tags-list\">\n                                      <li class=\"tag-item\">\n                      <span class=\"tag-button\">Information<\/span>\n                    <\/li>\n                                  <\/ul>\n              <\/div>\n            <\/div>\n            <header class=\"entry-header\" aria-hidden=\"true\">\n              <h3 class=\"entry-title\">Handledning i alternativ och kompletterande kommunikation (AKK)<\/h3>\n            <\/header>\n            <div class=\"entry-content\">\n              <p>Under handledning i tecken som st\u00f6d f\u00e5r de n\u00e4rst\u00e5ende undervisning i tecken och anv\u00e4ndning av bilder.<\/p>\n            <\/div>\n          <\/div>\n          <div class=\"item-bottom\">\n            <div class=\"entry-footer\">\n              <span class=\"circle-arrow-button\">\u00d6ppna artikeln<\/span>\n            <\/div>\n          <\/div>\n        <\/article>\n          <\/a>\n        <\/div>\n                <div class=\"col-12 col-lg-4 row-content lift-item list-item\">\n           <a href=\"https:\/\/papunet.net\/sv\/material\/teckenmaterial\/\" rel=\"bookmark\">  <!-- Oletusn\u00e4kym\u00e4 hakutuloksille -->\n        <article id=\"post-740\" class=\"post-740 page type-page status-publish has-post-thumbnail hentry content_types-material\">\n          <div class=\"item-top\">\n            <h3 class=\"sr-only\">Teckenmaterial<\/h3>\n                          <div class=\"entry-thumbnail\">\n                <div class=\"thumb\">\n                  <!--\n                  <img decoding=\"async\" src=\"https:\/\/papunet.net\/sv\/wp-content\/uploads\/sites\/2\/2023\/09\/viittomamateriaalit-1.png\" alt=\"\" width=\"100%\" height=\"auto\" \/>\n                  -->\n                  <img decoding=\"async\" src=\"https:\/\/papunet.net\/sv\/wp-content\/uploads\/sites\/2\/2023\/09\/viittomamateriaalit-1.png\" alt=\"\">\n                                  <\/div>\n                              <\/div>\n                        <div class=\"entry-meta\">\n              <div class=\"tags\">\n                <ul class=\"tags-list\">\n                                      <li class=\"tag-item\">\n                      <span class=\"tag-button\">Sida<\/span>\n                    <\/li>\n                                  <\/ul>\n              <\/div>\n            <\/div>\n            <header class=\"entry-header\" aria-hidden=\"true\">\n              <h3 class=\"entry-title\">Teckenmaterial<\/h3>\n            <\/header>\n            <div class=\"entry-content\">\n              <p>H\u00e4r hittar du teckenmaterial p\u00e5 Papunet och andra n\u00e4tsidor.<\/p>\n            <\/div>\n          <\/div>\n          <div class=\"item-bottom\">\n            <div class=\"entry-footer\">\n              <span class=\"circle-arrow-button\">\u00d6ppna sidan<\/span>\n            <\/div>\n          <\/div>\n        <\/article>\n          <\/a>\n        <\/div>\n          <\/div>\n<\/div>\n","protected":false},"excerpt":{"rendered":"<p>Information om tecken som st\u00f6d i kommunikationen och teckenmaterial. <\/p>\n","protected":false},"author":5,"featured_media":1167,"parent":12,"menu_order":0,"comment_status":"closed","ping_status":"closed","template":"","meta":{"_acf_changed":false,"_relevanssi_hide_post":"","_relevanssi_pin_for_all":"","_relevanssi_pin_keywords":"","_relevanssi_unpin_keywords":"","_relevanssi_related_keywords":"","_relevanssi_related_include_ids":"","_relevanssi_related_exclude_ids":"","_relevanssi_related_no_append":"","_relevanssi_related_not_related":"","_relevanssi_related_posts":"","_relevanssi_noindex_reason":"","footnotes":""},"content_types":[6],"id_themes":[],"class_list":["post-1119","page","type-page","status-publish","has-post-thumbnail","hentry","content_types-information"],"yoast_head":"<!-- This site is optimized with the Yoast SEO plugin v22.7 - https:\/\/yoast.com\/wordpress\/plugins\/seo\/ -->\n<title>Tecken som st\u00f6d - Papunet p\u00e5 svenska<\/title>\n<meta name=\"robots\" content=\"index, follow, max-snippet:-1, max-image-preview:large, max-video-preview:-1\" \/>\n<link rel=\"canonical\" href=\"https:\/\/papunet.net\/sv\/information\/mojligheter-och-metoder-for-samspel\/tecken-som-stod\/\" \/>\n<meta property=\"og:locale\" content=\"sv_SE\" \/>\n<meta property=\"og:type\" content=\"article\" \/>\n<meta property=\"og:title\" content=\"Tecken som st\u00f6d - Papunet p\u00e5 svenska\" \/>\n<meta property=\"og:description\" content=\"Information om tecken som st\u00f6d i kommunikationen och teckenmaterial.\" \/>\n<meta property=\"og:url\" content=\"https:\/\/papunet.net\/sv\/information\/mojligheter-och-metoder-for-samspel\/tecken-som-stod\/\" \/>\n<meta property=\"og:site_name\" content=\"Papunet p\u00e5 svenska\" \/>\n<meta property=\"article:modified_time\" content=\"2023-09-20T10:43:43+00:00\" \/>\n<meta property=\"og:image\" content=\"https:\/\/papunet.net\/sv\/wp-content\/uploads\/sites\/2\/2023\/09\/Tecken-som-stod_iStock-621571490.jpg\" \/>\n\t<meta property=\"og:image:width\" content=\"500\" \/>\n\t<meta property=\"og:image:height\" content=\"333\" \/>\n\t<meta property=\"og:image:type\" content=\"image\/jpeg\" \/>\n<meta name=\"twitter:card\" content=\"summary_large_image\" \/>\n<script type=\"application\/ld+json\" class=\"yoast-schema-graph\">{\"@context\":\"https:\/\/schema.org\",\"@graph\":[{\"@type\":\"WebPage\",\"@id\":\"https:\/\/papunet.net\/sv\/information\/mojligheter-och-metoder-for-samspel\/tecken-som-stod\/\",\"url\":\"https:\/\/papunet.net\/sv\/information\/mojligheter-och-metoder-for-samspel\/tecken-som-stod\/\",\"name\":\"Tecken som st\u00f6d - Papunet p\u00e5 svenska\",\"isPartOf\":{\"@id\":\"https:\/\/papunet.net\/sv\/#website\"},\"primaryImageOfPage\":{\"@id\":\"https:\/\/papunet.net\/sv\/information\/mojligheter-och-metoder-for-samspel\/tecken-som-stod\/#primaryimage\"},\"image\":{\"@id\":\"https:\/\/papunet.net\/sv\/information\/mojligheter-och-metoder-for-samspel\/tecken-som-stod\/#primaryimage\"},\"thumbnailUrl\":\"https:\/\/papunet.net\/sv\/wp-content\/uploads\/sites\/2\/2023\/09\/Tecken-som-stod_iStock-621571490.jpg\",\"datePublished\":\"2023-09-20T09:28:42+00:00\",\"dateModified\":\"2023-09-20T10:43:43+00:00\",\"breadcrumb\":{\"@id\":\"https:\/\/papunet.net\/sv\/information\/mojligheter-och-metoder-for-samspel\/tecken-som-stod\/#breadcrumb\"},\"inLanguage\":\"sv-SE\",\"potentialAction\":[{\"@type\":\"ReadAction\",\"target\":[\"https:\/\/papunet.net\/sv\/information\/mojligheter-och-metoder-for-samspel\/tecken-som-stod\/\"]}]},{\"@type\":\"ImageObject\",\"inLanguage\":\"sv-SE\",\"@id\":\"https:\/\/papunet.net\/sv\/information\/mojligheter-och-metoder-for-samspel\/tecken-som-stod\/#primaryimage\",\"url\":\"https:\/\/papunet.net\/sv\/wp-content\/uploads\/sites\/2\/2023\/09\/Tecken-som-stod_iStock-621571490.jpg\",\"contentUrl\":\"https:\/\/papunet.net\/sv\/wp-content\/uploads\/sites\/2\/2023\/09\/Tecken-som-stod_iStock-621571490.jpg\",\"width\":500,\"height\":333},{\"@type\":\"BreadcrumbList\",\"@id\":\"https:\/\/papunet.net\/sv\/information\/mojligheter-och-metoder-for-samspel\/tecken-som-stod\/#breadcrumb\",\"itemListElement\":[{\"@type\":\"ListItem\",\"position\":1,\"name\":\"Framsida\",\"item\":\"https:\/\/papunet.net\/sv\/\"},{\"@type\":\"ListItem\",\"position\":2,\"name\":\"Information\",\"item\":\"https:\/\/papunet.net\/sv\/information\/\"},{\"@type\":\"ListItem\",\"position\":3,\"name\":\"M\u00f6jligheter och metoder f\u00f6r samspel\",\"item\":\"https:\/\/papunet.net\/sv\/information\/mojligheter-och-metoder-for-samspel\/\"},{\"@type\":\"ListItem\",\"position\":4,\"name\":\"Tecken som st\u00f6d\"}]},{\"@type\":\"WebSite\",\"@id\":\"https:\/\/papunet.net\/sv\/#website\",\"url\":\"https:\/\/papunet.net\/sv\/\",\"name\":\"Papunet p\u00e5 svenska\",\"description\":\"\",\"potentialAction\":[{\"@type\":\"SearchAction\",\"target\":{\"@type\":\"EntryPoint\",\"urlTemplate\":\"https:\/\/papunet.net\/sv\/?s={search_term_string}\"},\"query-input\":\"required name=search_term_string\"}],\"inLanguage\":\"sv-SE\"}]}<\/script>\n<!-- \/ Yoast SEO plugin. -->","yoast_head_json":{"title":"Tecken som st\u00f6d - Papunet p\u00e5 svenska","robots":{"index":"index","follow":"follow","max-snippet":"max-snippet:-1","max-image-preview":"max-image-preview:large","max-video-preview":"max-video-preview:-1"},"canonical":"https:\/\/papunet.net\/sv\/information\/mojligheter-och-metoder-for-samspel\/tecken-som-stod\/","og_locale":"sv_SE","og_type":"article","og_title":"Tecken som st\u00f6d - Papunet p\u00e5 svenska","og_description":"Information om tecken som st\u00f6d i kommunikationen och teckenmaterial.","og_url":"https:\/\/papunet.net\/sv\/information\/mojligheter-och-metoder-for-samspel\/tecken-som-stod\/","og_site_name":"Papunet p\u00e5 svenska","article_modified_time":"2023-09-20T10:43:43+00:00","og_image":[{"width":500,"height":333,"url":"https:\/\/papunet.net\/sv\/wp-content\/uploads\/sites\/2\/2023\/09\/Tecken-som-stod_iStock-621571490.jpg","type":"image\/jpeg"}],"twitter_card":"summary_large_image","schema":{"@context":"https:\/\/schema.org","@graph":[{"@type":"WebPage","@id":"https:\/\/papunet.net\/sv\/information\/mojligheter-och-metoder-for-samspel\/tecken-som-stod\/","url":"https:\/\/papunet.net\/sv\/information\/mojligheter-och-metoder-for-samspel\/tecken-som-stod\/","name":"Tecken som st\u00f6d - Papunet p\u00e5 svenska","isPartOf":{"@id":"https:\/\/papunet.net\/sv\/#website"},"primaryImageOfPage":{"@id":"https:\/\/papunet.net\/sv\/information\/mojligheter-och-metoder-for-samspel\/tecken-som-stod\/#primaryimage"},"image":{"@id":"https:\/\/papunet.net\/sv\/information\/mojligheter-och-metoder-for-samspel\/tecken-som-stod\/#primaryimage"},"thumbnailUrl":"https:\/\/papunet.net\/sv\/wp-content\/uploads\/sites\/2\/2023\/09\/Tecken-som-stod_iStock-621571490.jpg","datePublished":"2023-09-20T09:28:42+00:00","dateModified":"2023-09-20T10:43:43+00:00","breadcrumb":{"@id":"https:\/\/papunet.net\/sv\/information\/mojligheter-och-metoder-for-samspel\/tecken-som-stod\/#breadcrumb"},"inLanguage":"sv-SE","potentialAction":[{"@type":"ReadAction","target":["https:\/\/papunet.net\/sv\/information\/mojligheter-och-metoder-for-samspel\/tecken-som-stod\/"]}]},{"@type":"ImageObject","inLanguage":"sv-SE","@id":"https:\/\/papunet.net\/sv\/information\/mojligheter-och-metoder-for-samspel\/tecken-som-stod\/#primaryimage","url":"https:\/\/papunet.net\/sv\/wp-content\/uploads\/sites\/2\/2023\/09\/Tecken-som-stod_iStock-621571490.jpg","contentUrl":"https:\/\/papunet.net\/sv\/wp-content\/uploads\/sites\/2\/2023\/09\/Tecken-som-stod_iStock-621571490.jpg","width":500,"height":333},{"@type":"BreadcrumbList","@id":"https:\/\/papunet.net\/sv\/information\/mojligheter-och-metoder-for-samspel\/tecken-som-stod\/#breadcrumb","itemListElement":[{"@type":"ListItem","position":1,"name":"Framsida","item":"https:\/\/papunet.net\/sv\/"},{"@type":"ListItem","position":2,"name":"Information","item":"https:\/\/papunet.net\/sv\/information\/"},{"@type":"ListItem","position":3,"name":"M\u00f6jligheter och metoder f\u00f6r samspel","item":"https:\/\/papunet.net\/sv\/information\/mojligheter-och-metoder-for-samspel\/"},{"@type":"ListItem","position":4,"name":"Tecken som st\u00f6d"}]},{"@type":"WebSite","@id":"https:\/\/papunet.net\/sv\/#website","url":"https:\/\/papunet.net\/sv\/","name":"Papunet p\u00e5 svenska","description":"","potentialAction":[{"@type":"SearchAction","target":{"@type":"EntryPoint","urlTemplate":"https:\/\/papunet.net\/sv\/?s={search_term_string}"},"query-input":"required name=search_term_string"}],"inLanguage":"sv-SE"}]}},"acf":[],"_links":{"self":[{"href":"https:\/\/papunet.net\/sv\/wp-json\/wp\/v2\/pages\/1119","targetHints":{"allow":["GET"]}}],"collection":[{"href":"https:\/\/papunet.net\/sv\/wp-json\/wp\/v2\/pages"}],"about":[{"href":"https:\/\/papunet.net\/sv\/wp-json\/wp\/v2\/types\/page"}],"author":[{"embeddable":true,"href":"https:\/\/papunet.net\/sv\/wp-json\/wp\/v2\/users\/5"}],"replies":[{"embeddable":true,"href":"https:\/\/papunet.net\/sv\/wp-json\/wp\/v2\/comments?post=1119"}],"version-history":[{"count":5,"href":"https:\/\/papunet.net\/sv\/wp-json\/wp\/v2\/pages\/1119\/revisions"}],"predecessor-version":[{"id":1145,"href":"https:\/\/papunet.net\/sv\/wp-json\/wp\/v2\/pages\/1119\/revisions\/1145"}],"up":[{"embeddable":true,"href":"https:\/\/papunet.net\/sv\/wp-json\/wp\/v2\/pages\/12"}],"wp:featuredmedia":[{"embeddable":true,"href":"https:\/\/papunet.net\/sv\/wp-json\/wp\/v2\/media\/1167"}],"wp:attachment":[{"href":"https:\/\/papunet.net\/sv\/wp-json\/wp\/v2\/media?parent=1119"}],"wp:term":[{"taxonomy":"content_types","embeddable":true,"href":"https:\/\/papunet.net\/sv\/wp-json\/wp\/v2\/content_types?post=1119"},{"taxonomy":"id_themes","embeddable":true,"href":"https:\/\/papunet.net\/sv\/wp-json\/wp\/v2\/id_themes?post=1119"}],"curies":[{"name":"wp","href":"https:\/\/api.w.org\/{rel}","templated":true}]}}