{"id":1186,"date":"2023-09-20T14:15:08","date_gmt":"2023-09-20T11:15:08","guid":{"rendered":"https:\/\/papunet.net\/sv\/?page_id=1186"},"modified":"2023-09-20T14:15:34","modified_gmt":"2023-09-20T11:15:34","slug":"lagring-av-egna-bilder-i-papunets-verktyg","status":"publish","type":"page","link":"https:\/\/papunet.net\/sv\/lagring-av-egna-bilder-i-papunets-verktyg\/","title":{"rendered":"Lagring av egna bilder i Papunets verktyg"},"content":{"rendered":"\n<p>N\u00e4r en anv\u00e4ndare som \u00e4r inloggad i Papunets verktyg (Bildverktyg, Papuri-webbbokverktyg) laddar upp en egen bild i verktygen, laddas bilden upp till en finsk molntj\u00e4nst som administreras av Papunet. Endast Papunets tekniska personal och molntj\u00e4nstens tekniska personal har \u00e5tkomst till denna tj\u00e4nst. Under uppladdningen av bilden \u00e4ndras namnet till en slumpm\u00e4ssig kod. Samtidigt l\u00e4ggs en anteckning om bilden till i den av Papunets administrerade databasen. Med hj\u00e4lp av databasanteckningen kopplas den aktuella bilden till anv\u00e4ndarens inloggnings-ID, vilket inneb\u00e4r att endast den anv\u00e4ndaren har \u00e5tkomst till bilden. Bilder som laddas upp av anv\u00e4ndare som inte \u00e4r inloggade i Papunets verktyg, \u00e4r tillg\u00e4ngliga f\u00f6r anv\u00e4ndaren under sessionen i den webbl\u00e4sare de anv\u00e4nds i. Efter sessionens slut g\u00e5r det inte l\u00e4ngre att f\u00e5 \u00e5tkomst till bilderna.<\/p>\n\n\n\n<p>Papunets personal kan p\u00e5 anv\u00e4ndarens beg\u00e4ran tillhandah\u00e5lla en lista \u00f6ver de bilder som anv\u00e4ndaren har laddat upp i Papunets verktyg. Bilder kan ocks\u00e5 tas bort fr\u00e5n Papunets molntj\u00e4nst och databaser p\u00e5 anv\u00e4ndarens beg\u00e4ran. Vid s\u00e5dana beg\u00e4randen b\u00f6r man vara f\u00f6rberedd att kunna bevisa att man \u00e4ger det inloggnings-ID som \u00e4r kopplat till bilderna. Papunet kan inte tillhandah\u00e5lla information om bilder som har laddats upp utan att anv\u00e4ndaren \u00e4r inloggad.<\/p>\n\n\n\n<p>Aktiva bilder som anv\u00e4nds bevaras p\u00e5 Papunets molntj\u00e4nster tills vidare. Inaktiva bilder och deras databasanteckningar raderas automatiskt efter 30 dagars inaktivitet. Bilder som laddats upp utan inloggning raderas ocks\u00e5 automatiskt efter 30 dagar.<\/p>\n\n\n\n<p>Sidans uppdateringsdatum: 18.9.2023<\/p>\n","protected":false},"excerpt":{"rendered":"<p>Bilder som laddats upp i Papunets verktyg lagras p\u00e5 en molntj\u00e4nst som administreras av Papunet. Oanv\u00e4nda bilder raderas automatiskt, men det g\u00e5r ocks\u00e5 att beg\u00e4ra borttagning av bilder.<\/p>\n","protected":false},"author":5,"featured_media":0,"parent":0,"menu_order":0,"comment_status":"closed","ping_status":"closed","template":"","meta":{"_acf_changed":false,"_relevanssi_hide_post":"","_relevanssi_pin_for_all":"","_relevanssi_pin_keywords":"","_relevanssi_unpin_keywords":"","_relevanssi_related_keywords":"","_relevanssi_related_include_ids":"","_relevanssi_related_exclude_ids":"","_relevanssi_related_no_append":"","_relevanssi_related_not_related":"","_relevanssi_related_posts":"","_relevanssi_noindex_reason":"","footnotes":""},"content_types":[6],"id_themes":[],"class_list":["post-1186","page","type-page","status-publish","hentry","content_types-information"],"yoast_head":"<!-- This site is optimized with the Yoast SEO plugin v22.7 - https:\/\/yoast.com\/wordpress\/plugins\/seo\/ -->\n<title>Lagring av egna bilder i Papunets verktyg - Papunet p\u00e5 svenska<\/title>\n<meta name=\"robots\" content=\"index, follow, max-snippet:-1, max-image-preview:large, max-video-preview:-1\" \/>\n<link rel=\"canonical\" href=\"https:\/\/papunet.net\/sv\/lagring-av-egna-bilder-i-papunets-verktyg\/\" \/>\n<meta property=\"og:locale\" content=\"sv_SE\" \/>\n<meta property=\"og:type\" content=\"article\" \/>\n<meta property=\"og:title\" content=\"Lagring av egna bilder i Papunets verktyg - Papunet p\u00e5 svenska\" \/>\n<meta property=\"og:description\" content=\"Bilder som laddats upp i Papunets verktyg lagras p\u00e5 en molntj\u00e4nst som administreras av Papunet. Oanv\u00e4nda bilder raderas automatiskt, men det g\u00e5r ocks\u00e5 att beg\u00e4ra borttagning av bilder.\" \/>\n<meta property=\"og:url\" content=\"https:\/\/papunet.net\/sv\/lagring-av-egna-bilder-i-papunets-verktyg\/\" \/>\n<meta property=\"og:site_name\" content=\"Papunet p\u00e5 svenska\" \/>\n<meta property=\"article:modified_time\" content=\"2023-09-20T11:15:34+00:00\" \/>\n<meta name=\"twitter:card\" content=\"summary_large_image\" \/>\n<meta name=\"twitter:label1\" content=\"Ber\u00e4knad l\u00e4stid\" \/>\n\t<meta name=\"twitter:data1\" content=\"2 minuter\" \/>\n<script type=\"application\/ld+json\" class=\"yoast-schema-graph\">{\"@context\":\"https:\/\/schema.org\",\"@graph\":[{\"@type\":\"WebPage\",\"@id\":\"https:\/\/papunet.net\/sv\/lagring-av-egna-bilder-i-papunets-verktyg\/\",\"url\":\"https:\/\/papunet.net\/sv\/lagring-av-egna-bilder-i-papunets-verktyg\/\",\"name\":\"Lagring av egna bilder i Papunets verktyg - Papunet p\u00e5 svenska\",\"isPartOf\":{\"@id\":\"https:\/\/papunet.net\/sv\/#website\"},\"datePublished\":\"2023-09-20T11:15:08+00:00\",\"dateModified\":\"2023-09-20T11:15:34+00:00\",\"breadcrumb\":{\"@id\":\"https:\/\/papunet.net\/sv\/lagring-av-egna-bilder-i-papunets-verktyg\/#breadcrumb\"},\"inLanguage\":\"sv-SE\",\"potentialAction\":[{\"@type\":\"ReadAction\",\"target\":[\"https:\/\/papunet.net\/sv\/lagring-av-egna-bilder-i-papunets-verktyg\/\"]}]},{\"@type\":\"BreadcrumbList\",\"@id\":\"https:\/\/papunet.net\/sv\/lagring-av-egna-bilder-i-papunets-verktyg\/#breadcrumb\",\"itemListElement\":[{\"@type\":\"ListItem\",\"position\":1,\"name\":\"Framsida\",\"item\":\"https:\/\/papunet.net\/sv\/\"},{\"@type\":\"ListItem\",\"position\":2,\"name\":\"Information\",\"item\":\"https:\/\/papunet.net\/sv\/information\/\"},{\"@type\":\"ListItem\",\"position\":3,\"name\":\"Lagring av egna bilder i Papunets verktyg\"}]},{\"@type\":\"WebSite\",\"@id\":\"https:\/\/papunet.net\/sv\/#website\",\"url\":\"https:\/\/papunet.net\/sv\/\",\"name\":\"Papunet p\u00e5 svenska\",\"description\":\"\",\"potentialAction\":[{\"@type\":\"SearchAction\",\"target\":{\"@type\":\"EntryPoint\",\"urlTemplate\":\"https:\/\/papunet.net\/sv\/?s={search_term_string}\"},\"query-input\":\"required name=search_term_string\"}],\"inLanguage\":\"sv-SE\"}]}<\/script>\n<!-- \/ Yoast SEO plugin. -->","yoast_head_json":{"title":"Lagring av egna bilder i Papunets verktyg - Papunet p\u00e5 svenska","robots":{"index":"index","follow":"follow","max-snippet":"max-snippet:-1","max-image-preview":"max-image-preview:large","max-video-preview":"max-video-preview:-1"},"canonical":"https:\/\/papunet.net\/sv\/lagring-av-egna-bilder-i-papunets-verktyg\/","og_locale":"sv_SE","og_type":"article","og_title":"Lagring av egna bilder i Papunets verktyg - Papunet p\u00e5 svenska","og_description":"Bilder som laddats upp i Papunets verktyg lagras p\u00e5 en molntj\u00e4nst som administreras av Papunet. Oanv\u00e4nda bilder raderas automatiskt, men det g\u00e5r ocks\u00e5 att beg\u00e4ra borttagning av bilder.","og_url":"https:\/\/papunet.net\/sv\/lagring-av-egna-bilder-i-papunets-verktyg\/","og_site_name":"Papunet p\u00e5 svenska","article_modified_time":"2023-09-20T11:15:34+00:00","twitter_card":"summary_large_image","twitter_misc":{"Ber\u00e4knad l\u00e4stid":"2 minuter"},"schema":{"@context":"https:\/\/schema.org","@graph":[{"@type":"WebPage","@id":"https:\/\/papunet.net\/sv\/lagring-av-egna-bilder-i-papunets-verktyg\/","url":"https:\/\/papunet.net\/sv\/lagring-av-egna-bilder-i-papunets-verktyg\/","name":"Lagring av egna bilder i Papunets verktyg - Papunet p\u00e5 svenska","isPartOf":{"@id":"https:\/\/papunet.net\/sv\/#website"},"datePublished":"2023-09-20T11:15:08+00:00","dateModified":"2023-09-20T11:15:34+00:00","breadcrumb":{"@id":"https:\/\/papunet.net\/sv\/lagring-av-egna-bilder-i-papunets-verktyg\/#breadcrumb"},"inLanguage":"sv-SE","potentialAction":[{"@type":"ReadAction","target":["https:\/\/papunet.net\/sv\/lagring-av-egna-bilder-i-papunets-verktyg\/"]}]},{"@type":"BreadcrumbList","@id":"https:\/\/papunet.net\/sv\/lagring-av-egna-bilder-i-papunets-verktyg\/#breadcrumb","itemListElement":[{"@type":"ListItem","position":1,"name":"Framsida","item":"https:\/\/papunet.net\/sv\/"},{"@type":"ListItem","position":2,"name":"Information","item":"https:\/\/papunet.net\/sv\/information\/"},{"@type":"ListItem","position":3,"name":"Lagring av egna bilder i Papunets verktyg"}]},{"@type":"WebSite","@id":"https:\/\/papunet.net\/sv\/#website","url":"https:\/\/papunet.net\/sv\/","name":"Papunet p\u00e5 svenska","description":"","potentialAction":[{"@type":"SearchAction","target":{"@type":"EntryPoint","urlTemplate":"https:\/\/papunet.net\/sv\/?s={search_term_string}"},"query-input":"required name=search_term_string"}],"inLanguage":"sv-SE"}]}},"acf":[],"_links":{"self":[{"href":"https:\/\/papunet.net\/sv\/wp-json\/wp\/v2\/pages\/1186","targetHints":{"allow":["GET"]}}],"collection":[{"href":"https:\/\/papunet.net\/sv\/wp-json\/wp\/v2\/pages"}],"about":[{"href":"https:\/\/papunet.net\/sv\/wp-json\/wp\/v2\/types\/page"}],"author":[{"embeddable":true,"href":"https:\/\/papunet.net\/sv\/wp-json\/wp\/v2\/users\/5"}],"replies":[{"embeddable":true,"href":"https:\/\/papunet.net\/sv\/wp-json\/wp\/v2\/comments?post=1186"}],"version-history":[{"count":2,"href":"https:\/\/papunet.net\/sv\/wp-json\/wp\/v2\/pages\/1186\/revisions"}],"predecessor-version":[{"id":1188,"href":"https:\/\/papunet.net\/sv\/wp-json\/wp\/v2\/pages\/1186\/revisions\/1188"}],"wp:attachment":[{"href":"https:\/\/papunet.net\/sv\/wp-json\/wp\/v2\/media?parent=1186"}],"wp:term":[{"taxonomy":"content_types","embeddable":true,"href":"https:\/\/papunet.net\/sv\/wp-json\/wp\/v2\/content_types?post=1186"},{"taxonomy":"id_themes","embeddable":true,"href":"https:\/\/papunet.net\/sv\/wp-json\/wp\/v2\/id_themes?post=1186"}],"curies":[{"name":"wp","href":"https:\/\/api.w.org\/{rel}","templated":true}]}}