{"id":12,"date":"2023-07-19T11:20:04","date_gmt":"2023-07-19T08:20:04","guid":{"rendered":"https:\/\/papunet.net\/sv\/?page_id=12"},"modified":"2024-12-13T14:10:26","modified_gmt":"2024-12-13T12:10:26","slug":"mojligheter-och-metoder-for-samspel","status":"publish","type":"page","link":"https:\/\/papunet.net\/sv\/information\/mojligheter-och-metoder-for-samspel\/","title":{"rendered":"M\u00f6jligheter och metoder f\u00f6r samspel"},"content":{"rendered":"\n<div class=\"custom-element content-lifts bg-white color-theme-orange\">\n    <div class=\"row lifts-row list-items\">\n            <div class=\"col-12 col-lg-4 row-content lift-item list-item\">\n           <a href=\"https:\/\/papunet.net\/sv\/information\/mojligheter-och-metoder-for-samspel\/tecken-som-stod\/\" rel=\"bookmark\">  <!-- Oletusn\u00e4kym\u00e4 hakutuloksille -->\n        <article id=\"post-1119\" class=\"post-1119 page type-page status-publish has-post-thumbnail hentry content_types-information\">\n          <div class=\"item-top\">\n            <h3 class=\"sr-only\">Tecken som st\u00f6d<\/h3>\n                          <div class=\"entry-thumbnail\">\n                <div class=\"thumb\">\n                  <!--\n                  <img decoding=\"async\" src=\"https:\/\/papunet.net\/sv\/wp-content\/uploads\/sites\/2\/2023\/09\/Tecken-som-stod_iStock-621571490.jpg\" alt=\"\" width=\"100%\" height=\"auto\" \/>\n                  -->\n                  <img decoding=\"async\" src=\"https:\/\/papunet.net\/sv\/wp-content\/uploads\/sites\/2\/2023\/09\/Tecken-som-stod_iStock-621571490.jpg\" alt=\"\">\n                                  <\/div>\n                              <\/div>\n                        <div class=\"entry-meta\">\n              <div class=\"tags\">\n                <ul class=\"tags-list\">\n                                      <li class=\"tag-item\">\n                      <span class=\"tag-button\">Information<\/span>\n                    <\/li>\n                                  <\/ul>\n              <\/div>\n            <\/div>\n            <header class=\"entry-header\" aria-hidden=\"true\">\n              <h3 class=\"entry-title\">Tecken som st\u00f6d<\/h3>\n            <\/header>\n            <div class=\"entry-content\">\n              <p>Information om tecken som st\u00f6d i kommunikationen och teckenmaterial. <\/p>\n            <\/div>\n          <\/div>\n          <div class=\"item-bottom\">\n            <div class=\"entry-footer\">\n              <span class=\"circle-arrow-button\">\u00d6ppna temat<\/span>\n            <\/div>\n          <\/div>\n        <\/article>\n          <\/a>\n        <\/div>\n                <div class=\"col-12 col-lg-4 row-content lift-item list-item\">\n           <a href=\"https:\/\/papunet.net\/sv\/information\/mojligheter-och-metoder-for-samspel\/bilder-och-foremal-i-kommunikation\/\" rel=\"bookmark\">  <!-- Oletusn\u00e4kym\u00e4 hakutuloksille -->\n        <article id=\"post-1347\" class=\"post-1347 page type-page status-publish has-post-thumbnail hentry content_types-information\">\n          <div class=\"item-top\">\n            <h3 class=\"sr-only\">Bilder och f\u00f6rem\u00e5l i kommunikation<\/h3>\n                          <div class=\"entry-thumbnail\">\n                <div class=\"thumb\">\n                  <!--\n                  <img decoding=\"async\" src=\"https:\/\/papunet.net\/sv\/wp-content\/uploads\/sites\/2\/2023\/09\/iStock-105090166.jpg\" alt=\"\" width=\"100%\" height=\"auto\" \/>\n                  -->\n                  <img decoding=\"async\" src=\"https:\/\/papunet.net\/sv\/wp-content\/uploads\/sites\/2\/2023\/09\/iStock-105090166.jpg\" alt=\"\">\n                                  <\/div>\n                              <\/div>\n                        <div class=\"entry-meta\">\n              <div class=\"tags\">\n                <ul class=\"tags-list\">\n                                      <li class=\"tag-item\">\n                      <span class=\"tag-button\">Information<\/span>\n                    <\/li>\n                                  <\/ul>\n              <\/div>\n            <\/div>\n            <header class=\"entry-header\" aria-hidden=\"true\">\n              <h3 class=\"entry-title\">Bilder och f\u00f6rem\u00e5l i kommunikation<\/h3>\n            <\/header>\n            <div class=\"entry-content\">\n              <p>Bilder och konkreta f\u00f6rem\u00e5l fungerar p\u00e5 m\u00e5nga s\u00e4tt som hj\u00e4lpmedel och st\u00f6d i kommunikation och f\u00f6rst\u00e5else.<\/p>\n            <\/div>\n          <\/div>\n          <div class=\"item-bottom\">\n            <div class=\"entry-footer\">\n              <span class=\"circle-arrow-button\">\u00d6ppna temat<\/span>\n            <\/div>\n          <\/div>\n        <\/article>\n          <\/a>\n        <\/div>\n                <div class=\"col-12 col-lg-4 row-content lift-item list-item\">\n           <a href=\"https:\/\/papunet.net\/sv\/ett-latt-sprak-underlattar-forstaelsen\/\" rel=\"bookmark\">  <!-- Oletusn\u00e4kym\u00e4 hakutuloksille -->\n        <article id=\"post-4659\" class=\"post-4659 post type-post status-publish format-standard has-post-thumbnail hentry category-mojligheter-och-metoder-for-samspel content_types-information id_themes-diskussionssituationer\">\n          <div class=\"item-top\">\n            <h3 class=\"sr-only\">Ett l\u00e4tt spr\u00e5k underl\u00e4ttar f\u00f6rst\u00e5elsen<\/h3>\n                          <div class=\"entry-thumbnail\">\n                <div class=\"thumb\">\n                  <!--\n                  <img decoding=\"async\" src=\"https:\/\/papunet.net\/sv\/wp-content\/uploads\/sites\/2\/2024\/10\/selkokieli-vuorovaikutuksessa.jpg\" alt=\"\" width=\"100%\" height=\"auto\" \/>\n                  -->\n                  <img decoding=\"async\" src=\"https:\/\/papunet.net\/sv\/wp-content\/uploads\/sites\/2\/2024\/10\/selkokieli-vuorovaikutuksessa.jpg\" alt=\"\">\n                                  <\/div>\n                              <\/div>\n                        <div class=\"entry-meta\">\n              <div class=\"tags\">\n                <ul class=\"tags-list\">\n                                      <li class=\"tag-item\">\n                      <span class=\"tag-button\">Information<\/span>\n                    <\/li>\n                                  <\/ul>\n              <\/div>\n            <\/div>\n            <header class=\"entry-header\" aria-hidden=\"true\">\n              <h3 class=\"entry-title\">Ett l\u00e4tt spr\u00e5k underl\u00e4ttar f\u00f6rst\u00e5elsen<\/h3>\n            <\/header>\n            <div class=\"entry-content\">\n              <p>Genom att anv\u00e4nda l\u00e4tt spr\u00e5k kan tal och text bli l\u00e4ttare att f\u00f6rst\u00e5.<\/p>\n            <\/div>\n          <\/div>\n          <div class=\"item-bottom\">\n            <div class=\"entry-footer\">\n              <span class=\"circle-arrow-button\">\u00d6ppna artikeln<\/span>\n            <\/div>\n          <\/div>\n        <\/article>\n          <\/a>\n        <\/div>\n                <div class=\"col-12 col-lg-4 row-content lift-item list-item\">\n           <a href=\"https:\/\/papunet.net\/sv\/information\/mojligheter-och-metoder-for-samspel\/vara-sinnen-en-kanal-for-samspel\/\" rel=\"bookmark\">  <!-- Oletusn\u00e4kym\u00e4 hakutuloksille -->\n        <article id=\"post-1096\" class=\"post-1096 page type-page status-publish has-post-thumbnail hentry content_types-information\">\n          <div class=\"item-top\">\n            <h3 class=\"sr-only\">V\u00e5ra sinnen \u2013 en kanal f\u00f6r samspel<\/h3>\n                          <div class=\"entry-thumbnail\">\n                <div class=\"thumb\">\n                  <!--\n                  <img decoding=\"async\" src=\"https:\/\/papunet.net\/sv\/wp-content\/uploads\/sites\/2\/2024\/10\/iStock-858352516.jpg\" alt=\"\" width=\"100%\" height=\"auto\" \/>\n                  -->\n                  <img decoding=\"async\" src=\"https:\/\/papunet.net\/sv\/wp-content\/uploads\/sites\/2\/2024\/10\/iStock-858352516.jpg\" alt=\"\">\n                                  <\/div>\n                              <\/div>\n                        <div class=\"entry-meta\">\n              <div class=\"tags\">\n                <ul class=\"tags-list\">\n                                      <li class=\"tag-item\">\n                      <span class=\"tag-button\">Information<\/span>\n                    <\/li>\n                                  <\/ul>\n              <\/div>\n            <\/div>\n            <header class=\"entry-header\" aria-hidden=\"true\">\n              <h3 class=\"entry-title\">V\u00e5ra sinnen \u2013 en kanal f\u00f6r samspel<\/h3>\n            <\/header>\n            <div class=\"entry-content\">\n              <p>V\u00e5ra sinnen p\u00e5verkar v\u00e5rt samspel och \u00e4ven st\u00f6det f\u00f6r samspel. D\u00e4rf\u00f6r \u00e4r det viktigt att k\u00e4nna igen skillnaderna mellan v\u00e5ra olika sinnen och hur de fungerar.<\/p>\n            <\/div>\n          <\/div>\n          <div class=\"item-bottom\">\n            <div class=\"entry-footer\">\n              <span class=\"circle-arrow-button\">\u00d6ppna temat<\/span>\n            <\/div>\n          <\/div>\n        <\/article>\n          <\/a>\n        <\/div>\n                <div class=\"col-12 col-lg-4 row-content lift-item list-item\">\n           <a href=\"https:\/\/papunet.net\/sv\/information\/mojligheter-och-metoder-for-samspel\/att-stoda-samspel\/\" rel=\"bookmark\">  <!-- Oletusn\u00e4kym\u00e4 hakutuloksille -->\n        <article id=\"post-561\" class=\"post-561 page type-page status-publish has-post-thumbnail hentry content_types-information\">\n          <div class=\"item-top\">\n            <h3 class=\"sr-only\">Att st\u00f6da samspel<\/h3>\n                          <div class=\"entry-thumbnail\">\n                <div class=\"thumb\">\n                  <!--\n                  <img decoding=\"async\" src=\"https:\/\/papunet.net\/sv\/wp-content\/uploads\/sites\/2\/2023\/09\/iStock-962094878.jpg\" alt=\"\" width=\"100%\" height=\"auto\" \/>\n                  -->\n                  <img decoding=\"async\" src=\"https:\/\/papunet.net\/sv\/wp-content\/uploads\/sites\/2\/2023\/09\/iStock-962094878.jpg\" alt=\"\">\n                                  <\/div>\n                              <\/div>\n                        <div class=\"entry-meta\">\n              <div class=\"tags\">\n                <ul class=\"tags-list\">\n                                      <li class=\"tag-item\">\n                      <span class=\"tag-button\">Information<\/span>\n                    <\/li>\n                                  <\/ul>\n              <\/div>\n            <\/div>\n            <header class=\"entry-header\" aria-hidden=\"true\">\n              <h3 class=\"entry-title\">Att st\u00f6da samspel<\/h3>\n            <\/header>\n            <div class=\"entry-content\">\n              <p>Att vara i kontakt med andra m\u00e4nniskor \u00e4r ett av v\u00e5ra grundl\u00e4ggande behov och en viktig grund f\u00f6r samspel. Man kan st\u00f6da det sociala samspelet, d\u00e5 man vet vilket st\u00f6d och vilka verktyg man kan anv\u00e4nda.<\/p>\n            <\/div>\n          <\/div>\n          <div class=\"item-bottom\">\n            <div class=\"entry-footer\">\n              <span class=\"circle-arrow-button\">\u00d6ppna temat<\/span>\n            <\/div>\n          <\/div>\n        <\/article>\n          <\/a>\n        <\/div>\n                <div class=\"col-12 col-lg-4 row-content lift-item list-item\">\n           <a href=\"https:\/\/papunet.net\/sv\/information\/mojligheter-och-metoder-for-samspel\/hyp-modell-for-uppmarksam-samvaro\/\" rel=\"bookmark\">  <!-- Oletusn\u00e4kym\u00e4 hakutuloksille -->\n        <article id=\"post-3292\" class=\"post-3292 page type-page status-publish has-post-thumbnail hentry content_types-information\">\n          <div class=\"item-top\">\n            <h3 class=\"sr-only\">HYP &#8211; Modell f\u00f6r uppm\u00e4rksam samvaro<\/h3>\n                          <div class=\"entry-thumbnail\">\n                <div class=\"thumb\">\n                  <!--\n                  <img decoding=\"async\" src=\"https:\/\/papunet.net\/sv\/wp-content\/uploads\/sites\/2\/2024\/04\/hyp.png\" alt=\"\" width=\"100%\" height=\"auto\" \/>\n                  -->\n                  <img decoding=\"async\" src=\"https:\/\/papunet.net\/sv\/wp-content\/uploads\/sites\/2\/2024\/04\/hyp.png\" alt=\"\">\n                                  <\/div>\n                              <\/div>\n                        <div class=\"entry-meta\">\n              <div class=\"tags\">\n                <ul class=\"tags-list\">\n                                      <li class=\"tag-item\">\n                      <span class=\"tag-button\">Information<\/span>\n                    <\/li>\n                                  <\/ul>\n              <\/div>\n            <\/div>\n            <header class=\"entry-header\" aria-hidden=\"true\">\n              <h3 class=\"entry-title\">HYP &#8211; Modell f\u00f6r uppm\u00e4rksam samvaro<\/h3>\n            <\/header>\n            <div class=\"entry-content\">\n              <p>Genom dagliga HYP-stunder kan man f\u00f6rs\u00e4kra sig om att ingen blir utan samspel, samtidigt som man har trevligt tillsammans. <\/p>\n            <\/div>\n          <\/div>\n          <div class=\"item-bottom\">\n            <div class=\"entry-footer\">\n              <span class=\"circle-arrow-button\">\u00d6ppna temat<\/span>\n            <\/div>\n          <\/div>\n        <\/article>\n          <\/a>\n        <\/div>\n                <div class=\"col-12 col-lg-4 row-content lift-item list-item\">\n           <a href=\"https:\/\/papunet.net\/sv\/rohkaisin\/\" rel=\"bookmark\">  <!-- Oletusn\u00e4kym\u00e4 hakutuloksille -->\n        <article id=\"post-4795\" class=\"post-4795 post type-post status-publish format-standard has-post-thumbnail hentry category-mojligheter-och-metoder-for-samspel content_types-information\">\n          <div class=\"item-top\">\n            <h3 class=\"sr-only\">Rohkaisin<\/h3>\n                          <div class=\"entry-thumbnail\">\n                <div class=\"thumb\">\n                  <!--\n                  <img decoding=\"async\" src=\"https:\/\/papunet.net\/sv\/wp-content\/uploads\/sites\/2\/2024\/12\/rohkaisin.png\" alt=\"\" width=\"100%\" height=\"auto\" \/>\n                  -->\n                  <img decoding=\"async\" src=\"https:\/\/papunet.net\/sv\/wp-content\/uploads\/sites\/2\/2024\/12\/rohkaisin.png\" alt=\"\">\n                                  <\/div>\n                              <\/div>\n                        <div class=\"entry-meta\">\n              <div class=\"tags\">\n                <ul class=\"tags-list\">\n                                      <li class=\"tag-item\">\n                      <span class=\"tag-button\">Information<\/span>\n                    <\/li>\n                                  <\/ul>\n              <\/div>\n            <\/div>\n            <header class=\"entry-header\" aria-hidden=\"true\">\n              <h3 class=\"entry-title\">Rohkaisin<\/h3>\n            <\/header>\n            <div class=\"entry-content\">\n              <p>Rohkaisin \u00e4r en attityd och en arbetsmetod som syftar till att st\u00e4rka och st\u00f6dja sj\u00e4lvbest\u00e4mmander\u00e4tten och beslutsfattandet f\u00f6r en person som saknar spr\u00e5k och som kommunicerar med hj\u00e4lp av kroppen (olemuskieli p\u00e5 finska). <\/p>\n            <\/div>\n          <\/div>\n          <div class=\"item-bottom\">\n            <div class=\"entry-footer\">\n              <span class=\"circle-arrow-button\">\u00d6ppna artikeln<\/span>\n            <\/div>\n          <\/div>\n        <\/article>\n          <\/a>\n        <\/div>\n                <div class=\"col-12 col-lg-4 row-content lift-item list-item\">\n           <a href=\"https:\/\/papunet.net\/sv\/information\/kolumner\/\" rel=\"bookmark\">  <!-- Oletusn\u00e4kym\u00e4 hakutuloksille -->\n        <article id=\"post-3435\" class=\"post-3435 page type-page status-publish has-post-thumbnail hentry content_types-kolumn id_themes-diskussionssituationer\">\n          <div class=\"item-top\">\n            <h3 class=\"sr-only\">Kolumner<\/h3>\n                          <div class=\"entry-thumbnail\">\n                <div class=\"thumb\">\n                  <!--\n                  <img decoding=\"async\" src=\"https:\/\/papunet.net\/sv\/wp-content\/uploads\/sites\/2\/2024\/06\/Johan-Palmen-840x1024.jpg\" alt=\"Johan Palm\u00e9n\" width=\"100%\" height=\"auto\" \/>\n                  -->\n                  <img decoding=\"async\" src=\"https:\/\/papunet.net\/sv\/wp-content\/uploads\/sites\/2\/2024\/06\/Johan-Palmen-840x1024.jpg\" alt=\"Johan Palm\u00e9n\">\n                                  <\/div>\n                              <\/div>\n                        <div class=\"entry-meta\">\n              <div class=\"tags\">\n                <ul class=\"tags-list\">\n                                      <li class=\"tag-item\">\n                      <span class=\"tag-button\">Kolumn<\/span>\n                    <\/li>\n                                  <\/ul>\n              <\/div>\n            <\/div>\n            <header class=\"entry-header\" aria-hidden=\"true\">\n              <h3 class=\"entry-title\">Kolumner<\/h3>\n            <\/header>\n            <div class=\"entry-content\">\n              <p>Johan Palm\u00e9n fr\u00e5n Folkh\u00e4lsan skriver om tankar och erfarenheter av kommunkationsst\u00f6d och IT-verktyg. Han vinklar texterna utg\u00e5ende fr\u00e5n egna och andras erfarenheter.<\/p>\n            <\/div>\n          <\/div>\n          <div class=\"item-bottom\">\n            <div class=\"entry-footer\">\n              <span class=\"circle-arrow-button\">\u00d6ppna kolumnen<\/span>\n            <\/div>\n          <\/div>\n        <\/article>\n          <\/a>\n        <\/div>\n          <\/div>\n<\/div>\n","protected":false},"excerpt":{"rendered":"<p>Social interaktion \u00e4r samvaro och kommunikation, d\u00e4r kontakten till andra m\u00e4nniskor kan uppst\u00e5 p\u00e5 m\u00e5nga olika s\u00e4tt. <\/p>\n","protected":false},"author":16,"featured_media":815,"parent":4,"menu_order":0,"comment_status":"closed","ping_status":"closed","template":"","meta":{"_acf_changed":false,"_relevanssi_hide_post":"","_relevanssi_pin_for_all":"","_relevanssi_pin_keywords":"","_relevanssi_unpin_keywords":"","_relevanssi_related_keywords":"","_relevanssi_related_include_ids":"","_relevanssi_related_exclude_ids":"","_relevanssi_related_no_append":"","_relevanssi_related_not_related":"","_relevanssi_related_posts":"","_relevanssi_noindex_reason":"","footnotes":""},"content_types":[6],"id_themes":[],"class_list":["post-12","page","type-page","status-publish","has-post-thumbnail","hentry","content_types-information"],"yoast_head":"<!-- This site is optimized with the Yoast SEO plugin v22.7 - https:\/\/yoast.com\/wordpress\/plugins\/seo\/ -->\n<title>M\u00f6jligheter och metoder f\u00f6r samspel - Papunet p\u00e5 svenska<\/title>\n<meta name=\"robots\" content=\"index, follow, max-snippet:-1, max-image-preview:large, max-video-preview:-1\" \/>\n<link rel=\"canonical\" href=\"https:\/\/papunet.net\/sv\/information\/mojligheter-och-metoder-for-samspel\/\" \/>\n<meta property=\"og:locale\" content=\"sv_SE\" \/>\n<meta property=\"og:type\" content=\"article\" \/>\n<meta property=\"og:title\" content=\"M\u00f6jligheter och metoder f\u00f6r samspel - Papunet p\u00e5 svenska\" \/>\n<meta property=\"og:description\" content=\"Social interaktion \u00e4r samvaro och kommunikation, d\u00e4r kontakten till andra m\u00e4nniskor kan uppst\u00e5 p\u00e5 m\u00e5nga olika s\u00e4tt.\" \/>\n<meta property=\"og:url\" content=\"https:\/\/papunet.net\/sv\/information\/mojligheter-och-metoder-for-samspel\/\" \/>\n<meta property=\"og:site_name\" content=\"Papunet p\u00e5 svenska\" \/>\n<meta property=\"article:modified_time\" content=\"2024-12-13T12:10:26+00:00\" \/>\n<meta property=\"og:image\" content=\"https:\/\/papunet.net\/sv\/wp-content\/uploads\/sites\/2\/2023\/09\/iStock-1053433092-1.jpg\" \/>\n\t<meta property=\"og:image:width\" content=\"500\" \/>\n\t<meta property=\"og:image:height\" content=\"333\" \/>\n\t<meta property=\"og:image:type\" content=\"image\/jpeg\" \/>\n<meta name=\"twitter:card\" content=\"summary_large_image\" \/>\n<meta name=\"twitter:label1\" content=\"Ber\u00e4knad l\u00e4stid\" \/>\n\t<meta name=\"twitter:data1\" content=\"1 minut\" \/>\n<script type=\"application\/ld+json\" class=\"yoast-schema-graph\">{\"@context\":\"https:\/\/schema.org\",\"@graph\":[{\"@type\":\"WebPage\",\"@id\":\"https:\/\/papunet.net\/sv\/information\/mojligheter-och-metoder-for-samspel\/\",\"url\":\"https:\/\/papunet.net\/sv\/information\/mojligheter-och-metoder-for-samspel\/\",\"name\":\"M\u00f6jligheter och metoder f\u00f6r samspel - Papunet p\u00e5 svenska\",\"isPartOf\":{\"@id\":\"https:\/\/papunet.net\/sv\/#website\"},\"primaryImageOfPage\":{\"@id\":\"https:\/\/papunet.net\/sv\/information\/mojligheter-och-metoder-for-samspel\/#primaryimage\"},\"image\":{\"@id\":\"https:\/\/papunet.net\/sv\/information\/mojligheter-och-metoder-for-samspel\/#primaryimage\"},\"thumbnailUrl\":\"https:\/\/papunet.net\/sv\/wp-content\/uploads\/sites\/2\/2023\/09\/iStock-1053433092-1.jpg\",\"datePublished\":\"2023-07-19T08:20:04+00:00\",\"dateModified\":\"2024-12-13T12:10:26+00:00\",\"breadcrumb\":{\"@id\":\"https:\/\/papunet.net\/sv\/information\/mojligheter-och-metoder-for-samspel\/#breadcrumb\"},\"inLanguage\":\"sv-SE\",\"potentialAction\":[{\"@type\":\"ReadAction\",\"target\":[\"https:\/\/papunet.net\/sv\/information\/mojligheter-och-metoder-for-samspel\/\"]}]},{\"@type\":\"ImageObject\",\"inLanguage\":\"sv-SE\",\"@id\":\"https:\/\/papunet.net\/sv\/information\/mojligheter-och-metoder-for-samspel\/#primaryimage\",\"url\":\"https:\/\/papunet.net\/sv\/wp-content\/uploads\/sites\/2\/2023\/09\/iStock-1053433092-1.jpg\",\"contentUrl\":\"https:\/\/papunet.net\/sv\/wp-content\/uploads\/sites\/2\/2023\/09\/iStock-1053433092-1.jpg\",\"width\":500,\"height\":333},{\"@type\":\"BreadcrumbList\",\"@id\":\"https:\/\/papunet.net\/sv\/information\/mojligheter-och-metoder-for-samspel\/#breadcrumb\",\"itemListElement\":[{\"@type\":\"ListItem\",\"position\":1,\"name\":\"Framsida\",\"item\":\"https:\/\/papunet.net\/sv\/\"},{\"@type\":\"ListItem\",\"position\":2,\"name\":\"Information\",\"item\":\"https:\/\/papunet.net\/sv\/information\/\"},{\"@type\":\"ListItem\",\"position\":3,\"name\":\"M\u00f6jligheter och metoder f\u00f6r samspel\"}]},{\"@type\":\"WebSite\",\"@id\":\"https:\/\/papunet.net\/sv\/#website\",\"url\":\"https:\/\/papunet.net\/sv\/\",\"name\":\"Papunet p\u00e5 svenska\",\"description\":\"\",\"potentialAction\":[{\"@type\":\"SearchAction\",\"target\":{\"@type\":\"EntryPoint\",\"urlTemplate\":\"https:\/\/papunet.net\/sv\/?s={search_term_string}\"},\"query-input\":\"required name=search_term_string\"}],\"inLanguage\":\"sv-SE\"}]}<\/script>\n<!-- \/ Yoast SEO plugin. -->","yoast_head_json":{"title":"M\u00f6jligheter och metoder f\u00f6r samspel - Papunet p\u00e5 svenska","robots":{"index":"index","follow":"follow","max-snippet":"max-snippet:-1","max-image-preview":"max-image-preview:large","max-video-preview":"max-video-preview:-1"},"canonical":"https:\/\/papunet.net\/sv\/information\/mojligheter-och-metoder-for-samspel\/","og_locale":"sv_SE","og_type":"article","og_title":"M\u00f6jligheter och metoder f\u00f6r samspel - Papunet p\u00e5 svenska","og_description":"Social interaktion \u00e4r samvaro och kommunikation, d\u00e4r kontakten till andra m\u00e4nniskor kan uppst\u00e5 p\u00e5 m\u00e5nga olika s\u00e4tt.","og_url":"https:\/\/papunet.net\/sv\/information\/mojligheter-och-metoder-for-samspel\/","og_site_name":"Papunet p\u00e5 svenska","article_modified_time":"2024-12-13T12:10:26+00:00","og_image":[{"width":500,"height":333,"url":"https:\/\/papunet.net\/sv\/wp-content\/uploads\/sites\/2\/2023\/09\/iStock-1053433092-1.jpg","type":"image\/jpeg"}],"twitter_card":"summary_large_image","twitter_misc":{"Ber\u00e4knad l\u00e4stid":"1 minut"},"schema":{"@context":"https:\/\/schema.org","@graph":[{"@type":"WebPage","@id":"https:\/\/papunet.net\/sv\/information\/mojligheter-och-metoder-for-samspel\/","url":"https:\/\/papunet.net\/sv\/information\/mojligheter-och-metoder-for-samspel\/","name":"M\u00f6jligheter och metoder f\u00f6r samspel - Papunet p\u00e5 svenska","isPartOf":{"@id":"https:\/\/papunet.net\/sv\/#website"},"primaryImageOfPage":{"@id":"https:\/\/papunet.net\/sv\/information\/mojligheter-och-metoder-for-samspel\/#primaryimage"},"image":{"@id":"https:\/\/papunet.net\/sv\/information\/mojligheter-och-metoder-for-samspel\/#primaryimage"},"thumbnailUrl":"https:\/\/papunet.net\/sv\/wp-content\/uploads\/sites\/2\/2023\/09\/iStock-1053433092-1.jpg","datePublished":"2023-07-19T08:20:04+00:00","dateModified":"2024-12-13T12:10:26+00:00","breadcrumb":{"@id":"https:\/\/papunet.net\/sv\/information\/mojligheter-och-metoder-for-samspel\/#breadcrumb"},"inLanguage":"sv-SE","potentialAction":[{"@type":"ReadAction","target":["https:\/\/papunet.net\/sv\/information\/mojligheter-och-metoder-for-samspel\/"]}]},{"@type":"ImageObject","inLanguage":"sv-SE","@id":"https:\/\/papunet.net\/sv\/information\/mojligheter-och-metoder-for-samspel\/#primaryimage","url":"https:\/\/papunet.net\/sv\/wp-content\/uploads\/sites\/2\/2023\/09\/iStock-1053433092-1.jpg","contentUrl":"https:\/\/papunet.net\/sv\/wp-content\/uploads\/sites\/2\/2023\/09\/iStock-1053433092-1.jpg","width":500,"height":333},{"@type":"BreadcrumbList","@id":"https:\/\/papunet.net\/sv\/information\/mojligheter-och-metoder-for-samspel\/#breadcrumb","itemListElement":[{"@type":"ListItem","position":1,"name":"Framsida","item":"https:\/\/papunet.net\/sv\/"},{"@type":"ListItem","position":2,"name":"Information","item":"https:\/\/papunet.net\/sv\/information\/"},{"@type":"ListItem","position":3,"name":"M\u00f6jligheter och metoder f\u00f6r samspel"}]},{"@type":"WebSite","@id":"https:\/\/papunet.net\/sv\/#website","url":"https:\/\/papunet.net\/sv\/","name":"Papunet p\u00e5 svenska","description":"","potentialAction":[{"@type":"SearchAction","target":{"@type":"EntryPoint","urlTemplate":"https:\/\/papunet.net\/sv\/?s={search_term_string}"},"query-input":"required name=search_term_string"}],"inLanguage":"sv-SE"}]}},"acf":[],"_links":{"self":[{"href":"https:\/\/papunet.net\/sv\/wp-json\/wp\/v2\/pages\/12","targetHints":{"allow":["GET"]}}],"collection":[{"href":"https:\/\/papunet.net\/sv\/wp-json\/wp\/v2\/pages"}],"about":[{"href":"https:\/\/papunet.net\/sv\/wp-json\/wp\/v2\/types\/page"}],"author":[{"embeddable":true,"href":"https:\/\/papunet.net\/sv\/wp-json\/wp\/v2\/users\/16"}],"replies":[{"embeddable":true,"href":"https:\/\/papunet.net\/sv\/wp-json\/wp\/v2\/comments?post=12"}],"version-history":[{"count":15,"href":"https:\/\/papunet.net\/sv\/wp-json\/wp\/v2\/pages\/12\/revisions"}],"predecessor-version":[{"id":4804,"href":"https:\/\/papunet.net\/sv\/wp-json\/wp\/v2\/pages\/12\/revisions\/4804"}],"up":[{"embeddable":true,"href":"https:\/\/papunet.net\/sv\/wp-json\/wp\/v2\/pages\/4"}],"wp:featuredmedia":[{"embeddable":true,"href":"https:\/\/papunet.net\/sv\/wp-json\/wp\/v2\/media\/815"}],"wp:attachment":[{"href":"https:\/\/papunet.net\/sv\/wp-json\/wp\/v2\/media?parent=12"}],"wp:term":[{"taxonomy":"content_types","embeddable":true,"href":"https:\/\/papunet.net\/sv\/wp-json\/wp\/v2\/content_types?post=12"},{"taxonomy":"id_themes","embeddable":true,"href":"https:\/\/papunet.net\/sv\/wp-json\/wp\/v2\/id_themes?post=12"}],"curies":[{"name":"wp","href":"https:\/\/api.w.org\/{rel}","templated":true}]}}