{"id":1347,"date":"2023-09-21T14:15:24","date_gmt":"2023-09-21T11:15:24","guid":{"rendered":"https:\/\/papunet.net\/sv\/?page_id=1347"},"modified":"2023-09-22T09:40:02","modified_gmt":"2023-09-22T06:40:02","slug":"bilder-och-foremal-i-kommunikation","status":"publish","type":"page","link":"https:\/\/papunet.net\/sv\/information\/mojligheter-och-metoder-for-samspel\/bilder-och-foremal-i-kommunikation\/","title":{"rendered":"Bilder och f\u00f6rem\u00e5l i kommunikation"},"content":{"rendered":"\n<div class=\"custom-element content-lifts bg-white color-theme-orange\">\n    <div class=\"row lifts-row list-items\">\n            <div class=\"col-12 col-lg-4 row-content lift-item list-item\">\n           <a href=\"https:\/\/papunet.net\/sv\/bilder-att-rita-och-foremal\/\" rel=\"bookmark\">  <!-- Oletusn\u00e4kym\u00e4 hakutuloksille -->\n        <article id=\"post-1331\" class=\"post-1331 post type-post status-publish format-standard has-post-thumbnail hentry category-bilder-och-foremal-i-kommunikation category-mojligheter-och-metoder-for-samspel content_types-information\">\n          <div class=\"item-top\">\n            <h3 class=\"sr-only\">Bilder, att rita och f\u00f6rem\u00e5l<\/h3>\n                          <div class=\"entry-thumbnail\">\n                <div class=\"thumb\">\n                  <!--\n                  <img decoding=\"async\" src=\"https:\/\/papunet.net\/sv\/wp-content\/uploads\/sites\/2\/2023\/09\/iStock-1398836863.jpg\" alt=\"\" width=\"100%\" height=\"auto\" \/>\n                  -->\n                  <img decoding=\"async\" src=\"https:\/\/papunet.net\/sv\/wp-content\/uploads\/sites\/2\/2023\/09\/iStock-1398836863.jpg\" alt=\"\">\n                                  <\/div>\n                              <\/div>\n                        <div class=\"entry-meta\">\n              <div class=\"tags\">\n                <ul class=\"tags-list\">\n                                      <li class=\"tag-item\">\n                      <span class=\"tag-button\">Information<\/span>\n                    <\/li>\n                                  <\/ul>\n              <\/div>\n            <\/div>\n            <header class=\"entry-header\" aria-hidden=\"true\">\n              <h3 class=\"entry-title\">Bilder, att rita och f\u00f6rem\u00e5l<\/h3>\n            <\/header>\n            <div class=\"entry-content\">\n              <p>Bilder och konkreta f\u00f6rem\u00e5l anv\u00e4nds som kommunikationsverktyg vid tal- och spr\u00e5kst\u00f6rningar. Bilder och f\u00f6rem\u00e5l \u00e4r en naturlig del av icke-verbal kommunikation och kan st\u00f6dja f\u00f6rst\u00e5elsen av verbala meddelanden samt styrning av aktiviteter. Det samma kan man n\u00e5 genom att rita.<\/p>\n            <\/div>\n          <\/div>\n          <div class=\"item-bottom\">\n            <div class=\"entry-footer\">\n              <span class=\"circle-arrow-button\">\u00d6ppna artikeln<\/span>\n            <\/div>\n          <\/div>\n        <\/article>\n          <\/a>\n        <\/div>\n                <div class=\"col-12 col-lg-4 row-content lift-item list-item\">\n           <a href=\"https:\/\/papunet.net\/sv\/att-lara-sig-anvanda-bilder\/\" rel=\"bookmark\">  <!-- Oletusn\u00e4kym\u00e4 hakutuloksille -->\n        <article id=\"post-1351\" class=\"post-1351 post type-post status-publish format-standard has-post-thumbnail hentry category-bilder-och-foremal-i-kommunikation category-mojligheter-och-metoder-for-samspel content_types-information\">\n          <div class=\"item-top\">\n            <h3 class=\"sr-only\">Att l\u00e4ra sig anv\u00e4nda bilder<\/h3>\n                          <div class=\"entry-thumbnail\">\n                <div class=\"thumb\">\n                  <!--\n                  <img decoding=\"async\" src=\"https:\/\/papunet.net\/sv\/wp-content\/uploads\/sites\/2\/2023\/09\/laulutaulu_kuva-Annakaisa-Ojanen.png\" alt=\"\" width=\"100%\" height=\"auto\" \/>\n                  -->\n                  <img decoding=\"async\" src=\"https:\/\/papunet.net\/sv\/wp-content\/uploads\/sites\/2\/2023\/09\/laulutaulu_kuva-Annakaisa-Ojanen.png\" alt=\"\">\n                                  <\/div>\n                              <\/div>\n                        <div class=\"entry-meta\">\n              <div class=\"tags\">\n                <ul class=\"tags-list\">\n                                      <li class=\"tag-item\">\n                      <span class=\"tag-button\">Information<\/span>\n                    <\/li>\n                                  <\/ul>\n              <\/div>\n            <\/div>\n            <header class=\"entry-header\" aria-hidden=\"true\">\n              <h3 class=\"entry-title\">Att l\u00e4ra sig anv\u00e4nda bilder<\/h3>\n            <\/header>\n            <div class=\"entry-content\">\n              <p>Lyckad anv\u00e4ndning av bilder i kommunikation bygger p\u00e5 att personen och hans eller hennes n\u00e4rst\u00e5ende tillsammans l\u00e4r sig att uttrycka och ta emot meddelanden med hj\u00e4lp av bilder.<\/p>\n            <\/div>\n          <\/div>\n          <div class=\"item-bottom\">\n            <div class=\"entry-footer\">\n              <span class=\"circle-arrow-button\">\u00d6ppna artikeln<\/span>\n            <\/div>\n          <\/div>\n        <\/article>\n          <\/a>\n        <\/div>\n                <div class=\"col-12 col-lg-4 row-content lift-item list-item\">\n           <a href=\"https:\/\/papunet.net\/sv\/snabb-kommunikationsmetod-med-ritade-bilder\/\" rel=\"bookmark\">  <!-- Oletusn\u00e4kym\u00e4 hakutuloksille -->\n        <article id=\"post-1053\" class=\"post-1053 post type-post status-publish format-standard has-post-thumbnail hentry category-mojligheter-och-metoder-for-samspel content_types-information\">\n          <div class=\"item-top\">\n            <h3 class=\"sr-only\">Kommunikation via snabbritning<\/h3>\n                          <div class=\"entry-thumbnail\">\n                <div class=\"thumb\">\n                  <!--\n                  <img decoding=\"async\" src=\"https:\/\/papunet.net\/sv\/wp-content\/uploads\/sites\/2\/2023\/09\/pikapiirros_460.png\" alt=\"\" width=\"100%\" height=\"auto\" \/>\n                  -->\n                  <img decoding=\"async\" src=\"https:\/\/papunet.net\/sv\/wp-content\/uploads\/sites\/2\/2023\/09\/pikapiirros_460.png\" alt=\"\">\n                                  <\/div>\n                              <\/div>\n                        <div class=\"entry-meta\">\n              <div class=\"tags\">\n                <ul class=\"tags-list\">\n                                      <li class=\"tag-item\">\n                      <span class=\"tag-button\">Information<\/span>\n                    <\/li>\n                                  <\/ul>\n              <\/div>\n            <\/div>\n            <header class=\"entry-header\" aria-hidden=\"true\">\n              <h3 class=\"entry-title\">Kommunikation via snabbritning<\/h3>\n            <\/header>\n            <div class=\"entry-content\">\n              <p>Snabb kommunikationsmetod med ritade bilder (eng. Quick drawing Communication System) st\u00f6der kommunikationen i samtalssituationer d\u00e5 kommunikationsapparaten eller \u2013tavlan saknar kommunikationsbilderna eller symbolerna som beh\u00f6vs i samspelet. Metoden passar ocks\u00e5 i s\u00e5dana situationer n\u00e4r andra hj\u00e4lpmedel f\u00f6r kommunikation inte finns att tillg\u00e5.<\/p>\n            <\/div>\n          <\/div>\n          <div class=\"item-bottom\">\n            <div class=\"entry-footer\">\n              <span class=\"circle-arrow-button\">\u00d6ppna artikeln<\/span>\n            <\/div>\n          <\/div>\n        <\/article>\n          <\/a>\n        <\/div>\n                <div class=\"col-12 col-lg-4 row-content lift-item list-item\">\n           <a href=\"https:\/\/papunet.net\/sv\/pecs-metoden\/\" rel=\"bookmark\">  <!-- Oletusn\u00e4kym\u00e4 hakutuloksille -->\n        <article id=\"post-1379\" class=\"post-1379 post type-post status-publish format-standard has-post-thumbnail hentry category-bilder-och-foremal-i-kommunikation category-mojligheter-och-metoder-for-samspel content_types-information\">\n          <div class=\"item-top\">\n            <h3 class=\"sr-only\">PECS\u00ae-metoden<\/h3>\n                          <div class=\"entry-thumbnail\">\n                <div class=\"thumb\">\n                  <!--\n                  <img decoding=\"async\" src=\"https:\/\/papunet.net\/sv\/wp-content\/uploads\/sites\/2\/2023\/09\/kuvat_kommunikoinnissa_2.jpg\" alt=\"\" width=\"100%\" height=\"auto\" \/>\n                  -->\n                  <img decoding=\"async\" src=\"https:\/\/papunet.net\/sv\/wp-content\/uploads\/sites\/2\/2023\/09\/kuvat_kommunikoinnissa_2.jpg\" alt=\"\">\n                                  <\/div>\n                              <\/div>\n                        <div class=\"entry-meta\">\n              <div class=\"tags\">\n                <ul class=\"tags-list\">\n                                      <li class=\"tag-item\">\n                      <span class=\"tag-button\">Information<\/span>\n                    <\/li>\n                                  <\/ul>\n              <\/div>\n            <\/div>\n            <header class=\"entry-header\" aria-hidden=\"true\">\n              <h3 class=\"entry-title\">PECS\u00ae-metoden<\/h3>\n            <\/header>\n            <div class=\"entry-content\">\n              <p>PECS \u00e4r en metod som bygger p\u00e5 bildbyte och vars syfte l\u00e4ra barn kommunikationsf\u00e4rdigheter och initiativf\u00f6rm\u00e5ga i sociala situationer.<\/p>\n            <\/div>\n          <\/div>\n          <div class=\"item-bottom\">\n            <div class=\"entry-footer\">\n              <span class=\"circle-arrow-button\">\u00d6ppna artikeln<\/span>\n            <\/div>\n          <\/div>\n        <\/article>\n          <\/a>\n        <\/div>\n                <div class=\"col-12 col-lg-4 row-content lift-item list-item\">\n           <a href=\"https:\/\/papunet.net\/sv\/talking-mats-metod\/\" rel=\"bookmark\">  <!-- Oletusn\u00e4kym\u00e4 hakutuloksille -->\n        <article id=\"post-1394\" class=\"post-1394 post type-post status-publish format-standard has-post-thumbnail hentry category-bilder-och-foremal-i-kommunikation category-mojligheter-och-metoder-for-samspel content_types-information\">\n          <div class=\"item-top\">\n            <h3 class=\"sr-only\">Talking Mats\u00ae -metod<\/h3>\n                          <div class=\"entry-thumbnail\">\n                <div class=\"thumb\">\n                  <!--\n                  <img decoding=\"async\" src=\"https:\/\/papunet.net\/sv\/wp-content\/uploads\/sites\/2\/2023\/09\/Talking-mats_logo.png\" alt=\"\" width=\"100%\" height=\"auto\" \/>\n                  -->\n                  <img decoding=\"async\" src=\"https:\/\/papunet.net\/sv\/wp-content\/uploads\/sites\/2\/2023\/09\/Talking-mats_logo.png\" alt=\"\">\n                                  <\/div>\n                              <\/div>\n                        <div class=\"entry-meta\">\n              <div class=\"tags\">\n                <ul class=\"tags-list\">\n                                      <li class=\"tag-item\">\n                      <span class=\"tag-button\">Information<\/span>\n                    <\/li>\n                                  <\/ul>\n              <\/div>\n            <\/div>\n            <header class=\"entry-header\" aria-hidden=\"true\">\n              <h3 class=\"entry-title\">Talking Mats\u00ae -metod<\/h3>\n            <\/header>\n            <div class=\"entry-content\">\n              <p>I Talking Mats\u00ae-metoden anv\u00e4nds bildkort som hj\u00e4lpmedel f\u00f6r att uttrycka \u00e5sikter.<\/p>\n            <\/div>\n          <\/div>\n          <div class=\"item-bottom\">\n            <div class=\"entry-footer\">\n              <span class=\"circle-arrow-button\">\u00d6ppna artikeln<\/span>\n            <\/div>\n          <\/div>\n        <\/article>\n          <\/a>\n        <\/div>\n                <div class=\"col-12 col-lg-4 row-content lift-item list-item\">\n           <a href=\"https:\/\/papunet.net\/sv\/vilken-typ-av-bilder-och-varifran\/\" rel=\"bookmark\">  <!-- Oletusn\u00e4kym\u00e4 hakutuloksille -->\n        <article id=\"post-1408\" class=\"post-1408 post type-post status-publish format-standard has-post-thumbnail hentry category-bilder-och-foremal-i-kommunikation category-mojligheter-och-metoder-for-samspel content_types-information\">\n          <div class=\"item-top\">\n            <h3 class=\"sr-only\">Vilken typ av bilder och varifr\u00e5n?<\/h3>\n                          <div class=\"entry-thumbnail\">\n                <div class=\"thumb\">\n                  <!--\n                  <img decoding=\"async\" src=\"https:\/\/papunet.net\/sv\/wp-content\/uploads\/sites\/2\/2023\/09\/mista_ja_millaiset_kuvat_2.png\" alt=\"\" width=\"100%\" height=\"auto\" \/>\n                  -->\n                  <img decoding=\"async\" src=\"https:\/\/papunet.net\/sv\/wp-content\/uploads\/sites\/2\/2023\/09\/mista_ja_millaiset_kuvat_2.png\" alt=\"\">\n                                  <\/div>\n                              <\/div>\n                        <div class=\"entry-meta\">\n              <div class=\"tags\">\n                <ul class=\"tags-list\">\n                                      <li class=\"tag-item\">\n                      <span class=\"tag-button\">Information<\/span>\n                    <\/li>\n                                  <\/ul>\n              <\/div>\n            <\/div>\n            <header class=\"entry-header\" aria-hidden=\"true\">\n              <h3 class=\"entry-title\">Vilken typ av bilder och varifr\u00e5n?<\/h3>\n            <\/header>\n            <div class=\"entry-content\">\n              <p>F\u00f6rm\u00e5gan att se och k\u00e4nna igen bilder p\u00e5verkar vilka egenskaper en bild m\u00e5ste ha. P\u00e5 den h\u00e4r sidan finns information om bilders egenskaper samt l\u00e4nkar till bildbanker.<\/p>\n            <\/div>\n          <\/div>\n          <div class=\"item-bottom\">\n            <div class=\"entry-footer\">\n              <span class=\"circle-arrow-button\">\u00d6ppna artikeln<\/span>\n            <\/div>\n          <\/div>\n        <\/article>\n          <\/a>\n        <\/div>\n          <\/div>\n<\/div>\n","protected":false},"excerpt":{"rendered":"<p>Bilder och konkreta f\u00f6rem\u00e5l fungerar p\u00e5 m\u00e5nga s\u00e4tt som hj\u00e4lpmedel och st\u00f6d i kommunikation och f\u00f6rst\u00e5else.<\/p>\n","protected":false},"author":5,"featured_media":799,"parent":12,"menu_order":0,"comment_status":"closed","ping_status":"closed","template":"","meta":{"_acf_changed":false,"_relevanssi_hide_post":"","_relevanssi_pin_for_all":"","_relevanssi_pin_keywords":"","_relevanssi_unpin_keywords":"","_relevanssi_related_keywords":"","_relevanssi_related_include_ids":"","_relevanssi_related_exclude_ids":"","_relevanssi_related_no_append":"","_relevanssi_related_not_related":"","_relevanssi_related_posts":"","_relevanssi_noindex_reason":"","footnotes":""},"content_types":[6],"id_themes":[],"class_list":["post-1347","page","type-page","status-publish","has-post-thumbnail","hentry","content_types-information"],"yoast_head":"<!-- This site is optimized with the Yoast SEO plugin v22.7 - https:\/\/yoast.com\/wordpress\/plugins\/seo\/ -->\n<title>Bilder och f\u00f6rem\u00e5l i kommunikation - Papunet p\u00e5 svenska<\/title>\n<meta name=\"robots\" content=\"index, follow, max-snippet:-1, max-image-preview:large, max-video-preview:-1\" \/>\n<link rel=\"canonical\" href=\"https:\/\/papunet.net\/sv\/information\/mojligheter-och-metoder-for-samspel\/bilder-och-foremal-i-kommunikation\/\" \/>\n<meta property=\"og:locale\" content=\"sv_SE\" \/>\n<meta property=\"og:type\" content=\"article\" \/>\n<meta property=\"og:title\" content=\"Bilder och f\u00f6rem\u00e5l i kommunikation - Papunet p\u00e5 svenska\" \/>\n<meta property=\"og:description\" content=\"Bilder och konkreta f\u00f6rem\u00e5l fungerar p\u00e5 m\u00e5nga s\u00e4tt som hj\u00e4lpmedel och st\u00f6d i kommunikation och f\u00f6rst\u00e5else.\" \/>\n<meta property=\"og:url\" content=\"https:\/\/papunet.net\/sv\/information\/mojligheter-och-metoder-for-samspel\/bilder-och-foremal-i-kommunikation\/\" \/>\n<meta property=\"og:site_name\" content=\"Papunet p\u00e5 svenska\" \/>\n<meta property=\"article:modified_time\" content=\"2023-09-22T06:40:02+00:00\" \/>\n<meta property=\"og:image\" content=\"https:\/\/papunet.net\/sv\/wp-content\/uploads\/sites\/2\/2023\/09\/iStock-105090166.jpg\" \/>\n\t<meta property=\"og:image:width\" content=\"500\" \/>\n\t<meta property=\"og:image:height\" content=\"333\" \/>\n\t<meta property=\"og:image:type\" content=\"image\/jpeg\" \/>\n<meta name=\"twitter:card\" content=\"summary_large_image\" \/>\n<script type=\"application\/ld+json\" class=\"yoast-schema-graph\">{\"@context\":\"https:\/\/schema.org\",\"@graph\":[{\"@type\":\"WebPage\",\"@id\":\"https:\/\/papunet.net\/sv\/information\/mojligheter-och-metoder-for-samspel\/bilder-och-foremal-i-kommunikation\/\",\"url\":\"https:\/\/papunet.net\/sv\/information\/mojligheter-och-metoder-for-samspel\/bilder-och-foremal-i-kommunikation\/\",\"name\":\"Bilder och f\u00f6rem\u00e5l i kommunikation - Papunet p\u00e5 svenska\",\"isPartOf\":{\"@id\":\"https:\/\/papunet.net\/sv\/#website\"},\"primaryImageOfPage\":{\"@id\":\"https:\/\/papunet.net\/sv\/information\/mojligheter-och-metoder-for-samspel\/bilder-och-foremal-i-kommunikation\/#primaryimage\"},\"image\":{\"@id\":\"https:\/\/papunet.net\/sv\/information\/mojligheter-och-metoder-for-samspel\/bilder-och-foremal-i-kommunikation\/#primaryimage\"},\"thumbnailUrl\":\"https:\/\/papunet.net\/sv\/wp-content\/uploads\/sites\/2\/2023\/09\/iStock-105090166.jpg\",\"datePublished\":\"2023-09-21T11:15:24+00:00\",\"dateModified\":\"2023-09-22T06:40:02+00:00\",\"breadcrumb\":{\"@id\":\"https:\/\/papunet.net\/sv\/information\/mojligheter-och-metoder-for-samspel\/bilder-och-foremal-i-kommunikation\/#breadcrumb\"},\"inLanguage\":\"sv-SE\",\"potentialAction\":[{\"@type\":\"ReadAction\",\"target\":[\"https:\/\/papunet.net\/sv\/information\/mojligheter-och-metoder-for-samspel\/bilder-och-foremal-i-kommunikation\/\"]}]},{\"@type\":\"ImageObject\",\"inLanguage\":\"sv-SE\",\"@id\":\"https:\/\/papunet.net\/sv\/information\/mojligheter-och-metoder-for-samspel\/bilder-och-foremal-i-kommunikation\/#primaryimage\",\"url\":\"https:\/\/papunet.net\/sv\/wp-content\/uploads\/sites\/2\/2023\/09\/iStock-105090166.jpg\",\"contentUrl\":\"https:\/\/papunet.net\/sv\/wp-content\/uploads\/sites\/2\/2023\/09\/iStock-105090166.jpg\",\"width\":500,\"height\":333,\"caption\":\"An autistic child learns to communicate using visual symbols\"},{\"@type\":\"BreadcrumbList\",\"@id\":\"https:\/\/papunet.net\/sv\/information\/mojligheter-och-metoder-for-samspel\/bilder-och-foremal-i-kommunikation\/#breadcrumb\",\"itemListElement\":[{\"@type\":\"ListItem\",\"position\":1,\"name\":\"Framsida\",\"item\":\"https:\/\/papunet.net\/sv\/\"},{\"@type\":\"ListItem\",\"position\":2,\"name\":\"Information\",\"item\":\"https:\/\/papunet.net\/sv\/information\/\"},{\"@type\":\"ListItem\",\"position\":3,\"name\":\"M\u00f6jligheter och metoder f\u00f6r samspel\",\"item\":\"https:\/\/papunet.net\/sv\/information\/mojligheter-och-metoder-for-samspel\/\"},{\"@type\":\"ListItem\",\"position\":4,\"name\":\"Bilder och f\u00f6rem\u00e5l i kommunikation\"}]},{\"@type\":\"WebSite\",\"@id\":\"https:\/\/papunet.net\/sv\/#website\",\"url\":\"https:\/\/papunet.net\/sv\/\",\"name\":\"Papunet p\u00e5 svenska\",\"description\":\"\",\"potentialAction\":[{\"@type\":\"SearchAction\",\"target\":{\"@type\":\"EntryPoint\",\"urlTemplate\":\"https:\/\/papunet.net\/sv\/?s={search_term_string}\"},\"query-input\":\"required name=search_term_string\"}],\"inLanguage\":\"sv-SE\"}]}<\/script>\n<!-- \/ Yoast SEO plugin. -->","yoast_head_json":{"title":"Bilder och f\u00f6rem\u00e5l i kommunikation - Papunet p\u00e5 svenska","robots":{"index":"index","follow":"follow","max-snippet":"max-snippet:-1","max-image-preview":"max-image-preview:large","max-video-preview":"max-video-preview:-1"},"canonical":"https:\/\/papunet.net\/sv\/information\/mojligheter-och-metoder-for-samspel\/bilder-och-foremal-i-kommunikation\/","og_locale":"sv_SE","og_type":"article","og_title":"Bilder och f\u00f6rem\u00e5l i kommunikation - Papunet p\u00e5 svenska","og_description":"Bilder och konkreta f\u00f6rem\u00e5l fungerar p\u00e5 m\u00e5nga s\u00e4tt som hj\u00e4lpmedel och st\u00f6d i kommunikation och f\u00f6rst\u00e5else.","og_url":"https:\/\/papunet.net\/sv\/information\/mojligheter-och-metoder-for-samspel\/bilder-och-foremal-i-kommunikation\/","og_site_name":"Papunet p\u00e5 svenska","article_modified_time":"2023-09-22T06:40:02+00:00","og_image":[{"width":500,"height":333,"url":"https:\/\/papunet.net\/sv\/wp-content\/uploads\/sites\/2\/2023\/09\/iStock-105090166.jpg","type":"image\/jpeg"}],"twitter_card":"summary_large_image","schema":{"@context":"https:\/\/schema.org","@graph":[{"@type":"WebPage","@id":"https:\/\/papunet.net\/sv\/information\/mojligheter-och-metoder-for-samspel\/bilder-och-foremal-i-kommunikation\/","url":"https:\/\/papunet.net\/sv\/information\/mojligheter-och-metoder-for-samspel\/bilder-och-foremal-i-kommunikation\/","name":"Bilder och f\u00f6rem\u00e5l i kommunikation - Papunet p\u00e5 svenska","isPartOf":{"@id":"https:\/\/papunet.net\/sv\/#website"},"primaryImageOfPage":{"@id":"https:\/\/papunet.net\/sv\/information\/mojligheter-och-metoder-for-samspel\/bilder-och-foremal-i-kommunikation\/#primaryimage"},"image":{"@id":"https:\/\/papunet.net\/sv\/information\/mojligheter-och-metoder-for-samspel\/bilder-och-foremal-i-kommunikation\/#primaryimage"},"thumbnailUrl":"https:\/\/papunet.net\/sv\/wp-content\/uploads\/sites\/2\/2023\/09\/iStock-105090166.jpg","datePublished":"2023-09-21T11:15:24+00:00","dateModified":"2023-09-22T06:40:02+00:00","breadcrumb":{"@id":"https:\/\/papunet.net\/sv\/information\/mojligheter-och-metoder-for-samspel\/bilder-och-foremal-i-kommunikation\/#breadcrumb"},"inLanguage":"sv-SE","potentialAction":[{"@type":"ReadAction","target":["https:\/\/papunet.net\/sv\/information\/mojligheter-och-metoder-for-samspel\/bilder-och-foremal-i-kommunikation\/"]}]},{"@type":"ImageObject","inLanguage":"sv-SE","@id":"https:\/\/papunet.net\/sv\/information\/mojligheter-och-metoder-for-samspel\/bilder-och-foremal-i-kommunikation\/#primaryimage","url":"https:\/\/papunet.net\/sv\/wp-content\/uploads\/sites\/2\/2023\/09\/iStock-105090166.jpg","contentUrl":"https:\/\/papunet.net\/sv\/wp-content\/uploads\/sites\/2\/2023\/09\/iStock-105090166.jpg","width":500,"height":333,"caption":"An autistic child learns to communicate using visual symbols"},{"@type":"BreadcrumbList","@id":"https:\/\/papunet.net\/sv\/information\/mojligheter-och-metoder-for-samspel\/bilder-och-foremal-i-kommunikation\/#breadcrumb","itemListElement":[{"@type":"ListItem","position":1,"name":"Framsida","item":"https:\/\/papunet.net\/sv\/"},{"@type":"ListItem","position":2,"name":"Information","item":"https:\/\/papunet.net\/sv\/information\/"},{"@type":"ListItem","position":3,"name":"M\u00f6jligheter och metoder f\u00f6r samspel","item":"https:\/\/papunet.net\/sv\/information\/mojligheter-och-metoder-for-samspel\/"},{"@type":"ListItem","position":4,"name":"Bilder och f\u00f6rem\u00e5l i kommunikation"}]},{"@type":"WebSite","@id":"https:\/\/papunet.net\/sv\/#website","url":"https:\/\/papunet.net\/sv\/","name":"Papunet p\u00e5 svenska","description":"","potentialAction":[{"@type":"SearchAction","target":{"@type":"EntryPoint","urlTemplate":"https:\/\/papunet.net\/sv\/?s={search_term_string}"},"query-input":"required name=search_term_string"}],"inLanguage":"sv-SE"}]}},"acf":[],"_links":{"self":[{"href":"https:\/\/papunet.net\/sv\/wp-json\/wp\/v2\/pages\/1347","targetHints":{"allow":["GET"]}}],"collection":[{"href":"https:\/\/papunet.net\/sv\/wp-json\/wp\/v2\/pages"}],"about":[{"href":"https:\/\/papunet.net\/sv\/wp-json\/wp\/v2\/types\/page"}],"author":[{"embeddable":true,"href":"https:\/\/papunet.net\/sv\/wp-json\/wp\/v2\/users\/5"}],"replies":[{"embeddable":true,"href":"https:\/\/papunet.net\/sv\/wp-json\/wp\/v2\/comments?post=1347"}],"version-history":[{"count":15,"href":"https:\/\/papunet.net\/sv\/wp-json\/wp\/v2\/pages\/1347\/revisions"}],"predecessor-version":[{"id":1435,"href":"https:\/\/papunet.net\/sv\/wp-json\/wp\/v2\/pages\/1347\/revisions\/1435"}],"up":[{"embeddable":true,"href":"https:\/\/papunet.net\/sv\/wp-json\/wp\/v2\/pages\/12"}],"wp:featuredmedia":[{"embeddable":true,"href":"https:\/\/papunet.net\/sv\/wp-json\/wp\/v2\/media\/799"}],"wp:attachment":[{"href":"https:\/\/papunet.net\/sv\/wp-json\/wp\/v2\/media?parent=1347"}],"wp:term":[{"taxonomy":"content_types","embeddable":true,"href":"https:\/\/papunet.net\/sv\/wp-json\/wp\/v2\/content_types?post=1347"},{"taxonomy":"id_themes","embeddable":true,"href":"https:\/\/papunet.net\/sv\/wp-json\/wp\/v2\/id_themes?post=1347"}],"curies":[{"name":"wp","href":"https:\/\/api.w.org\/{rel}","templated":true}]}}