{"id":136,"date":"2023-07-19T13:04:50","date_gmt":"2023-07-19T10:04:50","guid":{"rendered":"https:\/\/papunet.net\/sv\/?page_id=136"},"modified":"2026-01-08T14:16:08","modified_gmt":"2026-01-08T12:16:08","slug":"bildverktyg","status":"publish","type":"page","link":"https:\/\/papunet.net\/sv\/bildverktyg\/","title":{"rendered":"Bildverktyg"},"content":{"rendered":"\n<h2 class=\"wp-block-heading\">Spara bilder fr\u00e5n bildbanken eller g\u00f6r bildst\u00f6dsmaterial med Papunets bildverktyg<\/h2>\n\n\n\n<p>Om du loggar in i bildverktygen, f\u00e5r du tillg\u00e5ng till allt material som du skapat oberoende av vilken apparat du anv\u00e4nder. Du anv\u00e4nder samma anv\u00e4ndarnamn och inloggning i b\u00e5de Papunets bildverktyg och Papuri.<\/p>\n\n\n\n<p><a href=\"https:\/\/papunet.net\/sv\/wp-content\/uploads\/sites\/2\/2026\/01\/papunets_bildverktyg_2026.pdf\">Papunets bildverktyg broschyr (pdf)<\/a><\/p>\n\n\n\n<p><a href=\"https:\/\/papunet.net\/sv\/lagring-av-egna-bilder-i-papunets-verktyg\/\">Lagring av egna bilder i Papunets verktyg<\/a><\/p>\n\n\n\n<p><a href=\"https:\/\/papunet.net\/sv\/anvandarvillkor-och-meddelanden\/dataskyddsmeddelande-anvandare-av-papunets-bildverktyg\/\">Dataskyddsmeddelande, Anv\u00e4ndare av Papunets bildverktyg<\/a><\/p>\n\n\n\n<p>Saknar du n\u00e5gon bild i bildbanken?&nbsp; <a href=\"https:\/\/papunet.net\/sv\/bildonskemal\/\">Skicka dina bild\u00f6nskem\u00e5l till oss.<\/a><\/p>\n\n\n\n<div class=\"custom-element image-title-text-content-links is-image bg-white show-border\">\n                    <div class=\"image-holder\">\n                <div class=\"image-wrap\">\n                    <img decoding=\"async\" src=\"https:\/\/papunet.net\/sv\/wp-content\/uploads\/sites\/2\/2023\/09\/kuvapankki_2.png\"  class=\"element-image\">\n                <\/div>\n            <\/div>\n            <div class=\"content-holder\">\n                            <div class=\" title-row\">\n                    <div class=\"row-content row-content\">\n                        <h2>Bildbanken<\/h2>\n                    <\/div>\n                <\/div>\n                            <div class=\" content-row\">\n                    <div class=\"row-content row-content entry-content\">\n                        <p>I bildbanken finns \u00f6ver 39 000 bilder och ritade tecken. Det \u00e4r enkelt att ladda ner och kopiera enskilda bilder f\u00f6r eget bruk. Bilderna f\u00e5r inte anv\u00e4ndas i kommersiellt syfte.<\/p>\n                    <\/div>\n                <\/div>\n                            <div class=\" link-row\">\n                    <div class=\"row-content\">\n                                                        <a href=\"https:\/\/bildbank.papunet.net\/#\/browse\"  class=\"element-link circle-arrow-button\">\u00d6ppna bildbanken<\/a>\n                                                        <a href=\"https:\/\/papunet.net\/sv\/bildverktyg\/bildbanken\/\"  class=\"element-link circle-arrow-button\">Information om bildernas anv\u00e4ndning<\/a>\n                                            <\/div>\n                <\/div>\n                        <\/div>\n        <\/div>\n\n\n\n<div class=\"custom-element image-title-text-content-links is-image bg-white show-border\">\n                    <div class=\"image-holder\">\n                <div class=\"image-wrap\">\n                    <img decoding=\"async\" src=\"https:\/\/papunet.net\/sv\/wp-content\/uploads\/sites\/2\/2023\/09\/bildverktyg-pa-svenska-1024x531.png\"  class=\"element-image\">\n                <\/div>\n            <\/div>\n            <div class=\"content-holder\">\n                            <div class=\" title-row\">\n                    <div class=\"row-content row-content\">\n                        <h2>Bildverktyget<\/h2>\n                    <\/div>\n                <\/div>\n                            <div class=\" content-row\">\n                    <div class=\"row-content row-content entry-content\">\n                        <p>Med bildverktyget \u00e4r det enkelt att g\u00f6ra och skriva ut bildserier i ett rutf\u00e4lt. F\u00f6rutom bildbankens bilder kan du ocks\u00e5 anv\u00e4nda egna bilder. Du kan anv\u00e4nda verktyget b\u00e5de p\u00e5 dator och pekplatta.<\/p>\n                    <\/div>\n                <\/div>\n                            <div class=\" link-row\">\n                    <div class=\"row-content\">\n                                                        <a href=\"https:\/\/bildverktyg.papunet.net\/\"  class=\"element-link circle-arrow-button\">\u00d6ppna bildverktyget<\/a>\n                                                        <a href=\"https:\/\/papunet.net\/sv\/bildverktyg\/bildverktyget\/\"  class=\"element-link circle-arrow-button\">Instruktioner f\u00f6r bildverktyget<\/a>\n                                            <\/div>\n                <\/div>\n                        <\/div>\n        <\/div>\n\n\n\n<div class=\"custom-element image-title-text-content-links is-image bg-white show-border\">\n                    <div class=\"image-holder\">\n                <div class=\"image-wrap\">\n                    <img decoding=\"async\" src=\"https:\/\/papunet.net\/sv\/wp-content\/uploads\/sites\/2\/2023\/09\/Papuri_sv.png\"  class=\"element-image\">\n                <\/div>\n            <\/div>\n            <div class=\"content-holder\">\n                            <div class=\" title-row\">\n                    <div class=\"row-content row-content\">\n                        <h2>Papuri-verktyg f\u00f6r digitala b\u00f6cker<\/h2>\n                    <\/div>\n                <\/div>\n                            <div class=\" content-row\">\n                    <div class=\"row-content row-content entry-content\">\n                        <p>Med Papuri-verktyget (endast p\u00e5 finska) kan du g\u00f6ra digitla b\u00f6cker, till exempel instruktioner med bilder eller egna ber\u00e4ttelser, dagb\u00f6cker, fotoalbum, l\u00e4ttl\u00e4sta faktab\u00f6cker eller presentationsmaterial. F\u00f6rutom bildbankens bilder kan du anv\u00e4nda egna bilder och filmer. Du kan ocks\u00e5 spela in ljud eller tal. De digitala b\u00f6ckerna kan anv\u00e4ndas p\u00e5 n\u00e4tet.<\/p>\n                    <\/div>\n                <\/div>\n                            <div class=\" link-row\">\n                    <div class=\"row-content\">\n                                                        <a href=\"https:\/\/papuri.papunet.net\/\"  class=\"element-link circle-arrow-button\">\u00d6ppna Papuri<\/a>\n                                                        <a href=\"https:\/\/papunet.net\/sv\/bildverktyg\/papuri\/\"  class=\"element-link circle-arrow-button\">Instruktioner f\u00f6r Papuri<\/a>\n                                            <\/div>\n                <\/div>\n                        <\/div>\n        <\/div>\n","protected":false},"excerpt":{"rendered":"<p>Med Papunets avgiftsfria bildbank och bildverktyg kan du enkelt g\u00f6ra material med bilder och tecken, som du kan anv\u00e4nda som st\u00f6d f\u00f6r diskussion eller vardagliga aktiviteter. I Papuri kan du ocks\u00e5 g\u00f6ra digitala b\u00f6cker med ljud och videofilmer, som \u00e4r l\u00e4tta att anv\u00e4nda. Du kan anv\u00e4nda alla bilder fr\u00e5n Papunets bildbank. I bildverktygen kan du ocks\u00e5 anv\u00e4nda egna bilder.<\/p>\n","protected":false},"author":16,"featured_media":823,"parent":0,"menu_order":0,"comment_status":"closed","ping_status":"closed","template":"","meta":{"_acf_changed":false,"_relevanssi_hide_post":"","_relevanssi_pin_for_all":"","_relevanssi_pin_keywords":"","_relevanssi_unpin_keywords":"","_relevanssi_related_keywords":"","_relevanssi_related_include_ids":"","_relevanssi_related_exclude_ids":"","_relevanssi_related_no_append":"","_relevanssi_related_not_related":"","_relevanssi_related_posts":"1","_relevanssi_noindex_reason":"","footnotes":""},"content_types":[8],"id_themes":[],"class_list":["post-136","page","type-page","status-publish","has-post-thumbnail","hentry","content_types-bildverktyg"],"yoast_head":"<!-- This site is optimized with the Yoast SEO plugin v22.7 - https:\/\/yoast.com\/wordpress\/plugins\/seo\/ -->\n<title>Bildverktyg - Papunet p\u00e5 svenska<\/title>\n<meta name=\"robots\" content=\"index, follow, max-snippet:-1, max-image-preview:large, max-video-preview:-1\" \/>\n<link rel=\"canonical\" href=\"https:\/\/papunet.net\/sv\/bildverktyg\/\" \/>\n<meta property=\"og:locale\" content=\"sv_SE\" \/>\n<meta property=\"og:type\" content=\"article\" \/>\n<meta property=\"og:title\" content=\"Bildverktyg - Papunet p\u00e5 svenska\" \/>\n<meta property=\"og:description\" content=\"Med Papunets avgiftsfria bildbank och bildverktyg kan du enkelt g\u00f6ra material med bilder och tecken, som du kan anv\u00e4nda som st\u00f6d f\u00f6r diskussion eller vardagliga aktiviteter. I Papuri kan du ocks\u00e5 g\u00f6ra digitala b\u00f6cker med ljud och videofilmer, som \u00e4r l\u00e4tta att anv\u00e4nda. Du kan anv\u00e4nda alla bilder fr\u00e5n Papunets bildbank. I bildverktygen kan du ocks\u00e5 anv\u00e4nda egna bilder.\" \/>\n<meta property=\"og:url\" content=\"https:\/\/papunet.net\/sv\/bildverktyg\/\" \/>\n<meta property=\"og:site_name\" content=\"Papunet p\u00e5 svenska\" \/>\n<meta property=\"article:modified_time\" content=\"2026-01-08T12:16:08+00:00\" \/>\n<meta property=\"og:image\" content=\"https:\/\/papunet.net\/sv\/wp-content\/uploads\/sites\/2\/2023\/09\/mista_ja_millaiset_kuvat_2.png\" \/>\n\t<meta property=\"og:image:width\" content=\"500\" \/>\n\t<meta property=\"og:image:height\" content=\"333\" \/>\n\t<meta property=\"og:image:type\" content=\"image\/png\" \/>\n<meta name=\"twitter:card\" content=\"summary_large_image\" \/>\n<meta name=\"twitter:label1\" content=\"Ber\u00e4knad l\u00e4stid\" \/>\n\t<meta name=\"twitter:data1\" content=\"2 minuter\" \/>\n<script type=\"application\/ld+json\" class=\"yoast-schema-graph\">{\"@context\":\"https:\/\/schema.org\",\"@graph\":[{\"@type\":\"WebPage\",\"@id\":\"https:\/\/papunet.net\/sv\/bildverktyg\/\",\"url\":\"https:\/\/papunet.net\/sv\/bildverktyg\/\",\"name\":\"Bildverktyg - Papunet p\u00e5 svenska\",\"isPartOf\":{\"@id\":\"https:\/\/papunet.net\/sv\/#website\"},\"primaryImageOfPage\":{\"@id\":\"https:\/\/papunet.net\/sv\/bildverktyg\/#primaryimage\"},\"image\":{\"@id\":\"https:\/\/papunet.net\/sv\/bildverktyg\/#primaryimage\"},\"thumbnailUrl\":\"https:\/\/papunet.net\/sv\/wp-content\/uploads\/sites\/2\/2023\/09\/mista_ja_millaiset_kuvat_2.png\",\"datePublished\":\"2023-07-19T10:04:50+00:00\",\"dateModified\":\"2026-01-08T12:16:08+00:00\",\"breadcrumb\":{\"@id\":\"https:\/\/papunet.net\/sv\/bildverktyg\/#breadcrumb\"},\"inLanguage\":\"sv-SE\",\"potentialAction\":[{\"@type\":\"ReadAction\",\"target\":[\"https:\/\/papunet.net\/sv\/bildverktyg\/\"]}]},{\"@type\":\"ImageObject\",\"inLanguage\":\"sv-SE\",\"@id\":\"https:\/\/papunet.net\/sv\/bildverktyg\/#primaryimage\",\"url\":\"https:\/\/papunet.net\/sv\/wp-content\/uploads\/sites\/2\/2023\/09\/mista_ja_millaiset_kuvat_2.png\",\"contentUrl\":\"https:\/\/papunet.net\/sv\/wp-content\/uploads\/sites\/2\/2023\/09\/mista_ja_millaiset_kuvat_2.png\",\"width\":500,\"height\":333},{\"@type\":\"BreadcrumbList\",\"@id\":\"https:\/\/papunet.net\/sv\/bildverktyg\/#breadcrumb\",\"itemListElement\":[{\"@type\":\"ListItem\",\"position\":1,\"name\":\"Framsida\",\"item\":\"https:\/\/papunet.net\/sv\/\"},{\"@type\":\"ListItem\",\"position\":2,\"name\":\"Bildverktyg\"}]},{\"@type\":\"WebSite\",\"@id\":\"https:\/\/papunet.net\/sv\/#website\",\"url\":\"https:\/\/papunet.net\/sv\/\",\"name\":\"Papunet p\u00e5 svenska\",\"description\":\"\",\"potentialAction\":[{\"@type\":\"SearchAction\",\"target\":{\"@type\":\"EntryPoint\",\"urlTemplate\":\"https:\/\/papunet.net\/sv\/?s={search_term_string}\"},\"query-input\":\"required name=search_term_string\"}],\"inLanguage\":\"sv-SE\"}]}<\/script>\n<!-- \/ Yoast SEO plugin. -->","yoast_head_json":{"title":"Bildverktyg - Papunet p\u00e5 svenska","robots":{"index":"index","follow":"follow","max-snippet":"max-snippet:-1","max-image-preview":"max-image-preview:large","max-video-preview":"max-video-preview:-1"},"canonical":"https:\/\/papunet.net\/sv\/bildverktyg\/","og_locale":"sv_SE","og_type":"article","og_title":"Bildverktyg - Papunet p\u00e5 svenska","og_description":"Med Papunets avgiftsfria bildbank och bildverktyg kan du enkelt g\u00f6ra material med bilder och tecken, som du kan anv\u00e4nda som st\u00f6d f\u00f6r diskussion eller vardagliga aktiviteter. I Papuri kan du ocks\u00e5 g\u00f6ra digitala b\u00f6cker med ljud och videofilmer, som \u00e4r l\u00e4tta att anv\u00e4nda. Du kan anv\u00e4nda alla bilder fr\u00e5n Papunets bildbank. I bildverktygen kan du ocks\u00e5 anv\u00e4nda egna bilder.","og_url":"https:\/\/papunet.net\/sv\/bildverktyg\/","og_site_name":"Papunet p\u00e5 svenska","article_modified_time":"2026-01-08T12:16:08+00:00","og_image":[{"width":500,"height":333,"url":"https:\/\/papunet.net\/sv\/wp-content\/uploads\/sites\/2\/2023\/09\/mista_ja_millaiset_kuvat_2.png","type":"image\/png"}],"twitter_card":"summary_large_image","twitter_misc":{"Ber\u00e4knad l\u00e4stid":"2 minuter"},"schema":{"@context":"https:\/\/schema.org","@graph":[{"@type":"WebPage","@id":"https:\/\/papunet.net\/sv\/bildverktyg\/","url":"https:\/\/papunet.net\/sv\/bildverktyg\/","name":"Bildverktyg - Papunet p\u00e5 svenska","isPartOf":{"@id":"https:\/\/papunet.net\/sv\/#website"},"primaryImageOfPage":{"@id":"https:\/\/papunet.net\/sv\/bildverktyg\/#primaryimage"},"image":{"@id":"https:\/\/papunet.net\/sv\/bildverktyg\/#primaryimage"},"thumbnailUrl":"https:\/\/papunet.net\/sv\/wp-content\/uploads\/sites\/2\/2023\/09\/mista_ja_millaiset_kuvat_2.png","datePublished":"2023-07-19T10:04:50+00:00","dateModified":"2026-01-08T12:16:08+00:00","breadcrumb":{"@id":"https:\/\/papunet.net\/sv\/bildverktyg\/#breadcrumb"},"inLanguage":"sv-SE","potentialAction":[{"@type":"ReadAction","target":["https:\/\/papunet.net\/sv\/bildverktyg\/"]}]},{"@type":"ImageObject","inLanguage":"sv-SE","@id":"https:\/\/papunet.net\/sv\/bildverktyg\/#primaryimage","url":"https:\/\/papunet.net\/sv\/wp-content\/uploads\/sites\/2\/2023\/09\/mista_ja_millaiset_kuvat_2.png","contentUrl":"https:\/\/papunet.net\/sv\/wp-content\/uploads\/sites\/2\/2023\/09\/mista_ja_millaiset_kuvat_2.png","width":500,"height":333},{"@type":"BreadcrumbList","@id":"https:\/\/papunet.net\/sv\/bildverktyg\/#breadcrumb","itemListElement":[{"@type":"ListItem","position":1,"name":"Framsida","item":"https:\/\/papunet.net\/sv\/"},{"@type":"ListItem","position":2,"name":"Bildverktyg"}]},{"@type":"WebSite","@id":"https:\/\/papunet.net\/sv\/#website","url":"https:\/\/papunet.net\/sv\/","name":"Papunet p\u00e5 svenska","description":"","potentialAction":[{"@type":"SearchAction","target":{"@type":"EntryPoint","urlTemplate":"https:\/\/papunet.net\/sv\/?s={search_term_string}"},"query-input":"required name=search_term_string"}],"inLanguage":"sv-SE"}]}},"acf":[],"_links":{"self":[{"href":"https:\/\/papunet.net\/sv\/wp-json\/wp\/v2\/pages\/136","targetHints":{"allow":["GET"]}}],"collection":[{"href":"https:\/\/papunet.net\/sv\/wp-json\/wp\/v2\/pages"}],"about":[{"href":"https:\/\/papunet.net\/sv\/wp-json\/wp\/v2\/types\/page"}],"author":[{"embeddable":true,"href":"https:\/\/papunet.net\/sv\/wp-json\/wp\/v2\/users\/16"}],"replies":[{"embeddable":true,"href":"https:\/\/papunet.net\/sv\/wp-json\/wp\/v2\/comments?post=136"}],"version-history":[{"count":15,"href":"https:\/\/papunet.net\/sv\/wp-json\/wp\/v2\/pages\/136\/revisions"}],"predecessor-version":[{"id":6676,"href":"https:\/\/papunet.net\/sv\/wp-json\/wp\/v2\/pages\/136\/revisions\/6676"}],"wp:featuredmedia":[{"embeddable":true,"href":"https:\/\/papunet.net\/sv\/wp-json\/wp\/v2\/media\/823"}],"wp:attachment":[{"href":"https:\/\/papunet.net\/sv\/wp-json\/wp\/v2\/media?parent=136"}],"wp:term":[{"taxonomy":"content_types","embeddable":true,"href":"https:\/\/papunet.net\/sv\/wp-json\/wp\/v2\/content_types?post=136"},{"taxonomy":"id_themes","embeddable":true,"href":"https:\/\/papunet.net\/sv\/wp-json\/wp\/v2\/id_themes?post=136"}],"curies":[{"name":"wp","href":"https:\/\/api.w.org\/{rel}","templated":true}]}}