{"id":144,"date":"2023-07-19T13:07:46","date_gmt":"2023-07-19T10:07:46","guid":{"rendered":"https:\/\/papunet.net\/sv\/?page_id=144"},"modified":"2023-09-08T11:42:06","modified_gmt":"2023-09-08T08:42:06","slug":"tillganglighet","status":"publish","type":"page","link":"https:\/\/papunet.net\/sv\/tillganglighet\/","title":{"rendered":"Tillg\u00e4nglighet"},"content":{"rendered":"\n<p>Med tillg\u00e4ngliga webbtj\u00e4nster kan man f\u00f6rb\u00e4ttra m\u00e4nniskors j\u00e4mlikhet. N\u00e4r tj\u00e4nsterna g\u00f6rs tillg\u00e4ngliga och tillr\u00e4ckligt l\u00e4tta att anv\u00e4nda, har alla m\u00f6jlighet att anv\u00e4nda dem, oberoende av funktionsf\u00f6rm\u00e5ga eller funktionsneds\u00e4ttning.<\/p>\n\n\n\n<p>P\u00e5 Papunets tillg\u00e4nglighetssidor finns information om hur du kan planera, utveckla och utv\u00e4rdera webbsidors tillg\u00e4nglighet. P\u00e5 Papunets tillg\u00e4nglighetssidor finns omfattande information om olika delomr\u00e5den som ber\u00f6r tillg\u00e4ngligheten. Du kan ocks\u00e5 bekanta dig med Papunets utbildningar om och utv\u00e4rderingstj\u00e4nster f\u00f6r tillg\u00e4ngliga webbsidor.<\/p>\n\n\n\n<div class=\"wp-block-buttons is-layout-flex wp-block-buttons-is-layout-flex\">\n<div class=\"wp-block-button\"><a class=\"wp-block-button__link wp-element-button\" href=\"https:\/\/papunet.net\/saavutettavuus\/pa-svenska\/\">Papunets tillg\u00e4nglighetssidor<\/a><\/div>\n<\/div>\n","protected":false},"excerpt":{"rendered":"<p>Med tillg\u00e4ngliga webbtj\u00e4nster kan man f\u00f6rb\u00e4ttra m\u00e4nniskors j\u00e4mlikhet. N\u00e4r tj\u00e4nsterna g\u00f6rs tillg\u00e4ngliga och tillr\u00e4ckligt l\u00e4tta att anv\u00e4nda, har alla m\u00f6jlighet att anv\u00e4nda dem, oberoende av funktionsf\u00f6rm\u00e5ga eller funktionsneds\u00e4ttning. P\u00e5 Papunets&hellip;<\/p>\n","protected":false},"author":16,"featured_media":0,"parent":0,"menu_order":0,"comment_status":"closed","ping_status":"closed","template":"","meta":{"_acf_changed":false,"_relevanssi_hide_post":"","_relevanssi_pin_for_all":"","_relevanssi_pin_keywords":"","_relevanssi_unpin_keywords":"","_relevanssi_related_keywords":"","_relevanssi_related_include_ids":"","_relevanssi_related_exclude_ids":"","_relevanssi_related_no_append":"","_relevanssi_related_not_related":"","_relevanssi_related_posts":"1","_relevanssi_noindex_reason":"","footnotes":""},"content_types":[],"id_themes":[],"class_list":["post-144","page","type-page","status-publish","hentry"],"yoast_head":"<!-- This site is optimized with the Yoast SEO plugin v22.7 - https:\/\/yoast.com\/wordpress\/plugins\/seo\/ -->\n<title>Tillg\u00e4nglighet - Papunet p\u00e5 svenska<\/title>\n<meta name=\"robots\" content=\"index, follow, max-snippet:-1, max-image-preview:large, max-video-preview:-1\" \/>\n<link rel=\"canonical\" href=\"https:\/\/papunet.net\/sv\/tillganglighet\/\" \/>\n<meta property=\"og:locale\" content=\"sv_SE\" \/>\n<meta property=\"og:type\" content=\"article\" \/>\n<meta property=\"og:title\" content=\"Tillg\u00e4nglighet - Papunet p\u00e5 svenska\" \/>\n<meta property=\"og:description\" content=\"Med tillg\u00e4ngliga webbtj\u00e4nster kan man f\u00f6rb\u00e4ttra m\u00e4nniskors j\u00e4mlikhet. N\u00e4r tj\u00e4nsterna g\u00f6rs tillg\u00e4ngliga och tillr\u00e4ckligt l\u00e4tta att anv\u00e4nda, har alla m\u00f6jlighet att anv\u00e4nda dem, oberoende av funktionsf\u00f6rm\u00e5ga eller funktionsneds\u00e4ttning. P\u00e5 Papunets&hellip;\" \/>\n<meta property=\"og:url\" content=\"https:\/\/papunet.net\/sv\/tillganglighet\/\" \/>\n<meta property=\"og:site_name\" content=\"Papunet p\u00e5 svenska\" \/>\n<meta property=\"article:modified_time\" content=\"2023-09-08T08:42:06+00:00\" \/>\n<meta name=\"twitter:card\" content=\"summary_large_image\" \/>\n<meta name=\"twitter:label1\" content=\"Ber\u00e4knad l\u00e4stid\" \/>\n\t<meta name=\"twitter:data1\" content=\"1 minut\" \/>\n<script type=\"application\/ld+json\" class=\"yoast-schema-graph\">{\"@context\":\"https:\/\/schema.org\",\"@graph\":[{\"@type\":\"WebPage\",\"@id\":\"https:\/\/papunet.net\/sv\/tillganglighet\/\",\"url\":\"https:\/\/papunet.net\/sv\/tillganglighet\/\",\"name\":\"Tillg\u00e4nglighet - Papunet p\u00e5 svenska\",\"isPartOf\":{\"@id\":\"https:\/\/papunet.net\/sv\/#website\"},\"datePublished\":\"2023-07-19T10:07:46+00:00\",\"dateModified\":\"2023-09-08T08:42:06+00:00\",\"breadcrumb\":{\"@id\":\"https:\/\/papunet.net\/sv\/tillganglighet\/#breadcrumb\"},\"inLanguage\":\"sv-SE\",\"potentialAction\":[{\"@type\":\"ReadAction\",\"target\":[\"https:\/\/papunet.net\/sv\/tillganglighet\/\"]}]},{\"@type\":\"BreadcrumbList\",\"@id\":\"https:\/\/papunet.net\/sv\/tillganglighet\/#breadcrumb\",\"itemListElement\":[{\"@type\":\"ListItem\",\"position\":1,\"name\":\"Framsida\",\"item\":\"https:\/\/papunet.net\/sv\/\"},{\"@type\":\"ListItem\",\"position\":2,\"name\":\"Tillg\u00e4nglighet\"}]},{\"@type\":\"WebSite\",\"@id\":\"https:\/\/papunet.net\/sv\/#website\",\"url\":\"https:\/\/papunet.net\/sv\/\",\"name\":\"Papunet p\u00e5 svenska\",\"description\":\"\",\"potentialAction\":[{\"@type\":\"SearchAction\",\"target\":{\"@type\":\"EntryPoint\",\"urlTemplate\":\"https:\/\/papunet.net\/sv\/?s={search_term_string}\"},\"query-input\":\"required name=search_term_string\"}],\"inLanguage\":\"sv-SE\"}]}<\/script>\n<!-- \/ Yoast SEO plugin. -->","yoast_head_json":{"title":"Tillg\u00e4nglighet - Papunet p\u00e5 svenska","robots":{"index":"index","follow":"follow","max-snippet":"max-snippet:-1","max-image-preview":"max-image-preview:large","max-video-preview":"max-video-preview:-1"},"canonical":"https:\/\/papunet.net\/sv\/tillganglighet\/","og_locale":"sv_SE","og_type":"article","og_title":"Tillg\u00e4nglighet - Papunet p\u00e5 svenska","og_description":"Med tillg\u00e4ngliga webbtj\u00e4nster kan man f\u00f6rb\u00e4ttra m\u00e4nniskors j\u00e4mlikhet. N\u00e4r tj\u00e4nsterna g\u00f6rs tillg\u00e4ngliga och tillr\u00e4ckligt l\u00e4tta att anv\u00e4nda, har alla m\u00f6jlighet att anv\u00e4nda dem, oberoende av funktionsf\u00f6rm\u00e5ga eller funktionsneds\u00e4ttning. P\u00e5 Papunets&hellip;","og_url":"https:\/\/papunet.net\/sv\/tillganglighet\/","og_site_name":"Papunet p\u00e5 svenska","article_modified_time":"2023-09-08T08:42:06+00:00","twitter_card":"summary_large_image","twitter_misc":{"Ber\u00e4knad l\u00e4stid":"1 minut"},"schema":{"@context":"https:\/\/schema.org","@graph":[{"@type":"WebPage","@id":"https:\/\/papunet.net\/sv\/tillganglighet\/","url":"https:\/\/papunet.net\/sv\/tillganglighet\/","name":"Tillg\u00e4nglighet - Papunet p\u00e5 svenska","isPartOf":{"@id":"https:\/\/papunet.net\/sv\/#website"},"datePublished":"2023-07-19T10:07:46+00:00","dateModified":"2023-09-08T08:42:06+00:00","breadcrumb":{"@id":"https:\/\/papunet.net\/sv\/tillganglighet\/#breadcrumb"},"inLanguage":"sv-SE","potentialAction":[{"@type":"ReadAction","target":["https:\/\/papunet.net\/sv\/tillganglighet\/"]}]},{"@type":"BreadcrumbList","@id":"https:\/\/papunet.net\/sv\/tillganglighet\/#breadcrumb","itemListElement":[{"@type":"ListItem","position":1,"name":"Framsida","item":"https:\/\/papunet.net\/sv\/"},{"@type":"ListItem","position":2,"name":"Tillg\u00e4nglighet"}]},{"@type":"WebSite","@id":"https:\/\/papunet.net\/sv\/#website","url":"https:\/\/papunet.net\/sv\/","name":"Papunet p\u00e5 svenska","description":"","potentialAction":[{"@type":"SearchAction","target":{"@type":"EntryPoint","urlTemplate":"https:\/\/papunet.net\/sv\/?s={search_term_string}"},"query-input":"required name=search_term_string"}],"inLanguage":"sv-SE"}]}},"acf":[],"_links":{"self":[{"href":"https:\/\/papunet.net\/sv\/wp-json\/wp\/v2\/pages\/144","targetHints":{"allow":["GET"]}}],"collection":[{"href":"https:\/\/papunet.net\/sv\/wp-json\/wp\/v2\/pages"}],"about":[{"href":"https:\/\/papunet.net\/sv\/wp-json\/wp\/v2\/types\/page"}],"author":[{"embeddable":true,"href":"https:\/\/papunet.net\/sv\/wp-json\/wp\/v2\/users\/16"}],"replies":[{"embeddable":true,"href":"https:\/\/papunet.net\/sv\/wp-json\/wp\/v2\/comments?post=144"}],"version-history":[{"count":6,"href":"https:\/\/papunet.net\/sv\/wp-json\/wp\/v2\/pages\/144\/revisions"}],"predecessor-version":[{"id":612,"href":"https:\/\/papunet.net\/sv\/wp-json\/wp\/v2\/pages\/144\/revisions\/612"}],"wp:attachment":[{"href":"https:\/\/papunet.net\/sv\/wp-json\/wp\/v2\/media?parent=144"}],"wp:term":[{"taxonomy":"content_types","embeddable":true,"href":"https:\/\/papunet.net\/sv\/wp-json\/wp\/v2\/content_types?post=144"},{"taxonomy":"id_themes","embeddable":true,"href":"https:\/\/papunet.net\/sv\/wp-json\/wp\/v2\/id_themes?post=144"}],"curies":[{"name":"wp","href":"https:\/\/api.w.org\/{rel}","templated":true}]}}