{"id":1723,"date":"2023-09-27T08:41:53","date_gmt":"2023-09-27T05:41:53","guid":{"rendered":"https:\/\/papunet.net\/sv\/?page_id=1723"},"modified":"2023-09-27T08:58:49","modified_gmt":"2023-09-27T05:58:49","slug":"dataskyddsmeddelande-anvandare-av-papunets-bildverktyg","status":"publish","type":"page","link":"https:\/\/papunet.net\/sv\/anvandarvillkor-och-meddelanden\/dataskyddsmeddelande-anvandare-av-papunets-bildverktyg\/","title":{"rendered":"Dataskyddsmeddelande, Anv\u00e4ndare av Papunets bildverktyg"},"content":{"rendered":"\n<p>Allm\u00e4n dataskyddsf\u00f6rordning (EU 679\/2016)<\/p>\n\n\n\n<h2 class=\"wp-block-heading\">1. Registeransvarig<\/h2>\n\n\n\n<p>Kehitysvammaliitto ry \/ Papunet-verkkopalvelut<br>Organisationsnummer: 0116608-8<br>Linnoitustie 2 B<br>02600 ESBO<br>Telefon: (09) 348 090 (v\u00e4xel)<\/p>\n\n\n\n<h2 class=\"wp-block-heading\">2. Kontaktperson f\u00f6r fr\u00e5gor om registret<\/h2>\n\n\n\n<p>Namn: Sami \u00c4lli<br>Telefon: (09) 348 090 (v\u00e4xel)<br>E-post: <a href=\"mailto:sami.alli@kvl.fi\">sami.alli@kvl.fi<\/a><\/p>\n\n\n\n<p>Du kan beg\u00e4ra ytterligare information om detta meddelande eller anv\u00e4ndningen av dina personuppgifter fr\u00e5n kontaktpersonen.<\/p>\n\n\n\n<h2 class=\"wp-block-heading\">3. Dataskyddsombud<\/h2>\n\n\n\n<p>Namn: Marko Peltom\u00e4ki<br>Telefon: (09) 3480 9262<br>E-post: <a href=\"mailto:marko.peltomaki@kvl.fi\">marko.peltomaki@kvl.fi<\/a><\/p>\n\n\n\n<h2 class=\"wp-block-heading\">4. Registerbeteckning<\/h2>\n\n\n\n<p>Anv\u00e4ndare av Papunets bildverktyg<\/p>\n\n\n\n<h2 class=\"wp-block-heading\">5. R\u00e4ttslig grund och \u00e4ndam\u00e5l f\u00f6r behandlingen av personuppgifter<\/h2>\n\n\n\n<p>Grunden f\u00f6r behandlingen av personuppgifter \u00e4r anv\u00e4ndarens samtycke.<\/p>\n\n\n\n<p>Registeruppgifter anv\u00e4nds f\u00f6r att identifiera anv\u00e4ndarna av tj\u00e4nsten och f\u00f6r att informera om f\u00f6r\u00e4ndringar som r\u00f6r anv\u00e4ndarna. Uppgifterna anv\u00e4nds ocks\u00e5 f\u00f6r att \u00f6vervaka och utreda eventuella missbruk.<\/p>\n\n\n\n<h2 class=\"wp-block-heading\">6. Inneh\u00e5ll i registret, uppgifter som lagras<\/h2>\n\n\n\n<p>E-postadress<br>Komprimering av l\u00f6senordet<br>Senaste inloggningsdatum<br>IP-adress via vilken anv\u00e4ndarnamnet erh\u00f6lls<\/p>\n\n\n\n<h2 class=\"wp-block-heading\">7. Regelm\u00e4ssiga informationsk\u00e4llor<\/h2>\n\n\n\n<p>Uppgifter i detta register samlas in n\u00e4r kunder registrerar sig som anv\u00e4ndare av tj\u00e4nsten och n\u00e4r de anv\u00e4nder tj\u00e4nsten.<\/p>\n\n\n\n<h2 class=\"wp-block-heading\">8. \u00d6verf\u00f6ring av uppgifter utanf\u00f6r EU eller EES<\/h2>\n\n\n\n<p>Uppgifter \u00f6verf\u00f6rs inte utanf\u00f6r EU eller EES, och de delas inte med utomst\u00e5ende, f\u00f6rutom den server som administreras och s\u00e4kras av v\u00e5r tj\u00e4nsteleverant\u00f6r d\u00e4r personuppgifterna lagras.<\/p>\n\n\n\n<p>Uppgifter kan dock l\u00e4mnas ut i enlighet med krav fr\u00e5n beh\u00f6riga myndigheter eller andra instanser i enlighet med g\u00e4llande lagstiftning.<\/p>\n\n\n\n<h2 class=\"wp-block-heading\">9. Principer f\u00f6r registerskydd och datalagring<\/h2>\n\n\n\n<p>Manuella uppgifter uppr\u00e4tth\u00e5lls inte. Registret skyddas med moderna tekniska l\u00f6sningar (brandv\u00e4ggar, personliga anv\u00e4ndaridentiteter och l\u00f6senord, andra tekniska l\u00f6sningar fr\u00e5n tj\u00e4nsteleverant\u00f6ren).<\/p>\n\n\n\n<p>Endast de personer, som \u00e4r anst\u00e4llda av Kehitysvammaliitto och som beh\u00f6ver dessa uppgifter f\u00f6r att utf\u00f6ra sina arbetsuppgifter, har tillg\u00e5ng till registret. Dessa personer har tystnadsplikt och har egna personliga anv\u00e4ndaridentiteter och l\u00f6senord. Uppgifterna sparas tills anv\u00e4ndaren sj\u00e4lv beg\u00e4r att de raderas, enligt kontaktinformationen i punkt (2).<\/p>\n\n\n\n<h2 class=\"wp-block-heading\">10. R\u00e4tt till insyn, r\u00e4tt att inv\u00e4nda och att bli borttagen ur registret<\/h2>\n\n\n\n<p>Den registrerade har r\u00e4tt att granska de uppgifter som registrerats om dem i personregistret och beg\u00e4ra r\u00e4ttelse eller borttagning av felaktig information om det finns lagliga sk\u00e4l f\u00f6r det. Den registrerade har ocks\u00e5 r\u00e4tt att \u00e5terkalla sitt samtycke eller \u00e4ndra det.<\/p>\n\n\n\n<p>Enligt den allm\u00e4nna dataskyddsf\u00f6rordningen (EU 679\/2016) har den registrerade r\u00e4tt att inv\u00e4nda mot eller beg\u00e4ra begr\u00e4nsning av behandlingen av uppgifter samt att l\u00e4mna in klagom\u00e5l till tillsynsmyndigheten avseende behandlingen av personuppgifter.<\/p>\n\n\n\n<p>Av s\u00e4rskilda personliga sk\u00e4l har den registrerade ocks\u00e5 r\u00e4tt att inv\u00e4nda mot profilering och andra behandlings\u00e5tg\u00e4rder som r\u00f6r den registrerade och som grundar sig p\u00e5 f\u00f6rh\u00e5llandet mellan den registrerade och registeransvarig. Registeransvarig kan avvisa en beg\u00e4ran om inv\u00e4ndning enligt lagens best\u00e4mmelser. Den registrerade har ocks\u00e5 r\u00e4tt att kostnadsfritt inv\u00e4nda mot behandling av uppgifter, inklusive profilering, i den m\u00e5n det r\u00f6r direktmarknadsf\u00f6ring.<\/p>\n\n\n\n<p>Alla kontakter och beg\u00e4ran som g\u00e4ller detta meddelande b\u00f6r framst\u00e4llas skriftligt eller personligen till den kontaktperson som anges i punkt (2).<\/p>\n\n\n\n<p>En person som \u00e4r registrerad i registret kan ta bort sig fr\u00e5n registret genom att kontakta den person som anges som kontakt f\u00f6r register\u00e4renden i punkt (2).<\/p>\n\n\n\n<p>11. \u00c4ndringar i dataskyddsmeddelandet<\/p>\n\n\n\n<p>Kehitysvammaliitto ry. f\u00f6rbeh\u00e5ller sig r\u00e4tten att \u00e4ndra detta dataskyddsmeddelande.<\/p>\n\n\n\n<p><em>Detta dataskyddsmeddelande uppdaterades den 27 september 2023.<\/em><\/p>\n","protected":false},"excerpt":{"rendered":"<p>I detta dataskyddsmeddelande informeras om vilka personuppgifter som samlas in fr\u00e5n anv\u00e4ndare som registrerar sig f\u00f6r bildverktygen och vad som g\u00f6rs med dessa personuppgifter.<\/p>\n","protected":false},"author":19,"featured_media":0,"parent":1003,"menu_order":0,"comment_status":"closed","ping_status":"closed","template":"","meta":{"_acf_changed":false,"_relevanssi_hide_post":"","_relevanssi_pin_for_all":"","_relevanssi_pin_keywords":"","_relevanssi_unpin_keywords":"","_relevanssi_related_keywords":"","_relevanssi_related_include_ids":"","_relevanssi_related_exclude_ids":"","_relevanssi_related_no_append":"","_relevanssi_related_not_related":"","_relevanssi_related_posts":"","_relevanssi_noindex_reason":"","footnotes":""},"content_types":[],"id_themes":[],"class_list":["post-1723","page","type-page","status-publish","hentry"],"yoast_head":"<!-- This site is optimized with the Yoast SEO plugin v22.7 - https:\/\/yoast.com\/wordpress\/plugins\/seo\/ -->\n<title>Dataskyddsmeddelande, Anv\u00e4ndare av Papunets bildverktyg - Papunet p\u00e5 svenska<\/title>\n<meta name=\"robots\" content=\"index, follow, max-snippet:-1, max-image-preview:large, max-video-preview:-1\" \/>\n<link rel=\"canonical\" href=\"https:\/\/papunet.net\/sv\/anvandarvillkor-och-meddelanden\/dataskyddsmeddelande-anvandare-av-papunets-bildverktyg\/\" \/>\n<meta property=\"og:locale\" content=\"sv_SE\" \/>\n<meta property=\"og:type\" content=\"article\" \/>\n<meta property=\"og:title\" content=\"Dataskyddsmeddelande, Anv\u00e4ndare av Papunets bildverktyg - Papunet p\u00e5 svenska\" \/>\n<meta property=\"og:description\" content=\"I detta dataskyddsmeddelande informeras om vilka personuppgifter som samlas in fr\u00e5n anv\u00e4ndare som registrerar sig f\u00f6r bildverktygen och vad som g\u00f6rs med dessa personuppgifter.\" \/>\n<meta property=\"og:url\" content=\"https:\/\/papunet.net\/sv\/anvandarvillkor-och-meddelanden\/dataskyddsmeddelande-anvandare-av-papunets-bildverktyg\/\" \/>\n<meta property=\"og:site_name\" content=\"Papunet p\u00e5 svenska\" \/>\n<meta property=\"article:modified_time\" content=\"2023-09-27T05:58:49+00:00\" \/>\n<meta name=\"twitter:card\" content=\"summary_large_image\" \/>\n<meta name=\"twitter:label1\" content=\"Ber\u00e4knad l\u00e4stid\" \/>\n\t<meta name=\"twitter:data1\" content=\"3 minuter\" \/>\n<script type=\"application\/ld+json\" class=\"yoast-schema-graph\">{\"@context\":\"https:\/\/schema.org\",\"@graph\":[{\"@type\":\"WebPage\",\"@id\":\"https:\/\/papunet.net\/sv\/anvandarvillkor-och-meddelanden\/dataskyddsmeddelande-anvandare-av-papunets-bildverktyg\/\",\"url\":\"https:\/\/papunet.net\/sv\/anvandarvillkor-och-meddelanden\/dataskyddsmeddelande-anvandare-av-papunets-bildverktyg\/\",\"name\":\"Dataskyddsmeddelande, Anv\u00e4ndare av Papunets bildverktyg - Papunet p\u00e5 svenska\",\"isPartOf\":{\"@id\":\"https:\/\/papunet.net\/sv\/#website\"},\"datePublished\":\"2023-09-27T05:41:53+00:00\",\"dateModified\":\"2023-09-27T05:58:49+00:00\",\"breadcrumb\":{\"@id\":\"https:\/\/papunet.net\/sv\/anvandarvillkor-och-meddelanden\/dataskyddsmeddelande-anvandare-av-papunets-bildverktyg\/#breadcrumb\"},\"inLanguage\":\"sv-SE\",\"potentialAction\":[{\"@type\":\"ReadAction\",\"target\":[\"https:\/\/papunet.net\/sv\/anvandarvillkor-och-meddelanden\/dataskyddsmeddelande-anvandare-av-papunets-bildverktyg\/\"]}]},{\"@type\":\"BreadcrumbList\",\"@id\":\"https:\/\/papunet.net\/sv\/anvandarvillkor-och-meddelanden\/dataskyddsmeddelande-anvandare-av-papunets-bildverktyg\/#breadcrumb\",\"itemListElement\":[{\"@type\":\"ListItem\",\"position\":1,\"name\":\"Framsida\",\"item\":\"https:\/\/papunet.net\/sv\/\"},{\"@type\":\"ListItem\",\"position\":2,\"name\":\"Anv\u00e4ndarvillkor och meddelanden\",\"item\":\"https:\/\/papunet.net\/sv\/anvandarvillkor-och-meddelanden\/\"},{\"@type\":\"ListItem\",\"position\":3,\"name\":\"Dataskyddsmeddelande, Anv\u00e4ndare av Papunets bildverktyg\"}]},{\"@type\":\"WebSite\",\"@id\":\"https:\/\/papunet.net\/sv\/#website\",\"url\":\"https:\/\/papunet.net\/sv\/\",\"name\":\"Papunet p\u00e5 svenska\",\"description\":\"\",\"potentialAction\":[{\"@type\":\"SearchAction\",\"target\":{\"@type\":\"EntryPoint\",\"urlTemplate\":\"https:\/\/papunet.net\/sv\/?s={search_term_string}\"},\"query-input\":\"required name=search_term_string\"}],\"inLanguage\":\"sv-SE\"}]}<\/script>\n<!-- \/ Yoast SEO plugin. -->","yoast_head_json":{"title":"Dataskyddsmeddelande, Anv\u00e4ndare av Papunets bildverktyg - Papunet p\u00e5 svenska","robots":{"index":"index","follow":"follow","max-snippet":"max-snippet:-1","max-image-preview":"max-image-preview:large","max-video-preview":"max-video-preview:-1"},"canonical":"https:\/\/papunet.net\/sv\/anvandarvillkor-och-meddelanden\/dataskyddsmeddelande-anvandare-av-papunets-bildverktyg\/","og_locale":"sv_SE","og_type":"article","og_title":"Dataskyddsmeddelande, Anv\u00e4ndare av Papunets bildverktyg - Papunet p\u00e5 svenska","og_description":"I detta dataskyddsmeddelande informeras om vilka personuppgifter som samlas in fr\u00e5n anv\u00e4ndare som registrerar sig f\u00f6r bildverktygen och vad som g\u00f6rs med dessa personuppgifter.","og_url":"https:\/\/papunet.net\/sv\/anvandarvillkor-och-meddelanden\/dataskyddsmeddelande-anvandare-av-papunets-bildverktyg\/","og_site_name":"Papunet p\u00e5 svenska","article_modified_time":"2023-09-27T05:58:49+00:00","twitter_card":"summary_large_image","twitter_misc":{"Ber\u00e4knad l\u00e4stid":"3 minuter"},"schema":{"@context":"https:\/\/schema.org","@graph":[{"@type":"WebPage","@id":"https:\/\/papunet.net\/sv\/anvandarvillkor-och-meddelanden\/dataskyddsmeddelande-anvandare-av-papunets-bildverktyg\/","url":"https:\/\/papunet.net\/sv\/anvandarvillkor-och-meddelanden\/dataskyddsmeddelande-anvandare-av-papunets-bildverktyg\/","name":"Dataskyddsmeddelande, Anv\u00e4ndare av Papunets bildverktyg - Papunet p\u00e5 svenska","isPartOf":{"@id":"https:\/\/papunet.net\/sv\/#website"},"datePublished":"2023-09-27T05:41:53+00:00","dateModified":"2023-09-27T05:58:49+00:00","breadcrumb":{"@id":"https:\/\/papunet.net\/sv\/anvandarvillkor-och-meddelanden\/dataskyddsmeddelande-anvandare-av-papunets-bildverktyg\/#breadcrumb"},"inLanguage":"sv-SE","potentialAction":[{"@type":"ReadAction","target":["https:\/\/papunet.net\/sv\/anvandarvillkor-och-meddelanden\/dataskyddsmeddelande-anvandare-av-papunets-bildverktyg\/"]}]},{"@type":"BreadcrumbList","@id":"https:\/\/papunet.net\/sv\/anvandarvillkor-och-meddelanden\/dataskyddsmeddelande-anvandare-av-papunets-bildverktyg\/#breadcrumb","itemListElement":[{"@type":"ListItem","position":1,"name":"Framsida","item":"https:\/\/papunet.net\/sv\/"},{"@type":"ListItem","position":2,"name":"Anv\u00e4ndarvillkor och meddelanden","item":"https:\/\/papunet.net\/sv\/anvandarvillkor-och-meddelanden\/"},{"@type":"ListItem","position":3,"name":"Dataskyddsmeddelande, Anv\u00e4ndare av Papunets bildverktyg"}]},{"@type":"WebSite","@id":"https:\/\/papunet.net\/sv\/#website","url":"https:\/\/papunet.net\/sv\/","name":"Papunet p\u00e5 svenska","description":"","potentialAction":[{"@type":"SearchAction","target":{"@type":"EntryPoint","urlTemplate":"https:\/\/papunet.net\/sv\/?s={search_term_string}"},"query-input":"required name=search_term_string"}],"inLanguage":"sv-SE"}]}},"acf":[],"_links":{"self":[{"href":"https:\/\/papunet.net\/sv\/wp-json\/wp\/v2\/pages\/1723","targetHints":{"allow":["GET"]}}],"collection":[{"href":"https:\/\/papunet.net\/sv\/wp-json\/wp\/v2\/pages"}],"about":[{"href":"https:\/\/papunet.net\/sv\/wp-json\/wp\/v2\/types\/page"}],"author":[{"embeddable":true,"href":"https:\/\/papunet.net\/sv\/wp-json\/wp\/v2\/users\/19"}],"replies":[{"embeddable":true,"href":"https:\/\/papunet.net\/sv\/wp-json\/wp\/v2\/comments?post=1723"}],"version-history":[{"count":5,"href":"https:\/\/papunet.net\/sv\/wp-json\/wp\/v2\/pages\/1723\/revisions"}],"predecessor-version":[{"id":1745,"href":"https:\/\/papunet.net\/sv\/wp-json\/wp\/v2\/pages\/1723\/revisions\/1745"}],"up":[{"embeddable":true,"href":"https:\/\/papunet.net\/sv\/wp-json\/wp\/v2\/pages\/1003"}],"wp:attachment":[{"href":"https:\/\/papunet.net\/sv\/wp-json\/wp\/v2\/media?parent=1723"}],"wp:term":[{"taxonomy":"content_types","embeddable":true,"href":"https:\/\/papunet.net\/sv\/wp-json\/wp\/v2\/content_types?post=1723"},{"taxonomy":"id_themes","embeddable":true,"href":"https:\/\/papunet.net\/sv\/wp-json\/wp\/v2\/id_themes?post=1723"}],"curies":[{"name":"wp","href":"https:\/\/api.w.org\/{rel}","templated":true}]}}