{"id":1729,"date":"2023-09-27T08:41:52","date_gmt":"2023-09-27T05:41:52","guid":{"rendered":"https:\/\/papunet.net\/sv\/?page_id=1729"},"modified":"2023-09-27T08:48:46","modified_gmt":"2023-09-27T05:48:46","slug":"anvandarvillkor-for-webbtjanster","status":"publish","type":"page","link":"https:\/\/papunet.net\/sv\/anvandarvillkor-och-meddelanden\/anvandarvillkor-for-webbtjanster\/","title":{"rendered":"Anv\u00e4ndarvillkor f\u00f6r webbtj\u00e4nster"},"content":{"rendered":"\n<p>Webbsidan inneh\u00e5ller sidor med information, material och bildverktyg samt spelsidor, bildsidor och sidor om tillg\u00e4nglighet. En stor del av inneh\u00e5llet \u00e4r \u00f6versatt till svenska, och spelsidorna \u00e4r ocks\u00e5 tillg\u00e4ngliga p\u00e5 engelska.<\/p>\n\n\n\n<p>Webbsidan uppr\u00e4tth\u00e5lls av Papunet som lyder under Kehitysvammaliitto. L\u00e4rum och Folkh\u00e4lsan ansvarar f\u00f6r det svenska inneh\u00e5llet.<\/p>\n\n\n\n<h2 class=\"wp-block-heading\"><strong>Att anv\u00e4nda webbtj\u00e4nsten&nbsp;<\/strong><\/h2>\n\n\n\n<p>Papunet-webbtj\u00e4nsten \u00e4r \u00f6ppen och gratis f\u00f6r alla att anv\u00e4nda.<\/p>\n\n\n\n<p>Upphovsr\u00e4tten till webbtj\u00e4nstens inneh\u00e5ll tillh\u00f6r Papunet och samarbetspartners som har producerat inneh\u00e5llet.<\/p>\n\n\n\n<p>Inneh\u00e5llet i webbtj\u00e4nsten kan l\u00e4nkas fritt till andra webbplatser.<\/p>\n\n\n\n<p>Inneh\u00e5llet i webbtj\u00e4nsten kan fritt citeras, f\u00f6rutsatt att korrekta k\u00e4llh\u00e4nvisningar anv\u00e4nds. Det \u00e4r bra att n\u00e4mna Papunet, datum eller \u00e5r och webbadressen f\u00f6r den sida som citeras.<\/p>\n\n\n\n<p>Sidor fr\u00e5n webbtj\u00e4nsten kan skrivas ut och utskrifter kan delas ut, till exempel f\u00f6r kundbruk.<\/p>\n\n\n\n<p>Bilder, videor och annat material p\u00e5 webbtj\u00e4nstens sidor f\u00e5r inte ,utan tillst\u00e5nd, delas ut delas ut ur sitt sammanhang.&nbsp;<\/p>\n\n\n\n<p>Webbtj\u00e4nsten inneh\u00e5ller en bildbank vars bilder kan anv\u00e4ndas direkt eller genom bildverktygen. Bildbankens bilder kan anv\u00e4ndas fritt f\u00f6r alla icke-kommersiella \u00e4ndam\u00e5l, f\u00f6rutsatt att k\u00e4llan till bilderna anges. <a href=\"https:\/\/papunet.net\/sv\/bildverktyg\/bildbanken\/\">Bekanta dig med anv\u00e4ndningsvillkoren och k\u00e4llh\u00e4nvisningarna f\u00f6r bildbanken.<\/a><\/p>\n\n\n\n<p>Om du har fr\u00e5gor om anv\u00e4ndningen av material kan du kontakta oss via e-post: <a href=\"mailto:papunet@kvl.fi\">papunet@kvl.fi<\/a>.<\/p>\n\n\n\n<h2 class=\"wp-block-heading\"><strong>S\u00e4kerhetsaspekter<\/strong><\/h2>\n\n\n\n<p>De kontaktuppgifter som anv\u00e4ndaren l\u00e4mnar i samband med registrering i Papunets bildverktyg, prenumeration p\u00e5 nyhetsbrev eller ins\u00e4ndande av respons delas inte med tredje part. Papunet hanterar personuppgifter och registrering i enlighet med personuppgiftslagen. <a href=\"https:\/\/papunet.net\/sv\/anvandarvillkor-och-meddelanden\/\">Bekanta dig med integritetspolicyerna.<\/a><\/p>\n\n\n\n<p>Papunet anv\u00e4nder cookies och samlar information om anv\u00e4ndningen av webbtj\u00e4nsten. Syftet med insamlingen av information \u00e4r att f\u00f6rb\u00e4ttra webbtj\u00e4nsten f\u00f6r att b\u00e4ttre motsvara anv\u00e4ndarnas behov. Insamlad information \u00e4r anonym och kopplas inte till enskilda anv\u00e4ndare. L\u00e4s om cookie-policy.<\/p>\n\n\n\n<h2 class=\"wp-block-heading\"><strong>R\u00e4ttigheter och ansvar<\/strong><\/h2>\n\n\n\n<p>Papunet str\u00e4var efter att h\u00e5lla informationen p\u00e5 webbtj\u00e4nsten korrekt och uppdaterad samt att s\u00e4kerst\u00e4lla webbplatsens tekniska funktion. I vissa situationer kan dock aktuell information och teknisk funktionalitet inte garanteras.<\/p>\n\n\n\n<p>Papunet tar inte ansvar f\u00f6r anv\u00e4ndningen eller tolkningen av informationen som finns p\u00e5 webbtj\u00e4nsten eller f\u00f6r direkta eller indirekta skador eller kostnader som kan uppst\u00e5 till f\u00f6ljd av tekniska st\u00f6rningar p\u00e5 webbtj\u00e4nsten.<\/p>\n\n\n\n<p>Papunet har r\u00e4tt att ta bort material fr\u00e5n webbtj\u00e4nsten, till exempel material som \u00e4r rasistiskt, kr\u00e4nker m\u00e4nsklig v\u00e4rdighet, bryter mot integritetsskyddet eller \u00e4r marknadsf\u00f6ringsrelaterat.<\/p>\n\n\n\n<p>Webbtj\u00e4nsten inneh\u00e5ller l\u00e4nkar till externa webbplatser som har sina egna anv\u00e4ndarvillkor. Papunet tar inte ansvar f\u00f6r inneh\u00e5llet eller tillg\u00e4ngligheten p\u00e5 externa webbplatser.<\/p>\n\n\n\n<p>Papunet har r\u00e4tt att \u00e4ndra inneh\u00e5llet i webbtj\u00e4nsten, dess funktioner och dessa anv\u00e4ndarvillkor f\u00f6r att utveckla webbtj\u00e4nsten eller av andra n\u00f6dv\u00e4ndiga sk\u00e4l.<\/p>\n\n\n\n<p>Kontakta oss Om du uppt\u00e4cker fel i webbtj\u00e4nstens inneh\u00e5ll eller tekniska problem, kan du g\u00f6ras oss uppm\u00e4rksamma om det via <a href=\"https:\/\/papunet.net\/sv\/ge-respons\/\">respons-formul\u00e4r<\/a>. Tack!<\/p>\n","protected":false},"excerpt":{"rendered":"<p>Papunet \u00e4r en webbtj\u00e4nst som inneh\u00e5ller information, material och verktyg f\u00f6r att st\u00f6dja kommunikation. Tj\u00e4nsten \u00e4r \u00f6ppen och gratis f\u00f6r alla att anv\u00e4nda.<\/p>\n","protected":false},"author":16,"featured_media":0,"parent":1003,"menu_order":0,"comment_status":"closed","ping_status":"closed","template":"","meta":{"_acf_changed":false,"_relevanssi_hide_post":"","_relevanssi_pin_for_all":"","_relevanssi_pin_keywords":"","_relevanssi_unpin_keywords":"","_relevanssi_related_keywords":"","_relevanssi_related_include_ids":"","_relevanssi_related_exclude_ids":"","_relevanssi_related_no_append":"","_relevanssi_related_not_related":"","_relevanssi_related_posts":"510,326,1053,495,206,256","_relevanssi_noindex_reason":"","footnotes":""},"content_types":[],"id_themes":[],"class_list":["post-1729","page","type-page","status-publish","hentry"],"yoast_head":"<!-- This site is optimized with the Yoast SEO plugin v22.7 - https:\/\/yoast.com\/wordpress\/plugins\/seo\/ -->\n<title>Anv\u00e4ndarvillkor f\u00f6r webbtj\u00e4nster - Papunet p\u00e5 svenska<\/title>\n<meta name=\"robots\" content=\"index, follow, max-snippet:-1, max-image-preview:large, max-video-preview:-1\" \/>\n<link rel=\"canonical\" href=\"https:\/\/papunet.net\/sv\/anvandarvillkor-och-meddelanden\/anvandarvillkor-for-webbtjanster\/\" \/>\n<meta property=\"og:locale\" content=\"sv_SE\" \/>\n<meta property=\"og:type\" content=\"article\" \/>\n<meta property=\"og:title\" content=\"Anv\u00e4ndarvillkor f\u00f6r webbtj\u00e4nster - Papunet p\u00e5 svenska\" \/>\n<meta property=\"og:description\" content=\"Papunet \u00e4r en webbtj\u00e4nst som inneh\u00e5ller information, material och verktyg f\u00f6r att st\u00f6dja kommunikation. Tj\u00e4nsten \u00e4r \u00f6ppen och gratis f\u00f6r alla att anv\u00e4nda.\" \/>\n<meta property=\"og:url\" content=\"https:\/\/papunet.net\/sv\/anvandarvillkor-och-meddelanden\/anvandarvillkor-for-webbtjanster\/\" \/>\n<meta property=\"og:site_name\" content=\"Papunet p\u00e5 svenska\" \/>\n<meta property=\"article:modified_time\" content=\"2023-09-27T05:48:46+00:00\" \/>\n<meta name=\"twitter:card\" content=\"summary_large_image\" \/>\n<meta name=\"twitter:label1\" content=\"Ber\u00e4knad l\u00e4stid\" \/>\n\t<meta name=\"twitter:data1\" content=\"3 minuter\" \/>\n<script type=\"application\/ld+json\" class=\"yoast-schema-graph\">{\"@context\":\"https:\/\/schema.org\",\"@graph\":[{\"@type\":\"WebPage\",\"@id\":\"https:\/\/papunet.net\/sv\/anvandarvillkor-och-meddelanden\/anvandarvillkor-for-webbtjanster\/\",\"url\":\"https:\/\/papunet.net\/sv\/anvandarvillkor-och-meddelanden\/anvandarvillkor-for-webbtjanster\/\",\"name\":\"Anv\u00e4ndarvillkor f\u00f6r webbtj\u00e4nster - Papunet p\u00e5 svenska\",\"isPartOf\":{\"@id\":\"https:\/\/papunet.net\/sv\/#website\"},\"datePublished\":\"2023-09-27T05:41:52+00:00\",\"dateModified\":\"2023-09-27T05:48:46+00:00\",\"breadcrumb\":{\"@id\":\"https:\/\/papunet.net\/sv\/anvandarvillkor-och-meddelanden\/anvandarvillkor-for-webbtjanster\/#breadcrumb\"},\"inLanguage\":\"sv-SE\",\"potentialAction\":[{\"@type\":\"ReadAction\",\"target\":[\"https:\/\/papunet.net\/sv\/anvandarvillkor-och-meddelanden\/anvandarvillkor-for-webbtjanster\/\"]}]},{\"@type\":\"BreadcrumbList\",\"@id\":\"https:\/\/papunet.net\/sv\/anvandarvillkor-och-meddelanden\/anvandarvillkor-for-webbtjanster\/#breadcrumb\",\"itemListElement\":[{\"@type\":\"ListItem\",\"position\":1,\"name\":\"Framsida\",\"item\":\"https:\/\/papunet.net\/sv\/\"},{\"@type\":\"ListItem\",\"position\":2,\"name\":\"Anv\u00e4ndarvillkor och meddelanden\",\"item\":\"https:\/\/papunet.net\/sv\/anvandarvillkor-och-meddelanden\/\"},{\"@type\":\"ListItem\",\"position\":3,\"name\":\"Anv\u00e4ndarvillkor f\u00f6r webbtj\u00e4nster\"}]},{\"@type\":\"WebSite\",\"@id\":\"https:\/\/papunet.net\/sv\/#website\",\"url\":\"https:\/\/papunet.net\/sv\/\",\"name\":\"Papunet p\u00e5 svenska\",\"description\":\"\",\"potentialAction\":[{\"@type\":\"SearchAction\",\"target\":{\"@type\":\"EntryPoint\",\"urlTemplate\":\"https:\/\/papunet.net\/sv\/?s={search_term_string}\"},\"query-input\":\"required name=search_term_string\"}],\"inLanguage\":\"sv-SE\"}]}<\/script>\n<!-- \/ Yoast SEO plugin. -->","yoast_head_json":{"title":"Anv\u00e4ndarvillkor f\u00f6r webbtj\u00e4nster - Papunet p\u00e5 svenska","robots":{"index":"index","follow":"follow","max-snippet":"max-snippet:-1","max-image-preview":"max-image-preview:large","max-video-preview":"max-video-preview:-1"},"canonical":"https:\/\/papunet.net\/sv\/anvandarvillkor-och-meddelanden\/anvandarvillkor-for-webbtjanster\/","og_locale":"sv_SE","og_type":"article","og_title":"Anv\u00e4ndarvillkor f\u00f6r webbtj\u00e4nster - Papunet p\u00e5 svenska","og_description":"Papunet \u00e4r en webbtj\u00e4nst som inneh\u00e5ller information, material och verktyg f\u00f6r att st\u00f6dja kommunikation. Tj\u00e4nsten \u00e4r \u00f6ppen och gratis f\u00f6r alla att anv\u00e4nda.","og_url":"https:\/\/papunet.net\/sv\/anvandarvillkor-och-meddelanden\/anvandarvillkor-for-webbtjanster\/","og_site_name":"Papunet p\u00e5 svenska","article_modified_time":"2023-09-27T05:48:46+00:00","twitter_card":"summary_large_image","twitter_misc":{"Ber\u00e4knad l\u00e4stid":"3 minuter"},"schema":{"@context":"https:\/\/schema.org","@graph":[{"@type":"WebPage","@id":"https:\/\/papunet.net\/sv\/anvandarvillkor-och-meddelanden\/anvandarvillkor-for-webbtjanster\/","url":"https:\/\/papunet.net\/sv\/anvandarvillkor-och-meddelanden\/anvandarvillkor-for-webbtjanster\/","name":"Anv\u00e4ndarvillkor f\u00f6r webbtj\u00e4nster - Papunet p\u00e5 svenska","isPartOf":{"@id":"https:\/\/papunet.net\/sv\/#website"},"datePublished":"2023-09-27T05:41:52+00:00","dateModified":"2023-09-27T05:48:46+00:00","breadcrumb":{"@id":"https:\/\/papunet.net\/sv\/anvandarvillkor-och-meddelanden\/anvandarvillkor-for-webbtjanster\/#breadcrumb"},"inLanguage":"sv-SE","potentialAction":[{"@type":"ReadAction","target":["https:\/\/papunet.net\/sv\/anvandarvillkor-och-meddelanden\/anvandarvillkor-for-webbtjanster\/"]}]},{"@type":"BreadcrumbList","@id":"https:\/\/papunet.net\/sv\/anvandarvillkor-och-meddelanden\/anvandarvillkor-for-webbtjanster\/#breadcrumb","itemListElement":[{"@type":"ListItem","position":1,"name":"Framsida","item":"https:\/\/papunet.net\/sv\/"},{"@type":"ListItem","position":2,"name":"Anv\u00e4ndarvillkor och meddelanden","item":"https:\/\/papunet.net\/sv\/anvandarvillkor-och-meddelanden\/"},{"@type":"ListItem","position":3,"name":"Anv\u00e4ndarvillkor f\u00f6r webbtj\u00e4nster"}]},{"@type":"WebSite","@id":"https:\/\/papunet.net\/sv\/#website","url":"https:\/\/papunet.net\/sv\/","name":"Papunet p\u00e5 svenska","description":"","potentialAction":[{"@type":"SearchAction","target":{"@type":"EntryPoint","urlTemplate":"https:\/\/papunet.net\/sv\/?s={search_term_string}"},"query-input":"required name=search_term_string"}],"inLanguage":"sv-SE"}]}},"acf":[],"_links":{"self":[{"href":"https:\/\/papunet.net\/sv\/wp-json\/wp\/v2\/pages\/1729","targetHints":{"allow":["GET"]}}],"collection":[{"href":"https:\/\/papunet.net\/sv\/wp-json\/wp\/v2\/pages"}],"about":[{"href":"https:\/\/papunet.net\/sv\/wp-json\/wp\/v2\/types\/page"}],"author":[{"embeddable":true,"href":"https:\/\/papunet.net\/sv\/wp-json\/wp\/v2\/users\/16"}],"replies":[{"embeddable":true,"href":"https:\/\/papunet.net\/sv\/wp-json\/wp\/v2\/comments?post=1729"}],"version-history":[{"count":2,"href":"https:\/\/papunet.net\/sv\/wp-json\/wp\/v2\/pages\/1729\/revisions"}],"predecessor-version":[{"id":1737,"href":"https:\/\/papunet.net\/sv\/wp-json\/wp\/v2\/pages\/1729\/revisions\/1737"}],"up":[{"embeddable":true,"href":"https:\/\/papunet.net\/sv\/wp-json\/wp\/v2\/pages\/1003"}],"wp:attachment":[{"href":"https:\/\/papunet.net\/sv\/wp-json\/wp\/v2\/media?parent=1729"}],"wp:term":[{"taxonomy":"content_types","embeddable":true,"href":"https:\/\/papunet.net\/sv\/wp-json\/wp\/v2\/content_types?post=1729"},{"taxonomy":"id_themes","embeddable":true,"href":"https:\/\/papunet.net\/sv\/wp-json\/wp\/v2\/id_themes?post=1729"}],"curies":[{"name":"wp","href":"https:\/\/api.w.org\/{rel}","templated":true}]}}