{"id":1739,"date":"2023-09-27T08:53:00","date_gmt":"2023-09-27T05:53:00","guid":{"rendered":"https:\/\/papunet.net\/sv\/?page_id=1739"},"modified":"2023-09-27T08:53:01","modified_gmt":"2023-09-27T05:53:01","slug":"anvandning-av-cookies-pa-webbtjansten","status":"publish","type":"page","link":"https:\/\/papunet.net\/sv\/anvandarvillkor-och-meddelanden\/anvandning-av-cookies-pa-webbtjansten\/","title":{"rendered":"Anv\u00e4ndning av cookies p\u00e5 webbtj\u00e4nsten"},"content":{"rendered":"\n<h2 class=\"wp-block-heading\"><strong>Vad \u00e4r en cookie?<\/strong><\/h2>\n\n\n\n<p>En cookie \u00e4r en liten textfil som webbtj\u00e4nsten skickar och lagrar p\u00e5 din enhet. Cookies skadar inte din enhet. Cookies identifierar din enhet n\u00e4r du bes\u00f6ker tj\u00e4nsten och navigerar genom den.<\/p>\n\n\n\n<h2 class=\"wp-block-heading\"><strong>Hur anv\u00e4nds cookies p\u00e5 Papunet?<\/strong><\/h2>\n\n\n\n<p>P\u00e5 Papunet anv\u00e4nds cookies f\u00f6r att s\u00e4kerst\u00e4lla tj\u00e4nstens funktion och f\u00f6rb\u00e4ttra anv\u00e4ndarnas upplevelse.<\/p>\n\n\n\n<p>Funktionella cookies g\u00f6r att webbtj\u00e4nsten tekniskt fungerar enligt planen. Genom cookies kan vi s\u00e4kerst\u00e4lla smidig och s\u00e4ker anv\u00e4ndning av tj\u00e4nsten.<\/p>\n\n\n\n<p>Med analyscookies samlar vi information om anv\u00e4ndningen av webbtj\u00e4nsten. Syftet med att samla in information \u00e4r att utveckla tj\u00e4nsten s\u00e5 att den b\u00e4ttre motsvarar anv\u00e4ndarnas behov. Exempel p\u00e5 informationen som samlas in \u00e4r bes\u00f6ksantal, webbrowser, operativsystem och hur anv\u00e4ndare kommer till tj\u00e4nsten.<\/p>\n\n\n\n<p>Den insamlade informationen \u00e4r anonym och kopplas inte till enskilda anv\u00e4ndare.<\/p>\n\n\n\n<h2 class=\"wp-block-heading\"><strong>Hur kan man hantera anv\u00e4ndningen av cookies?<\/strong><\/h2>\n\n\n\n<p>Via inst\u00e4llningarna i din webbl\u00e4sare, kan du hantera anv\u00e4ndningen av cookies eller blockera dem helt om du vill.<\/p>\n\n\n\n<p>Om du helt blockerar anv\u00e4ndningen av cookies, kan det p\u00e5verka webbplatsens anv\u00e4ndning.<\/p>\n","protected":false},"excerpt":{"rendered":"<p>P\u00e5 Papunet-webbtj\u00e4nsten anv\u00e4nds cookies f\u00f6r att s\u00e4kerst\u00e4lla tj\u00e4nstens funktion och f\u00f6rb\u00e4ttra anv\u00e4ndarnas upplevelse.<\/p>\n","protected":false},"author":16,"featured_media":0,"parent":1003,"menu_order":0,"comment_status":"closed","ping_status":"closed","template":"","meta":{"_acf_changed":false,"_relevanssi_hide_post":"","_relevanssi_pin_for_all":"","_relevanssi_pin_keywords":"","_relevanssi_unpin_keywords":"","_relevanssi_related_keywords":"","_relevanssi_related_include_ids":"","_relevanssi_related_exclude_ids":"","_relevanssi_related_no_append":"","_relevanssi_related_not_related":"","_relevanssi_related_posts":"456,495,1098,485,370,385","_relevanssi_noindex_reason":"","footnotes":""},"content_types":[],"id_themes":[],"class_list":["post-1739","page","type-page","status-publish","hentry"],"yoast_head":"<!-- This site is optimized with the Yoast SEO plugin v22.7 - https:\/\/yoast.com\/wordpress\/plugins\/seo\/ -->\n<title>Anv\u00e4ndning av cookies p\u00e5 webbtj\u00e4nsten - Papunet p\u00e5 svenska<\/title>\n<meta name=\"robots\" content=\"index, follow, max-snippet:-1, max-image-preview:large, max-video-preview:-1\" \/>\n<link rel=\"canonical\" href=\"https:\/\/papunet.net\/sv\/anvandarvillkor-och-meddelanden\/anvandning-av-cookies-pa-webbtjansten\/\" \/>\n<meta property=\"og:locale\" content=\"sv_SE\" \/>\n<meta property=\"og:type\" content=\"article\" \/>\n<meta property=\"og:title\" content=\"Anv\u00e4ndning av cookies p\u00e5 webbtj\u00e4nsten - Papunet p\u00e5 svenska\" \/>\n<meta property=\"og:description\" content=\"P\u00e5 Papunet-webbtj\u00e4nsten anv\u00e4nds cookies f\u00f6r att s\u00e4kerst\u00e4lla tj\u00e4nstens funktion och f\u00f6rb\u00e4ttra anv\u00e4ndarnas upplevelse.\" \/>\n<meta property=\"og:url\" content=\"https:\/\/papunet.net\/sv\/anvandarvillkor-och-meddelanden\/anvandning-av-cookies-pa-webbtjansten\/\" \/>\n<meta property=\"og:site_name\" content=\"Papunet p\u00e5 svenska\" \/>\n<meta property=\"article:modified_time\" content=\"2023-09-27T05:53:01+00:00\" \/>\n<meta name=\"twitter:card\" content=\"summary_large_image\" \/>\n<meta name=\"twitter:label1\" content=\"Ber\u00e4knad l\u00e4stid\" \/>\n\t<meta name=\"twitter:data1\" content=\"1 minut\" \/>\n<script type=\"application\/ld+json\" class=\"yoast-schema-graph\">{\"@context\":\"https:\/\/schema.org\",\"@graph\":[{\"@type\":\"WebPage\",\"@id\":\"https:\/\/papunet.net\/sv\/anvandarvillkor-och-meddelanden\/anvandning-av-cookies-pa-webbtjansten\/\",\"url\":\"https:\/\/papunet.net\/sv\/anvandarvillkor-och-meddelanden\/anvandning-av-cookies-pa-webbtjansten\/\",\"name\":\"Anv\u00e4ndning av cookies p\u00e5 webbtj\u00e4nsten - Papunet p\u00e5 svenska\",\"isPartOf\":{\"@id\":\"https:\/\/papunet.net\/sv\/#website\"},\"datePublished\":\"2023-09-27T05:53:00+00:00\",\"dateModified\":\"2023-09-27T05:53:01+00:00\",\"breadcrumb\":{\"@id\":\"https:\/\/papunet.net\/sv\/anvandarvillkor-och-meddelanden\/anvandning-av-cookies-pa-webbtjansten\/#breadcrumb\"},\"inLanguage\":\"sv-SE\",\"potentialAction\":[{\"@type\":\"ReadAction\",\"target\":[\"https:\/\/papunet.net\/sv\/anvandarvillkor-och-meddelanden\/anvandning-av-cookies-pa-webbtjansten\/\"]}]},{\"@type\":\"BreadcrumbList\",\"@id\":\"https:\/\/papunet.net\/sv\/anvandarvillkor-och-meddelanden\/anvandning-av-cookies-pa-webbtjansten\/#breadcrumb\",\"itemListElement\":[{\"@type\":\"ListItem\",\"position\":1,\"name\":\"Framsida\",\"item\":\"https:\/\/papunet.net\/sv\/\"},{\"@type\":\"ListItem\",\"position\":2,\"name\":\"Anv\u00e4ndarvillkor och meddelanden\",\"item\":\"https:\/\/papunet.net\/sv\/anvandarvillkor-och-meddelanden\/\"},{\"@type\":\"ListItem\",\"position\":3,\"name\":\"Anv\u00e4ndning av cookies p\u00e5 webbtj\u00e4nsten\"}]},{\"@type\":\"WebSite\",\"@id\":\"https:\/\/papunet.net\/sv\/#website\",\"url\":\"https:\/\/papunet.net\/sv\/\",\"name\":\"Papunet p\u00e5 svenska\",\"description\":\"\",\"potentialAction\":[{\"@type\":\"SearchAction\",\"target\":{\"@type\":\"EntryPoint\",\"urlTemplate\":\"https:\/\/papunet.net\/sv\/?s={search_term_string}\"},\"query-input\":\"required name=search_term_string\"}],\"inLanguage\":\"sv-SE\"}]}<\/script>\n<!-- \/ Yoast SEO plugin. -->","yoast_head_json":{"title":"Anv\u00e4ndning av cookies p\u00e5 webbtj\u00e4nsten - Papunet p\u00e5 svenska","robots":{"index":"index","follow":"follow","max-snippet":"max-snippet:-1","max-image-preview":"max-image-preview:large","max-video-preview":"max-video-preview:-1"},"canonical":"https:\/\/papunet.net\/sv\/anvandarvillkor-och-meddelanden\/anvandning-av-cookies-pa-webbtjansten\/","og_locale":"sv_SE","og_type":"article","og_title":"Anv\u00e4ndning av cookies p\u00e5 webbtj\u00e4nsten - Papunet p\u00e5 svenska","og_description":"P\u00e5 Papunet-webbtj\u00e4nsten anv\u00e4nds cookies f\u00f6r att s\u00e4kerst\u00e4lla tj\u00e4nstens funktion och f\u00f6rb\u00e4ttra anv\u00e4ndarnas upplevelse.","og_url":"https:\/\/papunet.net\/sv\/anvandarvillkor-och-meddelanden\/anvandning-av-cookies-pa-webbtjansten\/","og_site_name":"Papunet p\u00e5 svenska","article_modified_time":"2023-09-27T05:53:01+00:00","twitter_card":"summary_large_image","twitter_misc":{"Ber\u00e4knad l\u00e4stid":"1 minut"},"schema":{"@context":"https:\/\/schema.org","@graph":[{"@type":"WebPage","@id":"https:\/\/papunet.net\/sv\/anvandarvillkor-och-meddelanden\/anvandning-av-cookies-pa-webbtjansten\/","url":"https:\/\/papunet.net\/sv\/anvandarvillkor-och-meddelanden\/anvandning-av-cookies-pa-webbtjansten\/","name":"Anv\u00e4ndning av cookies p\u00e5 webbtj\u00e4nsten - Papunet p\u00e5 svenska","isPartOf":{"@id":"https:\/\/papunet.net\/sv\/#website"},"datePublished":"2023-09-27T05:53:00+00:00","dateModified":"2023-09-27T05:53:01+00:00","breadcrumb":{"@id":"https:\/\/papunet.net\/sv\/anvandarvillkor-och-meddelanden\/anvandning-av-cookies-pa-webbtjansten\/#breadcrumb"},"inLanguage":"sv-SE","potentialAction":[{"@type":"ReadAction","target":["https:\/\/papunet.net\/sv\/anvandarvillkor-och-meddelanden\/anvandning-av-cookies-pa-webbtjansten\/"]}]},{"@type":"BreadcrumbList","@id":"https:\/\/papunet.net\/sv\/anvandarvillkor-och-meddelanden\/anvandning-av-cookies-pa-webbtjansten\/#breadcrumb","itemListElement":[{"@type":"ListItem","position":1,"name":"Framsida","item":"https:\/\/papunet.net\/sv\/"},{"@type":"ListItem","position":2,"name":"Anv\u00e4ndarvillkor och meddelanden","item":"https:\/\/papunet.net\/sv\/anvandarvillkor-och-meddelanden\/"},{"@type":"ListItem","position":3,"name":"Anv\u00e4ndning av cookies p\u00e5 webbtj\u00e4nsten"}]},{"@type":"WebSite","@id":"https:\/\/papunet.net\/sv\/#website","url":"https:\/\/papunet.net\/sv\/","name":"Papunet p\u00e5 svenska","description":"","potentialAction":[{"@type":"SearchAction","target":{"@type":"EntryPoint","urlTemplate":"https:\/\/papunet.net\/sv\/?s={search_term_string}"},"query-input":"required name=search_term_string"}],"inLanguage":"sv-SE"}]}},"acf":[],"_links":{"self":[{"href":"https:\/\/papunet.net\/sv\/wp-json\/wp\/v2\/pages\/1739","targetHints":{"allow":["GET"]}}],"collection":[{"href":"https:\/\/papunet.net\/sv\/wp-json\/wp\/v2\/pages"}],"about":[{"href":"https:\/\/papunet.net\/sv\/wp-json\/wp\/v2\/types\/page"}],"author":[{"embeddable":true,"href":"https:\/\/papunet.net\/sv\/wp-json\/wp\/v2\/users\/16"}],"replies":[{"embeddable":true,"href":"https:\/\/papunet.net\/sv\/wp-json\/wp\/v2\/comments?post=1739"}],"version-history":[{"count":1,"href":"https:\/\/papunet.net\/sv\/wp-json\/wp\/v2\/pages\/1739\/revisions"}],"predecessor-version":[{"id":1742,"href":"https:\/\/papunet.net\/sv\/wp-json\/wp\/v2\/pages\/1739\/revisions\/1742"}],"up":[{"embeddable":true,"href":"https:\/\/papunet.net\/sv\/wp-json\/wp\/v2\/pages\/1003"}],"wp:attachment":[{"href":"https:\/\/papunet.net\/sv\/wp-json\/wp\/v2\/media?parent=1739"}],"wp:term":[{"taxonomy":"content_types","embeddable":true,"href":"https:\/\/papunet.net\/sv\/wp-json\/wp\/v2\/content_types?post=1739"},{"taxonomy":"id_themes","embeddable":true,"href":"https:\/\/papunet.net\/sv\/wp-json\/wp\/v2\/id_themes?post=1739"}],"curies":[{"name":"wp","href":"https:\/\/api.w.org\/{rel}","templated":true}]}}