{"id":178,"date":"2023-07-19T14:51:27","date_gmt":"2023-07-19T11:51:27","guid":{"rendered":"https:\/\/papunet.net\/sv\/?page_id=178"},"modified":"2025-03-07T10:04:10","modified_gmt":"2025-03-07T08:04:10","slug":"vad-ar-papunet","status":"publish","type":"page","link":"https:\/\/papunet.net\/sv\/vad-ar-papunet\/","title":{"rendered":"Vad \u00e4r Papunet?"},"content":{"rendered":"\n<h2 class=\"wp-block-heading\">Information, material och verktyg f\u00f6r att st\u00f6dja kommunikationen<\/h2>\n\n\n\n<p>Papunet erbjuder <a href=\"https:\/\/papunet.net\/sv\/information\/\">information<\/a> om hur samspel och kommunikation kan st\u00f6djas samt information om kommunikationshj\u00e4lpmedel. <\/p>\n\n\n\n<p>P\u00e5 Papunets sidor kan du hitta <a href=\"https:\/\/papunet.net\/sv\/material\/\">material<\/a> f\u00f6r olika samtalssituationer. Med hj\u00e4lp av l\u00e4ttanv\u00e4nda <a href=\"https:\/\/papunet.net\/spelsidor\/\">spel och \u00f6vningar<\/a> kan du l\u00e4ra dig nya f\u00e4rdigheter samtidigt som du har roligt.<\/p>\n\n\n\n<p>Med Papunets <a href=\"https:\/\/papunet.net\/sv\/bildverktyg\/\">bildverktyg<\/a> kan du skapa eget material, s\u00e5 som bildkort, kommunikationskartor och instruktioner.<\/p>\n\n\n\n<p>Papunet utvecklas i samarbete med anv\u00e4ndaren, sakkunniga och samarbetspartners. <\/p>\n\n\n\n<h2 class=\"wp-block-heading\">Papunets svenska sidor<\/h2>\n\n\n\n<p>Papunets svenska sidor g\u00f6rs i samarbete med sakkunniga fr\u00e5n <a href=\"https:\/\/folkhalsan.fi\/\">Folkh\u00e4lsan<\/a> och <a href=\"https:\/\/www.larum.fi\/sv\/start\/\">L\u00e4rum \/ FDUV<\/a>.<\/p>\n\n\n\n<p>Varje vecka publicerar Papunet nyheter med symbolst\u00f6d (Selkosanomat kuvilla). Den svenska <a href=\"https:\/\/lattabladet.fi\/symbol\/\">L\u00e4tta bladet med symbolst\u00f6d<\/a> g\u00f6rs av LL-center.<\/p>\n\n\n\n<h2 class=\"wp-block-heading\">Papunet \u00e4r sakkunniga i fr\u00e5gor g\u00e4llande tillg\u00e4nglighet<\/h2>\n\n\n\n<p>Papunet \u00e4r sakkunniga vad g\u00e4ller tekniskt och kognitivt tillg\u00e4ngliga webbplatser.<\/p>\n\n\n\n<p>Tillg\u00e4nglighet inneb\u00e4r att s\u00e5 m\u00e5nga som m\u00f6jligt skall kunna anv\u00e4nda sig av webbplatsen p\u00e5 ett enkelt s\u00e4tt. Str\u00e4van \u00e4r att de digitala tj\u00e4nsterna skall vara l\u00e4tta att anv\u00e4nda och f\u00f6rst\u00e5.<\/p>\n\n\n\n<p>Papunet \u00e4r en del av Kehitysvammaliitto och verksamheten finansieras av <a href=\"https:\/\/www.stea.fi\/sv\/\">STEA.<\/a><\/p>\n\n\n\n<div class=\"custom-element list-lifts\">\n                    <div class=\"row justify-content-center lift-row\">\n                <div class=\"col col-xl-12 row-content no-image title-row\">\n                    <h2>Papunet broschyr<\/h2>\n                <\/div>\n            <\/div>\n                        \t\t                <div class=\"row justify-content-center lift-row\">\n\t\t                    \t                    <div class=\"col col-xl-12 row-content\">\n\t                        <div class=\"lift-content is-image\">\n\t                            \t                                <div class=\"image-holder\">\n\t                                    <div class=\"image-wrap\">\n\t                                        <img decoding=\"async\" src=\"https:\/\/papunet.net\/sv\/wp-content\/uploads\/sites\/2\/2025\/03\/Papunetin-esite_kansi.png\"  class=\"element-image\">\n\t                                    <\/div>\n\t                                <\/div>\n\t                            \t                            <div class=\"content-holder\">\n\t                                \t                                    <div class=\"lift-title-row\">\n\t                                        <h3 class=\"lift-title\">Samspel och kommunikation f\u00f6r alla<\/h3>\n\t                                    <\/div>\n\t                                \t                                    <div class=\"lift-content-row\">\n\t                                        <div class=\"entry-content\">\n\t                                            <p>Foto: iStock<br \/>\nRitade bilder: Papunets Bildbank, Sergio Palao \/ ARASAAC<\/p>\n\t                                        <\/div>\n\t                                    <\/div>\n\t                                \t                                    <div class=\"lift-links-row\">\n\t                                        \t                                                <a href=\"https:\/\/papunet.net\/sv\/wp-content\/uploads\/sites\/2\/2025\/03\/papuesite_17022025_ruotsi_tulostusversio.pdf\"  class=\"lift-link circle-arrow-button\">\u00d6ppna PDF<\/a>\n\t                                            \t                                    <\/div>\n\t                                \t                            <\/div>\n\t                        <\/div>\n\t                    <\/div>\n\t                <\/div>\n\t        <\/div>\n","protected":false},"excerpt":{"rendered":"<p>Tiotusentals m\u00e4nniskor i Finland har utmaningar med att producera eller f\u00f6rst\u00e5 tal. M\u00e5nga av dem drar stor nytta av kommunikationsst\u00f6d.<\/p>\n","protected":false},"author":16,"featured_media":3288,"parent":0,"menu_order":0,"comment_status":"closed","ping_status":"closed","template":"","meta":{"_acf_changed":false,"_relevanssi_hide_post":"","_relevanssi_pin_for_all":"","_relevanssi_pin_keywords":"","_relevanssi_unpin_keywords":"","_relevanssi_related_keywords":"","_relevanssi_related_include_ids":"","_relevanssi_related_exclude_ids":"","_relevanssi_related_no_append":"","_relevanssi_related_not_related":"","_relevanssi_related_posts":"1,176","_relevanssi_noindex_reason":"","footnotes":""},"content_types":[],"id_themes":[],"class_list":["post-178","page","type-page","status-publish","has-post-thumbnail","hentry"],"yoast_head":"<!-- This site is optimized with the Yoast SEO plugin v22.7 - https:\/\/yoast.com\/wordpress\/plugins\/seo\/ -->\n<title>Vad \u00e4r Papunet? - Papunet p\u00e5 svenska<\/title>\n<meta name=\"robots\" content=\"index, follow, max-snippet:-1, max-image-preview:large, max-video-preview:-1\" \/>\n<link rel=\"canonical\" href=\"https:\/\/papunet.net\/sv\/vad-ar-papunet\/\" \/>\n<meta property=\"og:locale\" content=\"sv_SE\" \/>\n<meta property=\"og:type\" content=\"article\" \/>\n<meta property=\"og:title\" content=\"Vad \u00e4r Papunet? - Papunet p\u00e5 svenska\" \/>\n<meta property=\"og:description\" content=\"Tiotusentals m\u00e4nniskor i Finland har utmaningar med att producera eller f\u00f6rst\u00e5 tal. M\u00e5nga av dem drar stor nytta av kommunikationsst\u00f6d.\" \/>\n<meta property=\"og:url\" content=\"https:\/\/papunet.net\/sv\/vad-ar-papunet\/\" \/>\n<meta property=\"og:site_name\" content=\"Papunet p\u00e5 svenska\" \/>\n<meta property=\"article:modified_time\" content=\"2025-03-07T08:04:10+00:00\" \/>\n<meta property=\"og:image\" content=\"https:\/\/papunet.net\/sv\/wp-content\/uploads\/sites\/2\/2024\/02\/papunet_violetti-1.png\" \/>\n\t<meta property=\"og:image:width\" content=\"500\" \/>\n\t<meta property=\"og:image:height\" content=\"333\" \/>\n\t<meta property=\"og:image:type\" content=\"image\/png\" \/>\n<meta name=\"twitter:card\" content=\"summary_large_image\" \/>\n<meta name=\"twitter:label1\" content=\"Ber\u00e4knad l\u00e4stid\" \/>\n\t<meta name=\"twitter:data1\" content=\"2 minuter\" \/>\n<script type=\"application\/ld+json\" class=\"yoast-schema-graph\">{\"@context\":\"https:\/\/schema.org\",\"@graph\":[{\"@type\":\"WebPage\",\"@id\":\"https:\/\/papunet.net\/sv\/vad-ar-papunet\/\",\"url\":\"https:\/\/papunet.net\/sv\/vad-ar-papunet\/\",\"name\":\"Vad \u00e4r Papunet? - Papunet p\u00e5 svenska\",\"isPartOf\":{\"@id\":\"https:\/\/papunet.net\/sv\/#website\"},\"primaryImageOfPage\":{\"@id\":\"https:\/\/papunet.net\/sv\/vad-ar-papunet\/#primaryimage\"},\"image\":{\"@id\":\"https:\/\/papunet.net\/sv\/vad-ar-papunet\/#primaryimage\"},\"thumbnailUrl\":\"https:\/\/papunet.net\/sv\/wp-content\/uploads\/sites\/2\/2024\/02\/papunet_violetti-1.png\",\"datePublished\":\"2023-07-19T11:51:27+00:00\",\"dateModified\":\"2025-03-07T08:04:10+00:00\",\"breadcrumb\":{\"@id\":\"https:\/\/papunet.net\/sv\/vad-ar-papunet\/#breadcrumb\"},\"inLanguage\":\"sv-SE\",\"potentialAction\":[{\"@type\":\"ReadAction\",\"target\":[\"https:\/\/papunet.net\/sv\/vad-ar-papunet\/\"]}]},{\"@type\":\"ImageObject\",\"inLanguage\":\"sv-SE\",\"@id\":\"https:\/\/papunet.net\/sv\/vad-ar-papunet\/#primaryimage\",\"url\":\"https:\/\/papunet.net\/sv\/wp-content\/uploads\/sites\/2\/2024\/02\/papunet_violetti-1.png\",\"contentUrl\":\"https:\/\/papunet.net\/sv\/wp-content\/uploads\/sites\/2\/2024\/02\/papunet_violetti-1.png\",\"width\":500,\"height\":333,\"caption\":\"Papunet\"},{\"@type\":\"BreadcrumbList\",\"@id\":\"https:\/\/papunet.net\/sv\/vad-ar-papunet\/#breadcrumb\",\"itemListElement\":[{\"@type\":\"ListItem\",\"position\":1,\"name\":\"Framsida\",\"item\":\"https:\/\/papunet.net\/sv\/\"},{\"@type\":\"ListItem\",\"position\":2,\"name\":\"Vad \u00e4r Papunet?\"}]},{\"@type\":\"WebSite\",\"@id\":\"https:\/\/papunet.net\/sv\/#website\",\"url\":\"https:\/\/papunet.net\/sv\/\",\"name\":\"Papunet p\u00e5 svenska\",\"description\":\"\",\"potentialAction\":[{\"@type\":\"SearchAction\",\"target\":{\"@type\":\"EntryPoint\",\"urlTemplate\":\"https:\/\/papunet.net\/sv\/?s={search_term_string}\"},\"query-input\":\"required name=search_term_string\"}],\"inLanguage\":\"sv-SE\"}]}<\/script>\n<!-- \/ Yoast SEO plugin. -->","yoast_head_json":{"title":"Vad \u00e4r Papunet? - Papunet p\u00e5 svenska","robots":{"index":"index","follow":"follow","max-snippet":"max-snippet:-1","max-image-preview":"max-image-preview:large","max-video-preview":"max-video-preview:-1"},"canonical":"https:\/\/papunet.net\/sv\/vad-ar-papunet\/","og_locale":"sv_SE","og_type":"article","og_title":"Vad \u00e4r Papunet? - Papunet p\u00e5 svenska","og_description":"Tiotusentals m\u00e4nniskor i Finland har utmaningar med att producera eller f\u00f6rst\u00e5 tal. M\u00e5nga av dem drar stor nytta av kommunikationsst\u00f6d.","og_url":"https:\/\/papunet.net\/sv\/vad-ar-papunet\/","og_site_name":"Papunet p\u00e5 svenska","article_modified_time":"2025-03-07T08:04:10+00:00","og_image":[{"width":500,"height":333,"url":"https:\/\/papunet.net\/sv\/wp-content\/uploads\/sites\/2\/2024\/02\/papunet_violetti-1.png","type":"image\/png"}],"twitter_card":"summary_large_image","twitter_misc":{"Ber\u00e4knad l\u00e4stid":"2 minuter"},"schema":{"@context":"https:\/\/schema.org","@graph":[{"@type":"WebPage","@id":"https:\/\/papunet.net\/sv\/vad-ar-papunet\/","url":"https:\/\/papunet.net\/sv\/vad-ar-papunet\/","name":"Vad \u00e4r Papunet? - Papunet p\u00e5 svenska","isPartOf":{"@id":"https:\/\/papunet.net\/sv\/#website"},"primaryImageOfPage":{"@id":"https:\/\/papunet.net\/sv\/vad-ar-papunet\/#primaryimage"},"image":{"@id":"https:\/\/papunet.net\/sv\/vad-ar-papunet\/#primaryimage"},"thumbnailUrl":"https:\/\/papunet.net\/sv\/wp-content\/uploads\/sites\/2\/2024\/02\/papunet_violetti-1.png","datePublished":"2023-07-19T11:51:27+00:00","dateModified":"2025-03-07T08:04:10+00:00","breadcrumb":{"@id":"https:\/\/papunet.net\/sv\/vad-ar-papunet\/#breadcrumb"},"inLanguage":"sv-SE","potentialAction":[{"@type":"ReadAction","target":["https:\/\/papunet.net\/sv\/vad-ar-papunet\/"]}]},{"@type":"ImageObject","inLanguage":"sv-SE","@id":"https:\/\/papunet.net\/sv\/vad-ar-papunet\/#primaryimage","url":"https:\/\/papunet.net\/sv\/wp-content\/uploads\/sites\/2\/2024\/02\/papunet_violetti-1.png","contentUrl":"https:\/\/papunet.net\/sv\/wp-content\/uploads\/sites\/2\/2024\/02\/papunet_violetti-1.png","width":500,"height":333,"caption":"Papunet"},{"@type":"BreadcrumbList","@id":"https:\/\/papunet.net\/sv\/vad-ar-papunet\/#breadcrumb","itemListElement":[{"@type":"ListItem","position":1,"name":"Framsida","item":"https:\/\/papunet.net\/sv\/"},{"@type":"ListItem","position":2,"name":"Vad \u00e4r Papunet?"}]},{"@type":"WebSite","@id":"https:\/\/papunet.net\/sv\/#website","url":"https:\/\/papunet.net\/sv\/","name":"Papunet p\u00e5 svenska","description":"","potentialAction":[{"@type":"SearchAction","target":{"@type":"EntryPoint","urlTemplate":"https:\/\/papunet.net\/sv\/?s={search_term_string}"},"query-input":"required name=search_term_string"}],"inLanguage":"sv-SE"}]}},"acf":[],"_links":{"self":[{"href":"https:\/\/papunet.net\/sv\/wp-json\/wp\/v2\/pages\/178","targetHints":{"allow":["GET"]}}],"collection":[{"href":"https:\/\/papunet.net\/sv\/wp-json\/wp\/v2\/pages"}],"about":[{"href":"https:\/\/papunet.net\/sv\/wp-json\/wp\/v2\/types\/page"}],"author":[{"embeddable":true,"href":"https:\/\/papunet.net\/sv\/wp-json\/wp\/v2\/users\/16"}],"replies":[{"embeddable":true,"href":"https:\/\/papunet.net\/sv\/wp-json\/wp\/v2\/comments?post=178"}],"version-history":[{"count":15,"href":"https:\/\/papunet.net\/sv\/wp-json\/wp\/v2\/pages\/178\/revisions"}],"predecessor-version":[{"id":4844,"href":"https:\/\/papunet.net\/sv\/wp-json\/wp\/v2\/pages\/178\/revisions\/4844"}],"wp:featuredmedia":[{"embeddable":true,"href":"https:\/\/papunet.net\/sv\/wp-json\/wp\/v2\/media\/3288"}],"wp:attachment":[{"href":"https:\/\/papunet.net\/sv\/wp-json\/wp\/v2\/media?parent=178"}],"wp:term":[{"taxonomy":"content_types","embeddable":true,"href":"https:\/\/papunet.net\/sv\/wp-json\/wp\/v2\/content_types?post=178"},{"taxonomy":"id_themes","embeddable":true,"href":"https:\/\/papunet.net\/sv\/wp-json\/wp\/v2\/id_themes?post=178"}],"curies":[{"name":"wp","href":"https:\/\/api.w.org\/{rel}","templated":true}]}}