{"id":186,"date":"2023-07-24T12:26:35","date_gmt":"2023-07-24T09:26:35","guid":{"rendered":"https:\/\/papunet.net\/sv\/?page_id=186"},"modified":"2025-06-19T17:24:17","modified_gmt":"2025-06-19T14:24:17","slug":"lattlasta-material","status":"publish","type":"page","link":"https:\/\/papunet.net\/sv\/material\/lattlasta-material\/","title":{"rendered":"L\u00e4ttl\u00e4sta material"},"content":{"rendered":"\n<h2 class=\"wp-block-heading\">L\u00e4ttl\u00e4sta ber\u00e4ttelser och fakta<\/h2>\n\n\n\n<figure class=\"wp-block-image size-large is-resized\"><img loading=\"lazy\" decoding=\"async\" width=\"1710\" height=\"961\" src=\"https:\/\/papunet.net\/sv\/wp-content\/uploads\/sites\/2\/2025\/06\/berattelser-och-facta-edited.png\" alt=\"\" class=\"wp-image-6332\" style=\"aspect-ratio:16\/9;object-fit:cover;width:1223px;height:auto\" srcset=\"https:\/\/papunet.net\/sv\/wp-content\/uploads\/sites\/2\/2025\/06\/berattelser-och-facta-edited.png 1710w, https:\/\/papunet.net\/sv\/wp-content\/uploads\/sites\/2\/2025\/06\/berattelser-och-facta-edited-300x169.png 300w, https:\/\/papunet.net\/sv\/wp-content\/uploads\/sites\/2\/2025\/06\/berattelser-och-facta-edited-1024x575.png 1024w, https:\/\/papunet.net\/sv\/wp-content\/uploads\/sites\/2\/2025\/06\/berattelser-och-facta-edited-768x432.png 768w, https:\/\/papunet.net\/sv\/wp-content\/uploads\/sites\/2\/2025\/06\/berattelser-och-facta-edited-1536x863.png 1536w\" sizes=\"auto, (max-width: 1710px) 100vw, 1710px\" \/><figcaption class=\"wp-element-caption\">Det finns l\u00e4ttl\u00e4sta sagor, ber\u00e4ttelser och fakta p\u00e5 Papunets Spelsidor, n\u00e5gra exempel p\u00e5 den h\u00e4r bilden.<\/figcaption><\/figure>\n\n\n\n<p>P\u00e5 Papunets spelsidor finns l\u00e4ttl\u00e4sta sagor f\u00f6r barn och unga. Man kan lyssna p\u00e5 texter i l\u00e4ttl\u00e4sta ber\u00e4ttelser. <a href=\"https:\/\/papunet.net\/spelsidor\/digitala-bocker\/\">G\u00e5 till digitala b\u00f6cker p\u00e5 spelsidor.<\/a><\/p>\n\n\n\n<p><\/p>\n\n\n\n<h2 class=\"wp-block-heading\">Nyheter med symbolst\u00f6d<\/h2>\n\n\n\n<figure class=\"wp-block-image size-large\"><img decoding=\"async\" src=\"https:\/\/papunet.net\/sv\/wp-content\/uploads\/sites\/2\/2025\/06\/Latta-bladet-med-symbolstod-edited.png\" alt=\"\" class=\"wp-image-6334\" \/><\/figure>\n\n\n\n<p><strong>Nyheter med symbolst\u00f6d<\/strong>&nbsp;\u00e4r en del av L\u00e4tta bladets webbtidning d\u00e4r nyheterna presenteras med symboler som st\u00f6d. Nyheterna med symbolst\u00f6d \u00e4r omarbetade l\u00e4ttare versioner av en del av nyhetsartiklarna i L\u00e4tta bladet, med tillagda symboler. <\/p>\n\n\n\n<p>Nyheter med symbolst\u00f6d passar dem som upplever att bilder och symboler g\u00f6r texten l\u00e4ttare att f\u00f6rst\u00e5. Till varje nyhet finns ett ark d\u00e4r nyhetens symbolbilder finns samlade. Arket g\u00e5r att skriva ut och ha som st\u00f6d d\u00e5 man diskuterar kring nyheten. Bildarket \u00f6ppnas i Papunets bildverktyg d\u00e4r du kan till\u00e4gga bilder och \u00e4ndra storleken p\u00e5 dem innan du skriver ut dem.<\/p>\n\n\n\n<p>Nyheterna \u00e4r indelade i olika helheter: Finland, v\u00e4rlden, sport, kultur och vardag. Du kan leta fram \u00e4ldre nyheter i en arkiv eller s\u00f6ka gamla nyheter genom att anv\u00e4nda ett s\u00f6kord. <a href=\"https:\/\/lattabladet.fi\/symbol\/\">\u00d6ppna L\u00e4tta bladet med symbolst\u00f6d.<\/a><\/p>\n\n\n\n<h2 class=\"wp-block-heading\">Mera information p\u00e5 l\u00e4tt svenska <\/h2>\n\n\n\n<figure class=\"wp-block-gallery has-nested-images columns-default is-cropped wp-block-gallery-1 is-layout-flex wp-block-gallery-is-layout-flex\">\n<figure class=\"wp-block-image size-full\"><img loading=\"lazy\" decoding=\"async\" width=\"334\" height=\"174\" data-id=\"6322\" src=\"https:\/\/papunet.net\/sv\/wp-content\/uploads\/sites\/2\/2025\/06\/Beredskap_bild.png\" alt=\"\" class=\"wp-image-6322\" srcset=\"https:\/\/papunet.net\/sv\/wp-content\/uploads\/sites\/2\/2025\/06\/Beredskap_bild.png 334w, https:\/\/papunet.net\/sv\/wp-content\/uploads\/sites\/2\/2025\/06\/Beredskap_bild-300x156.png 300w\" sizes=\"auto, (max-width: 334px) 85vw, 334px\" \/><\/figure>\n\n\n\n<figure class=\"wp-block-image size-full\"><img loading=\"lazy\" decoding=\"async\" width=\"334\" height=\"176\" data-id=\"6321\" src=\"https:\/\/papunet.net\/sv\/wp-content\/uploads\/sites\/2\/2025\/06\/Aldre_bild.png\" alt=\"\" class=\"wp-image-6321\" srcset=\"https:\/\/papunet.net\/sv\/wp-content\/uploads\/sites\/2\/2025\/06\/Aldre_bild.png 334w, https:\/\/papunet.net\/sv\/wp-content\/uploads\/sites\/2\/2025\/06\/Aldre_bild-300x158.png 300w\" sizes=\"auto, (max-width: 334px) 85vw, 334px\" \/><\/figure>\n<\/figure>\n\n\n\n<p>P\u00e5 webbplatsen&nbsp;<strong>L\u00e4ttl\u00e4st.fi&nbsp;<\/strong>finns mycket information p\u00e5 l\u00e4tt svenska om aktuella teman, som till exempel om beredskap, om att \u00e5ldras och om kroppen, k\u00e4nslor och sex. <a href=\"https:\/\/lattlast.fi\/start\/bockerbroschyrer\/broschyrer\/\">G\u00e5 till webbplatsen L\u00e4ttl\u00e4st.fi&nbsp;<\/a>.<\/p>\n","protected":false},"excerpt":{"rendered":"<p>H\u00e4r hittar du l\u00e4nk till l\u00e4ttl\u00e4sta ber\u00e4ttelser och fakta samt nyheter med symbolst\u00f6d.<\/p>\n","protected":false},"author":16,"featured_media":1648,"parent":126,"menu_order":0,"comment_status":"closed","ping_status":"closed","template":"","meta":{"_acf_changed":false,"_relevanssi_hide_post":"","_relevanssi_pin_for_all":"","_relevanssi_pin_keywords":"","_relevanssi_unpin_keywords":"","_relevanssi_related_keywords":"","_relevanssi_related_include_ids":"","_relevanssi_related_exclude_ids":"","_relevanssi_related_no_append":"","_relevanssi_related_not_related":"","_relevanssi_related_posts":"1,176","_relevanssi_noindex_reason":"","footnotes":""},"content_types":[4],"id_themes":[],"class_list":["post-186","page","type-page","status-publish","has-post-thumbnail","hentry","content_types-material"],"yoast_head":"<!-- This site is optimized with the Yoast SEO plugin v22.7 - https:\/\/yoast.com\/wordpress\/plugins\/seo\/ -->\n<title>L\u00e4ttl\u00e4sta material - Papunet p\u00e5 svenska<\/title>\n<meta name=\"robots\" content=\"index, follow, max-snippet:-1, max-image-preview:large, max-video-preview:-1\" \/>\n<link rel=\"canonical\" href=\"https:\/\/papunet.net\/sv\/material\/lattlasta-material\/\" \/>\n<meta property=\"og:locale\" content=\"sv_SE\" \/>\n<meta property=\"og:type\" content=\"article\" \/>\n<meta property=\"og:title\" content=\"L\u00e4ttl\u00e4sta material - Papunet p\u00e5 svenska\" \/>\n<meta property=\"og:description\" content=\"H\u00e4r hittar du l\u00e4nk till l\u00e4ttl\u00e4sta ber\u00e4ttelser och fakta samt nyheter med symbolst\u00f6d.\" \/>\n<meta property=\"og:url\" content=\"https:\/\/papunet.net\/sv\/material\/lattlasta-material\/\" \/>\n<meta property=\"og:site_name\" content=\"Papunet p\u00e5 svenska\" \/>\n<meta property=\"article:modified_time\" content=\"2025-06-19T14:24:17+00:00\" \/>\n<meta property=\"og:image\" content=\"https:\/\/papunet.net\/sv\/wp-content\/uploads\/sites\/2\/2023\/09\/lattlasta_material.png\" \/>\n\t<meta property=\"og:image:width\" content=\"500\" \/>\n\t<meta property=\"og:image:height\" content=\"333\" \/>\n\t<meta property=\"og:image:type\" content=\"image\/png\" \/>\n<meta name=\"twitter:card\" content=\"summary_large_image\" \/>\n<meta name=\"twitter:label1\" content=\"Ber\u00e4knad l\u00e4stid\" \/>\n\t<meta name=\"twitter:data1\" content=\"3 minuter\" \/>\n<script type=\"application\/ld+json\" class=\"yoast-schema-graph\">{\"@context\":\"https:\/\/schema.org\",\"@graph\":[{\"@type\":\"WebPage\",\"@id\":\"https:\/\/papunet.net\/sv\/material\/lattlasta-material\/\",\"url\":\"https:\/\/papunet.net\/sv\/material\/lattlasta-material\/\",\"name\":\"L\u00e4ttl\u00e4sta material - Papunet p\u00e5 svenska\",\"isPartOf\":{\"@id\":\"https:\/\/papunet.net\/sv\/#website\"},\"primaryImageOfPage\":{\"@id\":\"https:\/\/papunet.net\/sv\/material\/lattlasta-material\/#primaryimage\"},\"image\":{\"@id\":\"https:\/\/papunet.net\/sv\/material\/lattlasta-material\/#primaryimage\"},\"thumbnailUrl\":\"https:\/\/papunet.net\/sv\/wp-content\/uploads\/sites\/2\/2023\/09\/lattlasta_material.png\",\"datePublished\":\"2023-07-24T09:26:35+00:00\",\"dateModified\":\"2025-06-19T14:24:17+00:00\",\"breadcrumb\":{\"@id\":\"https:\/\/papunet.net\/sv\/material\/lattlasta-material\/#breadcrumb\"},\"inLanguage\":\"sv-SE\",\"potentialAction\":[{\"@type\":\"ReadAction\",\"target\":[\"https:\/\/papunet.net\/sv\/material\/lattlasta-material\/\"]}]},{\"@type\":\"ImageObject\",\"inLanguage\":\"sv-SE\",\"@id\":\"https:\/\/papunet.net\/sv\/material\/lattlasta-material\/#primaryimage\",\"url\":\"https:\/\/papunet.net\/sv\/wp-content\/uploads\/sites\/2\/2023\/09\/lattlasta_material.png\",\"contentUrl\":\"https:\/\/papunet.net\/sv\/wp-content\/uploads\/sites\/2\/2023\/09\/lattlasta_material.png\",\"width\":500,\"height\":333},{\"@type\":\"BreadcrumbList\",\"@id\":\"https:\/\/papunet.net\/sv\/material\/lattlasta-material\/#breadcrumb\",\"itemListElement\":[{\"@type\":\"ListItem\",\"position\":1,\"name\":\"Framsida\",\"item\":\"https:\/\/papunet.net\/sv\/\"},{\"@type\":\"ListItem\",\"position\":2,\"name\":\"Material\",\"item\":\"https:\/\/papunet.net\/sv\/material\/\"},{\"@type\":\"ListItem\",\"position\":3,\"name\":\"L\u00e4ttl\u00e4sta material\"}]},{\"@type\":\"WebSite\",\"@id\":\"https:\/\/papunet.net\/sv\/#website\",\"url\":\"https:\/\/papunet.net\/sv\/\",\"name\":\"Papunet p\u00e5 svenska\",\"description\":\"\",\"potentialAction\":[{\"@type\":\"SearchAction\",\"target\":{\"@type\":\"EntryPoint\",\"urlTemplate\":\"https:\/\/papunet.net\/sv\/?s={search_term_string}\"},\"query-input\":\"required name=search_term_string\"}],\"inLanguage\":\"sv-SE\"}]}<\/script>\n<!-- \/ Yoast SEO plugin. -->","yoast_head_json":{"title":"L\u00e4ttl\u00e4sta material - Papunet p\u00e5 svenska","robots":{"index":"index","follow":"follow","max-snippet":"max-snippet:-1","max-image-preview":"max-image-preview:large","max-video-preview":"max-video-preview:-1"},"canonical":"https:\/\/papunet.net\/sv\/material\/lattlasta-material\/","og_locale":"sv_SE","og_type":"article","og_title":"L\u00e4ttl\u00e4sta material - Papunet p\u00e5 svenska","og_description":"H\u00e4r hittar du l\u00e4nk till l\u00e4ttl\u00e4sta ber\u00e4ttelser och fakta samt nyheter med symbolst\u00f6d.","og_url":"https:\/\/papunet.net\/sv\/material\/lattlasta-material\/","og_site_name":"Papunet p\u00e5 svenska","article_modified_time":"2025-06-19T14:24:17+00:00","og_image":[{"width":500,"height":333,"url":"https:\/\/papunet.net\/sv\/wp-content\/uploads\/sites\/2\/2023\/09\/lattlasta_material.png","type":"image\/png"}],"twitter_card":"summary_large_image","twitter_misc":{"Ber\u00e4knad l\u00e4stid":"3 minuter"},"schema":{"@context":"https:\/\/schema.org","@graph":[{"@type":"WebPage","@id":"https:\/\/papunet.net\/sv\/material\/lattlasta-material\/","url":"https:\/\/papunet.net\/sv\/material\/lattlasta-material\/","name":"L\u00e4ttl\u00e4sta material - Papunet p\u00e5 svenska","isPartOf":{"@id":"https:\/\/papunet.net\/sv\/#website"},"primaryImageOfPage":{"@id":"https:\/\/papunet.net\/sv\/material\/lattlasta-material\/#primaryimage"},"image":{"@id":"https:\/\/papunet.net\/sv\/material\/lattlasta-material\/#primaryimage"},"thumbnailUrl":"https:\/\/papunet.net\/sv\/wp-content\/uploads\/sites\/2\/2023\/09\/lattlasta_material.png","datePublished":"2023-07-24T09:26:35+00:00","dateModified":"2025-06-19T14:24:17+00:00","breadcrumb":{"@id":"https:\/\/papunet.net\/sv\/material\/lattlasta-material\/#breadcrumb"},"inLanguage":"sv-SE","potentialAction":[{"@type":"ReadAction","target":["https:\/\/papunet.net\/sv\/material\/lattlasta-material\/"]}]},{"@type":"ImageObject","inLanguage":"sv-SE","@id":"https:\/\/papunet.net\/sv\/material\/lattlasta-material\/#primaryimage","url":"https:\/\/papunet.net\/sv\/wp-content\/uploads\/sites\/2\/2023\/09\/lattlasta_material.png","contentUrl":"https:\/\/papunet.net\/sv\/wp-content\/uploads\/sites\/2\/2023\/09\/lattlasta_material.png","width":500,"height":333},{"@type":"BreadcrumbList","@id":"https:\/\/papunet.net\/sv\/material\/lattlasta-material\/#breadcrumb","itemListElement":[{"@type":"ListItem","position":1,"name":"Framsida","item":"https:\/\/papunet.net\/sv\/"},{"@type":"ListItem","position":2,"name":"Material","item":"https:\/\/papunet.net\/sv\/material\/"},{"@type":"ListItem","position":3,"name":"L\u00e4ttl\u00e4sta material"}]},{"@type":"WebSite","@id":"https:\/\/papunet.net\/sv\/#website","url":"https:\/\/papunet.net\/sv\/","name":"Papunet p\u00e5 svenska","description":"","potentialAction":[{"@type":"SearchAction","target":{"@type":"EntryPoint","urlTemplate":"https:\/\/papunet.net\/sv\/?s={search_term_string}"},"query-input":"required name=search_term_string"}],"inLanguage":"sv-SE"}]}},"acf":[],"_links":{"self":[{"href":"https:\/\/papunet.net\/sv\/wp-json\/wp\/v2\/pages\/186","targetHints":{"allow":["GET"]}}],"collection":[{"href":"https:\/\/papunet.net\/sv\/wp-json\/wp\/v2\/pages"}],"about":[{"href":"https:\/\/papunet.net\/sv\/wp-json\/wp\/v2\/types\/page"}],"author":[{"embeddable":true,"href":"https:\/\/papunet.net\/sv\/wp-json\/wp\/v2\/users\/16"}],"replies":[{"embeddable":true,"href":"https:\/\/papunet.net\/sv\/wp-json\/wp\/v2\/comments?post=186"}],"version-history":[{"count":15,"href":"https:\/\/papunet.net\/sv\/wp-json\/wp\/v2\/pages\/186\/revisions"}],"predecessor-version":[{"id":6339,"href":"https:\/\/papunet.net\/sv\/wp-json\/wp\/v2\/pages\/186\/revisions\/6339"}],"up":[{"embeddable":true,"href":"https:\/\/papunet.net\/sv\/wp-json\/wp\/v2\/pages\/126"}],"wp:featuredmedia":[{"embeddable":true,"href":"https:\/\/papunet.net\/sv\/wp-json\/wp\/v2\/media\/1648"}],"wp:attachment":[{"href":"https:\/\/papunet.net\/sv\/wp-json\/wp\/v2\/media?parent=186"}],"wp:term":[{"taxonomy":"content_types","embeddable":true,"href":"https:\/\/papunet.net\/sv\/wp-json\/wp\/v2\/content_types?post=186"},{"taxonomy":"id_themes","embeddable":true,"href":"https:\/\/papunet.net\/sv\/wp-json\/wp\/v2\/id_themes?post=186"}],"curies":[{"name":"wp","href":"https:\/\/api.w.org\/{rel}","templated":true}]}}