{"id":252,"date":"2023-08-02T14:03:52","date_gmt":"2023-08-02T11:03:52","guid":{"rendered":"https:\/\/papunet.net\/sv\/?page_id=252"},"modified":"2023-11-01T10:16:40","modified_gmt":"2023-11-01T08:16:40","slug":"tjanster-och-stod","status":"publish","type":"page","link":"https:\/\/papunet.net\/sv\/information\/kommunikation-tillhor-alla\/tjanster-och-stod\/","title":{"rendered":"Tj\u00e4nster och st\u00f6d"},"content":{"rendered":"\n<div class=\"custom-element content-lifts bg-white color-theme-orange\">\n    <div class=\"row lifts-row list-items\">\n            <div class=\"col-12 col-lg-4 row-content lift-item list-item\">\n           <a href=\"https:\/\/papunet.net\/sv\/radgivning-och-kamratstod\/\" rel=\"bookmark\">  <!-- Oletusn\u00e4kym\u00e4 hakutuloksille -->\n        <article id=\"post-256\" class=\"post-256 post type-post status-publish format-standard has-post-thumbnail hentry category-tjanster-och-stod content_types-information\">\n          <div class=\"item-top\">\n            <h3 class=\"sr-only\">R\u00e5dgivning och kamratst\u00f6d<\/h3>\n                          <div class=\"entry-thumbnail\">\n                <div class=\"thumb\">\n                  <!--\n                  <img decoding=\"async\" src=\"https:\/\/papunet.net\/sv\/wp-content\/uploads\/sites\/2\/2023\/09\/iStock-1076078128.jpg\" alt=\"\" width=\"100%\" height=\"auto\" \/>\n                  -->\n                  <img decoding=\"async\" src=\"https:\/\/papunet.net\/sv\/wp-content\/uploads\/sites\/2\/2023\/09\/iStock-1076078128.jpg\" alt=\"\">\n                                  <\/div>\n                              <\/div>\n                        <div class=\"entry-meta\">\n              <div class=\"tags\">\n                <ul class=\"tags-list\">\n                                      <li class=\"tag-item\">\n                      <span class=\"tag-button\">Information<\/span>\n                    <\/li>\n                                  <\/ul>\n              <\/div>\n            <\/div>\n            <header class=\"entry-header\" aria-hidden=\"true\">\n              <h3 class=\"entry-title\">R\u00e5dgivning och kamratst\u00f6d<\/h3>\n            <\/header>\n            <div class=\"entry-content\">\n              <p>Det vardagliga livet p\u00e5verkas p\u00e5 m\u00e5nga s\u00e4tt om du eller n\u00e5gon i din n\u00e4rhet har sv\u00e5righeter med tal och kommunikation. F\u00f6rutom st\u00f6d fr\u00e5n experter kan det finnas behov av att dela erfarenheter och upplevelser med andra m\u00e4nniskor som \u00e4r i en liknande situation.<\/p>\n            <\/div>\n          <\/div>\n          <div class=\"item-bottom\">\n            <div class=\"entry-footer\">\n              <span class=\"circle-arrow-button\">\u00d6ppna artikeln<\/span>\n            <\/div>\n          <\/div>\n        <\/article>\n          <\/a>\n        <\/div>\n                <div class=\"col-12 col-lg-4 row-content lift-item list-item\">\n           <a href=\"https:\/\/papunet.net\/sv\/ansokan-om-service-och-serviceplan\/\" rel=\"bookmark\">  <!-- Oletusn\u00e4kym\u00e4 hakutuloksille -->\n        <article id=\"post-326\" class=\"post-326 post type-post status-publish format-standard has-post-thumbnail hentry category-tjanster-och-stod content_types-information\">\n          <div class=\"item-top\">\n            <h3 class=\"sr-only\">Ans\u00f6kan om service och serviceplan<\/h3>\n                          <div class=\"entry-thumbnail\">\n                <div class=\"thumb\">\n                  <!--\n                  <img decoding=\"async\" src=\"https:\/\/papunet.net\/sv\/wp-content\/uploads\/sites\/2\/2023\/08\/palvelut_ja_tukitoimet.jpg\" alt=\"\" width=\"100%\" height=\"auto\" \/>\n                  -->\n                  <img decoding=\"async\" src=\"https:\/\/papunet.net\/sv\/wp-content\/uploads\/sites\/2\/2023\/08\/palvelut_ja_tukitoimet.jpg\" alt=\"\">\n                                  <\/div>\n                              <\/div>\n                        <div class=\"entry-meta\">\n              <div class=\"tags\">\n                <ul class=\"tags-list\">\n                                      <li class=\"tag-item\">\n                      <span class=\"tag-button\">Information<\/span>\n                    <\/li>\n                                  <\/ul>\n              <\/div>\n            <\/div>\n            <header class=\"entry-header\" aria-hidden=\"true\">\n              <h3 class=\"entry-title\">Ans\u00f6kan om service och serviceplan<\/h3>\n            <\/header>\n            <div class=\"entry-content\">\n              <p>En person med tal- och kommunikationssv\u00e5righeter beh\u00f6ver ofta rehabilitering och andra tj\u00e4nster som st\u00f6der personen att vara delaktig och leva ett gott liv p\u00e5 egna villkor.<\/p>\n            <\/div>\n          <\/div>\n          <div class=\"item-bottom\">\n            <div class=\"entry-footer\">\n              <span class=\"circle-arrow-button\">\u00d6ppna artikeln<\/span>\n            <\/div>\n          <\/div>\n        <\/article>\n          <\/a>\n        <\/div>\n                <div class=\"col-12 col-lg-4 row-content lift-item list-item\">\n           <a href=\"https:\/\/papunet.net\/sv\/tjanster-for-barn-och-familjer\/\" rel=\"bookmark\">  <!-- Oletusn\u00e4kym\u00e4 hakutuloksille -->\n        <article id=\"post-338\" class=\"post-338 post type-post status-publish format-standard has-post-thumbnail hentry category-tjanster-och-stod content_types-information\">\n          <div class=\"item-top\">\n            <h3 class=\"sr-only\">Tj\u00e4nster f\u00f6r barn och familjer<\/h3>\n                          <div class=\"entry-thumbnail\">\n                <div class=\"thumb\">\n                  <!--\n                  <img decoding=\"async\" src=\"https:\/\/papunet.net\/sv\/wp-content\/uploads\/sites\/2\/2023\/09\/iStock-963433418.jpg\" alt=\"\" width=\"100%\" height=\"auto\" \/>\n                  -->\n                  <img decoding=\"async\" src=\"https:\/\/papunet.net\/sv\/wp-content\/uploads\/sites\/2\/2023\/09\/iStock-963433418.jpg\" alt=\"\">\n                                  <\/div>\n                              <\/div>\n                        <div class=\"entry-meta\">\n              <div class=\"tags\">\n                <ul class=\"tags-list\">\n                                      <li class=\"tag-item\">\n                      <span class=\"tag-button\">Information<\/span>\n                    <\/li>\n                                  <\/ul>\n              <\/div>\n            <\/div>\n            <header class=\"entry-header\" aria-hidden=\"true\">\n              <h3 class=\"entry-title\">Tj\u00e4nster f\u00f6r barn och familjer<\/h3>\n            <\/header>\n            <div class=\"entry-content\">\n              <p>Det \u00e4r vanligt att st\u00f6rningar i utvecklingen hos barn tar sig uttryck som<br \/>\navvikelser i tal- och spr\u00e5kutvecklingen. Tidig habilitering och handledning \u00e4r en del av de tj\u00e4nster som erbjuds barn och familjer. <\/p>\n            <\/div>\n          <\/div>\n          <div class=\"item-bottom\">\n            <div class=\"entry-footer\">\n              <span class=\"circle-arrow-button\">\u00d6ppna artikeln<\/span>\n            <\/div>\n          <\/div>\n        <\/article>\n          <\/a>\n        <\/div>\n                <div class=\"col-12 col-lg-4 row-content lift-item list-item\">\n           <a href=\"https:\/\/papunet.net\/sv\/kommunikationsrehabilitering-och-hjalpmedelsservice\/\" rel=\"bookmark\">  <!-- Oletusn\u00e4kym\u00e4 hakutuloksille -->\n        <article id=\"post-359\" class=\"post-359 post type-post status-publish format-standard has-post-thumbnail hentry category-tjanster-och-stod content_types-information\">\n          <div class=\"item-top\">\n            <h3 class=\"sr-only\">Kommunikationsrehabilitering och hj\u00e4lpmedelsservice<\/h3>\n                          <div class=\"entry-thumbnail\">\n                <div class=\"thumb\">\n                  <!--\n                  <img decoding=\"async\" src=\"https:\/\/papunet.net\/sv\/wp-content\/uploads\/sites\/2\/2023\/09\/iStock-1430043100.jpg\" alt=\"\" width=\"100%\" height=\"auto\" \/>\n                  -->\n                  <img decoding=\"async\" src=\"https:\/\/papunet.net\/sv\/wp-content\/uploads\/sites\/2\/2023\/09\/iStock-1430043100.jpg\" alt=\"\">\n                                  <\/div>\n                              <\/div>\n                        <div class=\"entry-meta\">\n              <div class=\"tags\">\n                <ul class=\"tags-list\">\n                                      <li class=\"tag-item\">\n                      <span class=\"tag-button\">Information<\/span>\n                    <\/li>\n                                  <\/ul>\n              <\/div>\n            <\/div>\n            <header class=\"entry-header\" aria-hidden=\"true\">\n              <h3 class=\"entry-title\">Kommunikationsrehabilitering och hj\u00e4lpmedelsservice<\/h3>\n            <\/header>\n            <div class=\"entry-content\">\n              <p>Kommunikationsrehabilitering och \u2013habilitering \u00e4r medicinsk rehabilitering som baserar sig p\u00e5 en bed\u00f6mning av kommunikationen och en rehabiliteringsplan som uppg\u00f6rs inom h\u00e4lso- och sjukv\u00e5rden. I rehabiliteringen ing\u00e5r ocks\u00e5 anskaffning av kommunikationshj\u00e4lpmedel. <\/p>\n            <\/div>\n          <\/div>\n          <div class=\"item-bottom\">\n            <div class=\"entry-footer\">\n              <span class=\"circle-arrow-button\">\u00d6ppna artikeln<\/span>\n            <\/div>\n          <\/div>\n        <\/article>\n          <\/a>\n        <\/div>\n                <div class=\"col-12 col-lg-4 row-content lift-item list-item\">\n           <a href=\"https:\/\/papunet.net\/sv\/handledning-i-alternativ-och-kompletterande-kommunikation-akk\/\" rel=\"bookmark\">  <!-- Oletusn\u00e4kym\u00e4 hakutuloksille -->\n        <article id=\"post-370\" class=\"post-370 post type-post status-publish format-standard has-post-thumbnail hentry category-tjanster-och-stod content_types-information\">\n          <div class=\"item-top\">\n            <h3 class=\"sr-only\">Handledning i alternativ och kompletterande kommunikation (AKK)<\/h3>\n                          <div class=\"entry-thumbnail\">\n                <div class=\"thumb\">\n                  <!--\n                  <img decoding=\"async\" src=\"https:\/\/papunet.net\/sv\/wp-content\/uploads\/sites\/2\/2023\/09\/iStock-1422982288.jpg\" alt=\"\" width=\"100%\" height=\"auto\" \/>\n                  -->\n                  <img decoding=\"async\" src=\"https:\/\/papunet.net\/sv\/wp-content\/uploads\/sites\/2\/2023\/09\/iStock-1422982288.jpg\" alt=\"\">\n                                  <\/div>\n                              <\/div>\n                        <div class=\"entry-meta\">\n              <div class=\"tags\">\n                <ul class=\"tags-list\">\n                                      <li class=\"tag-item\">\n                      <span class=\"tag-button\">Information<\/span>\n                    <\/li>\n                                  <\/ul>\n              <\/div>\n            <\/div>\n            <header class=\"entry-header\" aria-hidden=\"true\">\n              <h3 class=\"entry-title\">Handledning i alternativ och kompletterande kommunikation (AKK)<\/h3>\n            <\/header>\n            <div class=\"entry-content\">\n              <p>Under handledning i tecken som st\u00f6d f\u00e5r de n\u00e4rst\u00e5ende undervisning i tecken och anv\u00e4ndning av bilder.<\/p>\n            <\/div>\n          <\/div>\n          <div class=\"item-bottom\">\n            <div class=\"entry-footer\">\n              <span class=\"circle-arrow-button\">\u00d6ppna artikeln<\/span>\n            <\/div>\n          <\/div>\n        <\/article>\n          <\/a>\n        <\/div>\n                <div class=\"col-12 col-lg-4 row-content lift-item list-item\">\n           <a href=\"https:\/\/papunet.net\/sv\/tolktjanst\/\" rel=\"bookmark\">  <!-- Oletusn\u00e4kym\u00e4 hakutuloksille -->\n        <article id=\"post-378\" class=\"post-378 post type-post status-publish format-standard has-post-thumbnail hentry category-tjanster-och-stod content_types-information\">\n          <div class=\"item-top\">\n            <h3 class=\"sr-only\">Tolktj\u00e4nst\u00a0<\/h3>\n                          <div class=\"entry-thumbnail\">\n                <div class=\"thumb\">\n                  <!--\n                  <img decoding=\"async\" src=\"https:\/\/papunet.net\/sv\/wp-content\/uploads\/sites\/2\/2023\/08\/Etatulkkaus-kuvituskuva.jpg\" alt=\"\" width=\"100%\" height=\"auto\" \/>\n                  -->\n                  <img decoding=\"async\" src=\"https:\/\/papunet.net\/sv\/wp-content\/uploads\/sites\/2\/2023\/08\/Etatulkkaus-kuvituskuva.jpg\" alt=\"\">\n                                  <\/div>\n                              <\/div>\n                        <div class=\"entry-meta\">\n              <div class=\"tags\">\n                <ul class=\"tags-list\">\n                                      <li class=\"tag-item\">\n                      <span class=\"tag-button\">Information<\/span>\n                    <\/li>\n                                  <\/ul>\n              <\/div>\n            <\/div>\n            <header class=\"entry-header\" aria-hidden=\"true\">\n              <h3 class=\"entry-title\">Tolktj\u00e4nst\u00a0<\/h3>\n            <\/header>\n            <div class=\"entry-content\">\n              <p>Med hj\u00e4lp av tolktj\u00e4nst blir interaktion och delaktighet m\u00f6jlig i alla situationer f\u00f6r personer med tal- och kommunikationssv\u00e5righeter. <\/p>\n            <\/div>\n          <\/div>\n          <div class=\"item-bottom\">\n            <div class=\"entry-footer\">\n              <span class=\"circle-arrow-button\">\u00d6ppna artikeln<\/span>\n            <\/div>\n          <\/div>\n        <\/article>\n          <\/a>\n        <\/div>\n                <div class=\"col-12 col-lg-4 row-content lift-item list-item\">\n           <a href=\"https:\/\/papunet.net\/sv\/personlig-assistans-och-stod-i-skolgangen\/\" rel=\"bookmark\">  <!-- Oletusn\u00e4kym\u00e4 hakutuloksille -->\n        <article id=\"post-385\" class=\"post-385 post type-post status-publish format-standard has-post-thumbnail hentry category-tjanster-och-stod content_types-information\">\n          <div class=\"item-top\">\n            <h3 class=\"sr-only\">Personlig assistans och st\u00f6d i skolg\u00e5ngen<\/h3>\n                          <div class=\"entry-thumbnail\">\n                <div class=\"thumb\">\n                  <!--\n                  <img decoding=\"async\" src=\"https:\/\/papunet.net\/sv\/wp-content\/uploads\/sites\/2\/2023\/08\/iStock-1456063978_1200-1024x683.jpg\" alt=\"\" width=\"100%\" height=\"auto\" \/>\n                  -->\n                  <img decoding=\"async\" src=\"https:\/\/papunet.net\/sv\/wp-content\/uploads\/sites\/2\/2023\/08\/iStock-1456063978_1200-1024x683.jpg\" alt=\"\">\n                                  <\/div>\n                              <\/div>\n                        <div class=\"entry-meta\">\n              <div class=\"tags\">\n                <ul class=\"tags-list\">\n                                      <li class=\"tag-item\">\n                      <span class=\"tag-button\">Information<\/span>\n                    <\/li>\n                                  <\/ul>\n              <\/div>\n            <\/div>\n            <header class=\"entry-header\" aria-hidden=\"true\">\n              <h3 class=\"entry-title\">Personlig assistans och st\u00f6d i skolg\u00e5ngen<\/h3>\n            <\/header>\n            <div class=\"entry-content\">\n              <p>Lagen om funktionshinderservice och lagen om grundl\u00e4ggande utbildning garanterar r\u00e4ttigheten f\u00f6r personer med funktionsneds\u00e4ttning att f\u00e5 personlig assistans eller st\u00f6d av en skolg\u00e5ngshandledare. <\/p>\n            <\/div>\n          <\/div>\n          <div class=\"item-bottom\">\n            <div class=\"entry-footer\">\n              <span class=\"circle-arrow-button\">\u00d6ppna artikeln<\/span>\n            <\/div>\n          <\/div>\n        <\/article>\n          <\/a>\n        <\/div>\n          <\/div>\n<\/div>\n","protected":false},"excerpt":{"rendered":"<p>H\u00e4r hittar du information om service och st\u00f6dtj\u00e4nster f\u00f6r personer med tal- och kommunikationssv\u00e5righeter och deras n\u00e4rst\u00e5ende.<\/p>\n","protected":false},"author":5,"featured_media":816,"parent":8,"menu_order":0,"comment_status":"closed","ping_status":"closed","template":"","meta":{"_acf_changed":false,"_relevanssi_hide_post":"","_relevanssi_pin_for_all":"","_relevanssi_pin_keywords":"","_relevanssi_unpin_keywords":"","_relevanssi_related_keywords":"","_relevanssi_related_include_ids":"","_relevanssi_related_exclude_ids":"","_relevanssi_related_no_append":"","_relevanssi_related_not_related":"","_relevanssi_related_posts":"","_relevanssi_noindex_reason":"","footnotes":""},"content_types":[6],"id_themes":[],"class_list":["post-252","page","type-page","status-publish","has-post-thumbnail","hentry","content_types-information"],"yoast_head":"<!-- This site is optimized with the Yoast SEO plugin v22.7 - https:\/\/yoast.com\/wordpress\/plugins\/seo\/ -->\n<title>Tj\u00e4nster och st\u00f6d - Papunet p\u00e5 svenska<\/title>\n<meta name=\"robots\" content=\"index, follow, max-snippet:-1, max-image-preview:large, max-video-preview:-1\" \/>\n<link rel=\"canonical\" href=\"https:\/\/papunet.net\/sv\/information\/kommunikation-tillhor-alla\/tjanster-och-stod\/\" \/>\n<meta property=\"og:locale\" content=\"sv_SE\" \/>\n<meta property=\"og:type\" content=\"article\" \/>\n<meta property=\"og:title\" content=\"Tj\u00e4nster och st\u00f6d - Papunet p\u00e5 svenska\" \/>\n<meta property=\"og:description\" content=\"H\u00e4r hittar du information om service och st\u00f6dtj\u00e4nster f\u00f6r personer med tal- och kommunikationssv\u00e5righeter och deras n\u00e4rst\u00e5ende.\" \/>\n<meta property=\"og:url\" content=\"https:\/\/papunet.net\/sv\/information\/kommunikation-tillhor-alla\/tjanster-och-stod\/\" \/>\n<meta property=\"og:site_name\" content=\"Papunet p\u00e5 svenska\" \/>\n<meta property=\"article:modified_time\" content=\"2023-11-01T08:16:40+00:00\" \/>\n<meta property=\"og:image\" content=\"https:\/\/papunet.net\/sv\/wp-content\/uploads\/sites\/2\/2023\/09\/iStock-1076078648-1.jpg\" \/>\n\t<meta property=\"og:image:width\" content=\"500\" \/>\n\t<meta property=\"og:image:height\" content=\"334\" \/>\n\t<meta property=\"og:image:type\" content=\"image\/jpeg\" \/>\n<meta name=\"twitter:card\" content=\"summary_large_image\" \/>\n<script type=\"application\/ld+json\" class=\"yoast-schema-graph\">{\"@context\":\"https:\/\/schema.org\",\"@graph\":[{\"@type\":\"WebPage\",\"@id\":\"https:\/\/papunet.net\/sv\/information\/kommunikation-tillhor-alla\/tjanster-och-stod\/\",\"url\":\"https:\/\/papunet.net\/sv\/information\/kommunikation-tillhor-alla\/tjanster-och-stod\/\",\"name\":\"Tj\u00e4nster och st\u00f6d - Papunet p\u00e5 svenska\",\"isPartOf\":{\"@id\":\"https:\/\/papunet.net\/sv\/#website\"},\"primaryImageOfPage\":{\"@id\":\"https:\/\/papunet.net\/sv\/information\/kommunikation-tillhor-alla\/tjanster-och-stod\/#primaryimage\"},\"image\":{\"@id\":\"https:\/\/papunet.net\/sv\/information\/kommunikation-tillhor-alla\/tjanster-och-stod\/#primaryimage\"},\"thumbnailUrl\":\"https:\/\/papunet.net\/sv\/wp-content\/uploads\/sites\/2\/2023\/09\/iStock-1076078648-1.jpg\",\"datePublished\":\"2023-08-02T11:03:52+00:00\",\"dateModified\":\"2023-11-01T08:16:40+00:00\",\"breadcrumb\":{\"@id\":\"https:\/\/papunet.net\/sv\/information\/kommunikation-tillhor-alla\/tjanster-och-stod\/#breadcrumb\"},\"inLanguage\":\"sv-SE\",\"potentialAction\":[{\"@type\":\"ReadAction\",\"target\":[\"https:\/\/papunet.net\/sv\/information\/kommunikation-tillhor-alla\/tjanster-och-stod\/\"]}]},{\"@type\":\"ImageObject\",\"inLanguage\":\"sv-SE\",\"@id\":\"https:\/\/papunet.net\/sv\/information\/kommunikation-tillhor-alla\/tjanster-och-stod\/#primaryimage\",\"url\":\"https:\/\/papunet.net\/sv\/wp-content\/uploads\/sites\/2\/2023\/09\/iStock-1076078648-1.jpg\",\"contentUrl\":\"https:\/\/papunet.net\/sv\/wp-content\/uploads\/sites\/2\/2023\/09\/iStock-1076078648-1.jpg\",\"width\":500,\"height\":334},{\"@type\":\"BreadcrumbList\",\"@id\":\"https:\/\/papunet.net\/sv\/information\/kommunikation-tillhor-alla\/tjanster-och-stod\/#breadcrumb\",\"itemListElement\":[{\"@type\":\"ListItem\",\"position\":1,\"name\":\"Framsida\",\"item\":\"https:\/\/papunet.net\/sv\/\"},{\"@type\":\"ListItem\",\"position\":2,\"name\":\"Information\",\"item\":\"https:\/\/papunet.net\/sv\/information\/\"},{\"@type\":\"ListItem\",\"position\":3,\"name\":\"Kommunikation tillh\u00f6r alla\",\"item\":\"https:\/\/papunet.net\/sv\/information\/kommunikation-tillhor-alla\/\"},{\"@type\":\"ListItem\",\"position\":4,\"name\":\"Tj\u00e4nster och st\u00f6d\"}]},{\"@type\":\"WebSite\",\"@id\":\"https:\/\/papunet.net\/sv\/#website\",\"url\":\"https:\/\/papunet.net\/sv\/\",\"name\":\"Papunet p\u00e5 svenska\",\"description\":\"\",\"potentialAction\":[{\"@type\":\"SearchAction\",\"target\":{\"@type\":\"EntryPoint\",\"urlTemplate\":\"https:\/\/papunet.net\/sv\/?s={search_term_string}\"},\"query-input\":\"required name=search_term_string\"}],\"inLanguage\":\"sv-SE\"}]}<\/script>\n<!-- \/ Yoast SEO plugin. -->","yoast_head_json":{"title":"Tj\u00e4nster och st\u00f6d - Papunet p\u00e5 svenska","robots":{"index":"index","follow":"follow","max-snippet":"max-snippet:-1","max-image-preview":"max-image-preview:large","max-video-preview":"max-video-preview:-1"},"canonical":"https:\/\/papunet.net\/sv\/information\/kommunikation-tillhor-alla\/tjanster-och-stod\/","og_locale":"sv_SE","og_type":"article","og_title":"Tj\u00e4nster och st\u00f6d - Papunet p\u00e5 svenska","og_description":"H\u00e4r hittar du information om service och st\u00f6dtj\u00e4nster f\u00f6r personer med tal- och kommunikationssv\u00e5righeter och deras n\u00e4rst\u00e5ende.","og_url":"https:\/\/papunet.net\/sv\/information\/kommunikation-tillhor-alla\/tjanster-och-stod\/","og_site_name":"Papunet p\u00e5 svenska","article_modified_time":"2023-11-01T08:16:40+00:00","og_image":[{"width":500,"height":334,"url":"https:\/\/papunet.net\/sv\/wp-content\/uploads\/sites\/2\/2023\/09\/iStock-1076078648-1.jpg","type":"image\/jpeg"}],"twitter_card":"summary_large_image","schema":{"@context":"https:\/\/schema.org","@graph":[{"@type":"WebPage","@id":"https:\/\/papunet.net\/sv\/information\/kommunikation-tillhor-alla\/tjanster-och-stod\/","url":"https:\/\/papunet.net\/sv\/information\/kommunikation-tillhor-alla\/tjanster-och-stod\/","name":"Tj\u00e4nster och st\u00f6d - Papunet p\u00e5 svenska","isPartOf":{"@id":"https:\/\/papunet.net\/sv\/#website"},"primaryImageOfPage":{"@id":"https:\/\/papunet.net\/sv\/information\/kommunikation-tillhor-alla\/tjanster-och-stod\/#primaryimage"},"image":{"@id":"https:\/\/papunet.net\/sv\/information\/kommunikation-tillhor-alla\/tjanster-och-stod\/#primaryimage"},"thumbnailUrl":"https:\/\/papunet.net\/sv\/wp-content\/uploads\/sites\/2\/2023\/09\/iStock-1076078648-1.jpg","datePublished":"2023-08-02T11:03:52+00:00","dateModified":"2023-11-01T08:16:40+00:00","breadcrumb":{"@id":"https:\/\/papunet.net\/sv\/information\/kommunikation-tillhor-alla\/tjanster-och-stod\/#breadcrumb"},"inLanguage":"sv-SE","potentialAction":[{"@type":"ReadAction","target":["https:\/\/papunet.net\/sv\/information\/kommunikation-tillhor-alla\/tjanster-och-stod\/"]}]},{"@type":"ImageObject","inLanguage":"sv-SE","@id":"https:\/\/papunet.net\/sv\/information\/kommunikation-tillhor-alla\/tjanster-och-stod\/#primaryimage","url":"https:\/\/papunet.net\/sv\/wp-content\/uploads\/sites\/2\/2023\/09\/iStock-1076078648-1.jpg","contentUrl":"https:\/\/papunet.net\/sv\/wp-content\/uploads\/sites\/2\/2023\/09\/iStock-1076078648-1.jpg","width":500,"height":334},{"@type":"BreadcrumbList","@id":"https:\/\/papunet.net\/sv\/information\/kommunikation-tillhor-alla\/tjanster-och-stod\/#breadcrumb","itemListElement":[{"@type":"ListItem","position":1,"name":"Framsida","item":"https:\/\/papunet.net\/sv\/"},{"@type":"ListItem","position":2,"name":"Information","item":"https:\/\/papunet.net\/sv\/information\/"},{"@type":"ListItem","position":3,"name":"Kommunikation tillh\u00f6r alla","item":"https:\/\/papunet.net\/sv\/information\/kommunikation-tillhor-alla\/"},{"@type":"ListItem","position":4,"name":"Tj\u00e4nster och st\u00f6d"}]},{"@type":"WebSite","@id":"https:\/\/papunet.net\/sv\/#website","url":"https:\/\/papunet.net\/sv\/","name":"Papunet p\u00e5 svenska","description":"","potentialAction":[{"@type":"SearchAction","target":{"@type":"EntryPoint","urlTemplate":"https:\/\/papunet.net\/sv\/?s={search_term_string}"},"query-input":"required name=search_term_string"}],"inLanguage":"sv-SE"}]}},"acf":[],"_links":{"self":[{"href":"https:\/\/papunet.net\/sv\/wp-json\/wp\/v2\/pages\/252","targetHints":{"allow":["GET"]}}],"collection":[{"href":"https:\/\/papunet.net\/sv\/wp-json\/wp\/v2\/pages"}],"about":[{"href":"https:\/\/papunet.net\/sv\/wp-json\/wp\/v2\/types\/page"}],"author":[{"embeddable":true,"href":"https:\/\/papunet.net\/sv\/wp-json\/wp\/v2\/users\/5"}],"replies":[{"embeddable":true,"href":"https:\/\/papunet.net\/sv\/wp-json\/wp\/v2\/comments?post=252"}],"version-history":[{"count":10,"href":"https:\/\/papunet.net\/sv\/wp-json\/wp\/v2\/pages\/252\/revisions"}],"predecessor-version":[{"id":2767,"href":"https:\/\/papunet.net\/sv\/wp-json\/wp\/v2\/pages\/252\/revisions\/2767"}],"up":[{"embeddable":true,"href":"https:\/\/papunet.net\/sv\/wp-json\/wp\/v2\/pages\/8"}],"wp:featuredmedia":[{"embeddable":true,"href":"https:\/\/papunet.net\/sv\/wp-json\/wp\/v2\/media\/816"}],"wp:attachment":[{"href":"https:\/\/papunet.net\/sv\/wp-json\/wp\/v2\/media?parent=252"}],"wp:term":[{"taxonomy":"content_types","embeddable":true,"href":"https:\/\/papunet.net\/sv\/wp-json\/wp\/v2\/content_types?post=252"},{"taxonomy":"id_themes","embeddable":true,"href":"https:\/\/papunet.net\/sv\/wp-json\/wp\/v2\/id_themes?post=252"}],"curies":[{"name":"wp","href":"https:\/\/api.w.org\/{rel}","templated":true}]}}