{"id":3292,"date":"2024-04-23T21:53:10","date_gmt":"2024-04-23T18:53:10","guid":{"rendered":"https:\/\/papunet.net\/sv\/?page_id=3292"},"modified":"2024-04-24T07:11:50","modified_gmt":"2024-04-24T04:11:50","slug":"hyp-modell-for-uppmarksam-samvaro","status":"publish","type":"page","link":"https:\/\/papunet.net\/sv\/information\/mojligheter-och-metoder-for-samspel\/hyp-modell-for-uppmarksam-samvaro\/","title":{"rendered":"HYP &#8211; Modell f\u00f6r uppm\u00e4rksam samvaro"},"content":{"rendered":"\n<p>HYP-materialet har producerats av Tikoteket vid Kehitysvammaliitto, som ocks\u00e5 ordnar korta introduktionsutbildningar f\u00f6r att st\u00f6dja anv\u00e4ndandet av HYP-modellen. HYP \u00e4r f\u00f6rkortning fr\u00e5n finskans\u00a0<em>Huomioivaa Yhdess\u00e4oloa P\u00e4ivitt\u00e4in<\/em>.<\/p>\n\n\n\n<div class=\"custom-element content-lifts bg-white color-theme-orange\">\n    <div class=\"row lifts-row list-items\">\n            <div class=\"col-12 col-lg-4 row-content lift-item list-item\">\n           <a href=\"https:\/\/papunet.net\/sv\/vad-ar-hyp-modellen\/\" rel=\"bookmark\">  <!-- Oletusn\u00e4kym\u00e4 hakutuloksille -->\n        <article id=\"post-3298\" class=\"post-3298 post type-post status-publish format-standard has-post-thumbnail hentry category-hyp-modell-for-uppmarksam-samvaro category-mojligheter-och-metoder-for-samspel content_types-information\">\n          <div class=\"item-top\">\n            <h3 class=\"sr-only\">Vad \u00e4r HYP-modellen?<\/h3>\n                          <div class=\"entry-thumbnail\">\n                <div class=\"thumb\">\n                  <!--\n                  <img decoding=\"async\" src=\"https:\/\/papunet.net\/sv\/wp-content\/uploads\/sites\/2\/2024\/04\/hyp.png\" alt=\"\" width=\"100%\" height=\"auto\" \/>\n                  -->\n                  <img decoding=\"async\" src=\"https:\/\/papunet.net\/sv\/wp-content\/uploads\/sites\/2\/2024\/04\/hyp.png\" alt=\"\">\n                                  <\/div>\n                              <\/div>\n                        <div class=\"entry-meta\">\n              <div class=\"tags\">\n                <ul class=\"tags-list\">\n                                      <li class=\"tag-item\">\n                      <span class=\"tag-button\">Information<\/span>\n                    <\/li>\n                                  <\/ul>\n              <\/div>\n            <\/div>\n            <header class=\"entry-header\" aria-hidden=\"true\">\n              <h3 class=\"entry-title\">Vad \u00e4r HYP-modellen?<\/h3>\n            <\/header>\n            <div class=\"entry-content\">\n              <p>Modellen f\u00f6r uppm\u00e4rksam samvaro HYP \u00e4r ett enkelt s\u00e4tt att vara i samspel med personer som har stora st\u00f6dbehov. Uppm\u00e4rksam samvaro beh\u00f6vs, om det finns risk att en person blir utanf\u00f6r d\u00e5 hen inte sj\u00e4lv kan initiera eller uppr\u00e4tth\u00e5lla samspel. <\/p>\n            <\/div>\n          <\/div>\n          <div class=\"item-bottom\">\n            <div class=\"entry-footer\">\n              <span class=\"circle-arrow-button\">\u00d6ppna artikeln<\/span>\n            <\/div>\n          <\/div>\n        <\/article>\n          <\/a>\n        <\/div>\n                <div class=\"col-12 col-lg-4 row-content lift-item list-item\">\n           <a href=\"https:\/\/papunet.net\/sv\/forverkligandet-av-hyp\/\" rel=\"bookmark\">  <!-- Oletusn\u00e4kym\u00e4 hakutuloksille -->\n        <article id=\"post-3306\" class=\"post-3306 post type-post status-publish format-standard has-post-thumbnail hentry category-hyp-modell-for-uppmarksam-samvaro category-mojligheter-och-metoder-for-samspel content_types-information\">\n          <div class=\"item-top\">\n            <h3 class=\"sr-only\">F\u00f6rverkligandet av HYP<\/h3>\n                          <div class=\"entry-thumbnail\">\n                <div class=\"thumb\">\n                  <!--\n                  <img decoding=\"async\" src=\"https:\/\/papunet.net\/sv\/wp-content\/uploads\/sites\/2\/2024\/04\/hyp.png\" alt=\"\" width=\"100%\" height=\"auto\" \/>\n                  -->\n                  <img decoding=\"async\" src=\"https:\/\/papunet.net\/sv\/wp-content\/uploads\/sites\/2\/2024\/04\/hyp.png\" alt=\"\">\n                                  <\/div>\n                              <\/div>\n                        <div class=\"entry-meta\">\n              <div class=\"tags\">\n                <ul class=\"tags-list\">\n                                      <li class=\"tag-item\">\n                      <span class=\"tag-button\">Information<\/span>\n                    <\/li>\n                                  <\/ul>\n              <\/div>\n            <\/div>\n            <header class=\"entry-header\" aria-hidden=\"true\">\n              <h3 class=\"entry-title\">F\u00f6rverkligandet av HYP<\/h3>\n            <\/header>\n            <div class=\"entry-content\">\n              <p>P\u00e5 denna sida f\u00e5r du information om och material f\u00f6r att inleda och f\u00f6rverkliga HYP-verksamhetsmodellen, samt utreda dess effekter. <\/p>\n            <\/div>\n          <\/div>\n          <div class=\"item-bottom\">\n            <div class=\"entry-footer\">\n              <span class=\"circle-arrow-button\">\u00d6ppna artikeln<\/span>\n            <\/div>\n          <\/div>\n        <\/article>\n          <\/a>\n        <\/div>\n                <div class=\"col-12 col-lg-4 row-content lift-item list-item\">\n           <a href=\"https:\/\/papunet.net\/sv\/skriv-ut-hyp-material\/\" rel=\"bookmark\">  <!-- Oletusn\u00e4kym\u00e4 hakutuloksille -->\n        <article id=\"post-3316\" class=\"post-3316 post type-post status-publish format-standard has-post-thumbnail hentry category-hyp-modell-for-uppmarksam-samvaro category-mojligheter-och-metoder-for-samspel content_types-information\">\n          <div class=\"item-top\">\n            <h3 class=\"sr-only\">Skriv ut HYP-material<\/h3>\n                          <div class=\"entry-thumbnail\">\n                <div class=\"thumb\">\n                  <!--\n                  <img decoding=\"async\" src=\"https:\/\/papunet.net\/sv\/wp-content\/uploads\/sites\/2\/2024\/04\/hyp.png\" alt=\"\" width=\"100%\" height=\"auto\" \/>\n                  -->\n                  <img decoding=\"async\" src=\"https:\/\/papunet.net\/sv\/wp-content\/uploads\/sites\/2\/2024\/04\/hyp.png\" alt=\"\">\n                                  <\/div>\n                              <\/div>\n                        <div class=\"entry-meta\">\n              <div class=\"tags\">\n                <ul class=\"tags-list\">\n                                      <li class=\"tag-item\">\n                      <span class=\"tag-button\">Information<\/span>\n                    <\/li>\n                                  <\/ul>\n              <\/div>\n            <\/div>\n            <header class=\"entry-header\" aria-hidden=\"true\">\n              <h3 class=\"entry-title\">Skriv ut HYP-material<\/h3>\n            <\/header>\n            <div class=\"entry-content\">\n              <p>H\u00e4r finns alla material som du beh\u00f6ver n\u00e4r du b\u00f6rjar f\u00f6rverkliga HYP-metoden i praktiken.<\/p>\n            <\/div>\n          <\/div>\n          <div class=\"item-bottom\">\n            <div class=\"entry-footer\">\n              <span class=\"circle-arrow-button\">\u00d6ppna artikeln<\/span>\n            <\/div>\n          <\/div>\n        <\/article>\n          <\/a>\n        <\/div>\n          <\/div>\n<\/div>\n","protected":false},"excerpt":{"rendered":"<p>Genom dagliga HYP-stunder kan man f\u00f6rs\u00e4kra sig om att ingen blir utan samspel, samtidigt som man har trevligt tillsammans. <\/p>\n","protected":false},"author":5,"featured_media":3294,"parent":12,"menu_order":0,"comment_status":"closed","ping_status":"closed","template":"","meta":{"_acf_changed":false,"_relevanssi_hide_post":"","_relevanssi_pin_for_all":"","_relevanssi_pin_keywords":"","_relevanssi_unpin_keywords":"","_relevanssi_related_keywords":"","_relevanssi_related_include_ids":"","_relevanssi_related_exclude_ids":"","_relevanssi_related_no_append":"","_relevanssi_related_not_related":"","_relevanssi_related_posts":"","_relevanssi_noindex_reason":"","footnotes":""},"content_types":[6],"id_themes":[],"class_list":["post-3292","page","type-page","status-publish","has-post-thumbnail","hentry","content_types-information"],"yoast_head":"<!-- This site is optimized with the Yoast SEO plugin v22.7 - https:\/\/yoast.com\/wordpress\/plugins\/seo\/ -->\n<title>HYP - Modell f\u00f6r uppm\u00e4rksam samvaro - Papunet p\u00e5 svenska<\/title>\n<meta name=\"robots\" content=\"index, follow, max-snippet:-1, max-image-preview:large, max-video-preview:-1\" \/>\n<link rel=\"canonical\" href=\"https:\/\/papunet.net\/sv\/information\/mojligheter-och-metoder-for-samspel\/hyp-modell-for-uppmarksam-samvaro\/\" \/>\n<meta property=\"og:locale\" content=\"sv_SE\" \/>\n<meta property=\"og:type\" content=\"article\" \/>\n<meta property=\"og:title\" content=\"HYP - Modell f\u00f6r uppm\u00e4rksam samvaro - Papunet p\u00e5 svenska\" \/>\n<meta property=\"og:description\" content=\"Genom dagliga HYP-stunder kan man f\u00f6rs\u00e4kra sig om att ingen blir utan samspel, samtidigt som man har trevligt tillsammans.\" \/>\n<meta property=\"og:url\" content=\"https:\/\/papunet.net\/sv\/information\/mojligheter-och-metoder-for-samspel\/hyp-modell-for-uppmarksam-samvaro\/\" \/>\n<meta property=\"og:site_name\" content=\"Papunet p\u00e5 svenska\" \/>\n<meta property=\"article:modified_time\" content=\"2024-04-24T04:11:50+00:00\" \/>\n<meta property=\"og:image\" content=\"https:\/\/papunet.net\/sv\/wp-content\/uploads\/sites\/2\/2024\/04\/hyp.png\" \/>\n\t<meta property=\"og:image:width\" content=\"500\" \/>\n\t<meta property=\"og:image:height\" content=\"333\" \/>\n\t<meta property=\"og:image:type\" content=\"image\/png\" \/>\n<meta name=\"twitter:card\" content=\"summary_large_image\" \/>\n<meta name=\"twitter:label1\" content=\"Ber\u00e4knad l\u00e4stid\" \/>\n\t<meta name=\"twitter:data1\" content=\"1 minut\" \/>\n<script type=\"application\/ld+json\" class=\"yoast-schema-graph\">{\"@context\":\"https:\/\/schema.org\",\"@graph\":[{\"@type\":\"WebPage\",\"@id\":\"https:\/\/papunet.net\/sv\/information\/mojligheter-och-metoder-for-samspel\/hyp-modell-for-uppmarksam-samvaro\/\",\"url\":\"https:\/\/papunet.net\/sv\/information\/mojligheter-och-metoder-for-samspel\/hyp-modell-for-uppmarksam-samvaro\/\",\"name\":\"HYP - Modell f\u00f6r uppm\u00e4rksam samvaro - Papunet p\u00e5 svenska\",\"isPartOf\":{\"@id\":\"https:\/\/papunet.net\/sv\/#website\"},\"primaryImageOfPage\":{\"@id\":\"https:\/\/papunet.net\/sv\/information\/mojligheter-och-metoder-for-samspel\/hyp-modell-for-uppmarksam-samvaro\/#primaryimage\"},\"image\":{\"@id\":\"https:\/\/papunet.net\/sv\/information\/mojligheter-och-metoder-for-samspel\/hyp-modell-for-uppmarksam-samvaro\/#primaryimage\"},\"thumbnailUrl\":\"https:\/\/papunet.net\/sv\/wp-content\/uploads\/sites\/2\/2024\/04\/hyp.png\",\"datePublished\":\"2024-04-23T18:53:10+00:00\",\"dateModified\":\"2024-04-24T04:11:50+00:00\",\"breadcrumb\":{\"@id\":\"https:\/\/papunet.net\/sv\/information\/mojligheter-och-metoder-for-samspel\/hyp-modell-for-uppmarksam-samvaro\/#breadcrumb\"},\"inLanguage\":\"sv-SE\",\"potentialAction\":[{\"@type\":\"ReadAction\",\"target\":[\"https:\/\/papunet.net\/sv\/information\/mojligheter-och-metoder-for-samspel\/hyp-modell-for-uppmarksam-samvaro\/\"]}]},{\"@type\":\"ImageObject\",\"inLanguage\":\"sv-SE\",\"@id\":\"https:\/\/papunet.net\/sv\/information\/mojligheter-och-metoder-for-samspel\/hyp-modell-for-uppmarksam-samvaro\/#primaryimage\",\"url\":\"https:\/\/papunet.net\/sv\/wp-content\/uploads\/sites\/2\/2024\/04\/hyp.png\",\"contentUrl\":\"https:\/\/papunet.net\/sv\/wp-content\/uploads\/sites\/2\/2024\/04\/hyp.png\",\"width\":500,\"height\":333},{\"@type\":\"BreadcrumbList\",\"@id\":\"https:\/\/papunet.net\/sv\/information\/mojligheter-och-metoder-for-samspel\/hyp-modell-for-uppmarksam-samvaro\/#breadcrumb\",\"itemListElement\":[{\"@type\":\"ListItem\",\"position\":1,\"name\":\"Framsida\",\"item\":\"https:\/\/papunet.net\/sv\/\"},{\"@type\":\"ListItem\",\"position\":2,\"name\":\"Information\",\"item\":\"https:\/\/papunet.net\/sv\/information\/\"},{\"@type\":\"ListItem\",\"position\":3,\"name\":\"M\u00f6jligheter och metoder f\u00f6r samspel\",\"item\":\"https:\/\/papunet.net\/sv\/information\/mojligheter-och-metoder-for-samspel\/\"},{\"@type\":\"ListItem\",\"position\":4,\"name\":\"HYP &#8211; Modell f\u00f6r uppm\u00e4rksam samvaro\"}]},{\"@type\":\"WebSite\",\"@id\":\"https:\/\/papunet.net\/sv\/#website\",\"url\":\"https:\/\/papunet.net\/sv\/\",\"name\":\"Papunet p\u00e5 svenska\",\"description\":\"\",\"potentialAction\":[{\"@type\":\"SearchAction\",\"target\":{\"@type\":\"EntryPoint\",\"urlTemplate\":\"https:\/\/papunet.net\/sv\/?s={search_term_string}\"},\"query-input\":\"required name=search_term_string\"}],\"inLanguage\":\"sv-SE\"}]}<\/script>\n<!-- \/ Yoast SEO plugin. -->","yoast_head_json":{"title":"HYP - Modell f\u00f6r uppm\u00e4rksam samvaro - Papunet p\u00e5 svenska","robots":{"index":"index","follow":"follow","max-snippet":"max-snippet:-1","max-image-preview":"max-image-preview:large","max-video-preview":"max-video-preview:-1"},"canonical":"https:\/\/papunet.net\/sv\/information\/mojligheter-och-metoder-for-samspel\/hyp-modell-for-uppmarksam-samvaro\/","og_locale":"sv_SE","og_type":"article","og_title":"HYP - Modell f\u00f6r uppm\u00e4rksam samvaro - Papunet p\u00e5 svenska","og_description":"Genom dagliga HYP-stunder kan man f\u00f6rs\u00e4kra sig om att ingen blir utan samspel, samtidigt som man har trevligt tillsammans.","og_url":"https:\/\/papunet.net\/sv\/information\/mojligheter-och-metoder-for-samspel\/hyp-modell-for-uppmarksam-samvaro\/","og_site_name":"Papunet p\u00e5 svenska","article_modified_time":"2024-04-24T04:11:50+00:00","og_image":[{"width":500,"height":333,"url":"https:\/\/papunet.net\/sv\/wp-content\/uploads\/sites\/2\/2024\/04\/hyp.png","type":"image\/png"}],"twitter_card":"summary_large_image","twitter_misc":{"Ber\u00e4knad l\u00e4stid":"1 minut"},"schema":{"@context":"https:\/\/schema.org","@graph":[{"@type":"WebPage","@id":"https:\/\/papunet.net\/sv\/information\/mojligheter-och-metoder-for-samspel\/hyp-modell-for-uppmarksam-samvaro\/","url":"https:\/\/papunet.net\/sv\/information\/mojligheter-och-metoder-for-samspel\/hyp-modell-for-uppmarksam-samvaro\/","name":"HYP - Modell f\u00f6r uppm\u00e4rksam samvaro - Papunet p\u00e5 svenska","isPartOf":{"@id":"https:\/\/papunet.net\/sv\/#website"},"primaryImageOfPage":{"@id":"https:\/\/papunet.net\/sv\/information\/mojligheter-och-metoder-for-samspel\/hyp-modell-for-uppmarksam-samvaro\/#primaryimage"},"image":{"@id":"https:\/\/papunet.net\/sv\/information\/mojligheter-och-metoder-for-samspel\/hyp-modell-for-uppmarksam-samvaro\/#primaryimage"},"thumbnailUrl":"https:\/\/papunet.net\/sv\/wp-content\/uploads\/sites\/2\/2024\/04\/hyp.png","datePublished":"2024-04-23T18:53:10+00:00","dateModified":"2024-04-24T04:11:50+00:00","breadcrumb":{"@id":"https:\/\/papunet.net\/sv\/information\/mojligheter-och-metoder-for-samspel\/hyp-modell-for-uppmarksam-samvaro\/#breadcrumb"},"inLanguage":"sv-SE","potentialAction":[{"@type":"ReadAction","target":["https:\/\/papunet.net\/sv\/information\/mojligheter-och-metoder-for-samspel\/hyp-modell-for-uppmarksam-samvaro\/"]}]},{"@type":"ImageObject","inLanguage":"sv-SE","@id":"https:\/\/papunet.net\/sv\/information\/mojligheter-och-metoder-for-samspel\/hyp-modell-for-uppmarksam-samvaro\/#primaryimage","url":"https:\/\/papunet.net\/sv\/wp-content\/uploads\/sites\/2\/2024\/04\/hyp.png","contentUrl":"https:\/\/papunet.net\/sv\/wp-content\/uploads\/sites\/2\/2024\/04\/hyp.png","width":500,"height":333},{"@type":"BreadcrumbList","@id":"https:\/\/papunet.net\/sv\/information\/mojligheter-och-metoder-for-samspel\/hyp-modell-for-uppmarksam-samvaro\/#breadcrumb","itemListElement":[{"@type":"ListItem","position":1,"name":"Framsida","item":"https:\/\/papunet.net\/sv\/"},{"@type":"ListItem","position":2,"name":"Information","item":"https:\/\/papunet.net\/sv\/information\/"},{"@type":"ListItem","position":3,"name":"M\u00f6jligheter och metoder f\u00f6r samspel","item":"https:\/\/papunet.net\/sv\/information\/mojligheter-och-metoder-for-samspel\/"},{"@type":"ListItem","position":4,"name":"HYP &#8211; Modell f\u00f6r uppm\u00e4rksam samvaro"}]},{"@type":"WebSite","@id":"https:\/\/papunet.net\/sv\/#website","url":"https:\/\/papunet.net\/sv\/","name":"Papunet p\u00e5 svenska","description":"","potentialAction":[{"@type":"SearchAction","target":{"@type":"EntryPoint","urlTemplate":"https:\/\/papunet.net\/sv\/?s={search_term_string}"},"query-input":"required name=search_term_string"}],"inLanguage":"sv-SE"}]}},"acf":[],"_links":{"self":[{"href":"https:\/\/papunet.net\/sv\/wp-json\/wp\/v2\/pages\/3292","targetHints":{"allow":["GET"]}}],"collection":[{"href":"https:\/\/papunet.net\/sv\/wp-json\/wp\/v2\/pages"}],"about":[{"href":"https:\/\/papunet.net\/sv\/wp-json\/wp\/v2\/types\/page"}],"author":[{"embeddable":true,"href":"https:\/\/papunet.net\/sv\/wp-json\/wp\/v2\/users\/5"}],"replies":[{"embeddable":true,"href":"https:\/\/papunet.net\/sv\/wp-json\/wp\/v2\/comments?post=3292"}],"version-history":[{"count":11,"href":"https:\/\/papunet.net\/sv\/wp-json\/wp\/v2\/pages\/3292\/revisions"}],"predecessor-version":[{"id":3371,"href":"https:\/\/papunet.net\/sv\/wp-json\/wp\/v2\/pages\/3292\/revisions\/3371"}],"up":[{"embeddable":true,"href":"https:\/\/papunet.net\/sv\/wp-json\/wp\/v2\/pages\/12"}],"wp:featuredmedia":[{"embeddable":true,"href":"https:\/\/papunet.net\/sv\/wp-json\/wp\/v2\/media\/3294"}],"wp:attachment":[{"href":"https:\/\/papunet.net\/sv\/wp-json\/wp\/v2\/media?parent=3292"}],"wp:term":[{"taxonomy":"content_types","embeddable":true,"href":"https:\/\/papunet.net\/sv\/wp-json\/wp\/v2\/content_types?post=3292"},{"taxonomy":"id_themes","embeddable":true,"href":"https:\/\/papunet.net\/sv\/wp-json\/wp\/v2\/id_themes?post=3292"}],"curies":[{"name":"wp","href":"https:\/\/api.w.org\/{rel}","templated":true}]}}