{"id":3435,"date":"2024-06-06T15:29:37","date_gmt":"2024-06-06T12:29:37","guid":{"rendered":"https:\/\/papunet.net\/sv\/?page_id=3435"},"modified":"2025-06-19T09:32:36","modified_gmt":"2025-06-19T06:32:36","slug":"kolumner","status":"publish","type":"page","link":"https:\/\/papunet.net\/sv\/information\/kolumner\/","title":{"rendered":"Kolumner"},"content":{"rendered":"<div class=\"wp-block-image\">\n<figure class=\"alignleft size-large is-resized\"><img loading=\"lazy\" decoding=\"async\" width=\"745\" height=\"993\" src=\"https:\/\/papunet.net\/sv\/wp-content\/uploads\/sites\/2\/2025\/06\/Johan-Palmen-edited.jpg\" alt=\"Johan Palm\u00e9n\" class=\"wp-image-6270\" style=\"aspect-ratio:3\/4;object-fit:cover;width:270px\" srcset=\"https:\/\/papunet.net\/sv\/wp-content\/uploads\/sites\/2\/2025\/06\/Johan-Palmen-edited.jpg 745w, https:\/\/papunet.net\/sv\/wp-content\/uploads\/sites\/2\/2025\/06\/Johan-Palmen-edited-225x300.jpg 225w\" sizes=\"auto, (max-width: 745px) 85vw, 745px\" \/><\/figure>\n<\/div>\n\n\n<p>Till utbildningen \u00e4r jag Socionom YH och Specialpedagog inom sm\u00e5barnspedagogiken. Jag har arbetat inom specialomsorgen och varit speciall\u00e4rare\/specialklassl\u00e4rare sammanlagt n\u00e4stan 15 \u00e5r. Till Folkh\u00e4lsan kom jag \u00e5r 2010 och har jobbat med IT-verktyg som st\u00f6d f\u00f6r kommunikation och inl\u00e4rning. <\/p>\n\n\n\n<p>Jag talar og\u00e4rna om specialpedagogik, utan ser hellre att man utg\u00e5r fr\u00e5n behovet och sedan v\u00e4ljer den pedagogik som k\u00e4nns optimalt. Jag \u00e4r nyfiken och vill alltid utforska nya v\u00e4gar att g\u00f6ra saker p\u00e5.<\/p>\n\n\n\n<p>D\u00e5 det kommer till kommunikationsst\u00f6d har jag en givande men samtidigt kr\u00e4vande samarbetspart i min dotter (idag 9 \u00e5r gammal), som mest kommunicerar med symboler och st\u00f6dtecken.<\/p>\n\n\n\n<p>I mina texter kommer jag att utg\u00e5 fr\u00e5n dels personliga erfarenheter, dels indirekt egna erfarenheter, dvs s\u00e5dana jag f\u00e5tt ta del av via jobbet.<\/p>\n\n\n\n<p><strong>Tips, id\u00e9er och respons: <\/strong>johan.palmen[at]folkhalsan.fi<\/p>\n\n\n\n<p><\/p>\n\n\n\n<div class=\"custom-element content-lifts bg-white color-theme-orange\">\n      <div class=\"title-row\">\n      <div class=\"row-content\">\n        <h2 class=\"element-title\">Tankar fr\u00e5n den verkliga vardagen<\/h2>\n      <\/div>\n    <\/div>\n      <div class=\"row lifts-row list-items\">\n            <div class=\"col-12 col-lg-4 row-content lift-item list-item\">\n           <a href=\"https:\/\/papunet.net\/sv\/da-barnet-kommer-med-ett-eget-sprak\/\" rel=\"bookmark\">  <!-- Oletusn\u00e4kym\u00e4 hakutuloksille -->\n        <article id=\"post-3450\" class=\"post-3450 post type-post status-publish format-standard has-post-thumbnail hentry category-kolumner content_types-information\">\n          <div class=\"item-top\">\n            <h3 class=\"sr-only\">D\u00e5 barnet kommer med ett eget spr\u00e5k<\/h3>\n                          <div class=\"entry-thumbnail\">\n                <div class=\"thumb\">\n                  <!--\n                  <img decoding=\"async\" src=\"https:\/\/papunet.net\/sv\/wp-content\/uploads\/sites\/2\/2025\/04\/Kolumn-1_kuva.png\" alt=\"\" width=\"100%\" height=\"auto\" \/>\n                  -->\n                  <img decoding=\"async\" src=\"https:\/\/papunet.net\/sv\/wp-content\/uploads\/sites\/2\/2025\/04\/Kolumn-1_kuva.png\" alt=\"\">\n                                  <\/div>\n                              <\/div>\n                        <div class=\"entry-meta\">\n              <div class=\"tags\">\n                <ul class=\"tags-list\">\n                                      <li class=\"tag-item\">\n                      <span class=\"tag-button\">Information<\/span>\n                    <\/li>\n                                  <\/ul>\n              <\/div>\n            <\/div>\n            <header class=\"entry-header\" aria-hidden=\"true\">\n              <h3 class=\"entry-title\">D\u00e5 barnet kommer med ett eget spr\u00e5k<\/h3>\n            <\/header>\n            <div class=\"entry-content\">\n              <p>Om barnet kommer att beh\u00f6va ett alternativt eller kompletterande s\u00e4tt att kommunicera s\u00e5 betyder det i de allra flesta fall att hela omgivningen skall l\u00e4ra sig n\u00e5got nytt. Det g\u00e4ller \u00e4ven f\u00f6r f\u00f6r\u00e4ldrarna. <\/p>\n            <\/div>\n          <\/div>\n          <div class=\"item-bottom\">\n            <div class=\"entry-footer\">\n              <span class=\"circle-arrow-button\">\u00d6ppna artikeln<\/span>\n            <\/div>\n          <\/div>\n        <\/article>\n          <\/a>\n        <\/div>\n                <div class=\"col-12 col-lg-4 row-content lift-item list-item\">\n           <a href=\"https:\/\/papunet.net\/sv\/da-barnets-sprak-utvecklas\/\" rel=\"bookmark\">  <!-- Oletusn\u00e4kym\u00e4 hakutuloksille -->\n        <article id=\"post-3444\" class=\"post-3444 post type-post status-publish format-standard has-post-thumbnail hentry category-kolumner content_types-information\">\n          <div class=\"item-top\">\n            <h3 class=\"sr-only\">D\u00e5 barnets spr\u00e5k utvecklas<\/h3>\n                          <div class=\"entry-thumbnail\">\n                <div class=\"thumb\">\n                  <!--\n                  <img decoding=\"async\" src=\"https:\/\/papunet.net\/sv\/wp-content\/uploads\/sites\/2\/2025\/04\/Kolumn-2_kuva.png\" alt=\"\" width=\"100%\" height=\"auto\" \/>\n                  -->\n                  <img decoding=\"async\" src=\"https:\/\/papunet.net\/sv\/wp-content\/uploads\/sites\/2\/2025\/04\/Kolumn-2_kuva.png\" alt=\"\">\n                                  <\/div>\n                              <\/div>\n                        <div class=\"entry-meta\">\n              <div class=\"tags\">\n                <ul class=\"tags-list\">\n                                      <li class=\"tag-item\">\n                      <span class=\"tag-button\">Information<\/span>\n                    <\/li>\n                                  <\/ul>\n              <\/div>\n            <\/div>\n            <header class=\"entry-header\" aria-hidden=\"true\">\n              <h3 class=\"entry-title\">D\u00e5 barnets spr\u00e5k utvecklas<\/h3>\n            <\/header>\n            <div class=\"entry-content\">\n              <p>I en tidigare kolumn skrev jag om hur det var d\u00e5 barnet kom med ett eget spr\u00e5k som omgivningen fick l\u00e4ra sig. H\u00e4r f\u00f6ljer en frist\u00e5ende forts\u00e4ttning.<\/p>\n            <\/div>\n          <\/div>\n          <div class=\"item-bottom\">\n            <div class=\"entry-footer\">\n              <span class=\"circle-arrow-button\">\u00d6ppna artikeln<\/span>\n            <\/div>\n          <\/div>\n        <\/article>\n          <\/a>\n        <\/div>\n                <div class=\"col-12 col-lg-4 row-content lift-item list-item\">\n           <a href=\"https:\/\/papunet.net\/sv\/kommunikation-med-parm-och-pekplatta\/\" rel=\"bookmark\">  <!-- Oletusn\u00e4kym\u00e4 hakutuloksille -->\n        <article id=\"post-4487\" class=\"post-4487 post type-post status-publish format-standard has-post-thumbnail hentry category-kolumner content_types-information\">\n          <div class=\"item-top\">\n            <h3 class=\"sr-only\">Kommunikation med p\u00e4rm och pekplatta<\/h3>\n                          <div class=\"entry-thumbnail\">\n                <div class=\"thumb\">\n                  <!--\n                  <img decoding=\"async\" src=\"https:\/\/papunet.net\/sv\/wp-content\/uploads\/sites\/2\/2025\/04\/Kolumn-3_kuva.png\" alt=\"\" width=\"100%\" height=\"auto\" \/>\n                  -->\n                  <img decoding=\"async\" src=\"https:\/\/papunet.net\/sv\/wp-content\/uploads\/sites\/2\/2025\/04\/Kolumn-3_kuva.png\" alt=\"\">\n                                  <\/div>\n                              <\/div>\n                        <div class=\"entry-meta\">\n              <div class=\"tags\">\n                <ul class=\"tags-list\">\n                                      <li class=\"tag-item\">\n                      <span class=\"tag-button\">Information<\/span>\n                    <\/li>\n                                  <\/ul>\n              <\/div>\n            <\/div>\n            <header class=\"entry-header\" aria-hidden=\"true\">\n              <h3 class=\"entry-title\">Kommunikation med p\u00e4rm och pekplatta<\/h3>\n            <\/header>\n            <div class=\"entry-content\">\n              <p>Kommunikationen flyttade in i pekplattan och \u00f6vergick fr\u00e5n en app till en annan.<\/p>\n            <\/div>\n          <\/div>\n          <div class=\"item-bottom\">\n            <div class=\"entry-footer\">\n              <span class=\"circle-arrow-button\">\u00d6ppna artikeln<\/span>\n            <\/div>\n          <\/div>\n        <\/article>\n          <\/a>\n        <\/div>\n                <div class=\"col-12 col-lg-4 row-content lift-item list-item\">\n           <a href=\"https:\/\/papunet.net\/sv\/den-langa-cykelturen\/\" rel=\"bookmark\">  <!-- Oletusn\u00e4kym\u00e4 hakutuloksille -->\n        <article id=\"post-4861\" class=\"post-4861 post type-post status-publish format-standard has-post-thumbnail hentry category-kolumner content_types-information id_themes-hobby-och-fritid\">\n          <div class=\"item-top\">\n            <h3 class=\"sr-only\">Den l\u00e5nga cykelturen<\/h3>\n                          <div class=\"entry-thumbnail\">\n                <div class=\"thumb\">\n                  <!--\n                  <img decoding=\"async\" src=\"https:\/\/papunet.net\/sv\/wp-content\/uploads\/sites\/2\/2025\/04\/Kolumn-4_kuva.png\" alt=\"\" width=\"100%\" height=\"auto\" \/>\n                  -->\n                  <img decoding=\"async\" src=\"https:\/\/papunet.net\/sv\/wp-content\/uploads\/sites\/2\/2025\/04\/Kolumn-4_kuva.png\" alt=\"\">\n                                  <\/div>\n                              <\/div>\n                        <div class=\"entry-meta\">\n              <div class=\"tags\">\n                <ul class=\"tags-list\">\n                                      <li class=\"tag-item\">\n                      <span class=\"tag-button\">Information<\/span>\n                    <\/li>\n                                  <\/ul>\n              <\/div>\n            <\/div>\n            <header class=\"entry-header\" aria-hidden=\"true\">\n              <h3 class=\"entry-title\">Den l\u00e5nga cykelturen<\/h3>\n            <\/header>\n            <div class=\"entry-content\">\n              <p>D\u00e5 ett barn har s\u00e4rskilda behov hamnar man l\u00e4tt i en v\u00e4rld d\u00e4r mycket vardagligt blir speciellt. Det man beh\u00f6ver f\u00f6r att \u00e4ta finns inte i varje aff\u00e4r och skor m\u00e5ste eventuellt best\u00e4llas fr\u00e5n n\u00e5gon specifik tillverkare. Inte var det ju heller en vanlig cykelaff\u00e4r som levererade min dotters f\u00f6rsta cykel.<\/p>\n            <\/div>\n          <\/div>\n          <div class=\"item-bottom\">\n            <div class=\"entry-footer\">\n              <span class=\"circle-arrow-button\">\u00d6ppna artikeln<\/span>\n            <\/div>\n          <\/div>\n        <\/article>\n          <\/a>\n        <\/div>\n                <div class=\"col-12 col-lg-4 row-content lift-item list-item\">\n           <a href=\"https:\/\/papunet.net\/sv\/da-du-tappat-rosten\/\" rel=\"bookmark\">  <!-- Oletusn\u00e4kym\u00e4 hakutuloksille -->\n        <article id=\"post-4922\" class=\"post-4922 post type-post status-publish format-standard has-post-thumbnail hentry category-kolumner content_types-information content_types-kolumn\">\n          <div class=\"item-top\">\n            <h3 class=\"sr-only\">D\u00e5 du tappat r\u00f6sten \u00a0<\/h3>\n                          <div class=\"entry-thumbnail\">\n                <div class=\"thumb\">\n                  <!--\n                  <img decoding=\"async\" src=\"https:\/\/papunet.net\/sv\/wp-content\/uploads\/sites\/2\/2025\/04\/Kolumn-1_kuva.png\" alt=\"\" width=\"100%\" height=\"auto\" \/>\n                  -->\n                  <img decoding=\"async\" src=\"https:\/\/papunet.net\/sv\/wp-content\/uploads\/sites\/2\/2025\/04\/Kolumn-1_kuva.png\" alt=\"\">\n                                  <\/div>\n                              <\/div>\n                        <div class=\"entry-meta\">\n              <div class=\"tags\">\n                <ul class=\"tags-list\">\n                                      <li class=\"tag-item\">\n                      <span class=\"tag-button\">Information<\/span>\n                    <\/li>\n                                  <\/ul>\n              <\/div>\n            <\/div>\n            <header class=\"entry-header\" aria-hidden=\"true\">\n              <h3 class=\"entry-title\">D\u00e5 du tappat r\u00f6sten \u00a0<\/h3>\n            <\/header>\n            <div class=\"entry-content\">\n              <p>Yttrandefrihet \u00e4r en grundl\u00e4ggande m\u00e4nsklig r\u00e4ttighet. Enligt finsk lag kan hindrande av en annan persons yttrandefrihet betraktas som ett brott och straffet varierar. Man ser d\u00e5 naturligtvis till omst\u00e4ndigheter och bed\u00f6mer hur allvarligt brottet \u00e4r. \u00a0<\/p>\n            <\/div>\n          <\/div>\n          <div class=\"item-bottom\">\n            <div class=\"entry-footer\">\n              <span class=\"circle-arrow-button\">\u00d6ppna artikeln<\/span>\n            <\/div>\n          <\/div>\n        <\/article>\n          <\/a>\n        <\/div>\n          <\/div>\n<\/div>\n\n\n\n<p><\/p>\n\n\n\n<p><\/p>\n\n\n\n<p><\/p>\n","protected":false},"excerpt":{"rendered":"<p>Johan Palm\u00e9n fr\u00e5n Folkh\u00e4lsan skriver om tankar och erfarenheter av kommunkationsst\u00f6d och IT-verktyg. Han vinklar texterna utg\u00e5ende fr\u00e5n egna och andras erfarenheter.<\/p>\n","protected":false},"author":5,"featured_media":3437,"parent":4,"menu_order":0,"comment_status":"closed","ping_status":"closed","template":"","meta":{"_acf_changed":false,"_relevanssi_hide_post":"","_relevanssi_pin_for_all":"","_relevanssi_pin_keywords":"","_relevanssi_unpin_keywords":"","_relevanssi_related_keywords":"","_relevanssi_related_include_ids":"","_relevanssi_related_exclude_ids":"","_relevanssi_related_no_append":"","_relevanssi_related_not_related":"","_relevanssi_related_posts":"974,1379,1331,1098,338,534","_relevanssi_noindex_reason":"","footnotes":""},"content_types":[102],"id_themes":[66],"class_list":["post-3435","page","type-page","status-publish","has-post-thumbnail","hentry","content_types-kolumn","id_themes-diskussionssituationer"],"yoast_head":"<!-- This site is optimized with the Yoast SEO plugin v22.7 - https:\/\/yoast.com\/wordpress\/plugins\/seo\/ -->\n<title>Kolumner - Papunet p\u00e5 svenska<\/title>\n<meta name=\"robots\" content=\"index, follow, max-snippet:-1, max-image-preview:large, max-video-preview:-1\" \/>\n<link rel=\"canonical\" href=\"https:\/\/papunet.net\/sv\/information\/kolumner\/\" \/>\n<meta property=\"og:locale\" content=\"sv_SE\" \/>\n<meta property=\"og:type\" content=\"article\" \/>\n<meta property=\"og:title\" content=\"Kolumner - Papunet p\u00e5 svenska\" \/>\n<meta property=\"og:description\" content=\"Johan Palm\u00e9n fr\u00e5n Folkh\u00e4lsan skriver om tankar och erfarenheter av kommunkationsst\u00f6d och IT-verktyg. Han vinklar texterna utg\u00e5ende fr\u00e5n egna och andras erfarenheter.\" \/>\n<meta property=\"og:url\" content=\"https:\/\/papunet.net\/sv\/information\/kolumner\/\" \/>\n<meta property=\"og:site_name\" content=\"Papunet p\u00e5 svenska\" \/>\n<meta property=\"article:modified_time\" content=\"2025-06-19T06:32:36+00:00\" \/>\n<meta property=\"og:image\" content=\"https:\/\/papunet.net\/sv\/wp-content\/uploads\/sites\/2\/2024\/06\/Johan-Palmen.jpg\" \/>\n\t<meta property=\"og:image:width\" content=\"916\" \/>\n\t<meta property=\"og:image:height\" content=\"1117\" \/>\n\t<meta property=\"og:image:type\" content=\"image\/jpeg\" \/>\n<meta name=\"twitter:card\" content=\"summary_large_image\" \/>\n<meta name=\"twitter:label1\" content=\"Ber\u00e4knad l\u00e4stid\" \/>\n\t<meta name=\"twitter:data1\" content=\"2 minuter\" \/>\n<script type=\"application\/ld+json\" class=\"yoast-schema-graph\">{\"@context\":\"https:\/\/schema.org\",\"@graph\":[{\"@type\":\"WebPage\",\"@id\":\"https:\/\/papunet.net\/sv\/information\/kolumner\/\",\"url\":\"https:\/\/papunet.net\/sv\/information\/kolumner\/\",\"name\":\"Kolumner - Papunet p\u00e5 svenska\",\"isPartOf\":{\"@id\":\"https:\/\/papunet.net\/sv\/#website\"},\"primaryImageOfPage\":{\"@id\":\"https:\/\/papunet.net\/sv\/information\/kolumner\/#primaryimage\"},\"image\":{\"@id\":\"https:\/\/papunet.net\/sv\/information\/kolumner\/#primaryimage\"},\"thumbnailUrl\":\"https:\/\/papunet.net\/sv\/wp-content\/uploads\/sites\/2\/2024\/06\/Johan-Palmen.jpg\",\"datePublished\":\"2024-06-06T12:29:37+00:00\",\"dateModified\":\"2025-06-19T06:32:36+00:00\",\"breadcrumb\":{\"@id\":\"https:\/\/papunet.net\/sv\/information\/kolumner\/#breadcrumb\"},\"inLanguage\":\"sv-SE\",\"potentialAction\":[{\"@type\":\"ReadAction\",\"target\":[\"https:\/\/papunet.net\/sv\/information\/kolumner\/\"]}]},{\"@type\":\"ImageObject\",\"inLanguage\":\"sv-SE\",\"@id\":\"https:\/\/papunet.net\/sv\/information\/kolumner\/#primaryimage\",\"url\":\"https:\/\/papunet.net\/sv\/wp-content\/uploads\/sites\/2\/2024\/06\/Johan-Palmen.jpg\",\"contentUrl\":\"https:\/\/papunet.net\/sv\/wp-content\/uploads\/sites\/2\/2024\/06\/Johan-Palmen.jpg\",\"width\":916,\"height\":1117,\"caption\":\"Johan Palm\u00e9n\"},{\"@type\":\"BreadcrumbList\",\"@id\":\"https:\/\/papunet.net\/sv\/information\/kolumner\/#breadcrumb\",\"itemListElement\":[{\"@type\":\"ListItem\",\"position\":1,\"name\":\"Framsida\",\"item\":\"https:\/\/papunet.net\/sv\/\"},{\"@type\":\"ListItem\",\"position\":2,\"name\":\"Information\",\"item\":\"https:\/\/papunet.net\/sv\/information\/\"},{\"@type\":\"ListItem\",\"position\":3,\"name\":\"Kolumner\"}]},{\"@type\":\"WebSite\",\"@id\":\"https:\/\/papunet.net\/sv\/#website\",\"url\":\"https:\/\/papunet.net\/sv\/\",\"name\":\"Papunet p\u00e5 svenska\",\"description\":\"\",\"potentialAction\":[{\"@type\":\"SearchAction\",\"target\":{\"@type\":\"EntryPoint\",\"urlTemplate\":\"https:\/\/papunet.net\/sv\/?s={search_term_string}\"},\"query-input\":\"required name=search_term_string\"}],\"inLanguage\":\"sv-SE\"}]}<\/script>\n<!-- \/ Yoast SEO plugin. -->","yoast_head_json":{"title":"Kolumner - Papunet p\u00e5 svenska","robots":{"index":"index","follow":"follow","max-snippet":"max-snippet:-1","max-image-preview":"max-image-preview:large","max-video-preview":"max-video-preview:-1"},"canonical":"https:\/\/papunet.net\/sv\/information\/kolumner\/","og_locale":"sv_SE","og_type":"article","og_title":"Kolumner - Papunet p\u00e5 svenska","og_description":"Johan Palm\u00e9n fr\u00e5n Folkh\u00e4lsan skriver om tankar och erfarenheter av kommunkationsst\u00f6d och IT-verktyg. Han vinklar texterna utg\u00e5ende fr\u00e5n egna och andras erfarenheter.","og_url":"https:\/\/papunet.net\/sv\/information\/kolumner\/","og_site_name":"Papunet p\u00e5 svenska","article_modified_time":"2025-06-19T06:32:36+00:00","og_image":[{"width":916,"height":1117,"url":"https:\/\/papunet.net\/sv\/wp-content\/uploads\/sites\/2\/2024\/06\/Johan-Palmen.jpg","type":"image\/jpeg"}],"twitter_card":"summary_large_image","twitter_misc":{"Ber\u00e4knad l\u00e4stid":"2 minuter"},"schema":{"@context":"https:\/\/schema.org","@graph":[{"@type":"WebPage","@id":"https:\/\/papunet.net\/sv\/information\/kolumner\/","url":"https:\/\/papunet.net\/sv\/information\/kolumner\/","name":"Kolumner - Papunet p\u00e5 svenska","isPartOf":{"@id":"https:\/\/papunet.net\/sv\/#website"},"primaryImageOfPage":{"@id":"https:\/\/papunet.net\/sv\/information\/kolumner\/#primaryimage"},"image":{"@id":"https:\/\/papunet.net\/sv\/information\/kolumner\/#primaryimage"},"thumbnailUrl":"https:\/\/papunet.net\/sv\/wp-content\/uploads\/sites\/2\/2024\/06\/Johan-Palmen.jpg","datePublished":"2024-06-06T12:29:37+00:00","dateModified":"2025-06-19T06:32:36+00:00","breadcrumb":{"@id":"https:\/\/papunet.net\/sv\/information\/kolumner\/#breadcrumb"},"inLanguage":"sv-SE","potentialAction":[{"@type":"ReadAction","target":["https:\/\/papunet.net\/sv\/information\/kolumner\/"]}]},{"@type":"ImageObject","inLanguage":"sv-SE","@id":"https:\/\/papunet.net\/sv\/information\/kolumner\/#primaryimage","url":"https:\/\/papunet.net\/sv\/wp-content\/uploads\/sites\/2\/2024\/06\/Johan-Palmen.jpg","contentUrl":"https:\/\/papunet.net\/sv\/wp-content\/uploads\/sites\/2\/2024\/06\/Johan-Palmen.jpg","width":916,"height":1117,"caption":"Johan Palm\u00e9n"},{"@type":"BreadcrumbList","@id":"https:\/\/papunet.net\/sv\/information\/kolumner\/#breadcrumb","itemListElement":[{"@type":"ListItem","position":1,"name":"Framsida","item":"https:\/\/papunet.net\/sv\/"},{"@type":"ListItem","position":2,"name":"Information","item":"https:\/\/papunet.net\/sv\/information\/"},{"@type":"ListItem","position":3,"name":"Kolumner"}]},{"@type":"WebSite","@id":"https:\/\/papunet.net\/sv\/#website","url":"https:\/\/papunet.net\/sv\/","name":"Papunet p\u00e5 svenska","description":"","potentialAction":[{"@type":"SearchAction","target":{"@type":"EntryPoint","urlTemplate":"https:\/\/papunet.net\/sv\/?s={search_term_string}"},"query-input":"required name=search_term_string"}],"inLanguage":"sv-SE"}]}},"acf":[],"_links":{"self":[{"href":"https:\/\/papunet.net\/sv\/wp-json\/wp\/v2\/pages\/3435","targetHints":{"allow":["GET"]}}],"collection":[{"href":"https:\/\/papunet.net\/sv\/wp-json\/wp\/v2\/pages"}],"about":[{"href":"https:\/\/papunet.net\/sv\/wp-json\/wp\/v2\/types\/page"}],"author":[{"embeddable":true,"href":"https:\/\/papunet.net\/sv\/wp-json\/wp\/v2\/users\/5"}],"replies":[{"embeddable":true,"href":"https:\/\/papunet.net\/sv\/wp-json\/wp\/v2\/comments?post=3435"}],"version-history":[{"count":14,"href":"https:\/\/papunet.net\/sv\/wp-json\/wp\/v2\/pages\/3435\/revisions"}],"predecessor-version":[{"id":6300,"href":"https:\/\/papunet.net\/sv\/wp-json\/wp\/v2\/pages\/3435\/revisions\/6300"}],"up":[{"embeddable":true,"href":"https:\/\/papunet.net\/sv\/wp-json\/wp\/v2\/pages\/4"}],"wp:featuredmedia":[{"embeddable":true,"href":"https:\/\/papunet.net\/sv\/wp-json\/wp\/v2\/media\/3437"}],"wp:attachment":[{"href":"https:\/\/papunet.net\/sv\/wp-json\/wp\/v2\/media?parent=3435"}],"wp:term":[{"taxonomy":"content_types","embeddable":true,"href":"https:\/\/papunet.net\/sv\/wp-json\/wp\/v2\/content_types?post=3435"},{"taxonomy":"id_themes","embeddable":true,"href":"https:\/\/papunet.net\/sv\/wp-json\/wp\/v2\/id_themes?post=3435"}],"curies":[{"name":"wp","href":"https:\/\/api.w.org\/{rel}","templated":true}]}}