{"id":4,"date":"2023-07-19T10:52:06","date_gmt":"2023-07-19T07:52:06","guid":{"rendered":"https:\/\/papunet.net\/sv\/?page_id=4"},"modified":"2024-12-03T11:29:09","modified_gmt":"2024-12-03T09:29:09","slug":"information","status":"publish","type":"page","link":"https:\/\/papunet.net\/sv\/information\/","title":{"rendered":"Information"},"content":{"rendered":"\n<div class=\"custom-element content-lifts bg-white color-theme-orange\">\n      <div class=\"title-row\">\n      <div class=\"row-content\">\n        <h2 class=\"element-title\">Information och material om kommunikation och st\u00f6d<\/h2>\n      <\/div>\n    <\/div>\n      <div class=\"row lifts-row list-items\">\n            <div class=\"col-12 col-lg-4 row-content lift-item list-item\">\n           <a href=\"https:\/\/papunet.net\/sv\/information\/kommunikation-tillhor-alla\/\" rel=\"bookmark\">  <!-- Oletusn\u00e4kym\u00e4 hakutuloksille -->\n        <article id=\"post-8\" class=\"post-8 page type-page status-publish has-post-thumbnail hentry content_types-information\">\n          <div class=\"item-top\">\n            <h3 class=\"sr-only\">Kommunikation tillh\u00f6r alla<\/h3>\n                          <div class=\"entry-thumbnail\">\n                <div class=\"thumb\">\n                  <!--\n                  <img decoding=\"async\" src=\"https:\/\/papunet.net\/sv\/wp-content\/uploads\/sites\/2\/2023\/08\/aven-om-man-inte-kan-tala_video_valikkokuva.png\" alt=\"kommunikation tillh\u00f6r alla\" width=\"100%\" height=\"auto\" \/>\n                  -->\n                  <img decoding=\"async\" src=\"https:\/\/papunet.net\/sv\/wp-content\/uploads\/sites\/2\/2023\/08\/aven-om-man-inte-kan-tala_video_valikkokuva.png\" alt=\"kommunikation tillh\u00f6r alla\">\n                                  <\/div>\n                              <\/div>\n                        <div class=\"entry-meta\">\n              <div class=\"tags\">\n                <ul class=\"tags-list\">\n                                      <li class=\"tag-item\">\n                      <span class=\"tag-button\">Information<\/span>\n                    <\/li>\n                                  <\/ul>\n              <\/div>\n            <\/div>\n            <header class=\"entry-header\" aria-hidden=\"true\">\n              <h3 class=\"entry-title\">Kommunikation tillh\u00f6r alla<\/h3>\n            <\/header>\n            <div class=\"entry-content\">\n              <p>H\u00e4r hittar du information om lagstiftning och tj\u00e4nster som st\u00f6der kommunikationen.<\/p>\n            <\/div>\n          <\/div>\n          <div class=\"item-bottom\">\n            <div class=\"entry-footer\">\n              <span class=\"circle-arrow-button\">\u00d6ppna temat<\/span>\n            <\/div>\n          <\/div>\n        <\/article>\n          <\/a>\n        <\/div>\n                <div class=\"col-12 col-lg-4 row-content lift-item list-item\">\n           <a href=\"https:\/\/papunet.net\/sv\/information\/mojligheter-och-metoder-for-samspel\/\" rel=\"bookmark\">  <!-- Oletusn\u00e4kym\u00e4 hakutuloksille -->\n        <article id=\"post-12\" class=\"post-12 page type-page status-publish has-post-thumbnail hentry content_types-information\">\n          <div class=\"item-top\">\n            <h3 class=\"sr-only\">M\u00f6jligheter och metoder f\u00f6r samspel<\/h3>\n                          <div class=\"entry-thumbnail\">\n                <div class=\"thumb\">\n                  <!--\n                  <img decoding=\"async\" src=\"https:\/\/papunet.net\/sv\/wp-content\/uploads\/sites\/2\/2023\/09\/iStock-1053433092-1.jpg\" alt=\"\" width=\"100%\" height=\"auto\" \/>\n                  -->\n                  <img decoding=\"async\" src=\"https:\/\/papunet.net\/sv\/wp-content\/uploads\/sites\/2\/2023\/09\/iStock-1053433092-1.jpg\" alt=\"\">\n                                  <\/div>\n                              <\/div>\n                        <div class=\"entry-meta\">\n              <div class=\"tags\">\n                <ul class=\"tags-list\">\n                                      <li class=\"tag-item\">\n                      <span class=\"tag-button\">Information<\/span>\n                    <\/li>\n                                  <\/ul>\n              <\/div>\n            <\/div>\n            <header class=\"entry-header\" aria-hidden=\"true\">\n              <h3 class=\"entry-title\">M\u00f6jligheter och metoder f\u00f6r samspel<\/h3>\n            <\/header>\n            <div class=\"entry-content\">\n              <p>Social interaktion \u00e4r samvaro och kommunikation, d\u00e4r kontakten till andra m\u00e4nniskor kan uppst\u00e5 p\u00e5 m\u00e5nga olika s\u00e4tt. <\/p>\n            <\/div>\n          <\/div>\n          <div class=\"item-bottom\">\n            <div class=\"entry-footer\">\n              <span class=\"circle-arrow-button\">\u00d6ppna temat<\/span>\n            <\/div>\n          <\/div>\n        <\/article>\n          <\/a>\n        <\/div>\n                <div class=\"col-12 col-lg-4 row-content lift-item list-item\">\n           <a href=\"https:\/\/papunet.net\/sv\/information\/kommunikationshjalpmedel\/\" rel=\"bookmark\">  <!-- Oletusn\u00e4kym\u00e4 hakutuloksille -->\n        <article id=\"post-10\" class=\"post-10 page type-page status-publish has-post-thumbnail hentry content_types-information\">\n          <div class=\"item-top\">\n            <h3 class=\"sr-only\">Kommunikationshj\u00e4lpmedel<\/h3>\n                          <div class=\"entry-thumbnail\">\n                <div class=\"thumb\">\n                  <!--\n                  <img decoding=\"async\" src=\"https:\/\/papunet.net\/sv\/wp-content\/uploads\/sites\/2\/2023\/08\/kommunikationshjalpmedel_valikkokuva.png\" alt=\"kommunikationsp\u00e4rm, tal- och kommunikationsapparater\" width=\"100%\" height=\"auto\" \/>\n                  -->\n                  <img decoding=\"async\" src=\"https:\/\/papunet.net\/sv\/wp-content\/uploads\/sites\/2\/2023\/08\/kommunikationshjalpmedel_valikkokuva.png\" alt=\"kommunikationsp\u00e4rm, tal- och kommunikationsapparater\">\n                                  <\/div>\n                              <\/div>\n                        <div class=\"entry-meta\">\n              <div class=\"tags\">\n                <ul class=\"tags-list\">\n                                      <li class=\"tag-item\">\n                      <span class=\"tag-button\">Information<\/span>\n                    <\/li>\n                                  <\/ul>\n              <\/div>\n            <\/div>\n            <header class=\"entry-header\" aria-hidden=\"true\">\n              <h3 class=\"entry-title\">Kommunikationshj\u00e4lpmedel<\/h3>\n            <\/header>\n            <div class=\"entry-content\">\n              <p>Med kommunikationshj\u00e4lpmedel kan man kommunicera genom att skriva eller med hj\u00e4lp av bilder och Bliss-symboler.<\/p>\n            <\/div>\n          <\/div>\n          <div class=\"item-bottom\">\n            <div class=\"entry-footer\">\n              <span class=\"circle-arrow-button\">\u00d6ppna temat<\/span>\n            <\/div>\n          <\/div>\n        <\/article>\n          <\/a>\n        <\/div>\n                <div class=\"col-12 col-lg-4 row-content lift-item list-item\">\n           <a href=\"https:\/\/papunet.net\/sv\/information\/kolumner\/\" rel=\"bookmark\">  <!-- Oletusn\u00e4kym\u00e4 hakutuloksille -->\n        <article id=\"post-3435\" class=\"post-3435 page type-page status-publish has-post-thumbnail hentry content_types-kolumn id_themes-diskussionssituationer\">\n          <div class=\"item-top\">\n            <h3 class=\"sr-only\">Kolumner<\/h3>\n                          <div class=\"entry-thumbnail\">\n                <div class=\"thumb\">\n                  <!--\n                  <img decoding=\"async\" src=\"https:\/\/papunet.net\/sv\/wp-content\/uploads\/sites\/2\/2024\/06\/Johan-Palmen-840x1024.jpg\" alt=\"Johan Palm\u00e9n\" width=\"100%\" height=\"auto\" \/>\n                  -->\n                  <img decoding=\"async\" src=\"https:\/\/papunet.net\/sv\/wp-content\/uploads\/sites\/2\/2024\/06\/Johan-Palmen-840x1024.jpg\" alt=\"Johan Palm\u00e9n\">\n                                  <\/div>\n                              <\/div>\n                        <div class=\"entry-meta\">\n              <div class=\"tags\">\n                <ul class=\"tags-list\">\n                                      <li class=\"tag-item\">\n                      <span class=\"tag-button\">Kolumn<\/span>\n                    <\/li>\n                                  <\/ul>\n              <\/div>\n            <\/div>\n            <header class=\"entry-header\" aria-hidden=\"true\">\n              <h3 class=\"entry-title\">Kolumner<\/h3>\n            <\/header>\n            <div class=\"entry-content\">\n              <p>Johan Palm\u00e9n fr\u00e5n Folkh\u00e4lsan skriver om tankar och erfarenheter av kommunkationsst\u00f6d och IT-verktyg. Han vinklar texterna utg\u00e5ende fr\u00e5n egna och andras erfarenheter.<\/p>\n            <\/div>\n          <\/div>\n          <div class=\"item-bottom\">\n            <div class=\"entry-footer\">\n              <span class=\"circle-arrow-button\">\u00d6ppna kolumnen<\/span>\n            <\/div>\n          <\/div>\n        <\/article>\n          <\/a>\n        <\/div>\n          <\/div>\n<\/div>\n\n\n\n<h2 class=\"wp-block-heading\">Mer information f\u00f6r professionella<\/h2>\n\n\n\n<div class=\"custom-element image-title-text-content-links is-image bg-white show-border\">\n                    <div class=\"image-holder\">\n                <div class=\"image-wrap\">\n                    <img decoding=\"async\" src=\"https:\/\/papunet.net\/sv\/wp-content\/uploads\/sites\/2\/2023\/09\/folkhalsan-logo.png\"  class=\"element-image\">\n                <\/div>\n            <\/div>\n            <div class=\"content-holder\">\n                            <div class=\" title-row\">\n                    <div class=\"row-content row-content\">\n                        <h2>Folkh\u00e4lsan<\/h2>\n                    <\/div>\n                <\/div>\n                            <div class=\" content-row\">\n                    <div class=\"row-content row-content entry-content\">\n                        <p class=\"p1\">Folkh\u00e4lsan erbjuder olika typ av st\u00f6d och verksamheten kan vara regional och beroende av underst\u00f6d, s\u00e5 det l\u00f6nar sig att aktivt ta reda p\u00e5 vad som arrangeras just nu.<\/p>\n                    <\/div>\n                <\/div>\n                            <div class=\" link-row\">\n                    <div class=\"row-content\">\n                                                        <a href=\"https:\/\/folkhalsan.fi\/\" target=\"_blank\"  class=\"element-link circle-arrow-button\">G\u00e5 till Folkh\u00e4lsan<\/a>\n                                            <\/div>\n                <\/div>\n                        <\/div>\n        <\/div>\n\n\n\n<div class=\"custom-element image-title-text-content-links is-image bg-white show-border\">\n                    <div class=\"image-holder\">\n                <div class=\"image-wrap\">\n                    <img decoding=\"async\" src=\"https:\/\/papunet.net\/sv\/wp-content\/uploads\/sites\/2\/2023\/09\/Larum_logo-1024x402.png\"  class=\"element-image\">\n                <\/div>\n            <\/div>\n            <div class=\"content-holder\">\n                            <div class=\" title-row\">\n                    <div class=\"row-content row-content\">\n                        <h2>L\u00e4rum<\/h2>\n                    <\/div>\n                <\/div>\n                            <div class=\" content-row\">\n                    <div class=\"row-content row-content entry-content\">\n                        <p class=\"p1\">L\u00e4rum \u00e4r en specialpedagogisk enhet som erbjuder handledning och st\u00f6d kring inl\u00e4rning och skolarbete samt kring anv\u00e4ndningen av specialpedagogiska l\u00e4romedel, l\u00e4ttl\u00e4st material och hj\u00e4lpmedel.<\/p>\n                    <\/div>\n                <\/div>\n                            <div class=\" link-row\">\n                    <div class=\"row-content\">\n                                                        <a href=\"https:\/\/www.larum.fi\/\" target=\"_blank\"  class=\"element-link circle-arrow-button\">G\u00e5 till L\u00e4rum<\/a>\n                                            <\/div>\n                <\/div>\n                        <\/div>\n        <\/div>\n\n\n\n<div class=\"custom-element image-title-text-content-links is-image bg-white show-border\">\n                    <div class=\"image-holder\">\n                <div class=\"image-wrap\">\n                    <img decoding=\"async\" src=\"https:\/\/papunet.net\/sv\/wp-content\/uploads\/sites\/2\/2023\/09\/Tikonen_lehti.png\"  class=\"element-image\">\n                <\/div>\n            <\/div>\n            <div class=\"content-holder\">\n                            <div class=\" title-row\">\n                    <div class=\"row-content row-content\">\n                        <h2>Tikonen-tidningen<\/h2>\n                    <\/div>\n                <\/div>\n                            <div class=\" content-row\">\n                    <div class=\"row-content row-content entry-content\">\n                        <p class=\"p1\">Aktuella artiklar som ber\u00f6r tal- och kommunikationssv\u00e5righeter, digitala hj\u00e4lpmedel samt kommunikations och samspel. Tikonen-tidningen publiceras endast p\u00e5 finska och ges ut av Tikoteekki vid Kehitysvammaliitto.<\/p>\n                    <\/div>\n                <\/div>\n                            <div class=\" link-row\">\n                    <div class=\"row-content\">\n                                                        <a href=\"https:\/\/tikonen.fi\/\" target=\"_blank\"  class=\"element-link circle-arrow-button\">G\u00e5 till Tikonen<\/a>\n                                            <\/div>\n                <\/div>\n                        <\/div>\n        <\/div>\n\n\n\n<div class=\"custom-element image-title-text-content-links is-image bg-white show-border\">\n                    <div class=\"image-holder\">\n                <div class=\"image-wrap\">\n                    <img decoding=\"async\" src=\"https:\/\/papunet.net\/sv\/wp-content\/uploads\/sites\/2\/2023\/09\/Tikoteekki.png\"  class=\"element-image\">\n                <\/div>\n            <\/div>\n            <div class=\"content-holder\">\n                            <div class=\" title-row\">\n                    <div class=\"row-content row-content\">\n                        <h2>Tikoteekki, Kehitysvammaliitto<\/h2>\n                    <\/div>\n                <\/div>\n                            <div class=\" content-row\">\n                    <div class=\"row-content row-content entry-content\">\n                        <p class=\"p1\">Tikoteekki \u00e4r ett center f\u00f6r IT och kommunikation. Tikoteekki utvecklar modeller och material som st\u00f6der samspelet samt utbildar professionella.<\/p>\n                    <\/div>\n                <\/div>\n                            <div class=\" link-row\">\n                    <div class=\"row-content\">\n                                                        <a href=\"https:\/\/www.kehitysvammaliitto.fi\/tikoteekki\/\" target=\"_blank\"  class=\"element-link circle-arrow-button\">G\u00e5 till Tikoteekki<\/a>\n                                            <\/div>\n                <\/div>\n                        <\/div>\n        <\/div>\n\n\n\n<div class=\"custom-element image-title-text-content-links is-image bg-white show-border\">\n                    <div class=\"image-holder\">\n                <div class=\"image-wrap\">\n                    <img decoding=\"async\" src=\"https:\/\/papunet.net\/sv\/wp-content\/uploads\/sites\/2\/2023\/09\/Tikoteekkiverkosto.png\"  class=\"element-image\">\n                <\/div>\n            <\/div>\n            <div class=\"content-holder\">\n                            <div class=\" title-row\">\n                    <div class=\"row-content row-content\">\n                        <h2>Tikoteekkin\u00e4tverket<\/h2>\n                    <\/div>\n                <\/div>\n                            <div class=\" content-row\">\n                    <div class=\"row-content row-content entry-content\">\n                        <p class=\"p1\">Tikoteekin\u00e4tverket \u00e4r ett n\u00e4tverk f\u00f6r specialsjukv\u00e5rdens enheter. N\u00e4tverket erbjuder st\u00f6d kring anv\u00e4ndningen av hj\u00e4lpmedel i kommunikationen.<\/p>\n                    <\/div>\n                <\/div>\n                            <div class=\" link-row\">\n                    <div class=\"row-content\">\n                                                        <a href=\"https:\/\/tikoteekkiverkosto.fi\/\" target=\"_blank\"  class=\"element-link circle-arrow-button\">G\u00e5 till Tikoteekkin\u00e4tverket<\/a>\n                                            <\/div>\n                <\/div>\n                        <\/div>\n        <\/div>\n","protected":false},"excerpt":{"rendered":"<p>Samspel och kommunikation \u00e4r en grundl\u00e4ggande r\u00e4ttighet f\u00f6r oss alla. Om talf\u00f6rm\u00e5gan inte utvecklas normalt eller om man pl\u00f6tsligt f\u00f6rlorar den, beh\u00f6vs metoder som ers\u00e4tter talet och kunnande hos medm\u00e4nniskor f\u00f6r att kommunikationen ska fungera. P\u00e5 Papunets sidor hittar du information och verktyg som st\u00f6der samspelet, b\u00e5de f\u00f6r n\u00e4rst\u00e5ende och professionella.<\/p>\n","protected":false},"author":16,"featured_media":815,"parent":0,"menu_order":0,"comment_status":"closed","ping_status":"closed","template":"","meta":{"_acf_changed":false,"_relevanssi_hide_post":"","_relevanssi_pin_for_all":"","_relevanssi_pin_keywords":"","_relevanssi_unpin_keywords":"","_relevanssi_related_keywords":"","_relevanssi_related_include_ids":"","_relevanssi_related_exclude_ids":"","_relevanssi_related_no_append":"","_relevanssi_related_not_related":"","_relevanssi_related_posts":"1098,338,495,1408,1105,221","_relevanssi_noindex_reason":"","footnotes":""},"content_types":[6],"id_themes":[],"class_list":["post-4","page","type-page","status-publish","has-post-thumbnail","hentry","content_types-information"],"yoast_head":"<!-- This site is optimized with the Yoast SEO plugin v22.7 - https:\/\/yoast.com\/wordpress\/plugins\/seo\/ -->\n<title>Information - Papunet p\u00e5 svenska<\/title>\n<meta name=\"robots\" content=\"index, follow, max-snippet:-1, max-image-preview:large, max-video-preview:-1\" \/>\n<link rel=\"canonical\" href=\"https:\/\/papunet.net\/sv\/information\/\" \/>\n<meta property=\"og:locale\" content=\"sv_SE\" \/>\n<meta property=\"og:type\" content=\"article\" \/>\n<meta property=\"og:title\" content=\"Information - Papunet p\u00e5 svenska\" \/>\n<meta property=\"og:description\" content=\"Samspel och kommunikation \u00e4r en grundl\u00e4ggande r\u00e4ttighet f\u00f6r oss alla. Om talf\u00f6rm\u00e5gan inte utvecklas normalt eller om man pl\u00f6tsligt f\u00f6rlorar den, beh\u00f6vs metoder som ers\u00e4tter talet och kunnande hos medm\u00e4nniskor f\u00f6r att kommunikationen ska fungera. P\u00e5 Papunets sidor hittar du information och verktyg som st\u00f6der samspelet, b\u00e5de f\u00f6r n\u00e4rst\u00e5ende och professionella.\" \/>\n<meta property=\"og:url\" content=\"https:\/\/papunet.net\/sv\/information\/\" \/>\n<meta property=\"og:site_name\" content=\"Papunet p\u00e5 svenska\" \/>\n<meta property=\"article:modified_time\" content=\"2024-12-03T09:29:09+00:00\" \/>\n<meta property=\"og:image\" content=\"https:\/\/papunet.net\/sv\/wp-content\/uploads\/sites\/2\/2023\/09\/iStock-1053433092-1.jpg\" \/>\n\t<meta property=\"og:image:width\" content=\"500\" \/>\n\t<meta property=\"og:image:height\" content=\"333\" \/>\n\t<meta property=\"og:image:type\" content=\"image\/jpeg\" \/>\n<meta name=\"twitter:card\" content=\"summary_large_image\" \/>\n<meta name=\"twitter:label1\" content=\"Ber\u00e4knad l\u00e4stid\" \/>\n\t<meta name=\"twitter:data1\" content=\"2 minuter\" \/>\n<script type=\"application\/ld+json\" class=\"yoast-schema-graph\">{\"@context\":\"https:\/\/schema.org\",\"@graph\":[{\"@type\":\"WebPage\",\"@id\":\"https:\/\/papunet.net\/sv\/information\/\",\"url\":\"https:\/\/papunet.net\/sv\/information\/\",\"name\":\"Information - Papunet p\u00e5 svenska\",\"isPartOf\":{\"@id\":\"https:\/\/papunet.net\/sv\/#website\"},\"primaryImageOfPage\":{\"@id\":\"https:\/\/papunet.net\/sv\/information\/#primaryimage\"},\"image\":{\"@id\":\"https:\/\/papunet.net\/sv\/information\/#primaryimage\"},\"thumbnailUrl\":\"https:\/\/papunet.net\/sv\/wp-content\/uploads\/sites\/2\/2023\/09\/iStock-1053433092-1.jpg\",\"datePublished\":\"2023-07-19T07:52:06+00:00\",\"dateModified\":\"2024-12-03T09:29:09+00:00\",\"breadcrumb\":{\"@id\":\"https:\/\/papunet.net\/sv\/information\/#breadcrumb\"},\"inLanguage\":\"sv-SE\",\"potentialAction\":[{\"@type\":\"ReadAction\",\"target\":[\"https:\/\/papunet.net\/sv\/information\/\"]}]},{\"@type\":\"ImageObject\",\"inLanguage\":\"sv-SE\",\"@id\":\"https:\/\/papunet.net\/sv\/information\/#primaryimage\",\"url\":\"https:\/\/papunet.net\/sv\/wp-content\/uploads\/sites\/2\/2023\/09\/iStock-1053433092-1.jpg\",\"contentUrl\":\"https:\/\/papunet.net\/sv\/wp-content\/uploads\/sites\/2\/2023\/09\/iStock-1053433092-1.jpg\",\"width\":500,\"height\":333},{\"@type\":\"BreadcrumbList\",\"@id\":\"https:\/\/papunet.net\/sv\/information\/#breadcrumb\",\"itemListElement\":[{\"@type\":\"ListItem\",\"position\":1,\"name\":\"Framsida\",\"item\":\"https:\/\/papunet.net\/sv\/\"},{\"@type\":\"ListItem\",\"position\":2,\"name\":\"Information\"}]},{\"@type\":\"WebSite\",\"@id\":\"https:\/\/papunet.net\/sv\/#website\",\"url\":\"https:\/\/papunet.net\/sv\/\",\"name\":\"Papunet p\u00e5 svenska\",\"description\":\"\",\"potentialAction\":[{\"@type\":\"SearchAction\",\"target\":{\"@type\":\"EntryPoint\",\"urlTemplate\":\"https:\/\/papunet.net\/sv\/?s={search_term_string}\"},\"query-input\":\"required name=search_term_string\"}],\"inLanguage\":\"sv-SE\"}]}<\/script>\n<!-- \/ Yoast SEO plugin. -->","yoast_head_json":{"title":"Information - Papunet p\u00e5 svenska","robots":{"index":"index","follow":"follow","max-snippet":"max-snippet:-1","max-image-preview":"max-image-preview:large","max-video-preview":"max-video-preview:-1"},"canonical":"https:\/\/papunet.net\/sv\/information\/","og_locale":"sv_SE","og_type":"article","og_title":"Information - Papunet p\u00e5 svenska","og_description":"Samspel och kommunikation \u00e4r en grundl\u00e4ggande r\u00e4ttighet f\u00f6r oss alla. Om talf\u00f6rm\u00e5gan inte utvecklas normalt eller om man pl\u00f6tsligt f\u00f6rlorar den, beh\u00f6vs metoder som ers\u00e4tter talet och kunnande hos medm\u00e4nniskor f\u00f6r att kommunikationen ska fungera. P\u00e5 Papunets sidor hittar du information och verktyg som st\u00f6der samspelet, b\u00e5de f\u00f6r n\u00e4rst\u00e5ende och professionella.","og_url":"https:\/\/papunet.net\/sv\/information\/","og_site_name":"Papunet p\u00e5 svenska","article_modified_time":"2024-12-03T09:29:09+00:00","og_image":[{"width":500,"height":333,"url":"https:\/\/papunet.net\/sv\/wp-content\/uploads\/sites\/2\/2023\/09\/iStock-1053433092-1.jpg","type":"image\/jpeg"}],"twitter_card":"summary_large_image","twitter_misc":{"Ber\u00e4knad l\u00e4stid":"2 minuter"},"schema":{"@context":"https:\/\/schema.org","@graph":[{"@type":"WebPage","@id":"https:\/\/papunet.net\/sv\/information\/","url":"https:\/\/papunet.net\/sv\/information\/","name":"Information - Papunet p\u00e5 svenska","isPartOf":{"@id":"https:\/\/papunet.net\/sv\/#website"},"primaryImageOfPage":{"@id":"https:\/\/papunet.net\/sv\/information\/#primaryimage"},"image":{"@id":"https:\/\/papunet.net\/sv\/information\/#primaryimage"},"thumbnailUrl":"https:\/\/papunet.net\/sv\/wp-content\/uploads\/sites\/2\/2023\/09\/iStock-1053433092-1.jpg","datePublished":"2023-07-19T07:52:06+00:00","dateModified":"2024-12-03T09:29:09+00:00","breadcrumb":{"@id":"https:\/\/papunet.net\/sv\/information\/#breadcrumb"},"inLanguage":"sv-SE","potentialAction":[{"@type":"ReadAction","target":["https:\/\/papunet.net\/sv\/information\/"]}]},{"@type":"ImageObject","inLanguage":"sv-SE","@id":"https:\/\/papunet.net\/sv\/information\/#primaryimage","url":"https:\/\/papunet.net\/sv\/wp-content\/uploads\/sites\/2\/2023\/09\/iStock-1053433092-1.jpg","contentUrl":"https:\/\/papunet.net\/sv\/wp-content\/uploads\/sites\/2\/2023\/09\/iStock-1053433092-1.jpg","width":500,"height":333},{"@type":"BreadcrumbList","@id":"https:\/\/papunet.net\/sv\/information\/#breadcrumb","itemListElement":[{"@type":"ListItem","position":1,"name":"Framsida","item":"https:\/\/papunet.net\/sv\/"},{"@type":"ListItem","position":2,"name":"Information"}]},{"@type":"WebSite","@id":"https:\/\/papunet.net\/sv\/#website","url":"https:\/\/papunet.net\/sv\/","name":"Papunet p\u00e5 svenska","description":"","potentialAction":[{"@type":"SearchAction","target":{"@type":"EntryPoint","urlTemplate":"https:\/\/papunet.net\/sv\/?s={search_term_string}"},"query-input":"required name=search_term_string"}],"inLanguage":"sv-SE"}]}},"acf":[],"_links":{"self":[{"href":"https:\/\/papunet.net\/sv\/wp-json\/wp\/v2\/pages\/4","targetHints":{"allow":["GET"]}}],"collection":[{"href":"https:\/\/papunet.net\/sv\/wp-json\/wp\/v2\/pages"}],"about":[{"href":"https:\/\/papunet.net\/sv\/wp-json\/wp\/v2\/types\/page"}],"author":[{"embeddable":true,"href":"https:\/\/papunet.net\/sv\/wp-json\/wp\/v2\/users\/16"}],"replies":[{"embeddable":true,"href":"https:\/\/papunet.net\/sv\/wp-json\/wp\/v2\/comments?post=4"}],"version-history":[{"count":14,"href":"https:\/\/papunet.net\/sv\/wp-json\/wp\/v2\/pages\/4\/revisions"}],"predecessor-version":[{"id":4793,"href":"https:\/\/papunet.net\/sv\/wp-json\/wp\/v2\/pages\/4\/revisions\/4793"}],"wp:featuredmedia":[{"embeddable":true,"href":"https:\/\/papunet.net\/sv\/wp-json\/wp\/v2\/media\/815"}],"wp:attachment":[{"href":"https:\/\/papunet.net\/sv\/wp-json\/wp\/v2\/media?parent=4"}],"wp:term":[{"taxonomy":"content_types","embeddable":true,"href":"https:\/\/papunet.net\/sv\/wp-json\/wp\/v2\/content_types?post=4"},{"taxonomy":"id_themes","embeddable":true,"href":"https:\/\/papunet.net\/sv\/wp-json\/wp\/v2\/id_themes?post=4"}],"curies":[{"name":"wp","href":"https:\/\/api.w.org\/{rel}","templated":true}]}}