{"id":4568,"date":"2024-10-21T09:17:04","date_gmt":"2024-10-21T06:17:04","guid":{"rendered":"https:\/\/papunet.net\/sv\/?page_id=4568"},"modified":"2024-10-31T13:44:47","modified_gmt":"2024-10-31T11:44:47","slug":"digitala-bocker","status":"publish","type":"page","link":"https:\/\/papunet.net\/sv\/material\/digitala-bocker\/","title":{"rendered":"Digitala b\u00f6cker"},"content":{"rendered":"\n<div class=\"custom-element content-lifts bg-white color-theme-orange\">\n    <div class=\"row lifts-row list-items\">\n              <div class=\"col-12 col-lg-4 row-content list-item\">\n             <a href=\"https:\/\/papunet.net\/sv\/verkkokirjat\/haren-och-skoldpaddan\/\" rel=\"bookmark\">  <!-- Oletusn\u00e4kym\u00e4 hakutuloksille -->\n        <article id=\"post-3175\" class=\"post-3175 online_book type-online_book status-publish has-post-thumbnail hentry content_types-digitala-bocker id_themes-natur-och-geografi material_types-lattlasta-material\">\n          <div class=\"item-top\">\n            <h3 class=\"sr-only\">Haren och sk\u00f6ldpaddan<\/h3>\n                          <div class=\"entry-thumbnail\">\n                <div class=\"thumb\">\n                  <!--\n                  <img decoding=\"async\" src=\"https:\/\/papunet.net\/sv\/wp-content\/uploads\/sites\/2\/2023\/09\/lattlasta_material.png\" alt=\"\" width=\"100%\" height=\"auto\" \/>\n                  -->\n                  <img decoding=\"async\" src=\"https:\/\/papunet.net\/sv\/wp-content\/uploads\/sites\/2\/2023\/09\/lattlasta_material.png\" alt=\"\">\n                                  <\/div>\n                              <\/div>\n                        <div class=\"entry-meta\">\n              <div class=\"tags\">\n                <ul class=\"tags-list\">\n                                      <li class=\"tag-item\">\n                      <span class=\"tag-button\">E-bok<\/span>\n                    <\/li>\n                                  <\/ul>\n              <\/div>\n            <\/div>\n            <header class=\"entry-header\" aria-hidden=\"true\">\n              <h3 class=\"entry-title\">Haren och sk\u00f6ldpaddan<\/h3>\n            <\/header>\n            <div class=\"entry-content\">\n              <p>En l\u00e4ttl\u00e4st version av sagan Haren och sk\u00f6ldpaddan av Aisopos. <\/p>\n            <\/div>\n          <\/div>\n          <div class=\"item-bottom\">\n            <div class=\"entry-footer\">\n              <span class=\"circle-arrow-button\">L\u00e4s mer<\/span>\n            <\/div>\n          <\/div>\n        <\/article>\n          <\/a>\n          <\/div>\n                    <div class=\"col-12 col-lg-4 row-content list-item\">\n             <a href=\"https:\/\/papunet.net\/sv\/verkkokirjat\/stugkatten\/\" rel=\"bookmark\">  <!-- Oletusn\u00e4kym\u00e4 hakutuloksille -->\n        <article id=\"post-3156\" class=\"post-3156 online_book type-online_book status-publish has-post-thumbnail hentry content_types-digitala-bocker id_themes-natur-och-geografi id_themes-sinnen-och-kanslor material_types-lattlasta-material\">\n          <div class=\"item-top\">\n            <h3 class=\"sr-only\">Stugkatten<\/h3>\n                          <div class=\"entry-thumbnail\">\n                <div class=\"thumb\">\n                  <!--\n                  <img decoding=\"async\" src=\"https:\/\/papunet.net\/sv\/wp-content\/uploads\/sites\/2\/2023\/11\/stugkatten_bliss.jpg\" alt=\"en bild med katt och bliss-symbol f\u00f6r ordet stugkatt\" width=\"100%\" height=\"auto\" \/>\n                  -->\n                  <img decoding=\"async\" src=\"https:\/\/papunet.net\/sv\/wp-content\/uploads\/sites\/2\/2023\/11\/stugkatten_bliss.jpg\" alt=\"en bild med katt och bliss-symbol f\u00f6r ordet stugkatt\">\n                                  <\/div>\n                              <\/div>\n                        <div class=\"entry-meta\">\n              <div class=\"tags\">\n                <ul class=\"tags-list\">\n                                      <li class=\"tag-item\">\n                      <span class=\"tag-button\">E-bok<\/span>\n                    <\/li>\n                                  <\/ul>\n              <\/div>\n            <\/div>\n            <header class=\"entry-header\" aria-hidden=\"true\">\n              <h3 class=\"entry-title\">Stugkatten<\/h3>\n            <\/header>\n            <div class=\"entry-content\">\n              <p>Stugkatten \u00e4r en ber\u00e4ttelse om tristess och hur en tristessk\u00e4nsla s\u00e5 sm\u00e5ningom kan leda till kreativitet.<\/p>\n            <\/div>\n          <\/div>\n          <div class=\"item-bottom\">\n            <div class=\"entry-footer\">\n              <span class=\"circle-arrow-button\">L\u00e4s mer<\/span>\n            <\/div>\n          <\/div>\n        <\/article>\n          <\/a>\n          <\/div>\n            <\/div>\n<\/div>\n","protected":false},"excerpt":{"rendered":"<p>H\u00e4r hittar du l\u00e4ttl\u00e4sta digitala b\u00f6cker.<\/p>\n","protected":false},"author":16,"featured_media":3191,"parent":126,"menu_order":0,"comment_status":"closed","ping_status":"closed","template":"","meta":{"_acf_changed":false,"_relevanssi_hide_post":"","_relevanssi_pin_for_all":"","_relevanssi_pin_keywords":"","_relevanssi_unpin_keywords":"","_relevanssi_related_keywords":"","_relevanssi_related_include_ids":"","_relevanssi_related_exclude_ids":"","_relevanssi_related_no_append":"","_relevanssi_related_not_related":"","_relevanssi_related_posts":"","_relevanssi_noindex_reason":"","footnotes":""},"content_types":[4],"id_themes":[],"class_list":["post-4568","page","type-page","status-publish","has-post-thumbnail","hentry","content_types-material"],"yoast_head":"<!-- This site is optimized with the Yoast SEO plugin v22.7 - https:\/\/yoast.com\/wordpress\/plugins\/seo\/ -->\n<title>Digitala b\u00f6cker - Papunet p\u00e5 svenska<\/title>\n<meta name=\"robots\" content=\"index, follow, max-snippet:-1, max-image-preview:large, max-video-preview:-1\" \/>\n<link rel=\"canonical\" href=\"https:\/\/papunet.net\/sv\/material\/digitala-bocker\/\" \/>\n<meta property=\"og:locale\" content=\"sv_SE\" \/>\n<meta property=\"og:type\" content=\"article\" \/>\n<meta property=\"og:title\" content=\"Digitala b\u00f6cker - Papunet p\u00e5 svenska\" \/>\n<meta property=\"og:description\" content=\"H\u00e4r hittar du l\u00e4ttl\u00e4sta digitala b\u00f6cker.\" \/>\n<meta property=\"og:url\" content=\"https:\/\/papunet.net\/sv\/material\/digitala-bocker\/\" \/>\n<meta property=\"og:site_name\" content=\"Papunet p\u00e5 svenska\" \/>\n<meta property=\"article:modified_time\" content=\"2024-10-31T11:44:47+00:00\" \/>\n<meta property=\"og:image\" content=\"https:\/\/papunet.net\/sv\/wp-content\/uploads\/sites\/2\/2023\/11\/stugkatten_valikkokuva.png\" \/>\n\t<meta property=\"og:image:width\" content=\"782\" \/>\n\t<meta property=\"og:image:height\" content=\"583\" \/>\n\t<meta property=\"og:image:type\" content=\"image\/png\" \/>\n<meta name=\"twitter:card\" content=\"summary_large_image\" \/>\n<meta name=\"twitter:label1\" content=\"Ber\u00e4knad l\u00e4stid\" \/>\n\t<meta name=\"twitter:data1\" content=\"1 minut\" \/>\n<script type=\"application\/ld+json\" class=\"yoast-schema-graph\">{\"@context\":\"https:\/\/schema.org\",\"@graph\":[{\"@type\":\"WebPage\",\"@id\":\"https:\/\/papunet.net\/sv\/material\/digitala-bocker\/\",\"url\":\"https:\/\/papunet.net\/sv\/material\/digitala-bocker\/\",\"name\":\"Digitala b\u00f6cker - Papunet p\u00e5 svenska\",\"isPartOf\":{\"@id\":\"https:\/\/papunet.net\/sv\/#website\"},\"primaryImageOfPage\":{\"@id\":\"https:\/\/papunet.net\/sv\/material\/digitala-bocker\/#primaryimage\"},\"image\":{\"@id\":\"https:\/\/papunet.net\/sv\/material\/digitala-bocker\/#primaryimage\"},\"thumbnailUrl\":\"https:\/\/papunet.net\/sv\/wp-content\/uploads\/sites\/2\/2023\/11\/stugkatten_valikkokuva.png\",\"datePublished\":\"2024-10-21T06:17:04+00:00\",\"dateModified\":\"2024-10-31T11:44:47+00:00\",\"breadcrumb\":{\"@id\":\"https:\/\/papunet.net\/sv\/material\/digitala-bocker\/#breadcrumb\"},\"inLanguage\":\"sv-SE\",\"potentialAction\":[{\"@type\":\"ReadAction\",\"target\":[\"https:\/\/papunet.net\/sv\/material\/digitala-bocker\/\"]}]},{\"@type\":\"ImageObject\",\"inLanguage\":\"sv-SE\",\"@id\":\"https:\/\/papunet.net\/sv\/material\/digitala-bocker\/#primaryimage\",\"url\":\"https:\/\/papunet.net\/sv\/wp-content\/uploads\/sites\/2\/2023\/11\/stugkatten_valikkokuva.png\",\"contentUrl\":\"https:\/\/papunet.net\/sv\/wp-content\/uploads\/sites\/2\/2023\/11\/stugkatten_valikkokuva.png\",\"width\":782,\"height\":583},{\"@type\":\"BreadcrumbList\",\"@id\":\"https:\/\/papunet.net\/sv\/material\/digitala-bocker\/#breadcrumb\",\"itemListElement\":[{\"@type\":\"ListItem\",\"position\":1,\"name\":\"Framsida\",\"item\":\"https:\/\/papunet.net\/sv\/\"},{\"@type\":\"ListItem\",\"position\":2,\"name\":\"Material\",\"item\":\"https:\/\/papunet.net\/sv\/material\/\"},{\"@type\":\"ListItem\",\"position\":3,\"name\":\"Digitala b\u00f6cker\"}]},{\"@type\":\"WebSite\",\"@id\":\"https:\/\/papunet.net\/sv\/#website\",\"url\":\"https:\/\/papunet.net\/sv\/\",\"name\":\"Papunet p\u00e5 svenska\",\"description\":\"\",\"potentialAction\":[{\"@type\":\"SearchAction\",\"target\":{\"@type\":\"EntryPoint\",\"urlTemplate\":\"https:\/\/papunet.net\/sv\/?s={search_term_string}\"},\"query-input\":\"required name=search_term_string\"}],\"inLanguage\":\"sv-SE\"}]}<\/script>\n<!-- \/ Yoast SEO plugin. -->","yoast_head_json":{"title":"Digitala b\u00f6cker - Papunet p\u00e5 svenska","robots":{"index":"index","follow":"follow","max-snippet":"max-snippet:-1","max-image-preview":"max-image-preview:large","max-video-preview":"max-video-preview:-1"},"canonical":"https:\/\/papunet.net\/sv\/material\/digitala-bocker\/","og_locale":"sv_SE","og_type":"article","og_title":"Digitala b\u00f6cker - Papunet p\u00e5 svenska","og_description":"H\u00e4r hittar du l\u00e4ttl\u00e4sta digitala b\u00f6cker.","og_url":"https:\/\/papunet.net\/sv\/material\/digitala-bocker\/","og_site_name":"Papunet p\u00e5 svenska","article_modified_time":"2024-10-31T11:44:47+00:00","og_image":[{"width":782,"height":583,"url":"https:\/\/papunet.net\/sv\/wp-content\/uploads\/sites\/2\/2023\/11\/stugkatten_valikkokuva.png","type":"image\/png"}],"twitter_card":"summary_large_image","twitter_misc":{"Ber\u00e4knad l\u00e4stid":"1 minut"},"schema":{"@context":"https:\/\/schema.org","@graph":[{"@type":"WebPage","@id":"https:\/\/papunet.net\/sv\/material\/digitala-bocker\/","url":"https:\/\/papunet.net\/sv\/material\/digitala-bocker\/","name":"Digitala b\u00f6cker - Papunet p\u00e5 svenska","isPartOf":{"@id":"https:\/\/papunet.net\/sv\/#website"},"primaryImageOfPage":{"@id":"https:\/\/papunet.net\/sv\/material\/digitala-bocker\/#primaryimage"},"image":{"@id":"https:\/\/papunet.net\/sv\/material\/digitala-bocker\/#primaryimage"},"thumbnailUrl":"https:\/\/papunet.net\/sv\/wp-content\/uploads\/sites\/2\/2023\/11\/stugkatten_valikkokuva.png","datePublished":"2024-10-21T06:17:04+00:00","dateModified":"2024-10-31T11:44:47+00:00","breadcrumb":{"@id":"https:\/\/papunet.net\/sv\/material\/digitala-bocker\/#breadcrumb"},"inLanguage":"sv-SE","potentialAction":[{"@type":"ReadAction","target":["https:\/\/papunet.net\/sv\/material\/digitala-bocker\/"]}]},{"@type":"ImageObject","inLanguage":"sv-SE","@id":"https:\/\/papunet.net\/sv\/material\/digitala-bocker\/#primaryimage","url":"https:\/\/papunet.net\/sv\/wp-content\/uploads\/sites\/2\/2023\/11\/stugkatten_valikkokuva.png","contentUrl":"https:\/\/papunet.net\/sv\/wp-content\/uploads\/sites\/2\/2023\/11\/stugkatten_valikkokuva.png","width":782,"height":583},{"@type":"BreadcrumbList","@id":"https:\/\/papunet.net\/sv\/material\/digitala-bocker\/#breadcrumb","itemListElement":[{"@type":"ListItem","position":1,"name":"Framsida","item":"https:\/\/papunet.net\/sv\/"},{"@type":"ListItem","position":2,"name":"Material","item":"https:\/\/papunet.net\/sv\/material\/"},{"@type":"ListItem","position":3,"name":"Digitala b\u00f6cker"}]},{"@type":"WebSite","@id":"https:\/\/papunet.net\/sv\/#website","url":"https:\/\/papunet.net\/sv\/","name":"Papunet p\u00e5 svenska","description":"","potentialAction":[{"@type":"SearchAction","target":{"@type":"EntryPoint","urlTemplate":"https:\/\/papunet.net\/sv\/?s={search_term_string}"},"query-input":"required name=search_term_string"}],"inLanguage":"sv-SE"}]}},"acf":[],"_links":{"self":[{"href":"https:\/\/papunet.net\/sv\/wp-json\/wp\/v2\/pages\/4568","targetHints":{"allow":["GET"]}}],"collection":[{"href":"https:\/\/papunet.net\/sv\/wp-json\/wp\/v2\/pages"}],"about":[{"href":"https:\/\/papunet.net\/sv\/wp-json\/wp\/v2\/types\/page"}],"author":[{"embeddable":true,"href":"https:\/\/papunet.net\/sv\/wp-json\/wp\/v2\/users\/16"}],"replies":[{"embeddable":true,"href":"https:\/\/papunet.net\/sv\/wp-json\/wp\/v2\/comments?post=4568"}],"version-history":[{"count":2,"href":"https:\/\/papunet.net\/sv\/wp-json\/wp\/v2\/pages\/4568\/revisions"}],"predecessor-version":[{"id":4696,"href":"https:\/\/papunet.net\/sv\/wp-json\/wp\/v2\/pages\/4568\/revisions\/4696"}],"up":[{"embeddable":true,"href":"https:\/\/papunet.net\/sv\/wp-json\/wp\/v2\/pages\/126"}],"wp:featuredmedia":[{"embeddable":true,"href":"https:\/\/papunet.net\/sv\/wp-json\/wp\/v2\/media\/3191"}],"wp:attachment":[{"href":"https:\/\/papunet.net\/sv\/wp-json\/wp\/v2\/media?parent=4568"}],"wp:term":[{"taxonomy":"content_types","embeddable":true,"href":"https:\/\/papunet.net\/sv\/wp-json\/wp\/v2\/content_types?post=4568"},{"taxonomy":"id_themes","embeddable":true,"href":"https:\/\/papunet.net\/sv\/wp-json\/wp\/v2\/id_themes?post=4568"}],"curies":[{"name":"wp","href":"https:\/\/api.w.org\/{rel}","templated":true}]}}