{"id":4717,"date":"2024-11-04T08:47:17","date_gmt":"2024-11-04T06:47:17","guid":{"rendered":"https:\/\/papunet.net\/sv\/?page_id=4717"},"modified":"2024-11-04T10:18:59","modified_gmt":"2024-11-04T08:18:59","slug":"bestall-papunets-nyhetsbrev-pa-finska","status":"publish","type":"page","link":"https:\/\/papunet.net\/sv\/bestall-papunets-nyhetsbrev-pa-finska\/","title":{"rendered":"Best\u00e4ll Papunets nyhetsbrev (p\u00e5 finska)"},"content":{"rendered":"\n<p><a href=\"https:\/\/papunet.net\/uutiskirje\/\">L\u00e4s alla nyhetsbrev p\u00e5 finska<\/a> (Papunet p\u00e5 finska)<\/p>\n\n\n\n<p><a href=\"https:\/\/kehitysvammaliitto.creamailer.fi\/subscribe\/odgv1G2n5fWxA?fbclid=IwAR3K_WrKMSkJKdpAOBtIC8U6-59rYxl8u4MlScWjjV12SWiXVzCPd7_W5mQ\">Best\u00e4ll nyhetsbrevet<\/a> (Kehitysvammaliitto\/Creamailer, p\u00e5 finska)<\/p>\n\n\n\n<p>Dataskyddsmeddelande: <a href=\"https:\/\/papunet.net\/kayttoehdot-ja-selosteet\/tietosuojaseloste-papunetin-uutiskirjeen-tilaajat\/\">Tietosuojaseloste, Papunetin uutiskirjeen tilaajat &#8211; Papunet<\/a> (p\u00e5 finska)<\/p>\n\n\n\n<p><\/p>\n","protected":false},"excerpt":{"rendered":"<p>I v\u00e5rt nyhetsbrev f\u00e5r du information om vad som \u00e4r aktuellt och om nytt inneh\u00e5ll p\u00e5 Papunet. Nyhetsbrevet utkommer endast p\u00e5 finska.<\/p>\n","protected":false},"author":5,"featured_media":3284,"parent":0,"menu_order":0,"comment_status":"closed","ping_status":"closed","template":"","meta":{"_acf_changed":false,"_relevanssi_hide_post":"","_relevanssi_pin_for_all":"","_relevanssi_pin_keywords":"","_relevanssi_unpin_keywords":"","_relevanssi_related_keywords":"","_relevanssi_related_include_ids":"","_relevanssi_related_exclude_ids":"","_relevanssi_related_no_append":"","_relevanssi_related_not_related":"","_relevanssi_related_posts":"","_relevanssi_noindex_reason":"","footnotes":""},"content_types":[],"id_themes":[],"class_list":["post-4717","page","type-page","status-publish","has-post-thumbnail","hentry"],"yoast_head":"<!-- This site is optimized with the Yoast SEO plugin v22.7 - https:\/\/yoast.com\/wordpress\/plugins\/seo\/ -->\n<title>Best\u00e4ll Papunets nyhetsbrev (p\u00e5 finska) - Papunet p\u00e5 svenska<\/title>\n<meta name=\"robots\" content=\"index, follow, max-snippet:-1, max-image-preview:large, max-video-preview:-1\" \/>\n<link rel=\"canonical\" href=\"https:\/\/papunet.net\/sv\/bestall-papunets-nyhetsbrev-pa-finska\/\" \/>\n<meta property=\"og:locale\" content=\"sv_SE\" \/>\n<meta property=\"og:type\" content=\"article\" \/>\n<meta property=\"og:title\" content=\"Best\u00e4ll Papunets nyhetsbrev (p\u00e5 finska) - Papunet p\u00e5 svenska\" \/>\n<meta property=\"og:description\" content=\"I v\u00e5rt nyhetsbrev f\u00e5r du information om vad som \u00e4r aktuellt och om nytt inneh\u00e5ll p\u00e5 Papunet. Nyhetsbrevet utkommer endast p\u00e5 finska.\" \/>\n<meta property=\"og:url\" content=\"https:\/\/papunet.net\/sv\/bestall-papunets-nyhetsbrev-pa-finska\/\" \/>\n<meta property=\"og:site_name\" content=\"Papunet p\u00e5 svenska\" \/>\n<meta property=\"article:modified_time\" content=\"2024-11-04T08:18:59+00:00\" \/>\n<meta property=\"og:image\" content=\"https:\/\/papunet.net\/sv\/wp-content\/uploads\/sites\/2\/2024\/02\/bestall_nyhetsbrevet.png\" \/>\n\t<meta property=\"og:image:width\" content=\"500\" \/>\n\t<meta property=\"og:image:height\" content=\"333\" \/>\n\t<meta property=\"og:image:type\" content=\"image\/png\" \/>\n<meta name=\"twitter:card\" content=\"summary_large_image\" \/>\n<meta name=\"twitter:label1\" content=\"Ber\u00e4knad l\u00e4stid\" \/>\n\t<meta name=\"twitter:data1\" content=\"1 minut\" \/>\n<script type=\"application\/ld+json\" class=\"yoast-schema-graph\">{\"@context\":\"https:\/\/schema.org\",\"@graph\":[{\"@type\":\"WebPage\",\"@id\":\"https:\/\/papunet.net\/sv\/bestall-papunets-nyhetsbrev-pa-finska\/\",\"url\":\"https:\/\/papunet.net\/sv\/bestall-papunets-nyhetsbrev-pa-finska\/\",\"name\":\"Best\u00e4ll Papunets nyhetsbrev (p\u00e5 finska) - Papunet p\u00e5 svenska\",\"isPartOf\":{\"@id\":\"https:\/\/papunet.net\/sv\/#website\"},\"primaryImageOfPage\":{\"@id\":\"https:\/\/papunet.net\/sv\/bestall-papunets-nyhetsbrev-pa-finska\/#primaryimage\"},\"image\":{\"@id\":\"https:\/\/papunet.net\/sv\/bestall-papunets-nyhetsbrev-pa-finska\/#primaryimage\"},\"thumbnailUrl\":\"https:\/\/papunet.net\/sv\/wp-content\/uploads\/sites\/2\/2024\/02\/bestall_nyhetsbrevet.png\",\"datePublished\":\"2024-11-04T06:47:17+00:00\",\"dateModified\":\"2024-11-04T08:18:59+00:00\",\"breadcrumb\":{\"@id\":\"https:\/\/papunet.net\/sv\/bestall-papunets-nyhetsbrev-pa-finska\/#breadcrumb\"},\"inLanguage\":\"sv-SE\",\"potentialAction\":[{\"@type\":\"ReadAction\",\"target\":[\"https:\/\/papunet.net\/sv\/bestall-papunets-nyhetsbrev-pa-finska\/\"]}]},{\"@type\":\"ImageObject\",\"inLanguage\":\"sv-SE\",\"@id\":\"https:\/\/papunet.net\/sv\/bestall-papunets-nyhetsbrev-pa-finska\/#primaryimage\",\"url\":\"https:\/\/papunet.net\/sv\/wp-content\/uploads\/sites\/2\/2024\/02\/bestall_nyhetsbrevet.png\",\"contentUrl\":\"https:\/\/papunet.net\/sv\/wp-content\/uploads\/sites\/2\/2024\/02\/bestall_nyhetsbrevet.png\",\"width\":500,\"height\":333,\"caption\":\"best\u00e4ll nyhetsbrevet\"},{\"@type\":\"BreadcrumbList\",\"@id\":\"https:\/\/papunet.net\/sv\/bestall-papunets-nyhetsbrev-pa-finska\/#breadcrumb\",\"itemListElement\":[{\"@type\":\"ListItem\",\"position\":1,\"name\":\"Framsida\",\"item\":\"https:\/\/papunet.net\/sv\/\"},{\"@type\":\"ListItem\",\"position\":2,\"name\":\"Best\u00e4ll Papunets nyhetsbrev (p\u00e5 finska)\"}]},{\"@type\":\"WebSite\",\"@id\":\"https:\/\/papunet.net\/sv\/#website\",\"url\":\"https:\/\/papunet.net\/sv\/\",\"name\":\"Papunet p\u00e5 svenska\",\"description\":\"\",\"potentialAction\":[{\"@type\":\"SearchAction\",\"target\":{\"@type\":\"EntryPoint\",\"urlTemplate\":\"https:\/\/papunet.net\/sv\/?s={search_term_string}\"},\"query-input\":\"required name=search_term_string\"}],\"inLanguage\":\"sv-SE\"}]}<\/script>\n<!-- \/ Yoast SEO plugin. -->","yoast_head_json":{"title":"Best\u00e4ll Papunets nyhetsbrev (p\u00e5 finska) - Papunet p\u00e5 svenska","robots":{"index":"index","follow":"follow","max-snippet":"max-snippet:-1","max-image-preview":"max-image-preview:large","max-video-preview":"max-video-preview:-1"},"canonical":"https:\/\/papunet.net\/sv\/bestall-papunets-nyhetsbrev-pa-finska\/","og_locale":"sv_SE","og_type":"article","og_title":"Best\u00e4ll Papunets nyhetsbrev (p\u00e5 finska) - Papunet p\u00e5 svenska","og_description":"I v\u00e5rt nyhetsbrev f\u00e5r du information om vad som \u00e4r aktuellt och om nytt inneh\u00e5ll p\u00e5 Papunet. Nyhetsbrevet utkommer endast p\u00e5 finska.","og_url":"https:\/\/papunet.net\/sv\/bestall-papunets-nyhetsbrev-pa-finska\/","og_site_name":"Papunet p\u00e5 svenska","article_modified_time":"2024-11-04T08:18:59+00:00","og_image":[{"width":500,"height":333,"url":"https:\/\/papunet.net\/sv\/wp-content\/uploads\/sites\/2\/2024\/02\/bestall_nyhetsbrevet.png","type":"image\/png"}],"twitter_card":"summary_large_image","twitter_misc":{"Ber\u00e4knad l\u00e4stid":"1 minut"},"schema":{"@context":"https:\/\/schema.org","@graph":[{"@type":"WebPage","@id":"https:\/\/papunet.net\/sv\/bestall-papunets-nyhetsbrev-pa-finska\/","url":"https:\/\/papunet.net\/sv\/bestall-papunets-nyhetsbrev-pa-finska\/","name":"Best\u00e4ll Papunets nyhetsbrev (p\u00e5 finska) - Papunet p\u00e5 svenska","isPartOf":{"@id":"https:\/\/papunet.net\/sv\/#website"},"primaryImageOfPage":{"@id":"https:\/\/papunet.net\/sv\/bestall-papunets-nyhetsbrev-pa-finska\/#primaryimage"},"image":{"@id":"https:\/\/papunet.net\/sv\/bestall-papunets-nyhetsbrev-pa-finska\/#primaryimage"},"thumbnailUrl":"https:\/\/papunet.net\/sv\/wp-content\/uploads\/sites\/2\/2024\/02\/bestall_nyhetsbrevet.png","datePublished":"2024-11-04T06:47:17+00:00","dateModified":"2024-11-04T08:18:59+00:00","breadcrumb":{"@id":"https:\/\/papunet.net\/sv\/bestall-papunets-nyhetsbrev-pa-finska\/#breadcrumb"},"inLanguage":"sv-SE","potentialAction":[{"@type":"ReadAction","target":["https:\/\/papunet.net\/sv\/bestall-papunets-nyhetsbrev-pa-finska\/"]}]},{"@type":"ImageObject","inLanguage":"sv-SE","@id":"https:\/\/papunet.net\/sv\/bestall-papunets-nyhetsbrev-pa-finska\/#primaryimage","url":"https:\/\/papunet.net\/sv\/wp-content\/uploads\/sites\/2\/2024\/02\/bestall_nyhetsbrevet.png","contentUrl":"https:\/\/papunet.net\/sv\/wp-content\/uploads\/sites\/2\/2024\/02\/bestall_nyhetsbrevet.png","width":500,"height":333,"caption":"best\u00e4ll nyhetsbrevet"},{"@type":"BreadcrumbList","@id":"https:\/\/papunet.net\/sv\/bestall-papunets-nyhetsbrev-pa-finska\/#breadcrumb","itemListElement":[{"@type":"ListItem","position":1,"name":"Framsida","item":"https:\/\/papunet.net\/sv\/"},{"@type":"ListItem","position":2,"name":"Best\u00e4ll Papunets nyhetsbrev (p\u00e5 finska)"}]},{"@type":"WebSite","@id":"https:\/\/papunet.net\/sv\/#website","url":"https:\/\/papunet.net\/sv\/","name":"Papunet p\u00e5 svenska","description":"","potentialAction":[{"@type":"SearchAction","target":{"@type":"EntryPoint","urlTemplate":"https:\/\/papunet.net\/sv\/?s={search_term_string}"},"query-input":"required name=search_term_string"}],"inLanguage":"sv-SE"}]}},"acf":[],"_links":{"self":[{"href":"https:\/\/papunet.net\/sv\/wp-json\/wp\/v2\/pages\/4717","targetHints":{"allow":["GET"]}}],"collection":[{"href":"https:\/\/papunet.net\/sv\/wp-json\/wp\/v2\/pages"}],"about":[{"href":"https:\/\/papunet.net\/sv\/wp-json\/wp\/v2\/types\/page"}],"author":[{"embeddable":true,"href":"https:\/\/papunet.net\/sv\/wp-json\/wp\/v2\/users\/5"}],"replies":[{"embeddable":true,"href":"https:\/\/papunet.net\/sv\/wp-json\/wp\/v2\/comments?post=4717"}],"version-history":[{"count":7,"href":"https:\/\/papunet.net\/sv\/wp-json\/wp\/v2\/pages\/4717\/revisions"}],"predecessor-version":[{"id":4732,"href":"https:\/\/papunet.net\/sv\/wp-json\/wp\/v2\/pages\/4717\/revisions\/4732"}],"wp:featuredmedia":[{"embeddable":true,"href":"https:\/\/papunet.net\/sv\/wp-json\/wp\/v2\/media\/3284"}],"wp:attachment":[{"href":"https:\/\/papunet.net\/sv\/wp-json\/wp\/v2\/media?parent=4717"}],"wp:term":[{"taxonomy":"content_types","embeddable":true,"href":"https:\/\/papunet.net\/sv\/wp-json\/wp\/v2\/content_types?post=4717"},{"taxonomy":"id_themes","embeddable":true,"href":"https:\/\/papunet.net\/sv\/wp-json\/wp\/v2\/id_themes?post=4717"}],"curies":[{"name":"wp","href":"https:\/\/api.w.org\/{rel}","templated":true}]}}