{"id":4847,"date":"2025-06-05T12:17:24","date_gmt":"2025-06-05T09:17:24","guid":{"rendered":"https:\/\/papunet.net\/sv\/?page_id=4847"},"modified":"2025-12-15T14:13:47","modified_gmt":"2025-12-15T12:13:47","slug":"ljudbank","status":"publish","type":"page","link":"https:\/\/papunet.net\/sv\/material\/ljudbank\/","title":{"rendered":"Ljudbank"},"content":{"rendered":"<p>Ljudfilerna \u00e4r fria att anv\u00e4ndas f\u00f6r icke-kommersiellt bruk. L\u00e4s mer om villkoren i ljudbankens CC-licens <a href=\"https:\/\/creativecommons.org\/licenses\/by-nc-sa\/3.0\/deed.sv\" target=\"blank_\">Erk\u00e4nnande-IckeKommersiell-DelaLika<\/a>\u00a0(Creative Commons)<\/p>\n<p>S\u00f6k bland ljudfilerna i alfabetisk ordning eller enligt \u00e4mnesomr\u00e5de.<\/p>\n<p><a href=\"https:\/\/papunet.net\/sv\/materiaali\/ljudlotto\/\"><span data-teams=\"true\">H\u00e4r kan du ladda ner bingobrickor f\u00f6r att spela ljudlotto.<\/span><\/a><\/p>\n","protected":false},"excerpt":{"rendered":"<p>I ljudbanken finns ljud fr\u00e5n omgivningen. Du kan lyssna p\u00e5 ljudfilerna och ladda ner dem p\u00e5 din egen enhet. <\/p>\n","protected":false},"author":14,"featured_media":4846,"parent":126,"menu_order":3,"comment_status":"closed","ping_status":"closed","template":"page-sound.php","meta":{"_acf_changed":false,"_relevanssi_hide_post":"","_relevanssi_pin_for_all":"","_relevanssi_pin_keywords":"","_relevanssi_unpin_keywords":"","_relevanssi_related_keywords":"","_relevanssi_related_include_ids":"","_relevanssi_related_exclude_ids":"","_relevanssi_related_no_append":"","_relevanssi_related_not_related":"","_relevanssi_related_posts":"495,256,1238,3298,456,451","_relevanssi_noindex_reason":"","footnotes":""},"content_types":[4],"id_themes":[23],"class_list":["post-4847","page","type-page","status-publish","has-post-thumbnail","hentry","content_types-material","id_themes-sinnen-och-kanslor"],"yoast_head":"<!-- This site is optimized with the Yoast SEO plugin v22.7 - https:\/\/yoast.com\/wordpress\/plugins\/seo\/ -->\n<title>Ljudbank - Papunet p\u00e5 svenska<\/title>\n<meta name=\"robots\" content=\"index, follow, max-snippet:-1, max-image-preview:large, max-video-preview:-1\" \/>\n<link rel=\"canonical\" href=\"https:\/\/papunet.net\/sv\/material\/ljudbank\/\" \/>\n<meta property=\"og:locale\" content=\"sv_SE\" \/>\n<meta property=\"og:type\" content=\"article\" \/>\n<meta property=\"og:title\" content=\"Ljudbank - Papunet p\u00e5 svenska\" \/>\n<meta property=\"og:description\" content=\"I ljudbanken finns ljud fr\u00e5n omgivningen. Du kan lyssna p\u00e5 ljudfilerna och ladda ner dem p\u00e5 din egen enhet.\" \/>\n<meta property=\"og:url\" content=\"https:\/\/papunet.net\/sv\/material\/ljudbank\/\" \/>\n<meta property=\"og:site_name\" content=\"Papunet p\u00e5 svenska\" \/>\n<meta property=\"article:modified_time\" content=\"2025-12-15T12:13:47+00:00\" \/>\n<meta property=\"og:image\" content=\"https:\/\/papunet.net\/sv\/wp-content\/uploads\/sites\/2\/2025\/03\/aanipankki.png\" \/>\n\t<meta property=\"og:image:width\" content=\"500\" \/>\n\t<meta property=\"og:image:height\" content=\"333\" \/>\n\t<meta property=\"og:image:type\" content=\"image\/png\" \/>\n<meta name=\"twitter:card\" content=\"summary_large_image\" \/>\n<meta name=\"twitter:label1\" content=\"Ber\u00e4knad l\u00e4stid\" \/>\n\t<meta name=\"twitter:data1\" content=\"1 minut\" \/>\n<script type=\"application\/ld+json\" class=\"yoast-schema-graph\">{\"@context\":\"https:\/\/schema.org\",\"@graph\":[{\"@type\":\"WebPage\",\"@id\":\"https:\/\/papunet.net\/sv\/material\/ljudbank\/\",\"url\":\"https:\/\/papunet.net\/sv\/material\/ljudbank\/\",\"name\":\"Ljudbank - Papunet p\u00e5 svenska\",\"isPartOf\":{\"@id\":\"https:\/\/papunet.net\/sv\/#website\"},\"primaryImageOfPage\":{\"@id\":\"https:\/\/papunet.net\/sv\/material\/ljudbank\/#primaryimage\"},\"image\":{\"@id\":\"https:\/\/papunet.net\/sv\/material\/ljudbank\/#primaryimage\"},\"thumbnailUrl\":\"https:\/\/papunet.net\/sv\/wp-content\/uploads\/sites\/2\/2025\/03\/aanipankki.png\",\"datePublished\":\"2025-06-05T09:17:24+00:00\",\"dateModified\":\"2025-12-15T12:13:47+00:00\",\"breadcrumb\":{\"@id\":\"https:\/\/papunet.net\/sv\/material\/ljudbank\/#breadcrumb\"},\"inLanguage\":\"sv-SE\",\"potentialAction\":[{\"@type\":\"ReadAction\",\"target\":[\"https:\/\/papunet.net\/sv\/material\/ljudbank\/\"]}]},{\"@type\":\"ImageObject\",\"inLanguage\":\"sv-SE\",\"@id\":\"https:\/\/papunet.net\/sv\/material\/ljudbank\/#primaryimage\",\"url\":\"https:\/\/papunet.net\/sv\/wp-content\/uploads\/sites\/2\/2025\/03\/aanipankki.png\",\"contentUrl\":\"https:\/\/papunet.net\/sv\/wp-content\/uploads\/sites\/2\/2025\/03\/aanipankki.png\",\"width\":500,\"height\":333},{\"@type\":\"BreadcrumbList\",\"@id\":\"https:\/\/papunet.net\/sv\/material\/ljudbank\/#breadcrumb\",\"itemListElement\":[{\"@type\":\"ListItem\",\"position\":1,\"name\":\"Framsida\",\"item\":\"https:\/\/papunet.net\/sv\/\"},{\"@type\":\"ListItem\",\"position\":2,\"name\":\"Material\",\"item\":\"https:\/\/papunet.net\/sv\/material\/\"},{\"@type\":\"ListItem\",\"position\":3,\"name\":\"Ljudbank\"}]},{\"@type\":\"WebSite\",\"@id\":\"https:\/\/papunet.net\/sv\/#website\",\"url\":\"https:\/\/papunet.net\/sv\/\",\"name\":\"Papunet p\u00e5 svenska\",\"description\":\"\",\"potentialAction\":[{\"@type\":\"SearchAction\",\"target\":{\"@type\":\"EntryPoint\",\"urlTemplate\":\"https:\/\/papunet.net\/sv\/?s={search_term_string}\"},\"query-input\":\"required name=search_term_string\"}],\"inLanguage\":\"sv-SE\"}]}<\/script>\n<!-- \/ Yoast SEO plugin. -->","yoast_head_json":{"title":"Ljudbank - Papunet p\u00e5 svenska","robots":{"index":"index","follow":"follow","max-snippet":"max-snippet:-1","max-image-preview":"max-image-preview:large","max-video-preview":"max-video-preview:-1"},"canonical":"https:\/\/papunet.net\/sv\/material\/ljudbank\/","og_locale":"sv_SE","og_type":"article","og_title":"Ljudbank - Papunet p\u00e5 svenska","og_description":"I ljudbanken finns ljud fr\u00e5n omgivningen. Du kan lyssna p\u00e5 ljudfilerna och ladda ner dem p\u00e5 din egen enhet.","og_url":"https:\/\/papunet.net\/sv\/material\/ljudbank\/","og_site_name":"Papunet p\u00e5 svenska","article_modified_time":"2025-12-15T12:13:47+00:00","og_image":[{"width":500,"height":333,"url":"https:\/\/papunet.net\/sv\/wp-content\/uploads\/sites\/2\/2025\/03\/aanipankki.png","type":"image\/png"}],"twitter_card":"summary_large_image","twitter_misc":{"Ber\u00e4knad l\u00e4stid":"1 minut"},"schema":{"@context":"https:\/\/schema.org","@graph":[{"@type":"WebPage","@id":"https:\/\/papunet.net\/sv\/material\/ljudbank\/","url":"https:\/\/papunet.net\/sv\/material\/ljudbank\/","name":"Ljudbank - Papunet p\u00e5 svenska","isPartOf":{"@id":"https:\/\/papunet.net\/sv\/#website"},"primaryImageOfPage":{"@id":"https:\/\/papunet.net\/sv\/material\/ljudbank\/#primaryimage"},"image":{"@id":"https:\/\/papunet.net\/sv\/material\/ljudbank\/#primaryimage"},"thumbnailUrl":"https:\/\/papunet.net\/sv\/wp-content\/uploads\/sites\/2\/2025\/03\/aanipankki.png","datePublished":"2025-06-05T09:17:24+00:00","dateModified":"2025-12-15T12:13:47+00:00","breadcrumb":{"@id":"https:\/\/papunet.net\/sv\/material\/ljudbank\/#breadcrumb"},"inLanguage":"sv-SE","potentialAction":[{"@type":"ReadAction","target":["https:\/\/papunet.net\/sv\/material\/ljudbank\/"]}]},{"@type":"ImageObject","inLanguage":"sv-SE","@id":"https:\/\/papunet.net\/sv\/material\/ljudbank\/#primaryimage","url":"https:\/\/papunet.net\/sv\/wp-content\/uploads\/sites\/2\/2025\/03\/aanipankki.png","contentUrl":"https:\/\/papunet.net\/sv\/wp-content\/uploads\/sites\/2\/2025\/03\/aanipankki.png","width":500,"height":333},{"@type":"BreadcrumbList","@id":"https:\/\/papunet.net\/sv\/material\/ljudbank\/#breadcrumb","itemListElement":[{"@type":"ListItem","position":1,"name":"Framsida","item":"https:\/\/papunet.net\/sv\/"},{"@type":"ListItem","position":2,"name":"Material","item":"https:\/\/papunet.net\/sv\/material\/"},{"@type":"ListItem","position":3,"name":"Ljudbank"}]},{"@type":"WebSite","@id":"https:\/\/papunet.net\/sv\/#website","url":"https:\/\/papunet.net\/sv\/","name":"Papunet p\u00e5 svenska","description":"","potentialAction":[{"@type":"SearchAction","target":{"@type":"EntryPoint","urlTemplate":"https:\/\/papunet.net\/sv\/?s={search_term_string}"},"query-input":"required name=search_term_string"}],"inLanguage":"sv-SE"}]}},"acf":[],"_links":{"self":[{"href":"https:\/\/papunet.net\/sv\/wp-json\/wp\/v2\/pages\/4847","targetHints":{"allow":["GET"]}}],"collection":[{"href":"https:\/\/papunet.net\/sv\/wp-json\/wp\/v2\/pages"}],"about":[{"href":"https:\/\/papunet.net\/sv\/wp-json\/wp\/v2\/types\/page"}],"author":[{"embeddable":true,"href":"https:\/\/papunet.net\/sv\/wp-json\/wp\/v2\/users\/14"}],"replies":[{"embeddable":true,"href":"https:\/\/papunet.net\/sv\/wp-json\/wp\/v2\/comments?post=4847"}],"version-history":[{"count":4,"href":"https:\/\/papunet.net\/sv\/wp-json\/wp\/v2\/pages\/4847\/revisions"}],"predecessor-version":[{"id":6647,"href":"https:\/\/papunet.net\/sv\/wp-json\/wp\/v2\/pages\/4847\/revisions\/6647"}],"up":[{"embeddable":true,"href":"https:\/\/papunet.net\/sv\/wp-json\/wp\/v2\/pages\/126"}],"wp:featuredmedia":[{"embeddable":true,"href":"https:\/\/papunet.net\/sv\/wp-json\/wp\/v2\/media\/4846"}],"wp:attachment":[{"href":"https:\/\/papunet.net\/sv\/wp-json\/wp\/v2\/media?parent=4847"}],"wp:term":[{"taxonomy":"content_types","embeddable":true,"href":"https:\/\/papunet.net\/sv\/wp-json\/wp\/v2\/content_types?post=4847"},{"taxonomy":"id_themes","embeddable":true,"href":"https:\/\/papunet.net\/sv\/wp-json\/wp\/v2\/id_themes?post=4847"}],"curies":[{"name":"wp","href":"https:\/\/api.w.org\/{rel}","templated":true}]}}