{"id":515,"date":"2023-08-14T10:03:20","date_gmt":"2023-08-14T07:03:20","guid":{"rendered":"https:\/\/papunet.net\/sv\/?page_id=515"},"modified":"2024-06-06T15:32:16","modified_gmt":"2024-06-06T12:32:16","slug":"kommunikation-med-ett-hjalpmedel","status":"publish","type":"page","link":"https:\/\/papunet.net\/sv\/information\/kommunikationshjalpmedel\/kommunikation-med-ett-hjalpmedel\/","title":{"rendered":"Kommunikation med ett hj\u00e4lpmedel"},"content":{"rendered":"\n<div class=\"custom-element content-lifts bg-white color-theme-orange\">\n    <div class=\"row lifts-row list-items\">\n            <div class=\"col-12 col-lg-4 row-content lift-item list-item\">\n           <a href=\"https:\/\/papunet.net\/sv\/att-kommunicera-med-ett-hjalpmedel\/\" rel=\"bookmark\">  <!-- Oletusn\u00e4kym\u00e4 hakutuloksille -->\n        <article id=\"post-451\" class=\"post-451 post type-post status-publish format-standard has-post-thumbnail hentry category-kommunikation-med-ett-hjalpmedel category-kommunikationshjalpmedel content_types-information\">\n          <div class=\"item-top\">\n            <h3 class=\"sr-only\">Att kommunicera med ett hj\u00e4lpmedel<\/h3>\n                          <div class=\"entry-thumbnail\">\n                <div class=\"thumb\">\n                  <!--\n                  <img decoding=\"async\" src=\"https:\/\/papunet.net\/sv\/wp-content\/uploads\/sites\/2\/2023\/11\/osoittaa-avainsanaa_2.jpg\" alt=\"\" width=\"100%\" height=\"auto\" \/>\n                  -->\n                  <img decoding=\"async\" src=\"https:\/\/papunet.net\/sv\/wp-content\/uploads\/sites\/2\/2023\/11\/osoittaa-avainsanaa_2.jpg\" alt=\"\">\n                                  <\/div>\n                              <\/div>\n                        <div class=\"entry-meta\">\n              <div class=\"tags\">\n                <ul class=\"tags-list\">\n                                      <li class=\"tag-item\">\n                      <span class=\"tag-button\">Information<\/span>\n                    <\/li>\n                                  <\/ul>\n              <\/div>\n            <\/div>\n            <header class=\"entry-header\" aria-hidden=\"true\">\n              <h3 class=\"entry-title\">Att kommunicera med ett hj\u00e4lpmedel<\/h3>\n            <\/header>\n            <div class=\"entry-content\">\n              <p>Med ett kommunikationshj\u00e4lpmedel kan du uttrycka dig genom att skriva egna meddelanden eller v\u00e4lja ord och uttryck fr\u00e5n en bildordlista.<\/p>\n            <\/div>\n          <\/div>\n          <div class=\"item-bottom\">\n            <div class=\"entry-footer\">\n              <span class=\"circle-arrow-button\">\u00d6ppna artikeln<\/span>\n            <\/div>\n          <\/div>\n        <\/article>\n          <\/a>\n        <\/div>\n                <div class=\"col-12 col-lg-4 row-content lift-item list-item\">\n           <a href=\"https:\/\/papunet.net\/sv\/att-kommunicera-med-nyckelord-eller-fraser\/\" rel=\"bookmark\">  <!-- Oletusn\u00e4kym\u00e4 hakutuloksille -->\n        <article id=\"post-456\" class=\"post-456 post type-post status-publish format-standard has-post-thumbnail hentry category-kommunikation-med-ett-hjalpmedel category-kommunikationshjalpmedel content_types-information\">\n          <div class=\"item-top\">\n            <h3 class=\"sr-only\">Att kommunicera med nyckelord eller fraser<\/h3>\n                          <div class=\"entry-thumbnail\">\n                <div class=\"thumb\">\n                  <!--\n                  <img decoding=\"async\" src=\"https:\/\/papunet.net\/sv\/wp-content\/uploads\/sites\/2\/2023\/11\/avainsanakansio_kaksi_aukeamaa_2.jpg\" alt=\"\" width=\"100%\" height=\"auto\" \/>\n                  -->\n                  <img decoding=\"async\" src=\"https:\/\/papunet.net\/sv\/wp-content\/uploads\/sites\/2\/2023\/11\/avainsanakansio_kaksi_aukeamaa_2.jpg\" alt=\"\">\n                                  <\/div>\n                              <\/div>\n                        <div class=\"entry-meta\">\n              <div class=\"tags\">\n                <ul class=\"tags-list\">\n                                      <li class=\"tag-item\">\n                      <span class=\"tag-button\">Information<\/span>\n                    <\/li>\n                                  <\/ul>\n              <\/div>\n            <\/div>\n            <header class=\"entry-header\" aria-hidden=\"true\">\n              <h3 class=\"entry-title\">Att kommunicera med nyckelord eller fraser<\/h3>\n            <\/header>\n            <div class=\"entry-content\">\n              <p>Kommunikation kan ske med enstaka ord eller hela meningar. Ocks\u00e5 den non verbala kommunikationen skall beaktas.<\/p>\n            <\/div>\n          <\/div>\n          <div class=\"item-bottom\">\n            <div class=\"entry-footer\">\n              <span class=\"circle-arrow-button\">\u00d6ppna artikeln<\/span>\n            <\/div>\n          <\/div>\n        <\/article>\n          <\/a>\n        <\/div>\n                <div class=\"col-12 col-lg-4 row-content lift-item list-item\">\n           <a href=\"https:\/\/papunet.net\/sv\/samtalspartners-roll\/\" rel=\"bookmark\">  <!-- Oletusn\u00e4kym\u00e4 hakutuloksille -->\n        <article id=\"post-504\" class=\"post-504 post type-post status-publish format-standard has-post-thumbnail hentry category-kommunikation-med-ett-hjalpmedel category-kommunikationshjalpmedel content_types-information\">\n          <div class=\"item-top\">\n            <h3 class=\"sr-only\">Samtalspartners roll<\/h3>\n                          <div class=\"entry-thumbnail\">\n                <div class=\"thumb\">\n                  <!--\n                  <img decoding=\"async\" src=\"https:\/\/papunet.net\/sv\/wp-content\/uploads\/sites\/2\/2023\/08\/puhetta_korvaava_kommunikointi_2.jpg\" alt=\"\" width=\"100%\" height=\"auto\" \/>\n                  -->\n                  <img decoding=\"async\" src=\"https:\/\/papunet.net\/sv\/wp-content\/uploads\/sites\/2\/2023\/08\/puhetta_korvaava_kommunikointi_2.jpg\" alt=\"\">\n                                  <\/div>\n                              <\/div>\n                        <div class=\"entry-meta\">\n              <div class=\"tags\">\n                <ul class=\"tags-list\">\n                                      <li class=\"tag-item\">\n                      <span class=\"tag-button\">Information<\/span>\n                    <\/li>\n                                  <\/ul>\n              <\/div>\n            <\/div>\n            <header class=\"entry-header\" aria-hidden=\"true\">\n              <h3 class=\"entry-title\">Samtalspartners roll<\/h3>\n            <\/header>\n            <div class=\"entry-content\">\n              <p>D\u00e5 en person kommunicerar med ett hj\u00e4lpmedel \u00e4r det av stor betydelse hur samtalspartnern agerar. Med samtalspartner avses h\u00e4r den person som kommunicerar utan hj\u00e4lpmedel.<\/p>\n            <\/div>\n          <\/div>\n          <div class=\"item-bottom\">\n            <div class=\"entry-footer\">\n              <span class=\"circle-arrow-button\">\u00d6ppna artikeln<\/span>\n            <\/div>\n          <\/div>\n        <\/article>\n          <\/a>\n        <\/div>\n          <\/div>\n<\/div>\n\n\n\n<p><\/p>\n","protected":false},"excerpt":{"rendered":"<p>Kommunikation med hj\u00e4lpmedel kan ske sj\u00e4lvst\u00e4ndigt eller med assistans.<\/p>\n","protected":false},"author":5,"featured_media":824,"parent":10,"menu_order":0,"comment_status":"closed","ping_status":"closed","template":"","meta":{"_acf_changed":false,"_relevanssi_hide_post":"","_relevanssi_pin_for_all":"","_relevanssi_pin_keywords":"","_relevanssi_unpin_keywords":"","_relevanssi_related_keywords":"","_relevanssi_related_include_ids":"","_relevanssi_related_exclude_ids":"","_relevanssi_related_no_append":"","_relevanssi_related_not_related":"","_relevanssi_related_posts":"","_relevanssi_noindex_reason":"","footnotes":""},"content_types":[6],"id_themes":[],"class_list":["post-515","page","type-page","status-publish","has-post-thumbnail","hentry","content_types-information"],"yoast_head":"<!-- This site is optimized with the Yoast SEO plugin v22.7 - https:\/\/yoast.com\/wordpress\/plugins\/seo\/ -->\n<title>Kommunikation med ett hj\u00e4lpmedel - Papunet p\u00e5 svenska<\/title>\n<meta name=\"robots\" content=\"index, follow, max-snippet:-1, max-image-preview:large, max-video-preview:-1\" \/>\n<link rel=\"canonical\" href=\"https:\/\/papunet.net\/sv\/information\/kommunikationshjalpmedel\/kommunikation-med-ett-hjalpmedel\/\" \/>\n<meta property=\"og:locale\" content=\"sv_SE\" \/>\n<meta property=\"og:type\" content=\"article\" \/>\n<meta property=\"og:title\" content=\"Kommunikation med ett hj\u00e4lpmedel - Papunet p\u00e5 svenska\" \/>\n<meta property=\"og:description\" content=\"Kommunikation med hj\u00e4lpmedel kan ske sj\u00e4lvst\u00e4ndigt eller med assistans.\" \/>\n<meta property=\"og:url\" content=\"https:\/\/papunet.net\/sv\/information\/kommunikationshjalpmedel\/kommunikation-med-ett-hjalpmedel\/\" \/>\n<meta property=\"og:site_name\" content=\"Papunet p\u00e5 svenska\" \/>\n<meta property=\"article:modified_time\" content=\"2024-06-06T12:32:16+00:00\" \/>\n<meta property=\"og:image\" content=\"https:\/\/papunet.net\/sv\/wp-content\/uploads\/sites\/2\/2023\/09\/miten_kommunikointi_apuvalineella_tapahtuu.jpg\" \/>\n\t<meta property=\"og:image:width\" content=\"500\" \/>\n\t<meta property=\"og:image:height\" content=\"333\" \/>\n\t<meta property=\"og:image:type\" content=\"image\/jpeg\" \/>\n<meta name=\"twitter:card\" content=\"summary_large_image\" \/>\n<meta name=\"twitter:label1\" content=\"Ber\u00e4knad l\u00e4stid\" \/>\n\t<meta name=\"twitter:data1\" content=\"1 minut\" \/>\n<script type=\"application\/ld+json\" class=\"yoast-schema-graph\">{\"@context\":\"https:\/\/schema.org\",\"@graph\":[{\"@type\":\"WebPage\",\"@id\":\"https:\/\/papunet.net\/sv\/information\/kommunikationshjalpmedel\/kommunikation-med-ett-hjalpmedel\/\",\"url\":\"https:\/\/papunet.net\/sv\/information\/kommunikationshjalpmedel\/kommunikation-med-ett-hjalpmedel\/\",\"name\":\"Kommunikation med ett hj\u00e4lpmedel - Papunet p\u00e5 svenska\",\"isPartOf\":{\"@id\":\"https:\/\/papunet.net\/sv\/#website\"},\"primaryImageOfPage\":{\"@id\":\"https:\/\/papunet.net\/sv\/information\/kommunikationshjalpmedel\/kommunikation-med-ett-hjalpmedel\/#primaryimage\"},\"image\":{\"@id\":\"https:\/\/papunet.net\/sv\/information\/kommunikationshjalpmedel\/kommunikation-med-ett-hjalpmedel\/#primaryimage\"},\"thumbnailUrl\":\"https:\/\/papunet.net\/sv\/wp-content\/uploads\/sites\/2\/2023\/09\/miten_kommunikointi_apuvalineella_tapahtuu.jpg\",\"datePublished\":\"2023-08-14T07:03:20+00:00\",\"dateModified\":\"2024-06-06T12:32:16+00:00\",\"breadcrumb\":{\"@id\":\"https:\/\/papunet.net\/sv\/information\/kommunikationshjalpmedel\/kommunikation-med-ett-hjalpmedel\/#breadcrumb\"},\"inLanguage\":\"sv-SE\",\"potentialAction\":[{\"@type\":\"ReadAction\",\"target\":[\"https:\/\/papunet.net\/sv\/information\/kommunikationshjalpmedel\/kommunikation-med-ett-hjalpmedel\/\"]}]},{\"@type\":\"ImageObject\",\"inLanguage\":\"sv-SE\",\"@id\":\"https:\/\/papunet.net\/sv\/information\/kommunikationshjalpmedel\/kommunikation-med-ett-hjalpmedel\/#primaryimage\",\"url\":\"https:\/\/papunet.net\/sv\/wp-content\/uploads\/sites\/2\/2023\/09\/miten_kommunikointi_apuvalineella_tapahtuu.jpg\",\"contentUrl\":\"https:\/\/papunet.net\/sv\/wp-content\/uploads\/sites\/2\/2023\/09\/miten_kommunikointi_apuvalineella_tapahtuu.jpg\",\"width\":500,\"height\":333},{\"@type\":\"BreadcrumbList\",\"@id\":\"https:\/\/papunet.net\/sv\/information\/kommunikationshjalpmedel\/kommunikation-med-ett-hjalpmedel\/#breadcrumb\",\"itemListElement\":[{\"@type\":\"ListItem\",\"position\":1,\"name\":\"Framsida\",\"item\":\"https:\/\/papunet.net\/sv\/\"},{\"@type\":\"ListItem\",\"position\":2,\"name\":\"Information\",\"item\":\"https:\/\/papunet.net\/sv\/information\/\"},{\"@type\":\"ListItem\",\"position\":3,\"name\":\"Kommunikationshj\u00e4lpmedel\",\"item\":\"https:\/\/papunet.net\/sv\/information\/kommunikationshjalpmedel\/\"},{\"@type\":\"ListItem\",\"position\":4,\"name\":\"Kommunikation med ett hj\u00e4lpmedel\"}]},{\"@type\":\"WebSite\",\"@id\":\"https:\/\/papunet.net\/sv\/#website\",\"url\":\"https:\/\/papunet.net\/sv\/\",\"name\":\"Papunet p\u00e5 svenska\",\"description\":\"\",\"potentialAction\":[{\"@type\":\"SearchAction\",\"target\":{\"@type\":\"EntryPoint\",\"urlTemplate\":\"https:\/\/papunet.net\/sv\/?s={search_term_string}\"},\"query-input\":\"required name=search_term_string\"}],\"inLanguage\":\"sv-SE\"}]}<\/script>\n<!-- \/ Yoast SEO plugin. -->","yoast_head_json":{"title":"Kommunikation med ett hj\u00e4lpmedel - Papunet p\u00e5 svenska","robots":{"index":"index","follow":"follow","max-snippet":"max-snippet:-1","max-image-preview":"max-image-preview:large","max-video-preview":"max-video-preview:-1"},"canonical":"https:\/\/papunet.net\/sv\/information\/kommunikationshjalpmedel\/kommunikation-med-ett-hjalpmedel\/","og_locale":"sv_SE","og_type":"article","og_title":"Kommunikation med ett hj\u00e4lpmedel - Papunet p\u00e5 svenska","og_description":"Kommunikation med hj\u00e4lpmedel kan ske sj\u00e4lvst\u00e4ndigt eller med assistans.","og_url":"https:\/\/papunet.net\/sv\/information\/kommunikationshjalpmedel\/kommunikation-med-ett-hjalpmedel\/","og_site_name":"Papunet p\u00e5 svenska","article_modified_time":"2024-06-06T12:32:16+00:00","og_image":[{"width":500,"height":333,"url":"https:\/\/papunet.net\/sv\/wp-content\/uploads\/sites\/2\/2023\/09\/miten_kommunikointi_apuvalineella_tapahtuu.jpg","type":"image\/jpeg"}],"twitter_card":"summary_large_image","twitter_misc":{"Ber\u00e4knad l\u00e4stid":"1 minut"},"schema":{"@context":"https:\/\/schema.org","@graph":[{"@type":"WebPage","@id":"https:\/\/papunet.net\/sv\/information\/kommunikationshjalpmedel\/kommunikation-med-ett-hjalpmedel\/","url":"https:\/\/papunet.net\/sv\/information\/kommunikationshjalpmedel\/kommunikation-med-ett-hjalpmedel\/","name":"Kommunikation med ett hj\u00e4lpmedel - Papunet p\u00e5 svenska","isPartOf":{"@id":"https:\/\/papunet.net\/sv\/#website"},"primaryImageOfPage":{"@id":"https:\/\/papunet.net\/sv\/information\/kommunikationshjalpmedel\/kommunikation-med-ett-hjalpmedel\/#primaryimage"},"image":{"@id":"https:\/\/papunet.net\/sv\/information\/kommunikationshjalpmedel\/kommunikation-med-ett-hjalpmedel\/#primaryimage"},"thumbnailUrl":"https:\/\/papunet.net\/sv\/wp-content\/uploads\/sites\/2\/2023\/09\/miten_kommunikointi_apuvalineella_tapahtuu.jpg","datePublished":"2023-08-14T07:03:20+00:00","dateModified":"2024-06-06T12:32:16+00:00","breadcrumb":{"@id":"https:\/\/papunet.net\/sv\/information\/kommunikationshjalpmedel\/kommunikation-med-ett-hjalpmedel\/#breadcrumb"},"inLanguage":"sv-SE","potentialAction":[{"@type":"ReadAction","target":["https:\/\/papunet.net\/sv\/information\/kommunikationshjalpmedel\/kommunikation-med-ett-hjalpmedel\/"]}]},{"@type":"ImageObject","inLanguage":"sv-SE","@id":"https:\/\/papunet.net\/sv\/information\/kommunikationshjalpmedel\/kommunikation-med-ett-hjalpmedel\/#primaryimage","url":"https:\/\/papunet.net\/sv\/wp-content\/uploads\/sites\/2\/2023\/09\/miten_kommunikointi_apuvalineella_tapahtuu.jpg","contentUrl":"https:\/\/papunet.net\/sv\/wp-content\/uploads\/sites\/2\/2023\/09\/miten_kommunikointi_apuvalineella_tapahtuu.jpg","width":500,"height":333},{"@type":"BreadcrumbList","@id":"https:\/\/papunet.net\/sv\/information\/kommunikationshjalpmedel\/kommunikation-med-ett-hjalpmedel\/#breadcrumb","itemListElement":[{"@type":"ListItem","position":1,"name":"Framsida","item":"https:\/\/papunet.net\/sv\/"},{"@type":"ListItem","position":2,"name":"Information","item":"https:\/\/papunet.net\/sv\/information\/"},{"@type":"ListItem","position":3,"name":"Kommunikationshj\u00e4lpmedel","item":"https:\/\/papunet.net\/sv\/information\/kommunikationshjalpmedel\/"},{"@type":"ListItem","position":4,"name":"Kommunikation med ett hj\u00e4lpmedel"}]},{"@type":"WebSite","@id":"https:\/\/papunet.net\/sv\/#website","url":"https:\/\/papunet.net\/sv\/","name":"Papunet p\u00e5 svenska","description":"","potentialAction":[{"@type":"SearchAction","target":{"@type":"EntryPoint","urlTemplate":"https:\/\/papunet.net\/sv\/?s={search_term_string}"},"query-input":"required name=search_term_string"}],"inLanguage":"sv-SE"}]}},"acf":[],"_links":{"self":[{"href":"https:\/\/papunet.net\/sv\/wp-json\/wp\/v2\/pages\/515","targetHints":{"allow":["GET"]}}],"collection":[{"href":"https:\/\/papunet.net\/sv\/wp-json\/wp\/v2\/pages"}],"about":[{"href":"https:\/\/papunet.net\/sv\/wp-json\/wp\/v2\/types\/page"}],"author":[{"embeddable":true,"href":"https:\/\/papunet.net\/sv\/wp-json\/wp\/v2\/users\/5"}],"replies":[{"embeddable":true,"href":"https:\/\/papunet.net\/sv\/wp-json\/wp\/v2\/comments?post=515"}],"version-history":[{"count":7,"href":"https:\/\/papunet.net\/sv\/wp-json\/wp\/v2\/pages\/515\/revisions"}],"predecessor-version":[{"id":3499,"href":"https:\/\/papunet.net\/sv\/wp-json\/wp\/v2\/pages\/515\/revisions\/3499"}],"up":[{"embeddable":true,"href":"https:\/\/papunet.net\/sv\/wp-json\/wp\/v2\/pages\/10"}],"wp:featuredmedia":[{"embeddable":true,"href":"https:\/\/papunet.net\/sv\/wp-json\/wp\/v2\/media\/824"}],"wp:attachment":[{"href":"https:\/\/papunet.net\/sv\/wp-json\/wp\/v2\/media?parent=515"}],"wp:term":[{"taxonomy":"content_types","embeddable":true,"href":"https:\/\/papunet.net\/sv\/wp-json\/wp\/v2\/content_types?post=515"},{"taxonomy":"id_themes","embeddable":true,"href":"https:\/\/papunet.net\/sv\/wp-json\/wp\/v2\/id_themes?post=515"}],"curies":[{"name":"wp","href":"https:\/\/api.w.org\/{rel}","templated":true}]}}