{"id":561,"date":"2023-08-15T17:10:22","date_gmt":"2023-08-15T14:10:22","guid":{"rendered":"https:\/\/papunet.net\/sv\/?page_id=561"},"modified":"2024-04-24T07:10:40","modified_gmt":"2024-04-24T04:10:40","slug":"att-stoda-samspel","status":"publish","type":"page","link":"https:\/\/papunet.net\/sv\/information\/mojligheter-och-metoder-for-samspel\/att-stoda-samspel\/","title":{"rendered":"Att st\u00f6da samspel"},"content":{"rendered":"\n<div class=\"custom-element content-lifts bg-white color-theme-orange\">\n    <div class=\"row lifts-row list-items\">\n            <div class=\"col-12 col-lg-4 row-content lift-item list-item\">\n           <a href=\"https:\/\/papunet.net\/sv\/betydelsen-av-samspel\/\" rel=\"bookmark\">  <!-- Oletusn\u00e4kym\u00e4 hakutuloksille -->\n        <article id=\"post-637\" class=\"post-637 post type-post status-publish format-standard has-post-thumbnail hentry category-att-stoda-samspel category-mojligheter-och-metoder-for-samspel content_types-information\">\n          <div class=\"item-top\">\n            <h3 class=\"sr-only\">Betydelsen av samspel<\/h3>\n                          <div class=\"entry-thumbnail\">\n                <div class=\"thumb\">\n                  <!--\n                  <img decoding=\"async\" src=\"https:\/\/papunet.net\/sv\/wp-content\/uploads\/sites\/2\/2023\/09\/betydelsen-av-samspel_bild-Pekka-Elomaa.jpg\" alt=\"\" width=\"100%\" height=\"auto\" \/>\n                  -->\n                  <img decoding=\"async\" src=\"https:\/\/papunet.net\/sv\/wp-content\/uploads\/sites\/2\/2023\/09\/betydelsen-av-samspel_bild-Pekka-Elomaa.jpg\" alt=\"\">\n                                  <\/div>\n                              <\/div>\n                        <div class=\"entry-meta\">\n              <div class=\"tags\">\n                <ul class=\"tags-list\">\n                                      <li class=\"tag-item\">\n                      <span class=\"tag-button\">Information<\/span>\n                    <\/li>\n                                  <\/ul>\n              <\/div>\n            <\/div>\n            <header class=\"entry-header\" aria-hidden=\"true\">\n              <h3 class=\"entry-title\">Betydelsen av samspel<\/h3>\n            <\/header>\n            <div class=\"entry-content\">\n              <p>M\u00e4nniskors liv och erfarenheter av det egna livet skapas i samspelet med omgivningen och s\u00e4rskilt i samspel med andra m\u00e4nniskor.<\/p>\n            <\/div>\n          <\/div>\n          <div class=\"item-bottom\">\n            <div class=\"entry-footer\">\n              <span class=\"circle-arrow-button\">\u00d6ppna artikeln<\/span>\n            <\/div>\n          <\/div>\n        <\/article>\n          <\/a>\n        <\/div>\n                <div class=\"col-12 col-lg-4 row-content lift-item list-item\">\n           <a href=\"https:\/\/papunet.net\/sv\/att-stoda-samspelet-genom-lovit\/\" rel=\"bookmark\">  <!-- Oletusn\u00e4kym\u00e4 hakutuloksille -->\n        <article id=\"post-545\" class=\"post-545 post type-post status-publish format-standard has-post-thumbnail hentry category-att-stoda-samspel category-mojligheter-och-metoder-for-samspel content_types-information\">\n          <div class=\"item-top\">\n            <h3 class=\"sr-only\">Att st\u00f6da samspelet genom LOVIT<\/h3>\n                          <div class=\"entry-thumbnail\">\n                <div class=\"thumb\">\n                  <!--\n                  <img decoding=\"async\" src=\"https:\/\/papunet.net\/sv\/wp-content\/uploads\/sites\/2\/2023\/09\/vuorovaikutuksen_tukeminen_3.jpg\" alt=\"\" width=\"100%\" height=\"auto\" \/>\n                  -->\n                  <img decoding=\"async\" src=\"https:\/\/papunet.net\/sv\/wp-content\/uploads\/sites\/2\/2023\/09\/vuorovaikutuksen_tukeminen_3.jpg\" alt=\"\">\n                                  <\/div>\n                              <\/div>\n                        <div class=\"entry-meta\">\n              <div class=\"tags\">\n                <ul class=\"tags-list\">\n                                      <li class=\"tag-item\">\n                      <span class=\"tag-button\">Information<\/span>\n                    <\/li>\n                                  <\/ul>\n              <\/div>\n            <\/div>\n            <header class=\"entry-header\" aria-hidden=\"true\">\n              <h3 class=\"entry-title\">Att st\u00f6da samspelet genom LOVIT<\/h3>\n            <\/header>\n            <div class=\"entry-content\">\n              <p>Varje m\u00f6te \u00e4r en m\u00f6jlighet till ett fungerande samspel.<\/p>\n            <\/div>\n          <\/div>\n          <div class=\"item-bottom\">\n            <div class=\"entry-footer\">\n              <span class=\"circle-arrow-button\">\u00d6ppna artikeln<\/span>\n            <\/div>\n          <\/div>\n        <\/article>\n          <\/a>\n        <\/div>\n                <div class=\"col-12 col-lg-4 row-content lift-item list-item\">\n           <a href=\"https:\/\/papunet.net\/sv\/den-kunniga-samtalspartnern\/\" rel=\"bookmark\">  <!-- Oletusn\u00e4kym\u00e4 hakutuloksille -->\n        <article id=\"post-974\" class=\"post-974 post type-post status-publish format-standard has-post-thumbnail hentry category-att-stoda-samspel category-mojligheter-och-metoder-for-samspel content_types-information\">\n          <div class=\"item-top\">\n            <h3 class=\"sr-only\">Den kunniga samtalspartnern<\/h3>\n                          <div class=\"entry-thumbnail\">\n                <div class=\"thumb\">\n                  <!--\n                  <img decoding=\"async\" src=\"https:\/\/papunet.net\/sv\/wp-content\/uploads\/sites\/2\/2023\/09\/osaava_kumppani_mahdollistaa_vuorovaikutuksen.jpg\" alt=\"\" width=\"100%\" height=\"auto\" \/>\n                  -->\n                  <img decoding=\"async\" src=\"https:\/\/papunet.net\/sv\/wp-content\/uploads\/sites\/2\/2023\/09\/osaava_kumppani_mahdollistaa_vuorovaikutuksen.jpg\" alt=\"\">\n                                  <\/div>\n                              <\/div>\n                        <div class=\"entry-meta\">\n              <div class=\"tags\">\n                <ul class=\"tags-list\">\n                                      <li class=\"tag-item\">\n                      <span class=\"tag-button\">Information<\/span>\n                    <\/li>\n                                  <\/ul>\n              <\/div>\n            <\/div>\n            <header class=\"entry-header\" aria-hidden=\"true\">\n              <h3 class=\"entry-title\">Den kunniga samtalspartnern<\/h3>\n            <\/header>\n            <div class=\"entry-content\">\n              <p>I kommunikation som ers\u00e4tter talet beh\u00f6vs aktiva n\u00e4rst\u00e5ende, kunniga samtalspartners, som erbjuder m\u00f6jligheter att l\u00e4ra sig och kommunicera dagligen.<\/p>\n            <\/div>\n          <\/div>\n          <div class=\"item-bottom\">\n            <div class=\"entry-footer\">\n              <span class=\"circle-arrow-button\">\u00d6ppna artikeln<\/span>\n            <\/div>\n          <\/div>\n        <\/article>\n          <\/a>\n        <\/div>\n                <div class=\"col-12 col-lg-4 row-content lift-item list-item\">\n           <a href=\"https:\/\/papunet.net\/sv\/samspelets-tidiga-utveckling\/\" rel=\"bookmark\">  <!-- Oletusn\u00e4kym\u00e4 hakutuloksille -->\n        <article id=\"post-977\" class=\"post-977 post type-post status-publish format-standard has-post-thumbnail hentry category-att-stoda-samspel category-mojligheter-och-metoder-for-samspel\">\n          <div class=\"item-top\">\n            <h3 class=\"sr-only\">Samspelets tidiga utveckling<\/h3>\n                          <div class=\"entry-thumbnail\">\n                <div class=\"thumb\">\n                  <!--\n                  <img decoding=\"async\" src=\"https:\/\/papunet.net\/sv\/wp-content\/uploads\/sites\/2\/2023\/09\/vuorovaikutus_aiti_ja_vauva.png\" alt=\"\" width=\"100%\" height=\"auto\" \/>\n                  -->\n                  <img decoding=\"async\" src=\"https:\/\/papunet.net\/sv\/wp-content\/uploads\/sites\/2\/2023\/09\/vuorovaikutus_aiti_ja_vauva.png\" alt=\"\">\n                                  <\/div>\n                              <\/div>\n                        <div class=\"entry-meta\">\n              <div class=\"tags\">\n                <ul class=\"tags-list\">\n                                      <li class=\"tag-item\">\n                      <span class=\"tag-button\">Information<\/span>\n                    <\/li>\n                                  <\/ul>\n              <\/div>\n            <\/div>\n            <header class=\"entry-header\" aria-hidden=\"true\">\n              <h3 class=\"entry-title\">Samspelets tidiga utveckling<\/h3>\n            <\/header>\n            <div class=\"entry-content\">\n              <p>En varm och trygg relation mellan babyn och f\u00f6r\u00e4ldern \u00e4r viktig f\u00f6r utvecklingen av hj\u00e4rnan och f\u00f6r att l\u00e4ra sig reglera k\u00e4nslor. I en trygg relation v\u00e5gar babyn b\u00f6rja unders\u00f6ka sin omgivning och uttrycka olika k\u00e4nslor.<\/p>\n            <\/div>\n          <\/div>\n          <div class=\"item-bottom\">\n            <div class=\"entry-footer\">\n              <span class=\"circle-arrow-button\">\u00d6ppna artikeln<\/span>\n            <\/div>\n          <\/div>\n        <\/article>\n          <\/a>\n        <\/div>\n                <div class=\"col-12 col-lg-4 row-content lift-item list-item\">\n           <a href=\"https:\/\/papunet.net\/sv\/en-minnessjukdom-paverkar-samspelet\/\" rel=\"bookmark\">  <!-- Oletusn\u00e4kym\u00e4 hakutuloksille -->\n        <article id=\"post-534\" class=\"post-534 post type-post status-publish format-standard has-post-thumbnail hentry category-att-stoda-samspel category-mojligheter-och-metoder-for-samspel content_types-information\">\n          <div class=\"item-top\">\n            <h3 class=\"sr-only\">En minnessjukdom p\u00e5verkar samspelet<\/h3>\n                          <div class=\"entry-thumbnail\">\n                <div class=\"thumb\">\n                  <!--\n                  <img decoding=\"async\" src=\"https:\/\/papunet.net\/sv\/wp-content\/uploads\/sites\/2\/2023\/09\/miten_muistisairaus_vaikuttaa_vuorovaikutukseen.png\" alt=\"\" width=\"100%\" height=\"auto\" \/>\n                  -->\n                  <img decoding=\"async\" src=\"https:\/\/papunet.net\/sv\/wp-content\/uploads\/sites\/2\/2023\/09\/miten_muistisairaus_vaikuttaa_vuorovaikutukseen.png\" alt=\"\">\n                                  <\/div>\n                              <\/div>\n                        <div class=\"entry-meta\">\n              <div class=\"tags\">\n                <ul class=\"tags-list\">\n                                      <li class=\"tag-item\">\n                      <span class=\"tag-button\">Information<\/span>\n                    <\/li>\n                                  <\/ul>\n              <\/div>\n            <\/div>\n            <header class=\"entry-header\" aria-hidden=\"true\">\n              <h3 class=\"entry-title\">En minnessjukdom p\u00e5verkar samspelet<\/h3>\n            <\/header>\n            <div class=\"entry-content\">\n              <p>En minnesjukdom p\u00e5verkar m\u00e4nniskans f\u00f6rm\u00e5ga att uttrycka sig sj\u00e4lv och att f\u00f6rst\u00e5 omgivningen. F\u00f6r\u00e4ndringen sker stegvis. Det ger den som drabbats av minnessjukdom och de n\u00e4rst\u00e5ende tid att anpassa sig och st\u00e4rka den ordl\u00f6sa kommunikationen.<\/p>\n            <\/div>\n          <\/div>\n          <div class=\"item-bottom\">\n            <div class=\"entry-footer\">\n              <span class=\"circle-arrow-button\">\u00d6ppna artikeln<\/span>\n            <\/div>\n          <\/div>\n        <\/article>\n          <\/a>\n        <\/div>\n          <\/div>\n<\/div>\n","protected":false},"excerpt":{"rendered":"<p>Att vara i kontakt med andra m\u00e4nniskor \u00e4r ett av v\u00e5ra grundl\u00e4ggande behov och en viktig grund f\u00f6r samspel. Man kan st\u00f6da det sociala samspelet, d\u00e5 man vet vilket st\u00f6d och vilka verktyg man kan anv\u00e4nda.<\/p>\n","protected":false},"author":5,"featured_media":802,"parent":12,"menu_order":0,"comment_status":"closed","ping_status":"closed","template":"","meta":{"_acf_changed":false,"_relevanssi_hide_post":"","_relevanssi_pin_for_all":"","_relevanssi_pin_keywords":"","_relevanssi_unpin_keywords":"","_relevanssi_related_keywords":"","_relevanssi_related_include_ids":"","_relevanssi_related_exclude_ids":"","_relevanssi_related_no_append":"","_relevanssi_related_not_related":"","_relevanssi_related_posts":"","_relevanssi_noindex_reason":"","footnotes":""},"content_types":[6],"id_themes":[],"class_list":["post-561","page","type-page","status-publish","has-post-thumbnail","hentry","content_types-information"],"yoast_head":"<!-- This site is optimized with the Yoast SEO plugin v22.7 - https:\/\/yoast.com\/wordpress\/plugins\/seo\/ -->\n<title>Att st\u00f6da samspel - Papunet p\u00e5 svenska<\/title>\n<meta name=\"robots\" content=\"index, follow, max-snippet:-1, max-image-preview:large, max-video-preview:-1\" \/>\n<link rel=\"canonical\" href=\"https:\/\/papunet.net\/sv\/information\/mojligheter-och-metoder-for-samspel\/att-stoda-samspel\/\" \/>\n<meta property=\"og:locale\" content=\"sv_SE\" \/>\n<meta property=\"og:type\" content=\"article\" \/>\n<meta property=\"og:title\" content=\"Att st\u00f6da samspel - Papunet p\u00e5 svenska\" \/>\n<meta property=\"og:description\" content=\"Att vara i kontakt med andra m\u00e4nniskor \u00e4r ett av v\u00e5ra grundl\u00e4ggande behov och en viktig grund f\u00f6r samspel. Man kan st\u00f6da det sociala samspelet, d\u00e5 man vet vilket st\u00f6d och vilka verktyg man kan anv\u00e4nda.\" \/>\n<meta property=\"og:url\" content=\"https:\/\/papunet.net\/sv\/information\/mojligheter-och-metoder-for-samspel\/att-stoda-samspel\/\" \/>\n<meta property=\"og:site_name\" content=\"Papunet p\u00e5 svenska\" \/>\n<meta property=\"article:modified_time\" content=\"2024-04-24T04:10:40+00:00\" \/>\n<meta property=\"og:image\" content=\"https:\/\/papunet.net\/sv\/wp-content\/uploads\/sites\/2\/2023\/09\/iStock-962094878.jpg\" \/>\n\t<meta property=\"og:image:width\" content=\"500\" \/>\n\t<meta property=\"og:image:height\" content=\"333\" \/>\n\t<meta property=\"og:image:type\" content=\"image\/jpeg\" \/>\n<meta name=\"twitter:card\" content=\"summary_large_image\" \/>\n<meta name=\"twitter:label1\" content=\"Ber\u00e4knad l\u00e4stid\" \/>\n\t<meta name=\"twitter:data1\" content=\"1 minut\" \/>\n<script type=\"application\/ld+json\" class=\"yoast-schema-graph\">{\"@context\":\"https:\/\/schema.org\",\"@graph\":[{\"@type\":\"WebPage\",\"@id\":\"https:\/\/papunet.net\/sv\/information\/mojligheter-och-metoder-for-samspel\/att-stoda-samspel\/\",\"url\":\"https:\/\/papunet.net\/sv\/information\/mojligheter-och-metoder-for-samspel\/att-stoda-samspel\/\",\"name\":\"Att st\u00f6da samspel - Papunet p\u00e5 svenska\",\"isPartOf\":{\"@id\":\"https:\/\/papunet.net\/sv\/#website\"},\"primaryImageOfPage\":{\"@id\":\"https:\/\/papunet.net\/sv\/information\/mojligheter-och-metoder-for-samspel\/att-stoda-samspel\/#primaryimage\"},\"image\":{\"@id\":\"https:\/\/papunet.net\/sv\/information\/mojligheter-och-metoder-for-samspel\/att-stoda-samspel\/#primaryimage\"},\"thumbnailUrl\":\"https:\/\/papunet.net\/sv\/wp-content\/uploads\/sites\/2\/2023\/09\/iStock-962094878.jpg\",\"datePublished\":\"2023-08-15T14:10:22+00:00\",\"dateModified\":\"2024-04-24T04:10:40+00:00\",\"breadcrumb\":{\"@id\":\"https:\/\/papunet.net\/sv\/information\/mojligheter-och-metoder-for-samspel\/att-stoda-samspel\/#breadcrumb\"},\"inLanguage\":\"sv-SE\",\"potentialAction\":[{\"@type\":\"ReadAction\",\"target\":[\"https:\/\/papunet.net\/sv\/information\/mojligheter-och-metoder-for-samspel\/att-stoda-samspel\/\"]}]},{\"@type\":\"ImageObject\",\"inLanguage\":\"sv-SE\",\"@id\":\"https:\/\/papunet.net\/sv\/information\/mojligheter-och-metoder-for-samspel\/att-stoda-samspel\/#primaryimage\",\"url\":\"https:\/\/papunet.net\/sv\/wp-content\/uploads\/sites\/2\/2023\/09\/iStock-962094878.jpg\",\"contentUrl\":\"https:\/\/papunet.net\/sv\/wp-content\/uploads\/sites\/2\/2023\/09\/iStock-962094878.jpg\",\"width\":500,\"height\":333},{\"@type\":\"BreadcrumbList\",\"@id\":\"https:\/\/papunet.net\/sv\/information\/mojligheter-och-metoder-for-samspel\/att-stoda-samspel\/#breadcrumb\",\"itemListElement\":[{\"@type\":\"ListItem\",\"position\":1,\"name\":\"Framsida\",\"item\":\"https:\/\/papunet.net\/sv\/\"},{\"@type\":\"ListItem\",\"position\":2,\"name\":\"Information\",\"item\":\"https:\/\/papunet.net\/sv\/information\/\"},{\"@type\":\"ListItem\",\"position\":3,\"name\":\"M\u00f6jligheter och metoder f\u00f6r samspel\",\"item\":\"https:\/\/papunet.net\/sv\/information\/mojligheter-och-metoder-for-samspel\/\"},{\"@type\":\"ListItem\",\"position\":4,\"name\":\"Att st\u00f6da samspel\"}]},{\"@type\":\"WebSite\",\"@id\":\"https:\/\/papunet.net\/sv\/#website\",\"url\":\"https:\/\/papunet.net\/sv\/\",\"name\":\"Papunet p\u00e5 svenska\",\"description\":\"\",\"potentialAction\":[{\"@type\":\"SearchAction\",\"target\":{\"@type\":\"EntryPoint\",\"urlTemplate\":\"https:\/\/papunet.net\/sv\/?s={search_term_string}\"},\"query-input\":\"required name=search_term_string\"}],\"inLanguage\":\"sv-SE\"}]}<\/script>\n<!-- \/ Yoast SEO plugin. -->","yoast_head_json":{"title":"Att st\u00f6da samspel - Papunet p\u00e5 svenska","robots":{"index":"index","follow":"follow","max-snippet":"max-snippet:-1","max-image-preview":"max-image-preview:large","max-video-preview":"max-video-preview:-1"},"canonical":"https:\/\/papunet.net\/sv\/information\/mojligheter-och-metoder-for-samspel\/att-stoda-samspel\/","og_locale":"sv_SE","og_type":"article","og_title":"Att st\u00f6da samspel - Papunet p\u00e5 svenska","og_description":"Att vara i kontakt med andra m\u00e4nniskor \u00e4r ett av v\u00e5ra grundl\u00e4ggande behov och en viktig grund f\u00f6r samspel. Man kan st\u00f6da det sociala samspelet, d\u00e5 man vet vilket st\u00f6d och vilka verktyg man kan anv\u00e4nda.","og_url":"https:\/\/papunet.net\/sv\/information\/mojligheter-och-metoder-for-samspel\/att-stoda-samspel\/","og_site_name":"Papunet p\u00e5 svenska","article_modified_time":"2024-04-24T04:10:40+00:00","og_image":[{"width":500,"height":333,"url":"https:\/\/papunet.net\/sv\/wp-content\/uploads\/sites\/2\/2023\/09\/iStock-962094878.jpg","type":"image\/jpeg"}],"twitter_card":"summary_large_image","twitter_misc":{"Ber\u00e4knad l\u00e4stid":"1 minut"},"schema":{"@context":"https:\/\/schema.org","@graph":[{"@type":"WebPage","@id":"https:\/\/papunet.net\/sv\/information\/mojligheter-och-metoder-for-samspel\/att-stoda-samspel\/","url":"https:\/\/papunet.net\/sv\/information\/mojligheter-och-metoder-for-samspel\/att-stoda-samspel\/","name":"Att st\u00f6da samspel - Papunet p\u00e5 svenska","isPartOf":{"@id":"https:\/\/papunet.net\/sv\/#website"},"primaryImageOfPage":{"@id":"https:\/\/papunet.net\/sv\/information\/mojligheter-och-metoder-for-samspel\/att-stoda-samspel\/#primaryimage"},"image":{"@id":"https:\/\/papunet.net\/sv\/information\/mojligheter-och-metoder-for-samspel\/att-stoda-samspel\/#primaryimage"},"thumbnailUrl":"https:\/\/papunet.net\/sv\/wp-content\/uploads\/sites\/2\/2023\/09\/iStock-962094878.jpg","datePublished":"2023-08-15T14:10:22+00:00","dateModified":"2024-04-24T04:10:40+00:00","breadcrumb":{"@id":"https:\/\/papunet.net\/sv\/information\/mojligheter-och-metoder-for-samspel\/att-stoda-samspel\/#breadcrumb"},"inLanguage":"sv-SE","potentialAction":[{"@type":"ReadAction","target":["https:\/\/papunet.net\/sv\/information\/mojligheter-och-metoder-for-samspel\/att-stoda-samspel\/"]}]},{"@type":"ImageObject","inLanguage":"sv-SE","@id":"https:\/\/papunet.net\/sv\/information\/mojligheter-och-metoder-for-samspel\/att-stoda-samspel\/#primaryimage","url":"https:\/\/papunet.net\/sv\/wp-content\/uploads\/sites\/2\/2023\/09\/iStock-962094878.jpg","contentUrl":"https:\/\/papunet.net\/sv\/wp-content\/uploads\/sites\/2\/2023\/09\/iStock-962094878.jpg","width":500,"height":333},{"@type":"BreadcrumbList","@id":"https:\/\/papunet.net\/sv\/information\/mojligheter-och-metoder-for-samspel\/att-stoda-samspel\/#breadcrumb","itemListElement":[{"@type":"ListItem","position":1,"name":"Framsida","item":"https:\/\/papunet.net\/sv\/"},{"@type":"ListItem","position":2,"name":"Information","item":"https:\/\/papunet.net\/sv\/information\/"},{"@type":"ListItem","position":3,"name":"M\u00f6jligheter och metoder f\u00f6r samspel","item":"https:\/\/papunet.net\/sv\/information\/mojligheter-och-metoder-for-samspel\/"},{"@type":"ListItem","position":4,"name":"Att st\u00f6da samspel"}]},{"@type":"WebSite","@id":"https:\/\/papunet.net\/sv\/#website","url":"https:\/\/papunet.net\/sv\/","name":"Papunet p\u00e5 svenska","description":"","potentialAction":[{"@type":"SearchAction","target":{"@type":"EntryPoint","urlTemplate":"https:\/\/papunet.net\/sv\/?s={search_term_string}"},"query-input":"required name=search_term_string"}],"inLanguage":"sv-SE"}]}},"acf":[],"_links":{"self":[{"href":"https:\/\/papunet.net\/sv\/wp-json\/wp\/v2\/pages\/561","targetHints":{"allow":["GET"]}}],"collection":[{"href":"https:\/\/papunet.net\/sv\/wp-json\/wp\/v2\/pages"}],"about":[{"href":"https:\/\/papunet.net\/sv\/wp-json\/wp\/v2\/types\/page"}],"author":[{"embeddable":true,"href":"https:\/\/papunet.net\/sv\/wp-json\/wp\/v2\/users\/5"}],"replies":[{"embeddable":true,"href":"https:\/\/papunet.net\/sv\/wp-json\/wp\/v2\/comments?post=561"}],"version-history":[{"count":11,"href":"https:\/\/papunet.net\/sv\/wp-json\/wp\/v2\/pages\/561\/revisions"}],"predecessor-version":[{"id":3403,"href":"https:\/\/papunet.net\/sv\/wp-json\/wp\/v2\/pages\/561\/revisions\/3403"}],"up":[{"embeddable":true,"href":"https:\/\/papunet.net\/sv\/wp-json\/wp\/v2\/pages\/12"}],"wp:featuredmedia":[{"embeddable":true,"href":"https:\/\/papunet.net\/sv\/wp-json\/wp\/v2\/media\/802"}],"wp:attachment":[{"href":"https:\/\/papunet.net\/sv\/wp-json\/wp\/v2\/media?parent=561"}],"wp:term":[{"taxonomy":"content_types","embeddable":true,"href":"https:\/\/papunet.net\/sv\/wp-json\/wp\/v2\/content_types?post=561"},{"taxonomy":"id_themes","embeddable":true,"href":"https:\/\/papunet.net\/sv\/wp-json\/wp\/v2\/id_themes?post=561"}],"curies":[{"name":"wp","href":"https:\/\/api.w.org\/{rel}","templated":true}]}}