{"id":568,"date":"2023-08-15T17:22:58","date_gmt":"2023-08-15T14:22:58","guid":{"rendered":"https:\/\/papunet.net\/sv\/?page_id=568"},"modified":"2025-08-22T07:57:22","modified_gmt":"2025-08-22T04:57:22","slug":"kommunikationskartor-och-parmar","status":"publish","type":"page","link":"https:\/\/papunet.net\/sv\/information\/kommunikationshjalpmedel\/kommunikationskartor-och-parmar\/","title":{"rendered":"Kommunikationskartor och p\u00e4rmar"},"content":{"rendered":"\n<div class=\"custom-element content-lifts bg-white color-theme-orange\">\n    <div class=\"row lifts-row list-items\">\n            <div class=\"col-12 col-lg-4 row-content lift-item list-item\">\n           <a href=\"https:\/\/papunet.net\/sv\/information-om-kommunikationskartor-och-parmar\/\" rel=\"bookmark\">  <!-- Oletusn\u00e4kym\u00e4 hakutuloksille -->\n        <article id=\"post-485\" class=\"post-485 post type-post status-publish format-standard has-post-thumbnail hentry category-kommunikationshjalpmedel category-kommunikationskartor-och-parmar content_types-information\">\n          <div class=\"item-top\">\n            <h3 class=\"sr-only\">Information om kommunikationskartor och p\u00e4rmar<\/h3>\n                          <div class=\"entry-thumbnail\">\n                <div class=\"thumb\">\n                  <!--\n                  <img decoding=\"async\" src=\"https:\/\/papunet.net\/sv\/wp-content\/uploads\/sites\/2\/2023\/11\/alkukansio_2.jpg\" alt=\"\" width=\"100%\" height=\"auto\" \/>\n                  -->\n                  <img decoding=\"async\" src=\"https:\/\/papunet.net\/sv\/wp-content\/uploads\/sites\/2\/2023\/11\/alkukansio_2.jpg\" alt=\"\">\n                                  <\/div>\n                              <\/div>\n                        <div class=\"entry-meta\">\n              <div class=\"tags\">\n                <ul class=\"tags-list\">\n                                      <li class=\"tag-item\">\n                      <span class=\"tag-button\">Information<\/span>\n                    <\/li>\n                                  <\/ul>\n              <\/div>\n            <\/div>\n            <header class=\"entry-header\" aria-hidden=\"true\">\n              <h3 class=\"entry-title\">Information om kommunikationskartor och p\u00e4rmar<\/h3>\n            <\/header>\n            <div class=\"entry-content\">\n              <p>Som kommunikationshj\u00e4lpmedel anv\u00e4nder man ofta kommunikationskartor och p\u00e4rmar.<\/p>\n            <\/div>\n          <\/div>\n          <div class=\"item-bottom\">\n            <div class=\"entry-footer\">\n              <span class=\"circle-arrow-button\">\u00d6ppna artikeln<\/span>\n            <\/div>\n          <\/div>\n        <\/article>\n          <\/a>\n        <\/div>\n                <div class=\"col-12 col-lg-4 row-content lift-item list-item\">\n           <a href=\"https:\/\/papunet.net\/sv\/ova-att-anvanda-kommunikationsparmen\/\" rel=\"bookmark\">  <!-- Oletusn\u00e4kym\u00e4 hakutuloksille -->\n        <article id=\"post-510\" class=\"post-510 post type-post status-publish format-standard has-post-thumbnail hentry category-kommunikationshjalpmedel category-kommunikationskartor-och-parmar content_types-information\">\n          <div class=\"item-top\">\n            <h3 class=\"sr-only\">\u00d6va att anv\u00e4nda kommunikationsp\u00e4rmen<\/h3>\n                          <div class=\"entry-thumbnail\">\n                <div class=\"thumb\">\n                  <!--\n                  <img decoding=\"async\" src=\"https:\/\/papunet.net\/sv\/wp-content\/uploads\/sites\/2\/2023\/11\/kauppaleikki_2.jpg\" alt=\"\" width=\"100%\" height=\"auto\" \/>\n                  -->\n                  <img decoding=\"async\" src=\"https:\/\/papunet.net\/sv\/wp-content\/uploads\/sites\/2\/2023\/11\/kauppaleikki_2.jpg\" alt=\"\">\n                                  <\/div>\n                              <\/div>\n                        <div class=\"entry-meta\">\n              <div class=\"tags\">\n                <ul class=\"tags-list\">\n                                      <li class=\"tag-item\">\n                      <span class=\"tag-button\">Information<\/span>\n                    <\/li>\n                                  <\/ul>\n              <\/div>\n            <\/div>\n            <header class=\"entry-header\" aria-hidden=\"true\">\n              <h3 class=\"entry-title\">\u00d6va att anv\u00e4nda kommunikationsp\u00e4rmen<\/h3>\n            <\/header>\n            <div class=\"entry-content\">\n              <p>P\u00e5 den h\u00e4r sidan finns tips och id\u00e9er om hur man stegvis kan \u00f6va att anv\u00e4nda en kommunikationsp\u00e4rm. Man b\u00f6r alltid utg\u00e5 fr\u00e5n de egna behoven. <\/p>\n            <\/div>\n          <\/div>\n          <div class=\"item-bottom\">\n            <div class=\"entry-footer\">\n              <span class=\"circle-arrow-button\">\u00d6ppna artikeln<\/span>\n            <\/div>\n          <\/div>\n        <\/article>\n          <\/a>\n        <\/div>\n                <div class=\"col-12 col-lg-4 row-content lift-item list-item\">\n           <a href=\"https:\/\/papunet.net\/sv\/att-kommunicera-med-nyckelord-eller-fraser\/\" rel=\"bookmark\">  <!-- Oletusn\u00e4kym\u00e4 hakutuloksille -->\n        <article id=\"post-456\" class=\"post-456 post type-post status-publish format-standard has-post-thumbnail hentry category-kommunikation-med-ett-hjalpmedel category-kommunikationshjalpmedel content_types-information\">\n          <div class=\"item-top\">\n            <h3 class=\"sr-only\">Att kommunicera med nyckelord eller fraser<\/h3>\n                          <div class=\"entry-thumbnail\">\n                <div class=\"thumb\">\n                  <!--\n                  <img decoding=\"async\" src=\"https:\/\/papunet.net\/sv\/wp-content\/uploads\/sites\/2\/2023\/11\/avainsanakansio_kaksi_aukeamaa_2.jpg\" alt=\"\" width=\"100%\" height=\"auto\" \/>\n                  -->\n                  <img decoding=\"async\" src=\"https:\/\/papunet.net\/sv\/wp-content\/uploads\/sites\/2\/2023\/11\/avainsanakansio_kaksi_aukeamaa_2.jpg\" alt=\"\">\n                                  <\/div>\n                              <\/div>\n                        <div class=\"entry-meta\">\n              <div class=\"tags\">\n                <ul class=\"tags-list\">\n                                      <li class=\"tag-item\">\n                      <span class=\"tag-button\">Information<\/span>\n                    <\/li>\n                                  <\/ul>\n              <\/div>\n            <\/div>\n            <header class=\"entry-header\" aria-hidden=\"true\">\n              <h3 class=\"entry-title\">Att kommunicera med nyckelord eller fraser<\/h3>\n            <\/header>\n            <div class=\"entry-content\">\n              <p>Kommunikation kan ske med enstaka ord eller hela meningar. Ocks\u00e5 den non verbala kommunikationen skall beaktas.<\/p>\n            <\/div>\n          <\/div>\n          <div class=\"item-bottom\">\n            <div class=\"entry-footer\">\n              <span class=\"circle-arrow-button\">\u00d6ppna artikeln<\/span>\n            <\/div>\n          <\/div>\n        <\/article>\n          <\/a>\n        <\/div>\n          <\/div>\n<\/div>\n","protected":false},"excerpt":{"rendered":"<p>Information om kommunikationskartor och p\u00e4rmar samt tr\u00e4ning i anv\u00e4ndningen av p\u00e4rmen.<\/p>\n","protected":false},"author":5,"featured_media":819,"parent":10,"menu_order":0,"comment_status":"closed","ping_status":"closed","template":"","meta":{"_acf_changed":false,"_relevanssi_hide_post":"","_relevanssi_pin_for_all":"","_relevanssi_pin_keywords":"","_relevanssi_unpin_keywords":"","_relevanssi_related_keywords":"","_relevanssi_related_include_ids":"","_relevanssi_related_exclude_ids":"","_relevanssi_related_no_append":"","_relevanssi_related_not_related":"","_relevanssi_related_posts":"","_relevanssi_noindex_reason":"","footnotes":""},"content_types":[6],"id_themes":[],"class_list":["post-568","page","type-page","status-publish","has-post-thumbnail","hentry","content_types-information"],"yoast_head":"<!-- This site is optimized with the Yoast SEO plugin v22.7 - https:\/\/yoast.com\/wordpress\/plugins\/seo\/ -->\n<title>Kommunikationskartor och p\u00e4rmar - Papunet p\u00e5 svenska<\/title>\n<meta name=\"robots\" content=\"index, follow, max-snippet:-1, max-image-preview:large, max-video-preview:-1\" \/>\n<link rel=\"canonical\" href=\"https:\/\/papunet.net\/sv\/information\/kommunikationshjalpmedel\/kommunikationskartor-och-parmar\/\" \/>\n<meta property=\"og:locale\" content=\"sv_SE\" \/>\n<meta property=\"og:type\" content=\"article\" \/>\n<meta property=\"og:title\" content=\"Kommunikationskartor och p\u00e4rmar - Papunet p\u00e5 svenska\" \/>\n<meta property=\"og:description\" content=\"Information om kommunikationskartor och p\u00e4rmar samt tr\u00e4ning i anv\u00e4ndningen av p\u00e4rmen.\" \/>\n<meta property=\"og:url\" content=\"https:\/\/papunet.net\/sv\/information\/kommunikationshjalpmedel\/kommunikationskartor-och-parmar\/\" \/>\n<meta property=\"og:site_name\" content=\"Papunet p\u00e5 svenska\" \/>\n<meta property=\"article:modified_time\" content=\"2025-08-22T04:57:22+00:00\" \/>\n<meta property=\"og:image\" content=\"https:\/\/papunet.net\/sv\/wp-content\/uploads\/sites\/2\/2023\/09\/kommunikointikansiot_ja_taulut.png\" \/>\n\t<meta property=\"og:image:width\" content=\"500\" \/>\n\t<meta property=\"og:image:height\" content=\"333\" \/>\n\t<meta property=\"og:image:type\" content=\"image\/png\" \/>\n<meta name=\"twitter:card\" content=\"summary_large_image\" \/>\n<meta name=\"twitter:label1\" content=\"Ber\u00e4knad l\u00e4stid\" \/>\n\t<meta name=\"twitter:data1\" content=\"1 minut\" \/>\n<script type=\"application\/ld+json\" class=\"yoast-schema-graph\">{\"@context\":\"https:\/\/schema.org\",\"@graph\":[{\"@type\":\"WebPage\",\"@id\":\"https:\/\/papunet.net\/sv\/information\/kommunikationshjalpmedel\/kommunikationskartor-och-parmar\/\",\"url\":\"https:\/\/papunet.net\/sv\/information\/kommunikationshjalpmedel\/kommunikationskartor-och-parmar\/\",\"name\":\"Kommunikationskartor och p\u00e4rmar - Papunet p\u00e5 svenska\",\"isPartOf\":{\"@id\":\"https:\/\/papunet.net\/sv\/#website\"},\"primaryImageOfPage\":{\"@id\":\"https:\/\/papunet.net\/sv\/information\/kommunikationshjalpmedel\/kommunikationskartor-och-parmar\/#primaryimage\"},\"image\":{\"@id\":\"https:\/\/papunet.net\/sv\/information\/kommunikationshjalpmedel\/kommunikationskartor-och-parmar\/#primaryimage\"},\"thumbnailUrl\":\"https:\/\/papunet.net\/sv\/wp-content\/uploads\/sites\/2\/2023\/09\/kommunikointikansiot_ja_taulut.png\",\"datePublished\":\"2023-08-15T14:22:58+00:00\",\"dateModified\":\"2025-08-22T04:57:22+00:00\",\"breadcrumb\":{\"@id\":\"https:\/\/papunet.net\/sv\/information\/kommunikationshjalpmedel\/kommunikationskartor-och-parmar\/#breadcrumb\"},\"inLanguage\":\"sv-SE\",\"potentialAction\":[{\"@type\":\"ReadAction\",\"target\":[\"https:\/\/papunet.net\/sv\/information\/kommunikationshjalpmedel\/kommunikationskartor-och-parmar\/\"]}]},{\"@type\":\"ImageObject\",\"inLanguage\":\"sv-SE\",\"@id\":\"https:\/\/papunet.net\/sv\/information\/kommunikationshjalpmedel\/kommunikationskartor-och-parmar\/#primaryimage\",\"url\":\"https:\/\/papunet.net\/sv\/wp-content\/uploads\/sites\/2\/2023\/09\/kommunikointikansiot_ja_taulut.png\",\"contentUrl\":\"https:\/\/papunet.net\/sv\/wp-content\/uploads\/sites\/2\/2023\/09\/kommunikointikansiot_ja_taulut.png\",\"width\":500,\"height\":333},{\"@type\":\"BreadcrumbList\",\"@id\":\"https:\/\/papunet.net\/sv\/information\/kommunikationshjalpmedel\/kommunikationskartor-och-parmar\/#breadcrumb\",\"itemListElement\":[{\"@type\":\"ListItem\",\"position\":1,\"name\":\"Framsida\",\"item\":\"https:\/\/papunet.net\/sv\/\"},{\"@type\":\"ListItem\",\"position\":2,\"name\":\"Information\",\"item\":\"https:\/\/papunet.net\/sv\/information\/\"},{\"@type\":\"ListItem\",\"position\":3,\"name\":\"Kommunikationshj\u00e4lpmedel\",\"item\":\"https:\/\/papunet.net\/sv\/information\/kommunikationshjalpmedel\/\"},{\"@type\":\"ListItem\",\"position\":4,\"name\":\"Kommunikationskartor och p\u00e4rmar\"}]},{\"@type\":\"WebSite\",\"@id\":\"https:\/\/papunet.net\/sv\/#website\",\"url\":\"https:\/\/papunet.net\/sv\/\",\"name\":\"Papunet p\u00e5 svenska\",\"description\":\"\",\"potentialAction\":[{\"@type\":\"SearchAction\",\"target\":{\"@type\":\"EntryPoint\",\"urlTemplate\":\"https:\/\/papunet.net\/sv\/?s={search_term_string}\"},\"query-input\":\"required name=search_term_string\"}],\"inLanguage\":\"sv-SE\"}]}<\/script>\n<!-- \/ Yoast SEO plugin. -->","yoast_head_json":{"title":"Kommunikationskartor och p\u00e4rmar - Papunet p\u00e5 svenska","robots":{"index":"index","follow":"follow","max-snippet":"max-snippet:-1","max-image-preview":"max-image-preview:large","max-video-preview":"max-video-preview:-1"},"canonical":"https:\/\/papunet.net\/sv\/information\/kommunikationshjalpmedel\/kommunikationskartor-och-parmar\/","og_locale":"sv_SE","og_type":"article","og_title":"Kommunikationskartor och p\u00e4rmar - Papunet p\u00e5 svenska","og_description":"Information om kommunikationskartor och p\u00e4rmar samt tr\u00e4ning i anv\u00e4ndningen av p\u00e4rmen.","og_url":"https:\/\/papunet.net\/sv\/information\/kommunikationshjalpmedel\/kommunikationskartor-och-parmar\/","og_site_name":"Papunet p\u00e5 svenska","article_modified_time":"2025-08-22T04:57:22+00:00","og_image":[{"width":500,"height":333,"url":"https:\/\/papunet.net\/sv\/wp-content\/uploads\/sites\/2\/2023\/09\/kommunikointikansiot_ja_taulut.png","type":"image\/png"}],"twitter_card":"summary_large_image","twitter_misc":{"Ber\u00e4knad l\u00e4stid":"1 minut"},"schema":{"@context":"https:\/\/schema.org","@graph":[{"@type":"WebPage","@id":"https:\/\/papunet.net\/sv\/information\/kommunikationshjalpmedel\/kommunikationskartor-och-parmar\/","url":"https:\/\/papunet.net\/sv\/information\/kommunikationshjalpmedel\/kommunikationskartor-och-parmar\/","name":"Kommunikationskartor och p\u00e4rmar - Papunet p\u00e5 svenska","isPartOf":{"@id":"https:\/\/papunet.net\/sv\/#website"},"primaryImageOfPage":{"@id":"https:\/\/papunet.net\/sv\/information\/kommunikationshjalpmedel\/kommunikationskartor-och-parmar\/#primaryimage"},"image":{"@id":"https:\/\/papunet.net\/sv\/information\/kommunikationshjalpmedel\/kommunikationskartor-och-parmar\/#primaryimage"},"thumbnailUrl":"https:\/\/papunet.net\/sv\/wp-content\/uploads\/sites\/2\/2023\/09\/kommunikointikansiot_ja_taulut.png","datePublished":"2023-08-15T14:22:58+00:00","dateModified":"2025-08-22T04:57:22+00:00","breadcrumb":{"@id":"https:\/\/papunet.net\/sv\/information\/kommunikationshjalpmedel\/kommunikationskartor-och-parmar\/#breadcrumb"},"inLanguage":"sv-SE","potentialAction":[{"@type":"ReadAction","target":["https:\/\/papunet.net\/sv\/information\/kommunikationshjalpmedel\/kommunikationskartor-och-parmar\/"]}]},{"@type":"ImageObject","inLanguage":"sv-SE","@id":"https:\/\/papunet.net\/sv\/information\/kommunikationshjalpmedel\/kommunikationskartor-och-parmar\/#primaryimage","url":"https:\/\/papunet.net\/sv\/wp-content\/uploads\/sites\/2\/2023\/09\/kommunikointikansiot_ja_taulut.png","contentUrl":"https:\/\/papunet.net\/sv\/wp-content\/uploads\/sites\/2\/2023\/09\/kommunikointikansiot_ja_taulut.png","width":500,"height":333},{"@type":"BreadcrumbList","@id":"https:\/\/papunet.net\/sv\/information\/kommunikationshjalpmedel\/kommunikationskartor-och-parmar\/#breadcrumb","itemListElement":[{"@type":"ListItem","position":1,"name":"Framsida","item":"https:\/\/papunet.net\/sv\/"},{"@type":"ListItem","position":2,"name":"Information","item":"https:\/\/papunet.net\/sv\/information\/"},{"@type":"ListItem","position":3,"name":"Kommunikationshj\u00e4lpmedel","item":"https:\/\/papunet.net\/sv\/information\/kommunikationshjalpmedel\/"},{"@type":"ListItem","position":4,"name":"Kommunikationskartor och p\u00e4rmar"}]},{"@type":"WebSite","@id":"https:\/\/papunet.net\/sv\/#website","url":"https:\/\/papunet.net\/sv\/","name":"Papunet p\u00e5 svenska","description":"","potentialAction":[{"@type":"SearchAction","target":{"@type":"EntryPoint","urlTemplate":"https:\/\/papunet.net\/sv\/?s={search_term_string}"},"query-input":"required name=search_term_string"}],"inLanguage":"sv-SE"}]}},"acf":[],"_links":{"self":[{"href":"https:\/\/papunet.net\/sv\/wp-json\/wp\/v2\/pages\/568","targetHints":{"allow":["GET"]}}],"collection":[{"href":"https:\/\/papunet.net\/sv\/wp-json\/wp\/v2\/pages"}],"about":[{"href":"https:\/\/papunet.net\/sv\/wp-json\/wp\/v2\/types\/page"}],"author":[{"embeddable":true,"href":"https:\/\/papunet.net\/sv\/wp-json\/wp\/v2\/users\/5"}],"replies":[{"embeddable":true,"href":"https:\/\/papunet.net\/sv\/wp-json\/wp\/v2\/comments?post=568"}],"version-history":[{"count":6,"href":"https:\/\/papunet.net\/sv\/wp-json\/wp\/v2\/pages\/568\/revisions"}],"predecessor-version":[{"id":1164,"href":"https:\/\/papunet.net\/sv\/wp-json\/wp\/v2\/pages\/568\/revisions\/1164"}],"up":[{"embeddable":true,"href":"https:\/\/papunet.net\/sv\/wp-json\/wp\/v2\/pages\/10"}],"wp:featuredmedia":[{"embeddable":true,"href":"https:\/\/papunet.net\/sv\/wp-json\/wp\/v2\/media\/819"}],"wp:attachment":[{"href":"https:\/\/papunet.net\/sv\/wp-json\/wp\/v2\/media?parent=568"}],"wp:term":[{"taxonomy":"content_types","embeddable":true,"href":"https:\/\/papunet.net\/sv\/wp-json\/wp\/v2\/content_types?post=568"},{"taxonomy":"id_themes","embeddable":true,"href":"https:\/\/papunet.net\/sv\/wp-json\/wp\/v2\/id_themes?post=568"}],"curies":[{"name":"wp","href":"https:\/\/api.w.org\/{rel}","templated":true}]}}