{"id":577,"date":"2023-08-15T17:44:04","date_gmt":"2023-08-15T14:44:04","guid":{"rendered":"https:\/\/papunet.net\/sv\/?page_id=577"},"modified":"2023-11-02T11:15:49","modified_gmt":"2023-11-02T09:15:49","slug":"kommunikationsprogram","status":"publish","type":"page","link":"https:\/\/papunet.net\/sv\/information\/kommunikationshjalpmedel\/kommunikationsprogram\/","title":{"rendered":"Kommunikationsprogram"},"content":{"rendered":"\n<div class=\"custom-element content-lifts bg-white color-theme-orange\">\n    <div class=\"row lifts-row list-items\">\n            <div class=\"col-12 col-lg-4 row-content lift-item list-item\">\n           <a href=\"https:\/\/papunet.net\/sv\/kommunikationshjalpmedel-for-pc\/\" rel=\"bookmark\">  <!-- Oletusn\u00e4kym\u00e4 hakutuloksille -->\n        <article id=\"post-464\" class=\"post-464 post type-post status-publish format-standard has-post-thumbnail hentry category-kommunikationshjalpmedel category-kommunikationsprogram content_types-information\">\n          <div class=\"item-top\">\n            <h3 class=\"sr-only\">Kommunikationshja\u0308lpmedel fo\u0308r PC<\/h3>\n                          <div class=\"entry-thumbnail\">\n                <div class=\"thumb\">\n                  <!--\n                  <img decoding=\"async\" src=\"https:\/\/papunet.net\/sv\/wp-content\/uploads\/sites\/2\/2023\/09\/DialoQ-kayttotila-2.png\" alt=\"\" width=\"100%\" height=\"auto\" \/>\n                  -->\n                  <img decoding=\"async\" src=\"https:\/\/papunet.net\/sv\/wp-content\/uploads\/sites\/2\/2023\/09\/DialoQ-kayttotila-2.png\" alt=\"\">\n                                  <\/div>\n                              <\/div>\n                        <div class=\"entry-meta\">\n              <div class=\"tags\">\n                <ul class=\"tags-list\">\n                                      <li class=\"tag-item\">\n                      <span class=\"tag-button\">Information<\/span>\n                    <\/li>\n                                  <\/ul>\n              <\/div>\n            <\/div>\n            <header class=\"entry-header\" aria-hidden=\"true\">\n              <h3 class=\"entry-title\">Kommunikationshja\u0308lpmedel fo\u0308r PC<\/h3>\n            <\/header>\n            <div class=\"entry-content\">\n              <p>P\u00e5 den h\u00e4r sidan finns information om kommunikationsprogram som anv\u00e4nds p\u00e5 PC-datorer. <\/p>\n            <\/div>\n          <\/div>\n          <div class=\"item-bottom\">\n            <div class=\"entry-footer\">\n              <span class=\"circle-arrow-button\">\u00d6ppna artikeln<\/span>\n            <\/div>\n          <\/div>\n        <\/article>\n          <\/a>\n        <\/div>\n                <div class=\"col-12 col-lg-4 row-content lift-item list-item\">\n           <a href=\"https:\/\/papunet.net\/sv\/kommunikationsjhalpmedel-for-pekplattor\/\" rel=\"bookmark\">  <!-- Oletusn\u00e4kym\u00e4 hakutuloksille -->\n        <article id=\"post-468\" class=\"post-468 post type-post status-publish format-standard has-post-thumbnail hentry category-kommunikationshjalpmedel category-kommunikationsprogram content_types-information\">\n          <div class=\"item-top\">\n            <h3 class=\"sr-only\">Kommunikationsjha\u0308lpmedel fo\u0308r pekplattor<\/h3>\n                          <div class=\"entry-thumbnail\">\n                <div class=\"thumb\">\n                  <!--\n                  <img decoding=\"async\" src=\"https:\/\/papunet.net\/sv\/wp-content\/uploads\/sites\/2\/2023\/09\/GTN-Leffa.png\" alt=\"\" width=\"100%\" height=\"auto\" \/>\n                  -->\n                  <img decoding=\"async\" src=\"https:\/\/papunet.net\/sv\/wp-content\/uploads\/sites\/2\/2023\/09\/GTN-Leffa.png\" alt=\"\">\n                                  <\/div>\n                              <\/div>\n                        <div class=\"entry-meta\">\n              <div class=\"tags\">\n                <ul class=\"tags-list\">\n                                      <li class=\"tag-item\">\n                      <span class=\"tag-button\">Information<\/span>\n                    <\/li>\n                                  <\/ul>\n              <\/div>\n            <\/div>\n            <header class=\"entry-header\" aria-hidden=\"true\">\n              <h3 class=\"entry-title\">Kommunikationsjha\u0308lpmedel fo\u0308r pekplattor<\/h3>\n            <\/header>\n            <div class=\"entry-content\">\n              <p>Det finns ett stort urval av kommunikationsapplikationer som g\u00e5r att anv\u00e4nda p\u00e5 pekplattor. Det finns en regional variation i vilka program som anv\u00e4nds, och p\u00e5 den h\u00e4r sidan presenteras de program som anv\u00e4nds mest bland svenskspr\u00e5kiga i Finland. <\/p>\n            <\/div>\n          <\/div>\n          <div class=\"item-bottom\">\n            <div class=\"entry-footer\">\n              <span class=\"circle-arrow-button\">\u00d6ppna artikeln<\/span>\n            <\/div>\n          <\/div>\n        <\/article>\n          <\/a>\n        <\/div>\n          <\/div>\n<\/div>\n","protected":false},"excerpt":{"rendered":"<p>Information om kommunikationsprogram och deras egenskaper.<\/p>\n","protected":false},"author":5,"featured_media":901,"parent":10,"menu_order":0,"comment_status":"closed","ping_status":"closed","template":"","meta":{"_acf_changed":false,"_relevanssi_hide_post":"","_relevanssi_pin_for_all":"","_relevanssi_pin_keywords":"","_relevanssi_unpin_keywords":"","_relevanssi_related_keywords":"","_relevanssi_related_include_ids":"","_relevanssi_related_exclude_ids":"","_relevanssi_related_no_append":"","_relevanssi_related_not_related":"","_relevanssi_related_posts":"","_relevanssi_noindex_reason":"","footnotes":""},"content_types":[6],"id_themes":[],"class_list":["post-577","page","type-page","status-publish","has-post-thumbnail","hentry","content_types-information"],"yoast_head":"<!-- This site is optimized with the Yoast SEO plugin v22.7 - https:\/\/yoast.com\/wordpress\/plugins\/seo\/ -->\n<title>Kommunikationsprogram - Papunet p\u00e5 svenska<\/title>\n<meta name=\"robots\" content=\"index, follow, max-snippet:-1, max-image-preview:large, max-video-preview:-1\" \/>\n<link rel=\"canonical\" href=\"https:\/\/papunet.net\/sv\/information\/kommunikationshjalpmedel\/kommunikationsprogram\/\" \/>\n<meta property=\"og:locale\" content=\"sv_SE\" \/>\n<meta property=\"og:type\" content=\"article\" \/>\n<meta property=\"og:title\" content=\"Kommunikationsprogram - Papunet p\u00e5 svenska\" \/>\n<meta property=\"og:description\" content=\"Information om kommunikationsprogram och deras egenskaper.\" \/>\n<meta property=\"og:url\" content=\"https:\/\/papunet.net\/sv\/information\/kommunikationshjalpmedel\/kommunikationsprogram\/\" \/>\n<meta property=\"og:site_name\" content=\"Papunet p\u00e5 svenska\" \/>\n<meta property=\"article:modified_time\" content=\"2023-11-02T09:15:49+00:00\" \/>\n<meta property=\"og:image\" content=\"https:\/\/papunet.net\/sv\/wp-content\/uploads\/sites\/2\/2023\/09\/kommunikointiohjelmat_sv.png\" \/>\n\t<meta property=\"og:image:width\" content=\"500\" \/>\n\t<meta property=\"og:image:height\" content=\"333\" \/>\n\t<meta property=\"og:image:type\" content=\"image\/png\" \/>\n<meta name=\"twitter:card\" content=\"summary_large_image\" \/>\n<script type=\"application\/ld+json\" class=\"yoast-schema-graph\">{\"@context\":\"https:\/\/schema.org\",\"@graph\":[{\"@type\":\"WebPage\",\"@id\":\"https:\/\/papunet.net\/sv\/information\/kommunikationshjalpmedel\/kommunikationsprogram\/\",\"url\":\"https:\/\/papunet.net\/sv\/information\/kommunikationshjalpmedel\/kommunikationsprogram\/\",\"name\":\"Kommunikationsprogram - Papunet p\u00e5 svenska\",\"isPartOf\":{\"@id\":\"https:\/\/papunet.net\/sv\/#website\"},\"primaryImageOfPage\":{\"@id\":\"https:\/\/papunet.net\/sv\/information\/kommunikationshjalpmedel\/kommunikationsprogram\/#primaryimage\"},\"image\":{\"@id\":\"https:\/\/papunet.net\/sv\/information\/kommunikationshjalpmedel\/kommunikationsprogram\/#primaryimage\"},\"thumbnailUrl\":\"https:\/\/papunet.net\/sv\/wp-content\/uploads\/sites\/2\/2023\/09\/kommunikointiohjelmat_sv.png\",\"datePublished\":\"2023-08-15T14:44:04+00:00\",\"dateModified\":\"2023-11-02T09:15:49+00:00\",\"breadcrumb\":{\"@id\":\"https:\/\/papunet.net\/sv\/information\/kommunikationshjalpmedel\/kommunikationsprogram\/#breadcrumb\"},\"inLanguage\":\"sv-SE\",\"potentialAction\":[{\"@type\":\"ReadAction\",\"target\":[\"https:\/\/papunet.net\/sv\/information\/kommunikationshjalpmedel\/kommunikationsprogram\/\"]}]},{\"@type\":\"ImageObject\",\"inLanguage\":\"sv-SE\",\"@id\":\"https:\/\/papunet.net\/sv\/information\/kommunikationshjalpmedel\/kommunikationsprogram\/#primaryimage\",\"url\":\"https:\/\/papunet.net\/sv\/wp-content\/uploads\/sites\/2\/2023\/09\/kommunikointiohjelmat_sv.png\",\"contentUrl\":\"https:\/\/papunet.net\/sv\/wp-content\/uploads\/sites\/2\/2023\/09\/kommunikointiohjelmat_sv.png\",\"width\":500,\"height\":333},{\"@type\":\"BreadcrumbList\",\"@id\":\"https:\/\/papunet.net\/sv\/information\/kommunikationshjalpmedel\/kommunikationsprogram\/#breadcrumb\",\"itemListElement\":[{\"@type\":\"ListItem\",\"position\":1,\"name\":\"Framsida\",\"item\":\"https:\/\/papunet.net\/sv\/\"},{\"@type\":\"ListItem\",\"position\":2,\"name\":\"Information\",\"item\":\"https:\/\/papunet.net\/sv\/information\/\"},{\"@type\":\"ListItem\",\"position\":3,\"name\":\"Kommunikationshj\u00e4lpmedel\",\"item\":\"https:\/\/papunet.net\/sv\/information\/kommunikationshjalpmedel\/\"},{\"@type\":\"ListItem\",\"position\":4,\"name\":\"Kommunikationsprogram\"}]},{\"@type\":\"WebSite\",\"@id\":\"https:\/\/papunet.net\/sv\/#website\",\"url\":\"https:\/\/papunet.net\/sv\/\",\"name\":\"Papunet p\u00e5 svenska\",\"description\":\"\",\"potentialAction\":[{\"@type\":\"SearchAction\",\"target\":{\"@type\":\"EntryPoint\",\"urlTemplate\":\"https:\/\/papunet.net\/sv\/?s={search_term_string}\"},\"query-input\":\"required name=search_term_string\"}],\"inLanguage\":\"sv-SE\"}]}<\/script>\n<!-- \/ Yoast SEO plugin. -->","yoast_head_json":{"title":"Kommunikationsprogram - Papunet p\u00e5 svenska","robots":{"index":"index","follow":"follow","max-snippet":"max-snippet:-1","max-image-preview":"max-image-preview:large","max-video-preview":"max-video-preview:-1"},"canonical":"https:\/\/papunet.net\/sv\/information\/kommunikationshjalpmedel\/kommunikationsprogram\/","og_locale":"sv_SE","og_type":"article","og_title":"Kommunikationsprogram - Papunet p\u00e5 svenska","og_description":"Information om kommunikationsprogram och deras egenskaper.","og_url":"https:\/\/papunet.net\/sv\/information\/kommunikationshjalpmedel\/kommunikationsprogram\/","og_site_name":"Papunet p\u00e5 svenska","article_modified_time":"2023-11-02T09:15:49+00:00","og_image":[{"width":500,"height":333,"url":"https:\/\/papunet.net\/sv\/wp-content\/uploads\/sites\/2\/2023\/09\/kommunikointiohjelmat_sv.png","type":"image\/png"}],"twitter_card":"summary_large_image","schema":{"@context":"https:\/\/schema.org","@graph":[{"@type":"WebPage","@id":"https:\/\/papunet.net\/sv\/information\/kommunikationshjalpmedel\/kommunikationsprogram\/","url":"https:\/\/papunet.net\/sv\/information\/kommunikationshjalpmedel\/kommunikationsprogram\/","name":"Kommunikationsprogram - Papunet p\u00e5 svenska","isPartOf":{"@id":"https:\/\/papunet.net\/sv\/#website"},"primaryImageOfPage":{"@id":"https:\/\/papunet.net\/sv\/information\/kommunikationshjalpmedel\/kommunikationsprogram\/#primaryimage"},"image":{"@id":"https:\/\/papunet.net\/sv\/information\/kommunikationshjalpmedel\/kommunikationsprogram\/#primaryimage"},"thumbnailUrl":"https:\/\/papunet.net\/sv\/wp-content\/uploads\/sites\/2\/2023\/09\/kommunikointiohjelmat_sv.png","datePublished":"2023-08-15T14:44:04+00:00","dateModified":"2023-11-02T09:15:49+00:00","breadcrumb":{"@id":"https:\/\/papunet.net\/sv\/information\/kommunikationshjalpmedel\/kommunikationsprogram\/#breadcrumb"},"inLanguage":"sv-SE","potentialAction":[{"@type":"ReadAction","target":["https:\/\/papunet.net\/sv\/information\/kommunikationshjalpmedel\/kommunikationsprogram\/"]}]},{"@type":"ImageObject","inLanguage":"sv-SE","@id":"https:\/\/papunet.net\/sv\/information\/kommunikationshjalpmedel\/kommunikationsprogram\/#primaryimage","url":"https:\/\/papunet.net\/sv\/wp-content\/uploads\/sites\/2\/2023\/09\/kommunikointiohjelmat_sv.png","contentUrl":"https:\/\/papunet.net\/sv\/wp-content\/uploads\/sites\/2\/2023\/09\/kommunikointiohjelmat_sv.png","width":500,"height":333},{"@type":"BreadcrumbList","@id":"https:\/\/papunet.net\/sv\/information\/kommunikationshjalpmedel\/kommunikationsprogram\/#breadcrumb","itemListElement":[{"@type":"ListItem","position":1,"name":"Framsida","item":"https:\/\/papunet.net\/sv\/"},{"@type":"ListItem","position":2,"name":"Information","item":"https:\/\/papunet.net\/sv\/information\/"},{"@type":"ListItem","position":3,"name":"Kommunikationshj\u00e4lpmedel","item":"https:\/\/papunet.net\/sv\/information\/kommunikationshjalpmedel\/"},{"@type":"ListItem","position":4,"name":"Kommunikationsprogram"}]},{"@type":"WebSite","@id":"https:\/\/papunet.net\/sv\/#website","url":"https:\/\/papunet.net\/sv\/","name":"Papunet p\u00e5 svenska","description":"","potentialAction":[{"@type":"SearchAction","target":{"@type":"EntryPoint","urlTemplate":"https:\/\/papunet.net\/sv\/?s={search_term_string}"},"query-input":"required name=search_term_string"}],"inLanguage":"sv-SE"}]}},"acf":[],"_links":{"self":[{"href":"https:\/\/papunet.net\/sv\/wp-json\/wp\/v2\/pages\/577","targetHints":{"allow":["GET"]}}],"collection":[{"href":"https:\/\/papunet.net\/sv\/wp-json\/wp\/v2\/pages"}],"about":[{"href":"https:\/\/papunet.net\/sv\/wp-json\/wp\/v2\/types\/page"}],"author":[{"embeddable":true,"href":"https:\/\/papunet.net\/sv\/wp-json\/wp\/v2\/users\/5"}],"replies":[{"embeddable":true,"href":"https:\/\/papunet.net\/sv\/wp-json\/wp\/v2\/comments?post=577"}],"version-history":[{"count":9,"href":"https:\/\/papunet.net\/sv\/wp-json\/wp\/v2\/pages\/577\/revisions"}],"predecessor-version":[{"id":2835,"href":"https:\/\/papunet.net\/sv\/wp-json\/wp\/v2\/pages\/577\/revisions\/2835"}],"up":[{"embeddable":true,"href":"https:\/\/papunet.net\/sv\/wp-json\/wp\/v2\/pages\/10"}],"wp:featuredmedia":[{"embeddable":true,"href":"https:\/\/papunet.net\/sv\/wp-json\/wp\/v2\/media\/901"}],"wp:attachment":[{"href":"https:\/\/papunet.net\/sv\/wp-json\/wp\/v2\/media?parent=577"}],"wp:term":[{"taxonomy":"content_types","embeddable":true,"href":"https:\/\/papunet.net\/sv\/wp-json\/wp\/v2\/content_types?post=577"},{"taxonomy":"id_themes","embeddable":true,"href":"https:\/\/papunet.net\/sv\/wp-json\/wp\/v2\/id_themes?post=577"}],"curies":[{"name":"wp","href":"https:\/\/api.w.org\/{rel}","templated":true}]}}