{"id":778,"date":"2023-09-08T11:15:09","date_gmt":"2023-09-08T08:15:09","guid":{"rendered":"https:\/\/papunet.net\/sv\/?page_id=778"},"modified":"2025-06-17T15:43:43","modified_gmt":"2025-06-17T12:43:43","slug":"papuri","status":"publish","type":"page","link":"https:\/\/papunet.net\/sv\/bildverktyg\/papuri\/","title":{"rendered":"Papuri \u2013 ett verktyg f\u00f6r digitala b\u00f6cker"},"content":{"rendered":"\n<figure class=\"wp-block-image size-large\"><img loading=\"lazy\" decoding=\"async\" width=\"1024\" height=\"511\" src=\"https:\/\/papunet.net\/sv\/wp-content\/uploads\/sites\/2\/2023\/09\/Papuri_sv_1200-1024x511.png\" alt=\"\" class=\"wp-image-951\" srcset=\"https:\/\/papunet.net\/sv\/wp-content\/uploads\/sites\/2\/2023\/09\/Papuri_sv_1200-1024x511.png 1024w, https:\/\/papunet.net\/sv\/wp-content\/uploads\/sites\/2\/2023\/09\/Papuri_sv_1200-300x150.png 300w, https:\/\/papunet.net\/sv\/wp-content\/uploads\/sites\/2\/2023\/09\/Papuri_sv_1200-768x383.png 768w, https:\/\/papunet.net\/sv\/wp-content\/uploads\/sites\/2\/2023\/09\/Papuri_sv_1200.png 1200w\" sizes=\"auto, (max-width: 1024px) 100vw, 1024px\" \/><\/figure>\n\n\n\n<div class=\"wp-block-buttons is-layout-flex wp-block-buttons-is-layout-flex\">\n<div class=\"wp-block-button\"><a class=\"wp-block-button__link wp-element-button\" href=\"https:\/\/papuri.papunet.net\/\">\u00d6ppna Papuri<\/a><\/div>\n<\/div>\n\n\n\n<h2 class=\"wp-block-heading\">Ber\u00e4tta med hj\u00e4lp av bild, video och ljud<\/h2>\n\n\n\n<p>I Papuri kan du l\u00e4gga till text, bilder, korta videor och ljud i en digital bok. Du kan ocks\u00e5 anv\u00e4nda alla 39\u00a0000 bilder som finns i Papunets bildbank.<\/p>\n\n\n\n<p>Videofilerna m\u00e5ste vara WMV, MP4, FLV, WebM, MOV eller MPEG-format.<\/p>\n\n\n\n<h2 class=\"wp-block-heading\">Du kan v\u00e4lja bland olika sidmallar<\/h2>\n\n\n\n<p>I den digitala boken kan du v\u00e4lja olika sidmallar. Du kan till exempel v\u00e4lja bland rutf\u00e4lt eller g\u00f6ra sidor med flervalsfr\u00e5gor. Det \u00e4r enkelt att spela in tal eller ljud p\u00e5 alla sidmallar om du har en egen apparat f\u00f6r inspelning av ljud.<\/p>\n\n\n\n<figure class=\"wp-block-image size-large\"><img loading=\"lazy\" decoding=\"async\" width=\"1024\" height=\"650\" src=\"https:\/\/papunet.net\/sv\/wp-content\/uploads\/sites\/2\/2023\/09\/papuri_sivupohjat-1024x650.png\" alt=\"olika sidmallar p\u00e5 finska\" class=\"wp-image-908\" srcset=\"https:\/\/papunet.net\/sv\/wp-content\/uploads\/sites\/2\/2023\/09\/papuri_sivupohjat-1024x650.png 1024w, https:\/\/papunet.net\/sv\/wp-content\/uploads\/sites\/2\/2023\/09\/papuri_sivupohjat-300x190.png 300w, https:\/\/papunet.net\/sv\/wp-content\/uploads\/sites\/2\/2023\/09\/papuri_sivupohjat-768x487.png 768w, https:\/\/papunet.net\/sv\/wp-content\/uploads\/sites\/2\/2023\/09\/papuri_sivupohjat.png 1281w\" sizes=\"auto, (max-width: 1024px) 100vw, 1024px\" \/><figcaption class=\"wp-element-caption\">Olika sidmallar har olika inst\u00e4llningar f\u00f6r bilder och texter. Du kan l\u00e4gga till bilder, texter och ljud p\u00e5 alla sidmallar. Om du g\u00f6r en egen mall kan du anv\u00e4nda alla olika verktyg. I en och samma bok kan du anv\u00e4nda olika sidmallar och det \u00e4r enkelt att \u00e4ndra ordningen p\u00e5 sidorna under arbetets g\u00e5ng.<\/figcaption><\/figure>\n\n\n\n<p><strong>Bild till v\u00e4nster<\/strong> (Kuva vasemmalla): St\u00e5ende bild till v\u00e4nster och textkolumn till h\u00f6ger.<\/p>\n\n\n\n<p><strong>Bild till h\u00f6ger<\/strong> (Kuva oikealla): St\u00e5ende bild till h\u00f6ger och textkolumn till v\u00e4nster.<\/p>\n\n\n\n<p><strong>Bild h\u00f6gst upp<\/strong> (Kuva ylh\u00e4\u00e4ll\u00e4): Bilden h\u00f6gst upp och textf\u00e4lt under<\/p>\n\n\n\n<p><strong>Fr\u00e5gor<\/strong> (Kysely): St\u00e4ll en fr\u00e5ga och ange korrekta och felaktiga svarsalternativ. Du kan ocks\u00e5 l\u00e4gga till bilder och ljud p\u00e5 sidan.<\/p>\n\n\n\n<p><strong>Bakgrundsbild och textf\u00e4lt<\/strong> (Taustakuvat ja tekstilaatikot): En bakgrundsbild som t\u00e4cker hela sidan med ett eller flera textf\u00e4lt ovanp\u00e5.<\/p>\n\n\n\n<p><strong>Egen mall<\/strong> (Vapaa pohja): V\u00e4lj helt fritt hur bilder, texter, videor och ljud placeras.<\/p>\n\n\n\n<p><strong>Rutf\u00e4lt<\/strong> (Ruudukko): Placera bilder, texter och ljud i ett rutf\u00e4lt. Du kan sj\u00e4lv v\u00e4lja storleken.  <\/p>\n\n\n\n<h2 class=\"wp-block-heading\">Dela en digital bok med andra<\/h2>\n\n\n\n<p>Din digitala bok sparas p\u00e5 ditt anv\u00e4ndarkonto och du forts\u00e4tta att redigera den fr\u00e5n vilken enhet som helst d\u00e5 du loggar in med ditt anv\u00e4ndarnamn.<\/p>\n\n\n\n<p>Du kan dela en l\u00e4nk till den digitala boken p\u00e5 e-post eller p\u00e5 en webbsida. Om du vill l\u00e4sa eller skriva ut boken kan du ocks\u00e5 spara boken i PDF-format.<\/p>\n\n\n\n<h2 class=\"wp-block-heading\">Delning av en digital bok och upphovsr\u00e4tt<\/h2>\n\n\n\n<p><strong>Kom ih\u00e5g att du inte f\u00e5r anv\u00e4nda bilder fr\u00e5n Papunets bildbank i produkter med kommersiellt syfte.<\/strong> Detta g\u00e4ller ocks\u00e5 i Papuri. Papunets bilder f\u00e5r anv\u00e4ndas f\u00f6r icke-kommersiella syften och material, s\u00e5 l\u00e4nge den ursprungliga bildk\u00e4llan uppges.<\/p>\n\n\n\n<h2 class=\"wp-block-heading\">Mer information<\/h2>\n\n\n\n<p><a href=\"https:\/\/papunet.net\/sv\/verktyg\/bildbank\/\">Information om anv\u00e4ndarr\u00e4ttigheter och instruktioner f\u00f6r hur du uppger bildk\u00e4llan<\/a><\/p>\n\n\n\n<p><a href=\"https:\/\/papunet.net\/sv\/lagring-av-egna-bilder-i-papunets-verktyg\/\">Lagring av egna bilder i Papunets verktyg<\/a><\/p>\n\n\n\n<p><a href=\"https:\/\/papunet.net\/sv\/anvandarvillkor-och-meddelanden\/dataskyddsmeddelande-anvandare-av-papunets-bildverktyg\/\">Dataskyddsmeddelande, Anv\u00e4ndare av Papunets bildverktyg<\/a><\/p>\n\n\n\n<p>Saknar du n\u00e5gon bild i bildbanken?&nbsp; <a href=\"https:\/\/papunet.net\/sv\/bildonskemal\/\">Skicka dina bild\u00f6nskem\u00e5l till oss.<\/a><\/p>\n","protected":false},"excerpt":{"rendered":"<p>Papuri \u00e4r ett avgiftsfritt verktyg, som du kan anv\u00e4nda f\u00f6r att g\u00f6ra l\u00e4ttanv\u00e4nda digitala b\u00f6cker, till exempel instruktioner med bilder, egna ber\u00e4ttelser, dagb\u00f6cker, fotoalbum, l\u00e4ttl\u00e4sta faktab\u00f6cker eller presentationsmaterial. I Papuri anv\u00e4nds bildbankens bilder. Papuri-verktyget finns endast p\u00e5 finska men du kan \u00e4nd\u00e5 anv\u00e4nda det f\u00f6r att g\u00f6ra material p\u00e5 svenska.<\/p>\n","protected":false},"author":5,"featured_media":948,"parent":136,"menu_order":0,"comment_status":"closed","ping_status":"closed","template":"","meta":{"_acf_changed":false,"_relevanssi_hide_post":"","_relevanssi_pin_for_all":"","_relevanssi_pin_keywords":"","_relevanssi_unpin_keywords":"","_relevanssi_related_keywords":"","_relevanssi_related_include_ids":"","_relevanssi_related_exclude_ids":"","_relevanssi_related_no_append":"","_relevanssi_related_not_related":"","_relevanssi_related_posts":"","_relevanssi_noindex_reason":"","footnotes":""},"content_types":[8],"id_themes":[],"class_list":["post-778","page","type-page","status-publish","has-post-thumbnail","hentry","content_types-bildverktyg"],"yoast_head":"<!-- This site is optimized with the Yoast SEO plugin v22.7 - https:\/\/yoast.com\/wordpress\/plugins\/seo\/ -->\n<title>Papuri \u2013 ett verktyg f\u00f6r digitala b\u00f6cker - Papunet p\u00e5 svenska<\/title>\n<meta name=\"robots\" content=\"index, follow, max-snippet:-1, max-image-preview:large, max-video-preview:-1\" \/>\n<link rel=\"canonical\" href=\"https:\/\/papunet.net\/sv\/bildverktyg\/papuri\/\" \/>\n<meta property=\"og:locale\" content=\"sv_SE\" \/>\n<meta property=\"og:type\" content=\"article\" \/>\n<meta property=\"og:title\" content=\"Papuri \u2013 ett verktyg f\u00f6r digitala b\u00f6cker - Papunet p\u00e5 svenska\" \/>\n<meta property=\"og:description\" content=\"Papuri \u00e4r ett avgiftsfritt verktyg, som du kan anv\u00e4nda f\u00f6r att g\u00f6ra l\u00e4ttanv\u00e4nda digitala b\u00f6cker, till exempel instruktioner med bilder, egna ber\u00e4ttelser, dagb\u00f6cker, fotoalbum, l\u00e4ttl\u00e4sta faktab\u00f6cker eller presentationsmaterial. I Papuri anv\u00e4nds bildbankens bilder. Papuri-verktyget finns endast p\u00e5 finska men du kan \u00e4nd\u00e5 anv\u00e4nda det f\u00f6r att g\u00f6ra material p\u00e5 svenska.\" \/>\n<meta property=\"og:url\" content=\"https:\/\/papunet.net\/sv\/bildverktyg\/papuri\/\" \/>\n<meta property=\"og:site_name\" content=\"Papunet p\u00e5 svenska\" \/>\n<meta property=\"article:modified_time\" content=\"2025-06-17T12:43:43+00:00\" \/>\n<meta property=\"og:image\" content=\"https:\/\/papunet.net\/sv\/wp-content\/uploads\/sites\/2\/2023\/09\/Papuri_sv.png\" \/>\n\t<meta property=\"og:image:width\" content=\"499\" \/>\n\t<meta property=\"og:image:height\" content=\"235\" \/>\n\t<meta property=\"og:image:type\" content=\"image\/png\" \/>\n<meta name=\"twitter:card\" content=\"summary_large_image\" \/>\n<meta name=\"twitter:label1\" content=\"Ber\u00e4knad l\u00e4stid\" \/>\n\t<meta name=\"twitter:data1\" content=\"3 minuter\" \/>\n<script type=\"application\/ld+json\" class=\"yoast-schema-graph\">{\"@context\":\"https:\/\/schema.org\",\"@graph\":[{\"@type\":\"WebPage\",\"@id\":\"https:\/\/papunet.net\/sv\/bildverktyg\/papuri\/\",\"url\":\"https:\/\/papunet.net\/sv\/bildverktyg\/papuri\/\",\"name\":\"Papuri \u2013 ett verktyg f\u00f6r digitala b\u00f6cker - Papunet p\u00e5 svenska\",\"isPartOf\":{\"@id\":\"https:\/\/papunet.net\/sv\/#website\"},\"primaryImageOfPage\":{\"@id\":\"https:\/\/papunet.net\/sv\/bildverktyg\/papuri\/#primaryimage\"},\"image\":{\"@id\":\"https:\/\/papunet.net\/sv\/bildverktyg\/papuri\/#primaryimage\"},\"thumbnailUrl\":\"https:\/\/papunet.net\/sv\/wp-content\/uploads\/sites\/2\/2023\/09\/Papuri_sv.png\",\"datePublished\":\"2023-09-08T08:15:09+00:00\",\"dateModified\":\"2025-06-17T12:43:43+00:00\",\"breadcrumb\":{\"@id\":\"https:\/\/papunet.net\/sv\/bildverktyg\/papuri\/#breadcrumb\"},\"inLanguage\":\"sv-SE\",\"potentialAction\":[{\"@type\":\"ReadAction\",\"target\":[\"https:\/\/papunet.net\/sv\/bildverktyg\/papuri\/\"]}]},{\"@type\":\"ImageObject\",\"inLanguage\":\"sv-SE\",\"@id\":\"https:\/\/papunet.net\/sv\/bildverktyg\/papuri\/#primaryimage\",\"url\":\"https:\/\/papunet.net\/sv\/wp-content\/uploads\/sites\/2\/2023\/09\/Papuri_sv.png\",\"contentUrl\":\"https:\/\/papunet.net\/sv\/wp-content\/uploads\/sites\/2\/2023\/09\/Papuri_sv.png\",\"width\":499,\"height\":235},{\"@type\":\"BreadcrumbList\",\"@id\":\"https:\/\/papunet.net\/sv\/bildverktyg\/papuri\/#breadcrumb\",\"itemListElement\":[{\"@type\":\"ListItem\",\"position\":1,\"name\":\"Framsida\",\"item\":\"https:\/\/papunet.net\/sv\/\"},{\"@type\":\"ListItem\",\"position\":2,\"name\":\"Bildverktyg\",\"item\":\"https:\/\/papunet.net\/sv\/bildverktyg\/\"},{\"@type\":\"ListItem\",\"position\":3,\"name\":\"Papuri \u2013 ett verktyg f\u00f6r digitala b\u00f6cker\"}]},{\"@type\":\"WebSite\",\"@id\":\"https:\/\/papunet.net\/sv\/#website\",\"url\":\"https:\/\/papunet.net\/sv\/\",\"name\":\"Papunet p\u00e5 svenska\",\"description\":\"\",\"potentialAction\":[{\"@type\":\"SearchAction\",\"target\":{\"@type\":\"EntryPoint\",\"urlTemplate\":\"https:\/\/papunet.net\/sv\/?s={search_term_string}\"},\"query-input\":\"required name=search_term_string\"}],\"inLanguage\":\"sv-SE\"}]}<\/script>\n<!-- \/ Yoast SEO plugin. -->","yoast_head_json":{"title":"Papuri \u2013 ett verktyg f\u00f6r digitala b\u00f6cker - Papunet p\u00e5 svenska","robots":{"index":"index","follow":"follow","max-snippet":"max-snippet:-1","max-image-preview":"max-image-preview:large","max-video-preview":"max-video-preview:-1"},"canonical":"https:\/\/papunet.net\/sv\/bildverktyg\/papuri\/","og_locale":"sv_SE","og_type":"article","og_title":"Papuri \u2013 ett verktyg f\u00f6r digitala b\u00f6cker - Papunet p\u00e5 svenska","og_description":"Papuri \u00e4r ett avgiftsfritt verktyg, som du kan anv\u00e4nda f\u00f6r att g\u00f6ra l\u00e4ttanv\u00e4nda digitala b\u00f6cker, till exempel instruktioner med bilder, egna ber\u00e4ttelser, dagb\u00f6cker, fotoalbum, l\u00e4ttl\u00e4sta faktab\u00f6cker eller presentationsmaterial. I Papuri anv\u00e4nds bildbankens bilder. Papuri-verktyget finns endast p\u00e5 finska men du kan \u00e4nd\u00e5 anv\u00e4nda det f\u00f6r att g\u00f6ra material p\u00e5 svenska.","og_url":"https:\/\/papunet.net\/sv\/bildverktyg\/papuri\/","og_site_name":"Papunet p\u00e5 svenska","article_modified_time":"2025-06-17T12:43:43+00:00","og_image":[{"width":499,"height":235,"url":"https:\/\/papunet.net\/sv\/wp-content\/uploads\/sites\/2\/2023\/09\/Papuri_sv.png","type":"image\/png"}],"twitter_card":"summary_large_image","twitter_misc":{"Ber\u00e4knad l\u00e4stid":"3 minuter"},"schema":{"@context":"https:\/\/schema.org","@graph":[{"@type":"WebPage","@id":"https:\/\/papunet.net\/sv\/bildverktyg\/papuri\/","url":"https:\/\/papunet.net\/sv\/bildverktyg\/papuri\/","name":"Papuri \u2013 ett verktyg f\u00f6r digitala b\u00f6cker - Papunet p\u00e5 svenska","isPartOf":{"@id":"https:\/\/papunet.net\/sv\/#website"},"primaryImageOfPage":{"@id":"https:\/\/papunet.net\/sv\/bildverktyg\/papuri\/#primaryimage"},"image":{"@id":"https:\/\/papunet.net\/sv\/bildverktyg\/papuri\/#primaryimage"},"thumbnailUrl":"https:\/\/papunet.net\/sv\/wp-content\/uploads\/sites\/2\/2023\/09\/Papuri_sv.png","datePublished":"2023-09-08T08:15:09+00:00","dateModified":"2025-06-17T12:43:43+00:00","breadcrumb":{"@id":"https:\/\/papunet.net\/sv\/bildverktyg\/papuri\/#breadcrumb"},"inLanguage":"sv-SE","potentialAction":[{"@type":"ReadAction","target":["https:\/\/papunet.net\/sv\/bildverktyg\/papuri\/"]}]},{"@type":"ImageObject","inLanguage":"sv-SE","@id":"https:\/\/papunet.net\/sv\/bildverktyg\/papuri\/#primaryimage","url":"https:\/\/papunet.net\/sv\/wp-content\/uploads\/sites\/2\/2023\/09\/Papuri_sv.png","contentUrl":"https:\/\/papunet.net\/sv\/wp-content\/uploads\/sites\/2\/2023\/09\/Papuri_sv.png","width":499,"height":235},{"@type":"BreadcrumbList","@id":"https:\/\/papunet.net\/sv\/bildverktyg\/papuri\/#breadcrumb","itemListElement":[{"@type":"ListItem","position":1,"name":"Framsida","item":"https:\/\/papunet.net\/sv\/"},{"@type":"ListItem","position":2,"name":"Bildverktyg","item":"https:\/\/papunet.net\/sv\/bildverktyg\/"},{"@type":"ListItem","position":3,"name":"Papuri \u2013 ett verktyg f\u00f6r digitala b\u00f6cker"}]},{"@type":"WebSite","@id":"https:\/\/papunet.net\/sv\/#website","url":"https:\/\/papunet.net\/sv\/","name":"Papunet p\u00e5 svenska","description":"","potentialAction":[{"@type":"SearchAction","target":{"@type":"EntryPoint","urlTemplate":"https:\/\/papunet.net\/sv\/?s={search_term_string}"},"query-input":"required name=search_term_string"}],"inLanguage":"sv-SE"}]}},"acf":[],"_links":{"self":[{"href":"https:\/\/papunet.net\/sv\/wp-json\/wp\/v2\/pages\/778","targetHints":{"allow":["GET"]}}],"collection":[{"href":"https:\/\/papunet.net\/sv\/wp-json\/wp\/v2\/pages"}],"about":[{"href":"https:\/\/papunet.net\/sv\/wp-json\/wp\/v2\/types\/page"}],"author":[{"embeddable":true,"href":"https:\/\/papunet.net\/sv\/wp-json\/wp\/v2\/users\/5"}],"replies":[{"embeddable":true,"href":"https:\/\/papunet.net\/sv\/wp-json\/wp\/v2\/comments?post=778"}],"version-history":[{"count":15,"href":"https:\/\/papunet.net\/sv\/wp-json\/wp\/v2\/pages\/778\/revisions"}],"predecessor-version":[{"id":6208,"href":"https:\/\/papunet.net\/sv\/wp-json\/wp\/v2\/pages\/778\/revisions\/6208"}],"up":[{"embeddable":true,"href":"https:\/\/papunet.net\/sv\/wp-json\/wp\/v2\/pages\/136"}],"wp:featuredmedia":[{"embeddable":true,"href":"https:\/\/papunet.net\/sv\/wp-json\/wp\/v2\/media\/948"}],"wp:attachment":[{"href":"https:\/\/papunet.net\/sv\/wp-json\/wp\/v2\/media?parent=778"}],"wp:term":[{"taxonomy":"content_types","embeddable":true,"href":"https:\/\/papunet.net\/sv\/wp-json\/wp\/v2\/content_types?post=778"},{"taxonomy":"id_themes","embeddable":true,"href":"https:\/\/papunet.net\/sv\/wp-json\/wp\/v2\/id_themes?post=778"}],"curies":[{"name":"wp","href":"https:\/\/api.w.org\/{rel}","templated":true}]}}