{"id":780,"date":"2023-09-08T11:15:39","date_gmt":"2023-09-08T08:15:39","guid":{"rendered":"https:\/\/papunet.net\/sv\/?page_id=780"},"modified":"2026-01-08T14:29:02","modified_gmt":"2026-01-08T12:29:02","slug":"bildverktyget","status":"publish","type":"page","link":"https:\/\/papunet.net\/sv\/bildverktyg\/bildverktyget\/","title":{"rendered":"Bildverktyget"},"content":{"rendered":"\n<figure class=\"wp-block-image size-large is-resized\"><img loading=\"lazy\" decoding=\"async\" width=\"1024\" height=\"542\" src=\"https:\/\/papunet.net\/sv\/wp-content\/uploads\/sites\/2\/2025\/10\/bildverktyg_1.2._2025_2-1-1024x542.png\" alt=\"\" class=\"wp-image-6622\" style=\"width:929px;height:auto\" srcset=\"https:\/\/papunet.net\/sv\/wp-content\/uploads\/sites\/2\/2025\/10\/bildverktyg_1.2._2025_2-1-1024x542.png 1024w, https:\/\/papunet.net\/sv\/wp-content\/uploads\/sites\/2\/2025\/10\/bildverktyg_1.2._2025_2-1-300x159.png 300w, https:\/\/papunet.net\/sv\/wp-content\/uploads\/sites\/2\/2025\/10\/bildverktyg_1.2._2025_2-1-768x407.png 768w, https:\/\/papunet.net\/sv\/wp-content\/uploads\/sites\/2\/2025\/10\/bildverktyg_1.2._2025_2-1.png 1148w\" sizes=\"auto, (max-width: 1024px) 100vw, 1024px\" \/><figcaption class=\"wp-element-caption\">Du kan anv\u00e4nda s\u00f6kord eller bl\u00e4ddra bilder bland kategorierna n\u00e4r du skapar material med Papunets bildverktyg. <\/figcaption><\/figure>\n\n\n\n<div class=\"wp-block-buttons is-layout-flex wp-block-buttons-is-layout-flex\">\n<div class=\"wp-block-button\"><a class=\"wp-block-button__link wp-element-button\" href=\"https:\/\/bildverktyg.papunet.net\/#\/muokkaa\/\">\u00d6ppna bildverktyget<\/a><\/div>\n<\/div>\n\n\n\n<p><a href=\"https:\/\/papunet.net\/sv\/wp-content\/uploads\/sites\/2\/2026\/01\/papunets_bildverktyg_2026.pdf\">Papunets bildverktyg broschyr (pdf)<\/a><\/p>\n\n\n\n<h2 class=\"wp-block-heading\">Bildverktygets egenskaper och instruktioner<\/h2>\n\n\n\n<p>Du kan anv\u00e4nda bildverktyget b\u00e5de med och utan inloggning. Om du loggar in med ditt anv\u00e4ndarnamn kan du spara materialet i bildverktyget. Du kan sedan \u00f6ppna materialet p\u00e5 en annan enhet med n\u00e4tf\u00f6rbindelse d\u00e5 du loggar in.<\/p>\n\n\n\n<h3 class=\"wp-block-heading\">1. Inloggning<\/h3>\n\n\n\n<p>Du loggar in i bildverktyget med ett anv\u00e4ndarnamn, som du best\u00e4ller till din e-post. Om du redan har ett anv\u00e4ndarnamn till Papunets andra verktyg, Papuri, kan du logga in med samma anv\u00e4ndarnamn ocks\u00e5 i bildverktyget.<\/p>\n\n\n\n<p>D\u00e5 du \u00e4r inloggad hittar du i knappen <strong>Eget<\/strong> i verktygsf\u00e4ltet. D\u00e4r hittar du material som du har sparat som eget material i Papunets bildverktyg.<\/p>\n\n\n\n<p>Om du vill spara nytt eller bearbetat material till <strong>Eget<\/strong> ska du logga in f\u00f6re du b\u00f6rjar arbeta med materialet. Logga ocks\u00e5 in f\u00f6re du \u00f6ppnar en l\u00e4nk till material som du vill bearbeta, om du vill spara det till <strong>Eget<\/strong>.<\/p>\n\n\n\n<h3 class=\"wp-block-heading\">2. S\u00f6k bilder<\/h3>\n\n\n\n<p><strong>S\u00f6k bilder<\/strong>&nbsp;genom att anv\u00e4nda s\u00f6kord eller <strong>bl\u00e4ddra<\/strong> bland kategorierna. Bildverktyget visar alla bildtyper i s\u00f6kresultaten, men i rullgardinsmenyn kan du enkelt begr\u00e4nsa vilka bildtyper som ska visas.<\/p>\n\n\n\n<p><strong>H\u00e4mta egna bilder <\/strong>fr\u00e5n din dator eller ta ett fotografi med pekplattan. Bildfilerna m\u00e5ste vara &nbsp;JPG-, GIF- eller PNG-format.<\/p>\n\n\n\n<p>Under fliken <strong>Senast anv\u00e4nda<\/strong>&nbsp;hittar du de bilder som du tidigare har anv\u00e4nt i ditt material. Om du anv\u00e4nder bildverktyget med ditt anv\u00e4ndarnamn sparas importerade bilder och finns tillg\u00e4ngliga n\u00e4sta g\u00e5ng du loggar in. &nbsp;Du kan ocks\u00e5 <strong>ta bort importerade bilder,<\/strong> men detta kommer att ta bort bilden fr\u00e5n Papunets server och fr\u00e5n allt skapat och delat material som anv\u00e4nder bilden. Denna \u00e5tg\u00e4rd kan inte \u00e5ngras.<\/p>\n\n\n\n<h3 class=\"wp-block-heading\">3. Flytta bilder<\/h3>\n\n\n\n<p>Du kan <strong>flytta bilder<\/strong> till rutf\u00e4ltet genom att klicka p\u00e5 bilden eller dra bilden till rutf\u00e4ltet. &nbsp;Du kan dra bilden direkt till den ruta du vill anv\u00e4nda. Du kan ocks\u00e5 f\u00f6rst markera vald ruta genom att klicka p\u00e5 den. D\u00e5 du har markerat en ruta blir den gul.<\/p>\n\n\n\n<p>Du kan flytta bilder i rutn\u00e4tet genom att dra bilden eller klicka p\u00e5 pilknapparna (flytta bilden ett steg fram\u00e5t\/flytta bilden ett steg bak\u00e5t). Pilknapparna visas n\u00e4r du klickar p\u00e5 \u00e5tg\u00e4rdsknappen i enskilda rutans nedre h\u00f6rn med musen.<\/p>\n\n\n\n<p>F\u00f6rutom pil-knapparna finns ocks\u00e5 knappen <strong>Ta bort inneh\u00e5llan i rutan<\/strong>. Med den kan du ta bort enskilda bilder fr\u00e5n rutf\u00e4ltet. F\u00f6rsta g\u00e5ngen du klickar p\u00e5 knappen tas bilden bort och det l\u00e4mnar en tom ruta. Om du ocks\u00e5 vill ta bort den tomma rutan kan du klicka p\u00e5 samma knappen igen. Ibland kan det vara \u00e4ndam\u00e5lsenligt att l\u00e4mna tomma rutor eller sidor i materialet man jobbar med f\u00f6r fortsatt redigering.<\/p>\n\n\n\n<p>Du kan ocks\u00e5 v\u00e4lja en <strong>kantf\u00e4rg<\/strong> f\u00f6r bilden och l\u00e4gga till en <strong>f\u00f6rbudssymbol<\/strong>.<\/p>\n\n\n\n<h3 class=\"wp-block-heading\">4. L\u00e4gg till text och redigering<\/h3>\n\n\n\n<p>Bildens namn f\u00f6ljer automatiskt med till bildens textf\u00e4lt. Du kan redigera texten i textf\u00e4ltet. Du kan skriva text p\u00e5 en eller flera rader. Varje textrad g\u00f6r bilden mindre.<\/p>\n\n\n\n<p>Du kan ocks\u00e5 skriva text i hela rutan och l\u00e4gga bilden i rutan bredvid.<\/p>\n\n\n\n<p>I bildverktyget \u00e4r texten centrerad som grundinst\u00e4llning. Under<strong> Inst\u00e4llningar<\/strong> kan du \u00e4ndra texten s\u00e5 att den blir v\u00e4nsterjusterad.  <\/p>\n\n\n\n<h3 class=\"wp-block-heading\">5. L\u00e4gg till sidor<\/h3>\n\n\n\n<p>Du kan l\u00e4gga till en sida genom att g\u00e5 till n\u00e4sta sida med <strong>piltangenterna<\/strong> eller i <strong>sidhanteraringen<\/strong> ovanf\u00f6r rutn\u00e4tet. Du kan ocks\u00e5 kopiera eller ta bort sidor n\u00e4r du anv\u00e4nder sidhanteringen.<\/p>\n\n\n\n<p>Sidor som du l\u00e4gger till f\u00e5r samma inst\u00e4llningar som den f\u00f6reg\u00e5ende sidan. Det g\u00e5r inte att ha olika inst\u00e4llningar f\u00f6r olika sidor.<\/p>\n\n\n\n<p>Om du vill ha en p\u00e4rmsida till ditt material, kan du l\u00e4gga till det i <strong>Inst\u00e4llningar<\/strong>. P\u00e5 p\u00e4rmsidan kan du l\u00e4gga till en stor bild och en rubrik. Materialet har ingen p\u00e4rmsida som grundinst\u00e4llning.<\/p>\n\n\n\n<h3 class=\"wp-block-heading\">6. Rutf\u00e4ltets inst\u00e4llningar<\/h3>\n\n\n\n<p>Rutf\u00e4ltet \u00e4r st\u00e5ende med sex rutor som grundinst\u00e4llning. Rutf\u00e4ltets linjer \u00e4r synliga och texten \u00e4r placerad ovanf\u00f6r bilden. Bilderna har inga ramar som grundinst\u00e4llning. <\/p>\n\n\n\n<p>Du kan enkelt \u00e4ndra inst\u00e4llningarna n\u00e4r som helst men inst\u00e4llningarna g\u00e4ller f\u00f6r alla sidor i materialet.<\/p>\n\n\n\n<p>F\u00f6r textens storlek kan du v\u00e4lja liten, normal eller stor. Du kan ocks\u00e5 v\u00e4lja f\u00e4rg f\u00f6r texten och textf\u00e4ltet. <\/p>\n\n\n\n<h3 class=\"wp-block-heading\">7. Spara och dela material<\/h3>\n\n\n\n<p>Det finns flera alternativ f\u00f6r att spara gjorda material i bildverktyget.<\/p>\n\n\n\n<p>Du kan spara och dela materialet som f\u00e4rdigt material. Du kan ocks\u00e5 v\u00e4lja att spara materialet s\u00e5 att du kan redigera materialet senare.<\/p>\n\n\n\n<h4 class=\"wp-block-heading\">Skapa en l\u00e4nk<\/h4>\n\n\n\n<p>D\u00e5 du skapar en l\u00e4nk till materialet, kan du \u00f6ppna materialet igen i bildverktyget. Kom ih\u00e5g att kopiera och spara l\u00e4nken \u00e5t dig sj\u00e4lv. Du kan ocks\u00e5 skicka l\u00e4nken till andra. Med l\u00e4nken kan vem som helst \u00f6ppna materialet i bildverktyget och redigera det.<\/p>\n\n\n\n<h4 class=\"wp-block-heading\">Spara som PDF- eller RTF-fil p\u00e5 den egna enheten<\/h4>\n\n\n\n<p><strong>PDF<\/strong>-filer l\u00e4mpar sig b\u00e4st f\u00f6r att l\u00e4sa och skriva ut bildsidor. PDF-filer kan \u00f6ppnas p\u00e5 de flesta enheter. <br><strong>RTF<\/strong>-filer kan \u00f6ppnas och redigeras i till exempel Microsoft Word.<\/p>\n\n\n\n<h4 class=\"wp-block-heading\">Spara i Eget material i bildverktyget<\/h4>\n\n\n\n<p>Det h\u00e4r alternativet \u00e4r tillg\u00e4ngligt endast om du har loggat in med ditt anv\u00e4ndarnamn.<br>D\u00e5 du \u00e4r inloggad kan du \u00f6ppna och redigera dina egna material, oberoende av vilken enhet du anv\u00e4nder.<\/p>\n\n\n\n<h3 class=\"wp-block-heading\">8. Redigering av sparade material<\/h3>\n\n\n\n<p>Du kan redigera material i bildverkyget om du har en <strong>l\u00e4nk <\/strong>till materialet eller om du har sparat det i <strong>Eget material<\/strong>.<\/p>\n\n\n\n<p>\u00c4ndringar i materialet sparas inte automatiskt. Spara det redigerade materialet igen om du vill spara \u00e4ndringarna.<\/p>\n\n\n\n<h3 class=\"wp-block-heading\">9. Skriv ut<\/h3>\n\n\n\n<p>Du kan skriva ut materialet genom att anv\u00e4nda <strong>Skriv ut<\/strong>-knappen i bildverktyget.<\/p>\n\n\n\n<h3 class=\"wp-block-heading\">10. Nytt material<\/h3>\n\n\n\n<p>Du kan p\u00e5b\u00f6rja ett nytt material genom att klicka p\u00e5 <strong>B\u00f6rja ny <\/strong>i bildverktyget. Kommandot t\u00f6mmer sidan du har \u00f6ppen, men inst\u00e4llningarna beh\u00e5lls. Du kan fortfarande \u00e4ndra inst\u00e4llningarna.<\/p>\n\n\n\n<p>Om det f\u00f6reg\u00e5ende materialet inte \u00e4r sparat, ges du m\u00f6jlighet att spara of\u00e4rdigt materia linnan sidan t\u00f6ms.<\/p>\n\n\n\n<h3 class=\"wp-block-heading\">11. Delning av material och upphovsr\u00e4tt<\/h3>\n\n\n\n<p>F\u00e4rdiga material kan enkelt delas genom e-post, i sociala medier eller p\u00e5 internetsidor. D\u00e5 du delar material som du har gjort i bildverktyget,<strong> kom ih\u00e5g att du inte f\u00e5r anv\u00e4nda Papunets bilder i produkter som ges ut till f\u00f6rs\u00e4ljning.<\/strong> Papunets bilder f\u00e5r anv\u00e4ndas i icke-kommersiella syften, s\u00e5 l\u00e4nge den ursprungliga bildk\u00e4llan uppges.<\/p>\n\n\n\n<h2 class=\"wp-block-heading\">Material som \u00f6ppnas i bildverktyget<\/h2>\n\n\n\n<p><a href=\"https:\/\/papunet.net\/sv\/materiaali\/kommunikationsparm-for-vuxna\/\">Kommunikationsp\u00e4rm f\u00f6r vuxna<\/a><\/p>\n\n\n\n<p><a href=\"https:\/\/lattabladet.fi\/symbol\/\">Symbolark som man kan skriva ut fr\u00e5n nyheter med symbolst\u00f6d<\/a> (L\u00e4tta bladet med symbolst\u00f6d)<\/p>\n\n\n\n<h2 class=\"wp-block-heading\">Mer information<\/h2>\n\n\n\n<p><a href=\"https:\/\/papunet.net\/sv\/bildverktyg\/bildbanken\/\">Information om anv\u00e4ndarr\u00e4ttigheter och instruktioner f\u00f6r hur du uppger bildk\u00e4llan<\/a><\/p>\n\n\n\n<p><a href=\"https:\/\/papunet.net\/sv\/lagring-av-egna-bilder-i-papunets-verktyg\/\">Lagring av egna bilder i Papunets verktyg<\/a><\/p>\n\n\n\n<p><a href=\"https:\/\/papunet.net\/sv\/dataskyddsmeddelande-anvandare-av-papunets-bildverktyg\/\">Dataskyddsmeddelande, Anv\u00e4ndare av Papunets bildverktyg<\/a><\/p>\n\n\n\n<p>Saknar du n\u00e5gon bild i bildbanken?&nbsp; <a href=\"https:\/\/papunet.net\/sv\/bildonskemal\/\">Skicka dina bild\u00f6nskem\u00e5l till oss.<\/a><\/p>\n\n\n\n<p><\/p>\n","protected":false},"excerpt":{"rendered":"<p>Med Papunets avgiftsfria bildverktyg kan du g\u00f6ra bild- och teckenmaterial med flera sidor. Du kan ocks\u00e5 skriva ut materialet. Du kan anv\u00e4nda bildbankens \u00f6ver 39 000 bilder och ett rutf\u00e4lt, dit bilderna enkelt kan f\u00f6ras \u00f6ver. Du kan ocks\u00e5 importera egna bildfiler. <\/p>\n","protected":false},"author":5,"featured_media":982,"parent":136,"menu_order":0,"comment_status":"closed","ping_status":"closed","template":"","meta":{"_acf_changed":false,"_relevanssi_hide_post":"","_relevanssi_pin_for_all":"","_relevanssi_pin_keywords":"","_relevanssi_unpin_keywords":"","_relevanssi_related_keywords":"","_relevanssi_related_include_ids":"","_relevanssi_related_exclude_ids":"","_relevanssi_related_no_append":"","_relevanssi_related_not_related":"","_relevanssi_related_posts":"456,326,385,637,504,468","_relevanssi_noindex_reason":"","footnotes":""},"content_types":[8],"id_themes":[],"class_list":["post-780","page","type-page","status-publish","has-post-thumbnail","hentry","content_types-bildverktyg"],"yoast_head":"<!-- This site is optimized with the Yoast SEO plugin v22.7 - https:\/\/yoast.com\/wordpress\/plugins\/seo\/ -->\n<title>Bildverktyget - Papunet p\u00e5 svenska<\/title>\n<meta name=\"robots\" content=\"index, follow, max-snippet:-1, max-image-preview:large, max-video-preview:-1\" \/>\n<link rel=\"canonical\" href=\"https:\/\/papunet.net\/sv\/bildverktyg\/bildverktyget\/\" \/>\n<meta property=\"og:locale\" content=\"sv_SE\" \/>\n<meta property=\"og:type\" content=\"article\" \/>\n<meta property=\"og:title\" content=\"Bildverktyget - Papunet p\u00e5 svenska\" \/>\n<meta property=\"og:description\" content=\"Med Papunets avgiftsfria bildverktyg kan du g\u00f6ra bild- och teckenmaterial med flera sidor. Du kan ocks\u00e5 skriva ut materialet. Du kan anv\u00e4nda bildbankens \u00f6ver 39 000 bilder och ett rutf\u00e4lt, dit bilderna enkelt kan f\u00f6ras \u00f6ver. Du kan ocks\u00e5 importera egna bildfiler.\" \/>\n<meta property=\"og:url\" content=\"https:\/\/papunet.net\/sv\/bildverktyg\/bildverktyget\/\" \/>\n<meta property=\"og:site_name\" content=\"Papunet p\u00e5 svenska\" \/>\n<meta property=\"article:modified_time\" content=\"2026-01-08T12:29:02+00:00\" \/>\n<meta property=\"og:image\" content=\"https:\/\/papunet.net\/sv\/wp-content\/uploads\/sites\/2\/2023\/09\/bildverktyg-pa-svenska.png\" \/>\n\t<meta property=\"og:image:width\" content=\"1556\" \/>\n\t<meta property=\"og:image:height\" content=\"807\" \/>\n\t<meta property=\"og:image:type\" content=\"image\/png\" \/>\n<meta name=\"twitter:card\" content=\"summary_large_image\" \/>\n<meta name=\"twitter:label1\" content=\"Ber\u00e4knad l\u00e4stid\" \/>\n\t<meta name=\"twitter:data1\" content=\"6 minuter\" \/>\n<script type=\"application\/ld+json\" class=\"yoast-schema-graph\">{\"@context\":\"https:\/\/schema.org\",\"@graph\":[{\"@type\":\"WebPage\",\"@id\":\"https:\/\/papunet.net\/sv\/bildverktyg\/bildverktyget\/\",\"url\":\"https:\/\/papunet.net\/sv\/bildverktyg\/bildverktyget\/\",\"name\":\"Bildverktyget - Papunet p\u00e5 svenska\",\"isPartOf\":{\"@id\":\"https:\/\/papunet.net\/sv\/#website\"},\"primaryImageOfPage\":{\"@id\":\"https:\/\/papunet.net\/sv\/bildverktyg\/bildverktyget\/#primaryimage\"},\"image\":{\"@id\":\"https:\/\/papunet.net\/sv\/bildverktyg\/bildverktyget\/#primaryimage\"},\"thumbnailUrl\":\"https:\/\/papunet.net\/sv\/wp-content\/uploads\/sites\/2\/2023\/09\/bildverktyg-pa-svenska.png\",\"datePublished\":\"2023-09-08T08:15:39+00:00\",\"dateModified\":\"2026-01-08T12:29:02+00:00\",\"breadcrumb\":{\"@id\":\"https:\/\/papunet.net\/sv\/bildverktyg\/bildverktyget\/#breadcrumb\"},\"inLanguage\":\"sv-SE\",\"potentialAction\":[{\"@type\":\"ReadAction\",\"target\":[\"https:\/\/papunet.net\/sv\/bildverktyg\/bildverktyget\/\"]}]},{\"@type\":\"ImageObject\",\"inLanguage\":\"sv-SE\",\"@id\":\"https:\/\/papunet.net\/sv\/bildverktyg\/bildverktyget\/#primaryimage\",\"url\":\"https:\/\/papunet.net\/sv\/wp-content\/uploads\/sites\/2\/2023\/09\/bildverktyg-pa-svenska.png\",\"contentUrl\":\"https:\/\/papunet.net\/sv\/wp-content\/uploads\/sites\/2\/2023\/09\/bildverktyg-pa-svenska.png\",\"width\":1556,\"height\":807},{\"@type\":\"BreadcrumbList\",\"@id\":\"https:\/\/papunet.net\/sv\/bildverktyg\/bildverktyget\/#breadcrumb\",\"itemListElement\":[{\"@type\":\"ListItem\",\"position\":1,\"name\":\"Framsida\",\"item\":\"https:\/\/papunet.net\/sv\/\"},{\"@type\":\"ListItem\",\"position\":2,\"name\":\"Bildverktyg\",\"item\":\"https:\/\/papunet.net\/sv\/bildverktyg\/\"},{\"@type\":\"ListItem\",\"position\":3,\"name\":\"Bildverktyget\"}]},{\"@type\":\"WebSite\",\"@id\":\"https:\/\/papunet.net\/sv\/#website\",\"url\":\"https:\/\/papunet.net\/sv\/\",\"name\":\"Papunet p\u00e5 svenska\",\"description\":\"\",\"potentialAction\":[{\"@type\":\"SearchAction\",\"target\":{\"@type\":\"EntryPoint\",\"urlTemplate\":\"https:\/\/papunet.net\/sv\/?s={search_term_string}\"},\"query-input\":\"required name=search_term_string\"}],\"inLanguage\":\"sv-SE\"}]}<\/script>\n<!-- \/ Yoast SEO plugin. -->","yoast_head_json":{"title":"Bildverktyget - Papunet p\u00e5 svenska","robots":{"index":"index","follow":"follow","max-snippet":"max-snippet:-1","max-image-preview":"max-image-preview:large","max-video-preview":"max-video-preview:-1"},"canonical":"https:\/\/papunet.net\/sv\/bildverktyg\/bildverktyget\/","og_locale":"sv_SE","og_type":"article","og_title":"Bildverktyget - Papunet p\u00e5 svenska","og_description":"Med Papunets avgiftsfria bildverktyg kan du g\u00f6ra bild- och teckenmaterial med flera sidor. Du kan ocks\u00e5 skriva ut materialet. Du kan anv\u00e4nda bildbankens \u00f6ver 39 000 bilder och ett rutf\u00e4lt, dit bilderna enkelt kan f\u00f6ras \u00f6ver. Du kan ocks\u00e5 importera egna bildfiler.","og_url":"https:\/\/papunet.net\/sv\/bildverktyg\/bildverktyget\/","og_site_name":"Papunet p\u00e5 svenska","article_modified_time":"2026-01-08T12:29:02+00:00","og_image":[{"width":1556,"height":807,"url":"https:\/\/papunet.net\/sv\/wp-content\/uploads\/sites\/2\/2023\/09\/bildverktyg-pa-svenska.png","type":"image\/png"}],"twitter_card":"summary_large_image","twitter_misc":{"Ber\u00e4knad l\u00e4stid":"6 minuter"},"schema":{"@context":"https:\/\/schema.org","@graph":[{"@type":"WebPage","@id":"https:\/\/papunet.net\/sv\/bildverktyg\/bildverktyget\/","url":"https:\/\/papunet.net\/sv\/bildverktyg\/bildverktyget\/","name":"Bildverktyget - Papunet p\u00e5 svenska","isPartOf":{"@id":"https:\/\/papunet.net\/sv\/#website"},"primaryImageOfPage":{"@id":"https:\/\/papunet.net\/sv\/bildverktyg\/bildverktyget\/#primaryimage"},"image":{"@id":"https:\/\/papunet.net\/sv\/bildverktyg\/bildverktyget\/#primaryimage"},"thumbnailUrl":"https:\/\/papunet.net\/sv\/wp-content\/uploads\/sites\/2\/2023\/09\/bildverktyg-pa-svenska.png","datePublished":"2023-09-08T08:15:39+00:00","dateModified":"2026-01-08T12:29:02+00:00","breadcrumb":{"@id":"https:\/\/papunet.net\/sv\/bildverktyg\/bildverktyget\/#breadcrumb"},"inLanguage":"sv-SE","potentialAction":[{"@type":"ReadAction","target":["https:\/\/papunet.net\/sv\/bildverktyg\/bildverktyget\/"]}]},{"@type":"ImageObject","inLanguage":"sv-SE","@id":"https:\/\/papunet.net\/sv\/bildverktyg\/bildverktyget\/#primaryimage","url":"https:\/\/papunet.net\/sv\/wp-content\/uploads\/sites\/2\/2023\/09\/bildverktyg-pa-svenska.png","contentUrl":"https:\/\/papunet.net\/sv\/wp-content\/uploads\/sites\/2\/2023\/09\/bildverktyg-pa-svenska.png","width":1556,"height":807},{"@type":"BreadcrumbList","@id":"https:\/\/papunet.net\/sv\/bildverktyg\/bildverktyget\/#breadcrumb","itemListElement":[{"@type":"ListItem","position":1,"name":"Framsida","item":"https:\/\/papunet.net\/sv\/"},{"@type":"ListItem","position":2,"name":"Bildverktyg","item":"https:\/\/papunet.net\/sv\/bildverktyg\/"},{"@type":"ListItem","position":3,"name":"Bildverktyget"}]},{"@type":"WebSite","@id":"https:\/\/papunet.net\/sv\/#website","url":"https:\/\/papunet.net\/sv\/","name":"Papunet p\u00e5 svenska","description":"","potentialAction":[{"@type":"SearchAction","target":{"@type":"EntryPoint","urlTemplate":"https:\/\/papunet.net\/sv\/?s={search_term_string}"},"query-input":"required name=search_term_string"}],"inLanguage":"sv-SE"}]}},"acf":[],"_links":{"self":[{"href":"https:\/\/papunet.net\/sv\/wp-json\/wp\/v2\/pages\/780","targetHints":{"allow":["GET"]}}],"collection":[{"href":"https:\/\/papunet.net\/sv\/wp-json\/wp\/v2\/pages"}],"about":[{"href":"https:\/\/papunet.net\/sv\/wp-json\/wp\/v2\/types\/page"}],"author":[{"embeddable":true,"href":"https:\/\/papunet.net\/sv\/wp-json\/wp\/v2\/users\/5"}],"replies":[{"embeddable":true,"href":"https:\/\/papunet.net\/sv\/wp-json\/wp\/v2\/comments?post=780"}],"version-history":[{"count":14,"href":"https:\/\/papunet.net\/sv\/wp-json\/wp\/v2\/pages\/780\/revisions"}],"predecessor-version":[{"id":6678,"href":"https:\/\/papunet.net\/sv\/wp-json\/wp\/v2\/pages\/780\/revisions\/6678"}],"up":[{"embeddable":true,"href":"https:\/\/papunet.net\/sv\/wp-json\/wp\/v2\/pages\/136"}],"wp:featuredmedia":[{"embeddable":true,"href":"https:\/\/papunet.net\/sv\/wp-json\/wp\/v2\/media\/982"}],"wp:attachment":[{"href":"https:\/\/papunet.net\/sv\/wp-json\/wp\/v2\/media?parent=780"}],"wp:term":[{"taxonomy":"content_types","embeddable":true,"href":"https:\/\/papunet.net\/sv\/wp-json\/wp\/v2\/content_types?post=780"},{"taxonomy":"id_themes","embeddable":true,"href":"https:\/\/papunet.net\/sv\/wp-json\/wp\/v2\/id_themes?post=780"}],"curies":[{"name":"wp","href":"https:\/\/api.w.org\/{rel}","templated":true}]}}