{"id":782,"date":"2023-09-08T11:16:05","date_gmt":"2023-09-08T08:16:05","guid":{"rendered":"https:\/\/papunet.net\/sv\/?page_id=782"},"modified":"2025-10-27T08:26:25","modified_gmt":"2025-10-27T06:26:25","slug":"bildbanken","status":"publish","type":"page","link":"https:\/\/papunet.net\/sv\/bildverktyg\/bildbanken\/","title":{"rendered":"Bildbanken"},"content":{"rendered":"\n<figure class=\"wp-block-image size-large is-resized\"><img loading=\"lazy\" decoding=\"async\" width=\"1024\" height=\"206\" src=\"https:\/\/papunet.net\/sv\/wp-content\/uploads\/sites\/2\/2023\/09\/kuvapankki_1200px-1024x206.png\" alt=\"fem olika bilder fr\u00e5n Papunets bildbank\" class=\"wp-image-956\" srcset=\"https:\/\/papunet.net\/sv\/wp-content\/uploads\/sites\/2\/2023\/09\/kuvapankki_1200px-1024x206.png 1024w, https:\/\/papunet.net\/sv\/wp-content\/uploads\/sites\/2\/2023\/09\/kuvapankki_1200px-300x60.png 300w, https:\/\/papunet.net\/sv\/wp-content\/uploads\/sites\/2\/2023\/09\/kuvapankki_1200px-768x154.png 768w, https:\/\/papunet.net\/sv\/wp-content\/uploads\/sites\/2\/2023\/09\/kuvapankki_1200px.png 1200w\" sizes=\"auto, (max-width: 1024px) 100vw, 1024px\" \/><figcaption class=\"wp-element-caption\">Bildbanken inneh\u00e5ller \u00f6ver 39 000 bilder, till exempel ritade tecken och bilder samt piktogram.<\/figcaption><\/figure>\n\n\n\n<div class=\"wp-block-buttons is-layout-flex wp-block-buttons-is-layout-flex\">\n<div class=\"wp-block-button\"><a class=\"wp-block-button__link wp-element-button\" href=\"https:\/\/bildbank.papunet.net\/#\/browse\">\u00d6ppna bildbanken<\/a><\/div>\n<\/div>\n\n\n\n<h2 class=\"wp-block-heading\">Hur f\u00e5r man anv\u00e4nda bildbankens bilder?<\/h2>\n\n\n\n<p>Bilderna f\u00e5r anv\u00e4ndas helt fritt f\u00f6r <strong>icke-kommersiella \u00e4ndam\u00e5l, s\u00e5 l\u00e4nge den ursprungliga bildk\u00e4llan uppges<\/strong>. Bilderna \u00e4r licensierade som <a href=\"https:\/\/creativecommons.org\/licenses\/by-nc-sa\/3.0\/deed.sv\">\u201dErk\u00e4nnande-IckeKommersiella-DelaLika\u201d<\/a> (Creative Commons). Det betyder att det \u00e4r f\u00f6rbjudet att anv\u00e4nda bilderna i kommersiellt syfte, till exempel i avgiftsbelagda produkter.<\/p>\n\n\n\n<p>Papunets bilder f\u00e5r redigeras, du kan till exempel begr\u00e4nsa, f\u00e4rgl\u00e4gga eller sammanfoga bilder. Om bilderna redigeras, ska du efter den ursprungliga bildk\u00e4llan och upphovsman n\u00e4mna att bilden \u00e4r en redigerad version. F\u00f6r redigerade bilder g\u00e4ller samma licens och villkor som f\u00f6r ursprungliga bilder. Om du har fr\u00e5gor g\u00e4llande bildernas anv\u00e4ndningsr\u00e4ttigheter, ta kontakt: <a href=\"mailto:papunet@kvl.fi\">papunet@kvl.fi<\/a>.<\/p>\n\n\n\n<h2 class=\"wp-block-heading\">S\u00e5 h\u00e4r uppger du bildk\u00e4llan<\/h2>\n\n\n\n<p>Bildens ursprungliga k\u00e4lla ska alltid uppges d\u00e5 du delar och sprider bilder och material med bilder fr\u00e5n Papunet. Uppge som k\u00e4lla Papunets bildbank, papunet.net och bildens upphovsman. Upphovsmannens namn finns i bildens till\u00e4ggsuppgifter.<\/p>\n\n\n\n<p>Exempel p\u00e5 hur du uppger k\u00e4llan:<\/p>\n\n\n\n<p><em>Bild: Papunets bildbank, papunet.net, Elina Vanninen<\/em><br><em>Bild: Papunets bildbank, papunet.net, Sergio Palao \/ ARASAAC<\/em><br><em>Bild: Papunets bildbank, papunet.net, Sclera<\/em><br><em>Bild: Papunets bildbank, papunet.net, Sclera, redigerad version av original<\/em><\/p>\n\n\n\n<p>Exempel p\u00e5 hur du uppger k\u00e4llan om du anv\u00e4nder m\u00e5nga bilder:<\/p>\n\n\n\n<p><em>Bilder: Papunets bildbank, papunet.net, Elina Vanninen, Sergio Palao \/ ARASAAC och Sclera.<\/em><\/p>\n\n\n\n<p>Om du anv\u00e4nder flera bilder i ditt material kan du uppge alla bildk\u00e4llor p\u00e5 en och samma sida eller i slutet av materialet.<\/p>\n\n\n\n<h2 class=\"wp-block-heading\">Varifr\u00e5n kommer bilderna?<\/h2>\n\n\n\n<p>En del av bilderna i Papunets bildbank kommer ursprungligen fr\u00e5n utl\u00e4ndska bildbanker som \u00e4r \u00f6ppna f\u00f6r alla. S\u00e5dana bilder \u00e4r f\u00f6ljande:<\/p>\n\n\n\n<ul class=\"wp-block-list\">\n<li>ARASAAC-bilder:&nbsp;<a href=\"https:\/\/arasaac.org\/\">ARASAAC<\/a><\/li>\n\n\n\n<li>Mulberry-bilder:&nbsp;<a href=\"https:\/\/mulberrysymbols.org\/\">Mulberry Symbols<\/a><\/li>\n\n\n\n<li>Sclera-piktogram:&nbsp;<a href=\"https:\/\/www.sclera.be\/en\/vzw\/home\">Sclera<\/a><\/li>\n<\/ul>\n\n\n\n<p>Bilder ritade inom olika projekt:<\/p>\n\n\n\n<ul class=\"wp-block-list\">\n<li>KUVAKO-bilder:&nbsp;<a href=\"http:\/\/kuvako.humak.fi\/\">KUVAKO-projektet <\/a>(endast p\u00e5 finska)<\/li>\n\n\n\n<li>Toisto-bilder:&nbsp;<a href=\"https:\/\/suomenkielisanootervetuloa.fi\/\">Suomen kieli sanoo tervetuloa<\/a> (endast p\u00e5 finska)<\/li>\n<\/ul>\n\n\n\n<p>\u00d6vriga bilder, Papunets ritade bilder, ritade tecken och fotografier \u00e4r gjorda f\u00f6r Papunets bildbank.<\/p>\n\n\n\n<h2 class=\"wp-block-heading\">Mer information<\/h2>\n\n\n\n<p><a href=\"https:\/\/papunet.net\/sv\/lagring-av-egna-bilder-i-papunets-verktyg\/\">Lagring av egna bilder i Papunets verktyg<\/a><\/p>\n\n\n\n<p><a href=\"https:\/\/papunet.net\/sv\/anvandarvillkor-och-meddelanden\/dataskyddsmeddelande-anvandare-av-papunets-bildverktyg\/\">Dataskyddsmeddelande, Anv\u00e4ndare av Papunets bildverktyg<\/a><\/p>\n\n\n\n<p>Saknar du n\u00e5gon bild i bildbanken?&nbsp; <a href=\"https:\/\/papunet.net\/sv\/bildonskemal\/\">Skicka dina bild\u00f6nskem\u00e5l till oss.<\/a><\/p>\n","protected":false},"excerpt":{"rendered":"<p>I Papunets avgiftsfria bildbank finns \u00f6ver 39 000 bilder. St\u00f6rsta delen \u00e4r tecknade bilder i f\u00e4rg eller svartvitt, men det finns ocks\u00e5 n\u00e4stan 2000 bilder med ritade tecken och 2900 fotografier. Bilderna f\u00e5r anv\u00e4ndas och spridas i icke-kommersiellt syfte om den ursprungliga bildk\u00e4llan uppges. Bildbankens bilder anv\u00e4nds ocks\u00e5 i Papunets bildverktyg och i Papuri-verktyget.<\/p>\n","protected":false},"author":5,"featured_media":903,"parent":136,"menu_order":0,"comment_status":"closed","ping_status":"closed","template":"","meta":{"_acf_changed":false,"_relevanssi_hide_post":"","_relevanssi_pin_for_all":"","_relevanssi_pin_keywords":"","_relevanssi_unpin_keywords":"","_relevanssi_related_keywords":"","_relevanssi_related_include_ids":"","_relevanssi_related_exclude_ids":"","_relevanssi_related_no_append":"","_relevanssi_related_not_related":"","_relevanssi_related_posts":"","_relevanssi_noindex_reason":"","footnotes":""},"content_types":[8],"id_themes":[],"class_list":["post-782","page","type-page","status-publish","has-post-thumbnail","hentry","content_types-bildverktyg"],"yoast_head":"<!-- This site is optimized with the Yoast SEO plugin v22.7 - https:\/\/yoast.com\/wordpress\/plugins\/seo\/ -->\n<title>Bildbanken - Papunet p\u00e5 svenska<\/title>\n<meta name=\"robots\" content=\"index, follow, max-snippet:-1, max-image-preview:large, max-video-preview:-1\" \/>\n<link rel=\"canonical\" href=\"https:\/\/papunet.net\/sv\/bildverktyg\/bildbanken\/\" \/>\n<meta property=\"og:locale\" content=\"sv_SE\" \/>\n<meta property=\"og:type\" content=\"article\" \/>\n<meta property=\"og:title\" content=\"Bildbanken - Papunet p\u00e5 svenska\" \/>\n<meta property=\"og:description\" content=\"I Papunets avgiftsfria bildbank finns \u00f6ver 39 000 bilder. St\u00f6rsta delen \u00e4r tecknade bilder i f\u00e4rg eller svartvitt, men det finns ocks\u00e5 n\u00e4stan 2000 bilder med ritade tecken och 2900 fotografier. Bilderna f\u00e5r anv\u00e4ndas och spridas i icke-kommersiellt syfte om den ursprungliga bildk\u00e4llan uppges. Bildbankens bilder anv\u00e4nds ocks\u00e5 i Papunets bildverktyg och i Papuri-verktyget.\" \/>\n<meta property=\"og:url\" content=\"https:\/\/papunet.net\/sv\/bildverktyg\/bildbanken\/\" \/>\n<meta property=\"og:site_name\" content=\"Papunet p\u00e5 svenska\" \/>\n<meta property=\"article:modified_time\" content=\"2025-10-27T06:26:25+00:00\" \/>\n<meta property=\"og:image\" content=\"https:\/\/papunet.net\/sv\/wp-content\/uploads\/sites\/2\/2023\/09\/kuvapankki_2.png\" \/>\n\t<meta property=\"og:image:width\" content=\"500\" \/>\n\t<meta property=\"og:image:height\" content=\"333\" \/>\n\t<meta property=\"og:image:type\" content=\"image\/png\" \/>\n<meta name=\"twitter:card\" content=\"summary_large_image\" \/>\n<meta name=\"twitter:label1\" content=\"Ber\u00e4knad l\u00e4stid\" \/>\n\t<meta name=\"twitter:data1\" content=\"3 minuter\" \/>\n<script type=\"application\/ld+json\" class=\"yoast-schema-graph\">{\"@context\":\"https:\/\/schema.org\",\"@graph\":[{\"@type\":\"WebPage\",\"@id\":\"https:\/\/papunet.net\/sv\/bildverktyg\/bildbanken\/\",\"url\":\"https:\/\/papunet.net\/sv\/bildverktyg\/bildbanken\/\",\"name\":\"Bildbanken - Papunet p\u00e5 svenska\",\"isPartOf\":{\"@id\":\"https:\/\/papunet.net\/sv\/#website\"},\"primaryImageOfPage\":{\"@id\":\"https:\/\/papunet.net\/sv\/bildverktyg\/bildbanken\/#primaryimage\"},\"image\":{\"@id\":\"https:\/\/papunet.net\/sv\/bildverktyg\/bildbanken\/#primaryimage\"},\"thumbnailUrl\":\"https:\/\/papunet.net\/sv\/wp-content\/uploads\/sites\/2\/2023\/09\/kuvapankki_2.png\",\"datePublished\":\"2023-09-08T08:16:05+00:00\",\"dateModified\":\"2025-10-27T06:26:25+00:00\",\"breadcrumb\":{\"@id\":\"https:\/\/papunet.net\/sv\/bildverktyg\/bildbanken\/#breadcrumb\"},\"inLanguage\":\"sv-SE\",\"potentialAction\":[{\"@type\":\"ReadAction\",\"target\":[\"https:\/\/papunet.net\/sv\/bildverktyg\/bildbanken\/\"]}]},{\"@type\":\"ImageObject\",\"inLanguage\":\"sv-SE\",\"@id\":\"https:\/\/papunet.net\/sv\/bildverktyg\/bildbanken\/#primaryimage\",\"url\":\"https:\/\/papunet.net\/sv\/wp-content\/uploads\/sites\/2\/2023\/09\/kuvapankki_2.png\",\"contentUrl\":\"https:\/\/papunet.net\/sv\/wp-content\/uploads\/sites\/2\/2023\/09\/kuvapankki_2.png\",\"width\":500,\"height\":333},{\"@type\":\"BreadcrumbList\",\"@id\":\"https:\/\/papunet.net\/sv\/bildverktyg\/bildbanken\/#breadcrumb\",\"itemListElement\":[{\"@type\":\"ListItem\",\"position\":1,\"name\":\"Framsida\",\"item\":\"https:\/\/papunet.net\/sv\/\"},{\"@type\":\"ListItem\",\"position\":2,\"name\":\"Bildverktyg\",\"item\":\"https:\/\/papunet.net\/sv\/bildverktyg\/\"},{\"@type\":\"ListItem\",\"position\":3,\"name\":\"Bildbanken\"}]},{\"@type\":\"WebSite\",\"@id\":\"https:\/\/papunet.net\/sv\/#website\",\"url\":\"https:\/\/papunet.net\/sv\/\",\"name\":\"Papunet p\u00e5 svenska\",\"description\":\"\",\"potentialAction\":[{\"@type\":\"SearchAction\",\"target\":{\"@type\":\"EntryPoint\",\"urlTemplate\":\"https:\/\/papunet.net\/sv\/?s={search_term_string}\"},\"query-input\":\"required name=search_term_string\"}],\"inLanguage\":\"sv-SE\"}]}<\/script>\n<!-- \/ Yoast SEO plugin. -->","yoast_head_json":{"title":"Bildbanken - Papunet p\u00e5 svenska","robots":{"index":"index","follow":"follow","max-snippet":"max-snippet:-1","max-image-preview":"max-image-preview:large","max-video-preview":"max-video-preview:-1"},"canonical":"https:\/\/papunet.net\/sv\/bildverktyg\/bildbanken\/","og_locale":"sv_SE","og_type":"article","og_title":"Bildbanken - Papunet p\u00e5 svenska","og_description":"I Papunets avgiftsfria bildbank finns \u00f6ver 39 000 bilder. St\u00f6rsta delen \u00e4r tecknade bilder i f\u00e4rg eller svartvitt, men det finns ocks\u00e5 n\u00e4stan 2000 bilder med ritade tecken och 2900 fotografier. Bilderna f\u00e5r anv\u00e4ndas och spridas i icke-kommersiellt syfte om den ursprungliga bildk\u00e4llan uppges. Bildbankens bilder anv\u00e4nds ocks\u00e5 i Papunets bildverktyg och i Papuri-verktyget.","og_url":"https:\/\/papunet.net\/sv\/bildverktyg\/bildbanken\/","og_site_name":"Papunet p\u00e5 svenska","article_modified_time":"2025-10-27T06:26:25+00:00","og_image":[{"width":500,"height":333,"url":"https:\/\/papunet.net\/sv\/wp-content\/uploads\/sites\/2\/2023\/09\/kuvapankki_2.png","type":"image\/png"}],"twitter_card":"summary_large_image","twitter_misc":{"Ber\u00e4knad l\u00e4stid":"3 minuter"},"schema":{"@context":"https:\/\/schema.org","@graph":[{"@type":"WebPage","@id":"https:\/\/papunet.net\/sv\/bildverktyg\/bildbanken\/","url":"https:\/\/papunet.net\/sv\/bildverktyg\/bildbanken\/","name":"Bildbanken - Papunet p\u00e5 svenska","isPartOf":{"@id":"https:\/\/papunet.net\/sv\/#website"},"primaryImageOfPage":{"@id":"https:\/\/papunet.net\/sv\/bildverktyg\/bildbanken\/#primaryimage"},"image":{"@id":"https:\/\/papunet.net\/sv\/bildverktyg\/bildbanken\/#primaryimage"},"thumbnailUrl":"https:\/\/papunet.net\/sv\/wp-content\/uploads\/sites\/2\/2023\/09\/kuvapankki_2.png","datePublished":"2023-09-08T08:16:05+00:00","dateModified":"2025-10-27T06:26:25+00:00","breadcrumb":{"@id":"https:\/\/papunet.net\/sv\/bildverktyg\/bildbanken\/#breadcrumb"},"inLanguage":"sv-SE","potentialAction":[{"@type":"ReadAction","target":["https:\/\/papunet.net\/sv\/bildverktyg\/bildbanken\/"]}]},{"@type":"ImageObject","inLanguage":"sv-SE","@id":"https:\/\/papunet.net\/sv\/bildverktyg\/bildbanken\/#primaryimage","url":"https:\/\/papunet.net\/sv\/wp-content\/uploads\/sites\/2\/2023\/09\/kuvapankki_2.png","contentUrl":"https:\/\/papunet.net\/sv\/wp-content\/uploads\/sites\/2\/2023\/09\/kuvapankki_2.png","width":500,"height":333},{"@type":"BreadcrumbList","@id":"https:\/\/papunet.net\/sv\/bildverktyg\/bildbanken\/#breadcrumb","itemListElement":[{"@type":"ListItem","position":1,"name":"Framsida","item":"https:\/\/papunet.net\/sv\/"},{"@type":"ListItem","position":2,"name":"Bildverktyg","item":"https:\/\/papunet.net\/sv\/bildverktyg\/"},{"@type":"ListItem","position":3,"name":"Bildbanken"}]},{"@type":"WebSite","@id":"https:\/\/papunet.net\/sv\/#website","url":"https:\/\/papunet.net\/sv\/","name":"Papunet p\u00e5 svenska","description":"","potentialAction":[{"@type":"SearchAction","target":{"@type":"EntryPoint","urlTemplate":"https:\/\/papunet.net\/sv\/?s={search_term_string}"},"query-input":"required name=search_term_string"}],"inLanguage":"sv-SE"}]}},"acf":[],"_links":{"self":[{"href":"https:\/\/papunet.net\/sv\/wp-json\/wp\/v2\/pages\/782","targetHints":{"allow":["GET"]}}],"collection":[{"href":"https:\/\/papunet.net\/sv\/wp-json\/wp\/v2\/pages"}],"about":[{"href":"https:\/\/papunet.net\/sv\/wp-json\/wp\/v2\/types\/page"}],"author":[{"embeddable":true,"href":"https:\/\/papunet.net\/sv\/wp-json\/wp\/v2\/users\/5"}],"replies":[{"embeddable":true,"href":"https:\/\/papunet.net\/sv\/wp-json\/wp\/v2\/comments?post=782"}],"version-history":[{"count":15,"href":"https:\/\/papunet.net\/sv\/wp-json\/wp\/v2\/pages\/782\/revisions"}],"predecessor-version":[{"id":6625,"href":"https:\/\/papunet.net\/sv\/wp-json\/wp\/v2\/pages\/782\/revisions\/6625"}],"up":[{"embeddable":true,"href":"https:\/\/papunet.net\/sv\/wp-json\/wp\/v2\/pages\/136"}],"wp:featuredmedia":[{"embeddable":true,"href":"https:\/\/papunet.net\/sv\/wp-json\/wp\/v2\/media\/903"}],"wp:attachment":[{"href":"https:\/\/papunet.net\/sv\/wp-json\/wp\/v2\/media?parent=782"}],"wp:term":[{"taxonomy":"content_types","embeddable":true,"href":"https:\/\/papunet.net\/sv\/wp-json\/wp\/v2\/content_types?post=782"},{"taxonomy":"id_themes","embeddable":true,"href":"https:\/\/papunet.net\/sv\/wp-json\/wp\/v2\/id_themes?post=782"}],"curies":[{"name":"wp","href":"https:\/\/api.w.org\/{rel}","templated":true}]}}