{"id":8,"date":"2023-07-19T11:19:35","date_gmt":"2023-07-19T08:19:35","guid":{"rendered":"https:\/\/papunet.net\/sv\/?page_id=8"},"modified":"2023-09-12T12:53:52","modified_gmt":"2023-09-12T09:53:52","slug":"kommunikation-tillhor-alla","status":"publish","type":"page","link":"https:\/\/papunet.net\/sv\/information\/kommunikation-tillhor-alla\/","title":{"rendered":"Kommunikation tillh\u00f6r alla"},"content":{"rendered":"\n<p><\/p>\n\n\n\n<div class=\"custom-element content-lifts bg-white color-theme-orange\">\n    <div class=\"row lifts-row list-items\">\n            <div class=\"col-12 col-lg-4 row-content lift-item list-item\">\n           <a href=\"https:\/\/papunet.net\/sv\/olika-typer-av-tal-och-kommunikationssvarigheter\/\" rel=\"bookmark\">  <!-- Oletusn\u00e4kym\u00e4 hakutuloksille -->\n        <article id=\"post-206\" class=\"post-206 post type-post status-publish format-standard has-post-thumbnail hentry category-kommunikation-tillhor-alla content_types-information\">\n          <div class=\"item-top\">\n            <h3 class=\"sr-only\">Olika typer av tal- och kommunikationssv\u00e5righeter<\/h3>\n                          <div class=\"entry-thumbnail\">\n                <div class=\"thumb\">\n                  <!--\n                  <img decoding=\"async\" src=\"https:\/\/papunet.net\/sv\/wp-content\/uploads\/sites\/2\/2023\/08\/Kommunikation-tillhor-alla_kuva.png\" alt=\"\" width=\"100%\" height=\"auto\" \/>\n                  -->\n                  <img decoding=\"async\" src=\"https:\/\/papunet.net\/sv\/wp-content\/uploads\/sites\/2\/2023\/08\/Kommunikation-tillhor-alla_kuva.png\" alt=\"\">\n                                  <\/div>\n                              <\/div>\n                        <div class=\"entry-meta\">\n              <div class=\"tags\">\n                <ul class=\"tags-list\">\n                                      <li class=\"tag-item\">\n                      <span class=\"tag-button\">Information<\/span>\n                    <\/li>\n                                  <\/ul>\n              <\/div>\n            <\/div>\n            <header class=\"entry-header\" aria-hidden=\"true\">\n              <h3 class=\"entry-title\">Olika typer av tal- och kommunikationssv\u00e5righeter<\/h3>\n            <\/header>\n            <div class=\"entry-content\">\n              <p>I Finland finns det tiotusentals personer som kan h\u00f6ra, men som inte kan tala eller som talar lite eller mycket otydligt. Tal- och kommunikationssv\u00e5righeter kan ocks\u00e5 visa sig som sv\u00e5righeter att f\u00f6rst\u00e5 tal och text och att skriva.<\/p>\n            <\/div>\n          <\/div>\n          <div class=\"item-bottom\">\n            <div class=\"entry-footer\">\n              <span class=\"circle-arrow-button\">\u00d6ppna artikeln<\/span>\n            <\/div>\n          <\/div>\n        <\/article>\n          <\/a>\n        <\/div>\n                <div class=\"col-12 col-lg-4 row-content lift-item list-item\">\n           <a href=\"https:\/\/papunet.net\/sv\/lagstiftningen-garanterar-rattigheter-och-tjanster-som-stoder-kommunikationen\/\" rel=\"bookmark\">  <!-- Oletusn\u00e4kym\u00e4 hakutuloksille -->\n        <article id=\"post-221\" class=\"post-221 post type-post status-publish format-standard has-post-thumbnail hentry category-kommunikation-tillhor-alla content_types-information\">\n          <div class=\"item-top\">\n            <h3 class=\"sr-only\">Lagstiftningen garanterar r\u00e4ttigheter och tj\u00e4nster som st\u00f6der kommunikationen<\/h3>\n                          <div class=\"entry-thumbnail\">\n                <div class=\"thumb\">\n                  <!--\n                  <img decoding=\"async\" src=\"https:\/\/papunet.net\/sv\/wp-content\/uploads\/sites\/2\/2023\/08\/Finlands-lagstifning_kuva.jpg\" alt=\"\" width=\"100%\" height=\"auto\" \/>\n                  -->\n                  <img decoding=\"async\" src=\"https:\/\/papunet.net\/sv\/wp-content\/uploads\/sites\/2\/2023\/08\/Finlands-lagstifning_kuva.jpg\" alt=\"\">\n                                  <\/div>\n                              <\/div>\n                        <div class=\"entry-meta\">\n              <div class=\"tags\">\n                <ul class=\"tags-list\">\n                                      <li class=\"tag-item\">\n                      <span class=\"tag-button\">Information<\/span>\n                    <\/li>\n                                  <\/ul>\n              <\/div>\n            <\/div>\n            <header class=\"entry-header\" aria-hidden=\"true\">\n              <h3 class=\"entry-title\">Lagstiftningen garanterar r\u00e4ttigheter och tj\u00e4nster som st\u00f6der kommunikationen<\/h3>\n            <\/header>\n            <div class=\"entry-content\">\n              <p>I Finlands grundlag fastst\u00e4lls medborgarnas grundl\u00e4ggande r\u00e4ttigheter som j\u00e4mlikhet och yttrandefrihet. Dessutom inneh\u00e5ller andra lagar f\u00f6rordningar, som m\u00f6jligg\u00f6r att de grundl\u00e4ggande r\u00e4ttigheterna tillgodoses f\u00f6r personer med tal- eller kommunikationssv\u00e5righeter. <\/p>\n            <\/div>\n          <\/div>\n          <div class=\"item-bottom\">\n            <div class=\"entry-footer\">\n              <span class=\"circle-arrow-button\">\u00d6ppna artikeln<\/span>\n            <\/div>\n          <\/div>\n        <\/article>\n          <\/a>\n        <\/div>\n                <div class=\"col-12 col-lg-4 row-content lift-item list-item\">\n           <a href=\"https:\/\/papunet.net\/sv\/information\/kommunikation-tillhor-alla\/tjanster-och-stod\/\" rel=\"bookmark\">  <!-- Oletusn\u00e4kym\u00e4 hakutuloksille -->\n        <article id=\"post-252\" class=\"post-252 page type-page status-publish has-post-thumbnail hentry content_types-information\">\n          <div class=\"item-top\">\n            <h3 class=\"sr-only\">Tj\u00e4nster och st\u00f6d<\/h3>\n                          <div class=\"entry-thumbnail\">\n                <div class=\"thumb\">\n                  <!--\n                  <img decoding=\"async\" src=\"https:\/\/papunet.net\/sv\/wp-content\/uploads\/sites\/2\/2023\/09\/iStock-1076078648-1.jpg\" alt=\"\" width=\"100%\" height=\"auto\" \/>\n                  -->\n                  <img decoding=\"async\" src=\"https:\/\/papunet.net\/sv\/wp-content\/uploads\/sites\/2\/2023\/09\/iStock-1076078648-1.jpg\" alt=\"\">\n                                  <\/div>\n                              <\/div>\n                        <div class=\"entry-meta\">\n              <div class=\"tags\">\n                <ul class=\"tags-list\">\n                                      <li class=\"tag-item\">\n                      <span class=\"tag-button\">Information<\/span>\n                    <\/li>\n                                  <\/ul>\n              <\/div>\n            <\/div>\n            <header class=\"entry-header\" aria-hidden=\"true\">\n              <h3 class=\"entry-title\">Tj\u00e4nster och st\u00f6d<\/h3>\n            <\/header>\n            <div class=\"entry-content\">\n              <p>H\u00e4r hittar du information om service och st\u00f6dtj\u00e4nster f\u00f6r personer med tal- och kommunikationssv\u00e5righeter och deras n\u00e4rst\u00e5ende.<\/p>\n            <\/div>\n          <\/div>\n          <div class=\"item-bottom\">\n            <div class=\"entry-footer\">\n              <span class=\"circle-arrow-button\">\u00d6ppna temat<\/span>\n            <\/div>\n          <\/div>\n        <\/article>\n          <\/a>\n        <\/div>\n          <\/div>\n<\/div>\n","protected":false},"excerpt":{"rendered":"<p>H\u00e4r hittar du information om lagstiftning och tj\u00e4nster som st\u00f6der kommunikationen.<\/p>\n","protected":false},"author":16,"featured_media":449,"parent":4,"menu_order":0,"comment_status":"closed","ping_status":"closed","template":"","meta":{"_acf_changed":false,"_relevanssi_hide_post":"","_relevanssi_pin_for_all":"","_relevanssi_pin_keywords":"","_relevanssi_unpin_keywords":"","_relevanssi_related_keywords":"","_relevanssi_related_include_ids":"","_relevanssi_related_exclude_ids":"","_relevanssi_related_no_append":"","_relevanssi_related_not_related":"","_relevanssi_related_posts":"","_relevanssi_noindex_reason":"","footnotes":""},"content_types":[6],"id_themes":[],"class_list":["post-8","page","type-page","status-publish","has-post-thumbnail","hentry","content_types-information"],"yoast_head":"<!-- This site is optimized with the Yoast SEO plugin v22.7 - https:\/\/yoast.com\/wordpress\/plugins\/seo\/ -->\n<title>Kommunikation tillh\u00f6r alla - Papunet p\u00e5 svenska<\/title>\n<meta name=\"robots\" content=\"index, follow, max-snippet:-1, max-image-preview:large, max-video-preview:-1\" \/>\n<link rel=\"canonical\" href=\"https:\/\/papunet.net\/sv\/information\/kommunikation-tillhor-alla\/\" \/>\n<meta property=\"og:locale\" content=\"sv_SE\" \/>\n<meta property=\"og:type\" content=\"article\" \/>\n<meta property=\"og:title\" content=\"Kommunikation tillh\u00f6r alla - Papunet p\u00e5 svenska\" \/>\n<meta property=\"og:description\" content=\"H\u00e4r hittar du information om lagstiftning och tj\u00e4nster som st\u00f6der kommunikationen.\" \/>\n<meta property=\"og:url\" content=\"https:\/\/papunet.net\/sv\/information\/kommunikation-tillhor-alla\/\" \/>\n<meta property=\"og:site_name\" content=\"Papunet p\u00e5 svenska\" \/>\n<meta property=\"article:modified_time\" content=\"2023-09-12T09:53:52+00:00\" \/>\n<meta property=\"og:image\" content=\"https:\/\/papunet.net\/sv\/wp-content\/uploads\/sites\/2\/2023\/08\/aven-om-man-inte-kan-tala_video_valikkokuva.png\" \/>\n\t<meta property=\"og:image:width\" content=\"984\" \/>\n\t<meta property=\"og:image:height\" content=\"734\" \/>\n\t<meta property=\"og:image:type\" content=\"image\/png\" \/>\n<meta name=\"twitter:card\" content=\"summary_large_image\" \/>\n<script type=\"application\/ld+json\" class=\"yoast-schema-graph\">{\"@context\":\"https:\/\/schema.org\",\"@graph\":[{\"@type\":\"WebPage\",\"@id\":\"https:\/\/papunet.net\/sv\/information\/kommunikation-tillhor-alla\/\",\"url\":\"https:\/\/papunet.net\/sv\/information\/kommunikation-tillhor-alla\/\",\"name\":\"Kommunikation tillh\u00f6r alla - Papunet p\u00e5 svenska\",\"isPartOf\":{\"@id\":\"https:\/\/papunet.net\/sv\/#website\"},\"primaryImageOfPage\":{\"@id\":\"https:\/\/papunet.net\/sv\/information\/kommunikation-tillhor-alla\/#primaryimage\"},\"image\":{\"@id\":\"https:\/\/papunet.net\/sv\/information\/kommunikation-tillhor-alla\/#primaryimage\"},\"thumbnailUrl\":\"https:\/\/papunet.net\/sv\/wp-content\/uploads\/sites\/2\/2023\/08\/aven-om-man-inte-kan-tala_video_valikkokuva.png\",\"datePublished\":\"2023-07-19T08:19:35+00:00\",\"dateModified\":\"2023-09-12T09:53:52+00:00\",\"breadcrumb\":{\"@id\":\"https:\/\/papunet.net\/sv\/information\/kommunikation-tillhor-alla\/#breadcrumb\"},\"inLanguage\":\"sv-SE\",\"potentialAction\":[{\"@type\":\"ReadAction\",\"target\":[\"https:\/\/papunet.net\/sv\/information\/kommunikation-tillhor-alla\/\"]}]},{\"@type\":\"ImageObject\",\"inLanguage\":\"sv-SE\",\"@id\":\"https:\/\/papunet.net\/sv\/information\/kommunikation-tillhor-alla\/#primaryimage\",\"url\":\"https:\/\/papunet.net\/sv\/wp-content\/uploads\/sites\/2\/2023\/08\/aven-om-man-inte-kan-tala_video_valikkokuva.png\",\"contentUrl\":\"https:\/\/papunet.net\/sv\/wp-content\/uploads\/sites\/2\/2023\/08\/aven-om-man-inte-kan-tala_video_valikkokuva.png\",\"width\":984,\"height\":734,\"caption\":\"kommunikation tillh\u00f6r alla\"},{\"@type\":\"BreadcrumbList\",\"@id\":\"https:\/\/papunet.net\/sv\/information\/kommunikation-tillhor-alla\/#breadcrumb\",\"itemListElement\":[{\"@type\":\"ListItem\",\"position\":1,\"name\":\"Framsida\",\"item\":\"https:\/\/papunet.net\/sv\/\"},{\"@type\":\"ListItem\",\"position\":2,\"name\":\"Information\",\"item\":\"https:\/\/papunet.net\/sv\/information\/\"},{\"@type\":\"ListItem\",\"position\":3,\"name\":\"Kommunikation tillh\u00f6r alla\"}]},{\"@type\":\"WebSite\",\"@id\":\"https:\/\/papunet.net\/sv\/#website\",\"url\":\"https:\/\/papunet.net\/sv\/\",\"name\":\"Papunet p\u00e5 svenska\",\"description\":\"\",\"potentialAction\":[{\"@type\":\"SearchAction\",\"target\":{\"@type\":\"EntryPoint\",\"urlTemplate\":\"https:\/\/papunet.net\/sv\/?s={search_term_string}\"},\"query-input\":\"required name=search_term_string\"}],\"inLanguage\":\"sv-SE\"}]}<\/script>\n<!-- \/ Yoast SEO plugin. -->","yoast_head_json":{"title":"Kommunikation tillh\u00f6r alla - Papunet p\u00e5 svenska","robots":{"index":"index","follow":"follow","max-snippet":"max-snippet:-1","max-image-preview":"max-image-preview:large","max-video-preview":"max-video-preview:-1"},"canonical":"https:\/\/papunet.net\/sv\/information\/kommunikation-tillhor-alla\/","og_locale":"sv_SE","og_type":"article","og_title":"Kommunikation tillh\u00f6r alla - Papunet p\u00e5 svenska","og_description":"H\u00e4r hittar du information om lagstiftning och tj\u00e4nster som st\u00f6der kommunikationen.","og_url":"https:\/\/papunet.net\/sv\/information\/kommunikation-tillhor-alla\/","og_site_name":"Papunet p\u00e5 svenska","article_modified_time":"2023-09-12T09:53:52+00:00","og_image":[{"width":984,"height":734,"url":"https:\/\/papunet.net\/sv\/wp-content\/uploads\/sites\/2\/2023\/08\/aven-om-man-inte-kan-tala_video_valikkokuva.png","type":"image\/png"}],"twitter_card":"summary_large_image","schema":{"@context":"https:\/\/schema.org","@graph":[{"@type":"WebPage","@id":"https:\/\/papunet.net\/sv\/information\/kommunikation-tillhor-alla\/","url":"https:\/\/papunet.net\/sv\/information\/kommunikation-tillhor-alla\/","name":"Kommunikation tillh\u00f6r alla - Papunet p\u00e5 svenska","isPartOf":{"@id":"https:\/\/papunet.net\/sv\/#website"},"primaryImageOfPage":{"@id":"https:\/\/papunet.net\/sv\/information\/kommunikation-tillhor-alla\/#primaryimage"},"image":{"@id":"https:\/\/papunet.net\/sv\/information\/kommunikation-tillhor-alla\/#primaryimage"},"thumbnailUrl":"https:\/\/papunet.net\/sv\/wp-content\/uploads\/sites\/2\/2023\/08\/aven-om-man-inte-kan-tala_video_valikkokuva.png","datePublished":"2023-07-19T08:19:35+00:00","dateModified":"2023-09-12T09:53:52+00:00","breadcrumb":{"@id":"https:\/\/papunet.net\/sv\/information\/kommunikation-tillhor-alla\/#breadcrumb"},"inLanguage":"sv-SE","potentialAction":[{"@type":"ReadAction","target":["https:\/\/papunet.net\/sv\/information\/kommunikation-tillhor-alla\/"]}]},{"@type":"ImageObject","inLanguage":"sv-SE","@id":"https:\/\/papunet.net\/sv\/information\/kommunikation-tillhor-alla\/#primaryimage","url":"https:\/\/papunet.net\/sv\/wp-content\/uploads\/sites\/2\/2023\/08\/aven-om-man-inte-kan-tala_video_valikkokuva.png","contentUrl":"https:\/\/papunet.net\/sv\/wp-content\/uploads\/sites\/2\/2023\/08\/aven-om-man-inte-kan-tala_video_valikkokuva.png","width":984,"height":734,"caption":"kommunikation tillh\u00f6r alla"},{"@type":"BreadcrumbList","@id":"https:\/\/papunet.net\/sv\/information\/kommunikation-tillhor-alla\/#breadcrumb","itemListElement":[{"@type":"ListItem","position":1,"name":"Framsida","item":"https:\/\/papunet.net\/sv\/"},{"@type":"ListItem","position":2,"name":"Information","item":"https:\/\/papunet.net\/sv\/information\/"},{"@type":"ListItem","position":3,"name":"Kommunikation tillh\u00f6r alla"}]},{"@type":"WebSite","@id":"https:\/\/papunet.net\/sv\/#website","url":"https:\/\/papunet.net\/sv\/","name":"Papunet p\u00e5 svenska","description":"","potentialAction":[{"@type":"SearchAction","target":{"@type":"EntryPoint","urlTemplate":"https:\/\/papunet.net\/sv\/?s={search_term_string}"},"query-input":"required name=search_term_string"}],"inLanguage":"sv-SE"}]}},"acf":[],"_links":{"self":[{"href":"https:\/\/papunet.net\/sv\/wp-json\/wp\/v2\/pages\/8","targetHints":{"allow":["GET"]}}],"collection":[{"href":"https:\/\/papunet.net\/sv\/wp-json\/wp\/v2\/pages"}],"about":[{"href":"https:\/\/papunet.net\/sv\/wp-json\/wp\/v2\/types\/page"}],"author":[{"embeddable":true,"href":"https:\/\/papunet.net\/sv\/wp-json\/wp\/v2\/users\/16"}],"replies":[{"embeddable":true,"href":"https:\/\/papunet.net\/sv\/wp-json\/wp\/v2\/comments?post=8"}],"version-history":[{"count":11,"href":"https:\/\/papunet.net\/sv\/wp-json\/wp\/v2\/pages\/8\/revisions"}],"predecessor-version":[{"id":316,"href":"https:\/\/papunet.net\/sv\/wp-json\/wp\/v2\/pages\/8\/revisions\/316"}],"up":[{"embeddable":true,"href":"https:\/\/papunet.net\/sv\/wp-json\/wp\/v2\/pages\/4"}],"wp:featuredmedia":[{"embeddable":true,"href":"https:\/\/papunet.net\/sv\/wp-json\/wp\/v2\/media\/449"}],"wp:attachment":[{"href":"https:\/\/papunet.net\/sv\/wp-json\/wp\/v2\/media?parent=8"}],"wp:term":[{"taxonomy":"content_types","embeddable":true,"href":"https:\/\/papunet.net\/sv\/wp-json\/wp\/v2\/content_types?post=8"},{"taxonomy":"id_themes","embeddable":true,"href":"https:\/\/papunet.net\/sv\/wp-json\/wp\/v2\/id_themes?post=8"}],"curies":[{"name":"wp","href":"https:\/\/api.w.org\/{rel}","templated":true}]}}