{"id":940,"date":"2023-09-18T10:53:14","date_gmt":"2023-09-18T07:53:14","guid":{"rendered":"https:\/\/papunet.net\/sv\/?page_id=940"},"modified":"2023-09-20T15:17:53","modified_gmt":"2023-09-20T12:17:53","slug":"bildonskemal","status":"publish","type":"page","link":"https:\/\/papunet.net\/sv\/bildonskemal\/","title":{"rendered":"Bild\u00f6nskem\u00e5l"},"content":{"rendered":"","protected":false},"excerpt":{"rendered":"<p>Om du saknar n\u00e5gon bild, s\u00e5 g\u00e5r det bra att skicka oss dina bild\u00f6nskem\u00e5l.<br \/>\nVar s\u00e5 detaljerad som m\u00f6jligt i din \u00f6nskan s\u00e5 att vi s\u00e4kert f\u00f6rst\u00e5r vilken typ av bild du beh\u00f6ver.<\/p>\n","protected":false},"author":16,"featured_media":0,"parent":0,"menu_order":0,"comment_status":"closed","ping_status":"closed","template":"page-wish-for-image.php","meta":{"_acf_changed":false,"_relevanssi_hide_post":"","_relevanssi_pin_for_all":"","_relevanssi_pin_keywords":"","_relevanssi_unpin_keywords":"","_relevanssi_related_keywords":"","_relevanssi_related_include_ids":"","_relevanssi_related_exclude_ids":"","_relevanssi_related_no_append":"","_relevanssi_related_not_related":"","_relevanssi_related_posts":"451,534,256,206,385,370","_relevanssi_noindex_reason":"","footnotes":""},"content_types":[],"id_themes":[],"class_list":["post-940","page","type-page","status-publish","hentry"],"yoast_head":"<!-- This site is optimized with the Yoast SEO plugin v22.7 - https:\/\/yoast.com\/wordpress\/plugins\/seo\/ -->\n<title>Bild\u00f6nskem\u00e5l - Papunet p\u00e5 svenska<\/title>\n<meta name=\"robots\" content=\"index, follow, max-snippet:-1, max-image-preview:large, max-video-preview:-1\" \/>\n<link rel=\"canonical\" href=\"https:\/\/papunet.net\/sv\/bildonskemal\/\" \/>\n<meta property=\"og:locale\" content=\"sv_SE\" \/>\n<meta property=\"og:type\" content=\"article\" \/>\n<meta property=\"og:title\" content=\"Bild\u00f6nskem\u00e5l - Papunet p\u00e5 svenska\" \/>\n<meta property=\"og:description\" content=\"Om du saknar n\u00e5gon bild, s\u00e5 g\u00e5r det bra att skicka oss dina bild\u00f6nskem\u00e5l. Var s\u00e5 detaljerad som m\u00f6jligt i din \u00f6nskan s\u00e5 att vi s\u00e4kert f\u00f6rst\u00e5r vilken typ av bild du beh\u00f6ver.\" \/>\n<meta property=\"og:url\" content=\"https:\/\/papunet.net\/sv\/bildonskemal\/\" \/>\n<meta property=\"og:site_name\" content=\"Papunet p\u00e5 svenska\" \/>\n<meta property=\"article:modified_time\" content=\"2023-09-20T12:17:53+00:00\" \/>\n<meta name=\"twitter:card\" content=\"summary_large_image\" \/>\n<script type=\"application\/ld+json\" class=\"yoast-schema-graph\">{\"@context\":\"https:\/\/schema.org\",\"@graph\":[{\"@type\":\"WebPage\",\"@id\":\"https:\/\/papunet.net\/sv\/bildonskemal\/\",\"url\":\"https:\/\/papunet.net\/sv\/bildonskemal\/\",\"name\":\"Bild\u00f6nskem\u00e5l - Papunet p\u00e5 svenska\",\"isPartOf\":{\"@id\":\"https:\/\/papunet.net\/sv\/#website\"},\"datePublished\":\"2023-09-18T07:53:14+00:00\",\"dateModified\":\"2023-09-20T12:17:53+00:00\",\"breadcrumb\":{\"@id\":\"https:\/\/papunet.net\/sv\/bildonskemal\/#breadcrumb\"},\"inLanguage\":\"sv-SE\",\"potentialAction\":[{\"@type\":\"ReadAction\",\"target\":[\"https:\/\/papunet.net\/sv\/bildonskemal\/\"]}]},{\"@type\":\"BreadcrumbList\",\"@id\":\"https:\/\/papunet.net\/sv\/bildonskemal\/#breadcrumb\",\"itemListElement\":[{\"@type\":\"ListItem\",\"position\":1,\"name\":\"Framsida\",\"item\":\"https:\/\/papunet.net\/sv\/\"},{\"@type\":\"ListItem\",\"position\":2,\"name\":\"Bild\u00f6nskem\u00e5l\"}]},{\"@type\":\"WebSite\",\"@id\":\"https:\/\/papunet.net\/sv\/#website\",\"url\":\"https:\/\/papunet.net\/sv\/\",\"name\":\"Papunet p\u00e5 svenska\",\"description\":\"\",\"potentialAction\":[{\"@type\":\"SearchAction\",\"target\":{\"@type\":\"EntryPoint\",\"urlTemplate\":\"https:\/\/papunet.net\/sv\/?s={search_term_string}\"},\"query-input\":\"required name=search_term_string\"}],\"inLanguage\":\"sv-SE\"}]}<\/script>\n<!-- \/ Yoast SEO plugin. -->","yoast_head_json":{"title":"Bild\u00f6nskem\u00e5l - Papunet p\u00e5 svenska","robots":{"index":"index","follow":"follow","max-snippet":"max-snippet:-1","max-image-preview":"max-image-preview:large","max-video-preview":"max-video-preview:-1"},"canonical":"https:\/\/papunet.net\/sv\/bildonskemal\/","og_locale":"sv_SE","og_type":"article","og_title":"Bild\u00f6nskem\u00e5l - Papunet p\u00e5 svenska","og_description":"Om du saknar n\u00e5gon bild, s\u00e5 g\u00e5r det bra att skicka oss dina bild\u00f6nskem\u00e5l. Var s\u00e5 detaljerad som m\u00f6jligt i din \u00f6nskan s\u00e5 att vi s\u00e4kert f\u00f6rst\u00e5r vilken typ av bild du beh\u00f6ver.","og_url":"https:\/\/papunet.net\/sv\/bildonskemal\/","og_site_name":"Papunet p\u00e5 svenska","article_modified_time":"2023-09-20T12:17:53+00:00","twitter_card":"summary_large_image","schema":{"@context":"https:\/\/schema.org","@graph":[{"@type":"WebPage","@id":"https:\/\/papunet.net\/sv\/bildonskemal\/","url":"https:\/\/papunet.net\/sv\/bildonskemal\/","name":"Bild\u00f6nskem\u00e5l - Papunet p\u00e5 svenska","isPartOf":{"@id":"https:\/\/papunet.net\/sv\/#website"},"datePublished":"2023-09-18T07:53:14+00:00","dateModified":"2023-09-20T12:17:53+00:00","breadcrumb":{"@id":"https:\/\/papunet.net\/sv\/bildonskemal\/#breadcrumb"},"inLanguage":"sv-SE","potentialAction":[{"@type":"ReadAction","target":["https:\/\/papunet.net\/sv\/bildonskemal\/"]}]},{"@type":"BreadcrumbList","@id":"https:\/\/papunet.net\/sv\/bildonskemal\/#breadcrumb","itemListElement":[{"@type":"ListItem","position":1,"name":"Framsida","item":"https:\/\/papunet.net\/sv\/"},{"@type":"ListItem","position":2,"name":"Bild\u00f6nskem\u00e5l"}]},{"@type":"WebSite","@id":"https:\/\/papunet.net\/sv\/#website","url":"https:\/\/papunet.net\/sv\/","name":"Papunet p\u00e5 svenska","description":"","potentialAction":[{"@type":"SearchAction","target":{"@type":"EntryPoint","urlTemplate":"https:\/\/papunet.net\/sv\/?s={search_term_string}"},"query-input":"required name=search_term_string"}],"inLanguage":"sv-SE"}]}},"acf":[],"_links":{"self":[{"href":"https:\/\/papunet.net\/sv\/wp-json\/wp\/v2\/pages\/940","targetHints":{"allow":["GET"]}}],"collection":[{"href":"https:\/\/papunet.net\/sv\/wp-json\/wp\/v2\/pages"}],"about":[{"href":"https:\/\/papunet.net\/sv\/wp-json\/wp\/v2\/types\/page"}],"author":[{"embeddable":true,"href":"https:\/\/papunet.net\/sv\/wp-json\/wp\/v2\/users\/16"}],"replies":[{"embeddable":true,"href":"https:\/\/papunet.net\/sv\/wp-json\/wp\/v2\/comments?post=940"}],"version-history":[{"count":3,"href":"https:\/\/papunet.net\/sv\/wp-json\/wp\/v2\/pages\/940\/revisions"}],"predecessor-version":[{"id":1228,"href":"https:\/\/papunet.net\/sv\/wp-json\/wp\/v2\/pages\/940\/revisions\/1228"}],"wp:attachment":[{"href":"https:\/\/papunet.net\/sv\/wp-json\/wp\/v2\/media?parent=940"}],"wp:term":[{"taxonomy":"content_types","embeddable":true,"href":"https:\/\/papunet.net\/sv\/wp-json\/wp\/v2\/content_types?post=940"},{"taxonomy":"id_themes","embeddable":true,"href":"https:\/\/papunet.net\/sv\/wp-json\/wp\/v2\/id_themes?post=940"}],"curies":[{"name":"wp","href":"https:\/\/api.w.org\/{rel}","templated":true}]}}