{"id":962,"date":"2023-09-19T10:16:39","date_gmt":"2023-09-19T07:16:39","guid":{"rendered":"https:\/\/papunet.net\/sv\/?page_id=962"},"modified":"2024-11-04T08:49:47","modified_gmt":"2024-11-04T06:49:47","slug":"ge-respons","status":"publish","type":"page","link":"https:\/\/papunet.net\/sv\/ge-respons\/","title":{"rendered":"Ge respons"},"content":{"rendered":"","protected":false},"excerpt":{"rendered":"<p>Har du fr\u00e5gor, m\u00e4rkt n\u00e5gra problem p\u00e5 v\u00e5r webbplats eller f\u00f6rslag p\u00e5 f\u00f6rb\u00e4ttringar? Skicka respons!<\/p>\n","protected":false},"author":16,"featured_media":3287,"parent":0,"menu_order":0,"comment_status":"closed","ping_status":"closed","template":"page-feedback.php","meta":{"_acf_changed":false,"_relevanssi_hide_post":"","_relevanssi_pin_for_all":"","_relevanssi_pin_keywords":"","_relevanssi_unpin_keywords":"","_relevanssi_related_keywords":"","_relevanssi_related_include_ids":"","_relevanssi_related_exclude_ids":"","_relevanssi_related_no_append":"","_relevanssi_related_not_related":"","_relevanssi_related_posts":"370,359,338,221,456,495","_relevanssi_noindex_reason":"","footnotes":""},"content_types":[],"id_themes":[],"class_list":["post-962","page","type-page","status-publish","has-post-thumbnail","hentry"],"yoast_head":"<!-- This site is optimized with the Yoast SEO plugin v22.7 - https:\/\/yoast.com\/wordpress\/plugins\/seo\/ -->\n<title>Ge respons - Papunet p\u00e5 svenska<\/title>\n<meta name=\"robots\" content=\"index, follow, max-snippet:-1, max-image-preview:large, max-video-preview:-1\" \/>\n<link rel=\"canonical\" href=\"https:\/\/papunet.net\/sv\/ge-respons\/\" \/>\n<meta property=\"og:locale\" content=\"sv_SE\" \/>\n<meta property=\"og:type\" content=\"article\" \/>\n<meta property=\"og:title\" content=\"Ge respons - Papunet p\u00e5 svenska\" \/>\n<meta property=\"og:description\" content=\"Har du fr\u00e5gor, m\u00e4rkt n\u00e5gra problem p\u00e5 v\u00e5r webbplats eller f\u00f6rslag p\u00e5 f\u00f6rb\u00e4ttringar? Skicka respons!\" \/>\n<meta property=\"og:url\" content=\"https:\/\/papunet.net\/sv\/ge-respons\/\" \/>\n<meta property=\"og:site_name\" content=\"Papunet p\u00e5 svenska\" \/>\n<meta property=\"article:modified_time\" content=\"2024-11-04T06:49:47+00:00\" \/>\n<meta property=\"og:image\" content=\"https:\/\/papunet.net\/sv\/wp-content\/uploads\/sites\/2\/2024\/02\/ge_respons_violetti-1.png\" \/>\n\t<meta property=\"og:image:width\" content=\"500\" \/>\n\t<meta property=\"og:image:height\" content=\"333\" \/>\n\t<meta property=\"og:image:type\" content=\"image\/png\" \/>\n<meta name=\"twitter:card\" content=\"summary_large_image\" \/>\n<meta name=\"twitter:label1\" content=\"Ber\u00e4knad l\u00e4stid\" \/>\n\t<meta name=\"twitter:data1\" content=\"1 minut\" \/>\n<script type=\"application\/ld+json\" class=\"yoast-schema-graph\">{\"@context\":\"https:\/\/schema.org\",\"@graph\":[{\"@type\":\"WebPage\",\"@id\":\"https:\/\/papunet.net\/sv\/ge-respons\/\",\"url\":\"https:\/\/papunet.net\/sv\/ge-respons\/\",\"name\":\"Ge respons - Papunet p\u00e5 svenska\",\"isPartOf\":{\"@id\":\"https:\/\/papunet.net\/sv\/#website\"},\"primaryImageOfPage\":{\"@id\":\"https:\/\/papunet.net\/sv\/ge-respons\/#primaryimage\"},\"image\":{\"@id\":\"https:\/\/papunet.net\/sv\/ge-respons\/#primaryimage\"},\"thumbnailUrl\":\"https:\/\/papunet.net\/sv\/wp-content\/uploads\/sites\/2\/2024\/02\/ge_respons_violetti-1.png\",\"datePublished\":\"2023-09-19T07:16:39+00:00\",\"dateModified\":\"2024-11-04T06:49:47+00:00\",\"breadcrumb\":{\"@id\":\"https:\/\/papunet.net\/sv\/ge-respons\/#breadcrumb\"},\"inLanguage\":\"sv-SE\",\"potentialAction\":[{\"@type\":\"ReadAction\",\"target\":[\"https:\/\/papunet.net\/sv\/ge-respons\/\"]}]},{\"@type\":\"ImageObject\",\"inLanguage\":\"sv-SE\",\"@id\":\"https:\/\/papunet.net\/sv\/ge-respons\/#primaryimage\",\"url\":\"https:\/\/papunet.net\/sv\/wp-content\/uploads\/sites\/2\/2024\/02\/ge_respons_violetti-1.png\",\"contentUrl\":\"https:\/\/papunet.net\/sv\/wp-content\/uploads\/sites\/2\/2024\/02\/ge_respons_violetti-1.png\",\"width\":500,\"height\":333,\"caption\":\"ge respons\"},{\"@type\":\"BreadcrumbList\",\"@id\":\"https:\/\/papunet.net\/sv\/ge-respons\/#breadcrumb\",\"itemListElement\":[{\"@type\":\"ListItem\",\"position\":1,\"name\":\"Framsida\",\"item\":\"https:\/\/papunet.net\/sv\/\"},{\"@type\":\"ListItem\",\"position\":2,\"name\":\"Ge respons\"}]},{\"@type\":\"WebSite\",\"@id\":\"https:\/\/papunet.net\/sv\/#website\",\"url\":\"https:\/\/papunet.net\/sv\/\",\"name\":\"Papunet p\u00e5 svenska\",\"description\":\"\",\"potentialAction\":[{\"@type\":\"SearchAction\",\"target\":{\"@type\":\"EntryPoint\",\"urlTemplate\":\"https:\/\/papunet.net\/sv\/?s={search_term_string}\"},\"query-input\":\"required name=search_term_string\"}],\"inLanguage\":\"sv-SE\"}]}<\/script>\n<!-- \/ Yoast SEO plugin. -->","yoast_head_json":{"title":"Ge respons - Papunet p\u00e5 svenska","robots":{"index":"index","follow":"follow","max-snippet":"max-snippet:-1","max-image-preview":"max-image-preview:large","max-video-preview":"max-video-preview:-1"},"canonical":"https:\/\/papunet.net\/sv\/ge-respons\/","og_locale":"sv_SE","og_type":"article","og_title":"Ge respons - Papunet p\u00e5 svenska","og_description":"Har du fr\u00e5gor, m\u00e4rkt n\u00e5gra problem p\u00e5 v\u00e5r webbplats eller f\u00f6rslag p\u00e5 f\u00f6rb\u00e4ttringar? Skicka respons!","og_url":"https:\/\/papunet.net\/sv\/ge-respons\/","og_site_name":"Papunet p\u00e5 svenska","article_modified_time":"2024-11-04T06:49:47+00:00","og_image":[{"width":500,"height":333,"url":"https:\/\/papunet.net\/sv\/wp-content\/uploads\/sites\/2\/2024\/02\/ge_respons_violetti-1.png","type":"image\/png"}],"twitter_card":"summary_large_image","twitter_misc":{"Ber\u00e4knad l\u00e4stid":"1 minut"},"schema":{"@context":"https:\/\/schema.org","@graph":[{"@type":"WebPage","@id":"https:\/\/papunet.net\/sv\/ge-respons\/","url":"https:\/\/papunet.net\/sv\/ge-respons\/","name":"Ge respons - Papunet p\u00e5 svenska","isPartOf":{"@id":"https:\/\/papunet.net\/sv\/#website"},"primaryImageOfPage":{"@id":"https:\/\/papunet.net\/sv\/ge-respons\/#primaryimage"},"image":{"@id":"https:\/\/papunet.net\/sv\/ge-respons\/#primaryimage"},"thumbnailUrl":"https:\/\/papunet.net\/sv\/wp-content\/uploads\/sites\/2\/2024\/02\/ge_respons_violetti-1.png","datePublished":"2023-09-19T07:16:39+00:00","dateModified":"2024-11-04T06:49:47+00:00","breadcrumb":{"@id":"https:\/\/papunet.net\/sv\/ge-respons\/#breadcrumb"},"inLanguage":"sv-SE","potentialAction":[{"@type":"ReadAction","target":["https:\/\/papunet.net\/sv\/ge-respons\/"]}]},{"@type":"ImageObject","inLanguage":"sv-SE","@id":"https:\/\/papunet.net\/sv\/ge-respons\/#primaryimage","url":"https:\/\/papunet.net\/sv\/wp-content\/uploads\/sites\/2\/2024\/02\/ge_respons_violetti-1.png","contentUrl":"https:\/\/papunet.net\/sv\/wp-content\/uploads\/sites\/2\/2024\/02\/ge_respons_violetti-1.png","width":500,"height":333,"caption":"ge respons"},{"@type":"BreadcrumbList","@id":"https:\/\/papunet.net\/sv\/ge-respons\/#breadcrumb","itemListElement":[{"@type":"ListItem","position":1,"name":"Framsida","item":"https:\/\/papunet.net\/sv\/"},{"@type":"ListItem","position":2,"name":"Ge respons"}]},{"@type":"WebSite","@id":"https:\/\/papunet.net\/sv\/#website","url":"https:\/\/papunet.net\/sv\/","name":"Papunet p\u00e5 svenska","description":"","potentialAction":[{"@type":"SearchAction","target":{"@type":"EntryPoint","urlTemplate":"https:\/\/papunet.net\/sv\/?s={search_term_string}"},"query-input":"required name=search_term_string"}],"inLanguage":"sv-SE"}]}},"acf":[],"_links":{"self":[{"href":"https:\/\/papunet.net\/sv\/wp-json\/wp\/v2\/pages\/962","targetHints":{"allow":["GET"]}}],"collection":[{"href":"https:\/\/papunet.net\/sv\/wp-json\/wp\/v2\/pages"}],"about":[{"href":"https:\/\/papunet.net\/sv\/wp-json\/wp\/v2\/types\/page"}],"author":[{"embeddable":true,"href":"https:\/\/papunet.net\/sv\/wp-json\/wp\/v2\/users\/16"}],"replies":[{"embeddable":true,"href":"https:\/\/papunet.net\/sv\/wp-json\/wp\/v2\/comments?post=962"}],"version-history":[{"count":2,"href":"https:\/\/papunet.net\/sv\/wp-json\/wp\/v2\/pages\/962\/revisions"}],"predecessor-version":[{"id":1698,"href":"https:\/\/papunet.net\/sv\/wp-json\/wp\/v2\/pages\/962\/revisions\/1698"}],"wp:featuredmedia":[{"embeddable":true,"href":"https:\/\/papunet.net\/sv\/wp-json\/wp\/v2\/media\/3287"}],"wp:attachment":[{"href":"https:\/\/papunet.net\/sv\/wp-json\/wp\/v2\/media?parent=962"}],"wp:term":[{"taxonomy":"content_types","embeddable":true,"href":"https:\/\/papunet.net\/sv\/wp-json\/wp\/v2\/content_types?post=962"},{"taxonomy":"id_themes","embeddable":true,"href":"https:\/\/papunet.net\/sv\/wp-json\/wp\/v2\/id_themes?post=962"}],"curies":[{"name":"wp","href":"https:\/\/api.w.org\/{rel}","templated":true}]}}