{"id":993,"date":"2023-09-19T13:55:27","date_gmt":"2023-09-19T10:55:27","guid":{"rendered":"https:\/\/papunet.net\/sv\/?page_id=993"},"modified":"2023-09-25T10:29:00","modified_gmt":"2023-09-25T07:29:00","slug":"kohdataan-2","status":"publish","type":"page","link":"https:\/\/papunet.net\/sv\/kohdataan-2\/","title":{"rendered":"Kohdataan"},"content":{"rendered":"\n<p>Kohdataan fungerar b\u00e4st p\u00e5 telefonen, men du kan ocks\u00e5 anv\u00e4nda tj\u00e4nsten p\u00e5 dator eller pekplatta. Tj\u00e4nsten anv\u00e4nder sig av en webbl\u00e4sare, s\u00e5 du beh\u00f6ver ingen s\u00e4rskild app f\u00f6r att anv\u00e4nda Kohdataan. Om du vill kan du spara tj\u00e4nstens ikon p\u00e5 din telefons hemsk\u00e4rm, s\u00e5 kommer du snabbt och enkelt till tj\u00e4nsten.<\/p>\n\n\n\n<p>Kohdataan \u00e4r \u00f6ppen f\u00f6r personer \u00f6ver 15 \u00e5r.<\/p>\n\n\n\n<p>Kohdataan \u00e4r \u00e4mnad f\u00f6r finskspr\u00e5kiga personer, men kan anv\u00e4ndas av alla.<\/p>\n\n\n\n<div class=\"wp-block-buttons is-layout-flex wp-block-buttons-is-layout-flex\">\n<div class=\"wp-block-button\"><a class=\"wp-block-button__link wp-element-button\" href=\"https:\/\/kohdataan.fi\/\">G\u00e5 till tj\u00e4nsten Kohdataan (endast p\u00e5 finska)<\/a><\/div>\n<\/div>\n","protected":false},"excerpt":{"rendered":"<p>Kohdataan \u00e4r en digital tj\u00e4nst d\u00e4r du kan tr\u00e4ffa nya m\u00e4nniskor. Du kan chatta med andra m\u00e4nniskor som \u00e4r intresserade av samma saker som du. Du kan ocks\u00e5 chatta med andra i sm\u00e5 grupper eller privat. I tj\u00e4nsten ordnas ocks\u00e5 ledda gruppdiskussioner om olika \u00e4mnen. Du kan kommunicera genom att skriva eller med bilder, video eller ljud.<\/p>\n","protected":false},"author":5,"featured_media":1643,"parent":0,"menu_order":0,"comment_status":"closed","ping_status":"closed","template":"","meta":{"_acf_changed":false,"_relevanssi_hide_post":"","_relevanssi_pin_for_all":"","_relevanssi_pin_keywords":"","_relevanssi_unpin_keywords":"","_relevanssi_related_keywords":"","_relevanssi_related_include_ids":"","_relevanssi_related_exclude_ids":"","_relevanssi_related_no_append":"","_relevanssi_related_not_related":"","_relevanssi_related_posts":"","_relevanssi_noindex_reason":"","footnotes":""},"content_types":[6],"id_themes":[],"class_list":["post-993","page","type-page","status-publish","has-post-thumbnail","hentry","content_types-information"],"yoast_head":"<!-- This site is optimized with the Yoast SEO plugin v22.7 - https:\/\/yoast.com\/wordpress\/plugins\/seo\/ -->\n<title>Kohdataan - Papunet p\u00e5 svenska<\/title>\n<meta name=\"robots\" content=\"index, follow, max-snippet:-1, max-image-preview:large, max-video-preview:-1\" \/>\n<link rel=\"canonical\" href=\"https:\/\/papunet.net\/sv\/kohdataan-2\/\" \/>\n<meta property=\"og:locale\" content=\"sv_SE\" \/>\n<meta property=\"og:type\" content=\"article\" \/>\n<meta property=\"og:title\" content=\"Kohdataan - Papunet p\u00e5 svenska\" \/>\n<meta property=\"og:description\" content=\"Kohdataan \u00e4r en digital tj\u00e4nst d\u00e4r du kan tr\u00e4ffa nya m\u00e4nniskor. Du kan chatta med andra m\u00e4nniskor som \u00e4r intresserade av samma saker som du. Du kan ocks\u00e5 chatta med andra i sm\u00e5 grupper eller privat. I tj\u00e4nsten ordnas ocks\u00e5 ledda gruppdiskussioner om olika \u00e4mnen. Du kan kommunicera genom att skriva eller med bilder, video eller ljud.\" \/>\n<meta property=\"og:url\" content=\"https:\/\/papunet.net\/sv\/kohdataan-2\/\" \/>\n<meta property=\"og:site_name\" content=\"Papunet p\u00e5 svenska\" \/>\n<meta property=\"article:modified_time\" content=\"2023-09-25T07:29:00+00:00\" \/>\n<meta property=\"og:image\" content=\"https:\/\/papunet.net\/sv\/wp-content\/uploads\/sites\/2\/2023\/09\/kohdataan.png\" \/>\n\t<meta property=\"og:image:width\" content=\"500\" \/>\n\t<meta property=\"og:image:height\" content=\"333\" \/>\n\t<meta property=\"og:image:type\" content=\"image\/png\" \/>\n<meta name=\"twitter:card\" content=\"summary_large_image\" \/>\n<meta name=\"twitter:label1\" content=\"Ber\u00e4knad l\u00e4stid\" \/>\n\t<meta name=\"twitter:data1\" content=\"1 minut\" \/>\n<script type=\"application\/ld+json\" class=\"yoast-schema-graph\">{\"@context\":\"https:\/\/schema.org\",\"@graph\":[{\"@type\":\"WebPage\",\"@id\":\"https:\/\/papunet.net\/sv\/kohdataan-2\/\",\"url\":\"https:\/\/papunet.net\/sv\/kohdataan-2\/\",\"name\":\"Kohdataan - Papunet p\u00e5 svenska\",\"isPartOf\":{\"@id\":\"https:\/\/papunet.net\/sv\/#website\"},\"primaryImageOfPage\":{\"@id\":\"https:\/\/papunet.net\/sv\/kohdataan-2\/#primaryimage\"},\"image\":{\"@id\":\"https:\/\/papunet.net\/sv\/kohdataan-2\/#primaryimage\"},\"thumbnailUrl\":\"https:\/\/papunet.net\/sv\/wp-content\/uploads\/sites\/2\/2023\/09\/kohdataan.png\",\"datePublished\":\"2023-09-19T10:55:27+00:00\",\"dateModified\":\"2023-09-25T07:29:00+00:00\",\"breadcrumb\":{\"@id\":\"https:\/\/papunet.net\/sv\/kohdataan-2\/#breadcrumb\"},\"inLanguage\":\"sv-SE\",\"potentialAction\":[{\"@type\":\"ReadAction\",\"target\":[\"https:\/\/papunet.net\/sv\/kohdataan-2\/\"]}]},{\"@type\":\"ImageObject\",\"inLanguage\":\"sv-SE\",\"@id\":\"https:\/\/papunet.net\/sv\/kohdataan-2\/#primaryimage\",\"url\":\"https:\/\/papunet.net\/sv\/wp-content\/uploads\/sites\/2\/2023\/09\/kohdataan.png\",\"contentUrl\":\"https:\/\/papunet.net\/sv\/wp-content\/uploads\/sites\/2\/2023\/09\/kohdataan.png\",\"width\":500,\"height\":333},{\"@type\":\"BreadcrumbList\",\"@id\":\"https:\/\/papunet.net\/sv\/kohdataan-2\/#breadcrumb\",\"itemListElement\":[{\"@type\":\"ListItem\",\"position\":1,\"name\":\"Framsida\",\"item\":\"https:\/\/papunet.net\/sv\/\"},{\"@type\":\"ListItem\",\"position\":2,\"name\":\"Information\",\"item\":\"https:\/\/papunet.net\/sv\/information\/\"},{\"@type\":\"ListItem\",\"position\":3,\"name\":\"Kohdataan\"}]},{\"@type\":\"WebSite\",\"@id\":\"https:\/\/papunet.net\/sv\/#website\",\"url\":\"https:\/\/papunet.net\/sv\/\",\"name\":\"Papunet p\u00e5 svenska\",\"description\":\"\",\"potentialAction\":[{\"@type\":\"SearchAction\",\"target\":{\"@type\":\"EntryPoint\",\"urlTemplate\":\"https:\/\/papunet.net\/sv\/?s={search_term_string}\"},\"query-input\":\"required name=search_term_string\"}],\"inLanguage\":\"sv-SE\"}]}<\/script>\n<!-- \/ Yoast SEO plugin. -->","yoast_head_json":{"title":"Kohdataan - Papunet p\u00e5 svenska","robots":{"index":"index","follow":"follow","max-snippet":"max-snippet:-1","max-image-preview":"max-image-preview:large","max-video-preview":"max-video-preview:-1"},"canonical":"https:\/\/papunet.net\/sv\/kohdataan-2\/","og_locale":"sv_SE","og_type":"article","og_title":"Kohdataan - Papunet p\u00e5 svenska","og_description":"Kohdataan \u00e4r en digital tj\u00e4nst d\u00e4r du kan tr\u00e4ffa nya m\u00e4nniskor. Du kan chatta med andra m\u00e4nniskor som \u00e4r intresserade av samma saker som du. Du kan ocks\u00e5 chatta med andra i sm\u00e5 grupper eller privat. I tj\u00e4nsten ordnas ocks\u00e5 ledda gruppdiskussioner om olika \u00e4mnen. Du kan kommunicera genom att skriva eller med bilder, video eller ljud.","og_url":"https:\/\/papunet.net\/sv\/kohdataan-2\/","og_site_name":"Papunet p\u00e5 svenska","article_modified_time":"2023-09-25T07:29:00+00:00","og_image":[{"width":500,"height":333,"url":"https:\/\/papunet.net\/sv\/wp-content\/uploads\/sites\/2\/2023\/09\/kohdataan.png","type":"image\/png"}],"twitter_card":"summary_large_image","twitter_misc":{"Ber\u00e4knad l\u00e4stid":"1 minut"},"schema":{"@context":"https:\/\/schema.org","@graph":[{"@type":"WebPage","@id":"https:\/\/papunet.net\/sv\/kohdataan-2\/","url":"https:\/\/papunet.net\/sv\/kohdataan-2\/","name":"Kohdataan - Papunet p\u00e5 svenska","isPartOf":{"@id":"https:\/\/papunet.net\/sv\/#website"},"primaryImageOfPage":{"@id":"https:\/\/papunet.net\/sv\/kohdataan-2\/#primaryimage"},"image":{"@id":"https:\/\/papunet.net\/sv\/kohdataan-2\/#primaryimage"},"thumbnailUrl":"https:\/\/papunet.net\/sv\/wp-content\/uploads\/sites\/2\/2023\/09\/kohdataan.png","datePublished":"2023-09-19T10:55:27+00:00","dateModified":"2023-09-25T07:29:00+00:00","breadcrumb":{"@id":"https:\/\/papunet.net\/sv\/kohdataan-2\/#breadcrumb"},"inLanguage":"sv-SE","potentialAction":[{"@type":"ReadAction","target":["https:\/\/papunet.net\/sv\/kohdataan-2\/"]}]},{"@type":"ImageObject","inLanguage":"sv-SE","@id":"https:\/\/papunet.net\/sv\/kohdataan-2\/#primaryimage","url":"https:\/\/papunet.net\/sv\/wp-content\/uploads\/sites\/2\/2023\/09\/kohdataan.png","contentUrl":"https:\/\/papunet.net\/sv\/wp-content\/uploads\/sites\/2\/2023\/09\/kohdataan.png","width":500,"height":333},{"@type":"BreadcrumbList","@id":"https:\/\/papunet.net\/sv\/kohdataan-2\/#breadcrumb","itemListElement":[{"@type":"ListItem","position":1,"name":"Framsida","item":"https:\/\/papunet.net\/sv\/"},{"@type":"ListItem","position":2,"name":"Information","item":"https:\/\/papunet.net\/sv\/information\/"},{"@type":"ListItem","position":3,"name":"Kohdataan"}]},{"@type":"WebSite","@id":"https:\/\/papunet.net\/sv\/#website","url":"https:\/\/papunet.net\/sv\/","name":"Papunet p\u00e5 svenska","description":"","potentialAction":[{"@type":"SearchAction","target":{"@type":"EntryPoint","urlTemplate":"https:\/\/papunet.net\/sv\/?s={search_term_string}"},"query-input":"required name=search_term_string"}],"inLanguage":"sv-SE"}]}},"acf":[],"_links":{"self":[{"href":"https:\/\/papunet.net\/sv\/wp-json\/wp\/v2\/pages\/993","targetHints":{"allow":["GET"]}}],"collection":[{"href":"https:\/\/papunet.net\/sv\/wp-json\/wp\/v2\/pages"}],"about":[{"href":"https:\/\/papunet.net\/sv\/wp-json\/wp\/v2\/types\/page"}],"author":[{"embeddable":true,"href":"https:\/\/papunet.net\/sv\/wp-json\/wp\/v2\/users\/5"}],"replies":[{"embeddable":true,"href":"https:\/\/papunet.net\/sv\/wp-json\/wp\/v2\/comments?post=993"}],"version-history":[{"count":2,"href":"https:\/\/papunet.net\/sv\/wp-json\/wp\/v2\/pages\/993\/revisions"}],"predecessor-version":[{"id":997,"href":"https:\/\/papunet.net\/sv\/wp-json\/wp\/v2\/pages\/993\/revisions\/997"}],"wp:featuredmedia":[{"embeddable":true,"href":"https:\/\/papunet.net\/sv\/wp-json\/wp\/v2\/media\/1643"}],"wp:attachment":[{"href":"https:\/\/papunet.net\/sv\/wp-json\/wp\/v2\/media?parent=993"}],"wp:term":[{"taxonomy":"content_types","embeddable":true,"href":"https:\/\/papunet.net\/sv\/wp-json\/wp\/v2\/content_types?post=993"},{"taxonomy":"id_themes","embeddable":true,"href":"https:\/\/papunet.net\/sv\/wp-json\/wp\/v2\/id_themes?post=993"}],"curies":[{"name":"wp","href":"https:\/\/api.w.org\/{rel}","templated":true}]}}